{"id":38245,"date":"2015-07-26T13:22:03","date_gmt":"2015-07-26T18:22:03","guid":{"rendered":"https:\/\/www.generalkinematics.com\/product\/clasificadores-neumaticos-de-stoner-para-rsu\/"},"modified":"2025-06-19T14:04:22","modified_gmt":"2025-06-19T19:04:22","slug":"de-stoner-para-rsu","status":"publish","type":"product","link":"https:\/\/www.generalkinematics.com\/es\/producto\/de-stoner-para-rsu\/","title":{"rendered":"Clasificadores neum\u00e1ticos DE-STONER\u00ae para RSU"},"content":{"rendered":"<p>El clasificador <strong>DE-STONER\u00ae<\/strong> de General Kinematics es un m\u00e9todo de separaci\u00f3n y clasificaci\u00f3n de desempe\u00f1o comprobado para una amplia variedad de materiales.<\/p>\n<h2>C\u00f3mo funciona el clasificador DE-STONER\u00ae<\/h2>\n<p>La acci\u00f3n vibratoria eficiente desde el punto energ\u00e9tico, la alta velocidad y los flujos de aire a baja presi\u00f3n, trabajan conjuntamente para fluidificar y estratificar materiales combinados de acuerdo con las diferencias de velocidad de las part\u00edculas terminales. Muchos sistemas DE-STONER\u00ae est\u00e1n dise\u00f1ados con &quot;cortinas de aire&quot; para realizar una separaci\u00f3n ulterior despu\u00e9s del corte inicial de los materiales &quot;pesados&quot;. El resultado: separaci\u00f3n r\u00e1pida y eficiente de materiales pesados, por ejemplo, piedras, metales y vidrio de los materiales livianos como aluminio, papel, pl\u00e1stico y madera.<\/p>\n<h2>Sistema seco confiable y simple<\/h2>\n<p>Nuestro econ\u00f3mico sistema completamente seco DE-STONER\u00ae elimina la necesidad de una fuente de agua y los problemas propios de los sistemas &quot;h\u00famedos&quot; complementarios. Sin embargo, el sistema DE-STONER\u00ae puede procesar f\u00e1cilmente los materiales h\u00famedos.<\/p>\n<h2>Caracter\u00edsticas:<\/h2>\n<ul>\n<li>El sistema DE-STONER\u00ae usa aire en lugar de agua para separar el producto pesado del liviano, eliminando as\u00ed la suciedad y los riesgos ambientales que crea el proceso de separaci\u00f3n por agua.<\/li>\n<li>Dise\u00f1o virtualmente a prueba de atascos sin piezas de separaci\u00f3n m\u00f3viles.<\/li>\n<li>Su dise\u00f1o de por s\u00ed simple y completamente aislado, minimiza los requisitos de cimentaci\u00f3n.<\/li>\n<li>Su dise\u00f1o vers\u00e1til separa los materiales de densidades diferentes o densidades iguales con tama\u00f1os de part\u00edculas variables.<\/li>\n<li>El sistema DE-STONER\u00ae es accionado por un motor de baja potencia eficiente desde el punto de vista energ\u00e9tico.<\/li>\n<li>Dise\u00f1o s\u00f3lido y resistente para trabajo pesado, concebido para funcionar las 24 horas.<\/li>\n<\/ul>\n","protected":false},"excerpt":{"rendered":"<p>El clasificador DE-STONER\u00ae de General Kinematics es un m\u00e9todo de separaci\u00f3n y clasificaci\u00f3n de desempe\u00f1o comprobado para una amplia variedad de materiales. C\u00f3mo funciona el clasificador DE-STONER\u00ae La acci\u00f3n vibratoria eficiente desde el punto energ\u00e9tico, la alta velocidad y los flujos de aire a baja presi\u00f3n, trabajan conjuntamente para fluidificar y estratificar materiales combinados de [&hellip;]<\/p>\n","protected":false},"featured_media":27552,"comment_status":"closed","ping_status":"closed","template":"","meta":{"_acf_changed":false,"om_disable_all_campaigns":false,"ep_exclude_from_search":false},"product_brand":[],"product_cat":[1875,1655],"product_tag":[],"class_list":{"0":"post-38245","1":"product","2":"type-product","3":"status-publish","4":"has-post-thumbnail","6":"casestudytag-destoner-es","7":"product_cat-soluciones-de-clasificacion-de-residuos-solidos-municipales","8":"product_cat-soluciones-de-reciclaje","10":"first","11":"instock","12":"taxable","13":"shipping-taxable","14":"product-type-simple"},"acf":[],"yoast_head":"<!-- This site is optimized with the Yoast SEO plugin v27.2 - https:\/\/yoast.com\/product\/yoast-seo-wordpress\/ -->\n<title>Clasificadores neum\u00e1ticos DE-STONER\u00ae para RSU | General Kinematics<\/title>\n<meta name=\"robots\" content=\"index, follow, max-snippet:-1, max-image-preview:large, max-video-preview:-1\" \/>\n<link rel=\"canonical\" href=\"https:\/\/www.generalkinematics.com\/es\/producto\/de-stoner-para-rsu\/\" \/>\n<meta property=\"og:locale\" content=\"es_ES\" \/>\n<meta property=\"og:type\" content=\"article\" \/>\n<meta property=\"og:title\" content=\"Clasificadores neum\u00e1ticos DE-STONER\u00ae para RSU | General Kinematics\" \/>\n<meta property=\"og:description\" content=\"El clasificador DE-STONER\u00ae de General Kinematics es un m\u00e9todo de separaci\u00f3n y clasificaci\u00f3n de desempe\u00f1o comprobado para una amplia variedad de materiales. C\u00f3mo funciona el clasificador DE-STONER\u00ae La acci\u00f3n vibratoria eficiente desde el punto energ\u00e9tico, la alta velocidad y los flujos de aire a baja presi\u00f3n, trabajan conjuntamente para fluidificar y estratificar materiales combinados de [&hellip;]\" \/>\n<meta property=\"og:url\" content=\"https:\/\/www.generalkinematics.com\/es\/producto\/de-stoner-para-rsu\/\" \/>\n<meta property=\"og:site_name\" content=\"General Kinematics\" \/>\n<meta property=\"article:publisher\" content=\"https:\/\/www.facebook.com\/generalkinematics\" \/>\n<meta property=\"article:modified_time\" content=\"2025-06-19T19:04:22+00:00\" \/>\n<meta property=\"og:image\" content=\"https:\/\/media.generalkinematics.com\/wp-content\/uploads\/2015\/07\/Destoner-MSW21-scaled.jpg\" \/>\n\t<meta property=\"og:image:width\" content=\"5184\" \/>\n\t<meta property=\"og:image:height\" content=\"3456\" \/>\n\t<meta property=\"og:image:type\" content=\"image\/jpeg\" \/>\n<meta name=\"twitter:card\" content=\"summary_large_image\" \/>\n<meta name=\"twitter:site\" content=\"@gkvibrating\" \/>\n<meta name=\"twitter:label1\" content=\"Tiempo de lectura\" \/>\n\t<meta name=\"twitter:data1\" content=\"1 minuto\" \/>\n<!-- \/ Yoast SEO plugin. -->","yoast_head_json":{"title":"Clasificadores neum\u00e1ticos DE-STONER\u00ae para RSU | General Kinematics","robots":{"index":"index","follow":"follow","max-snippet":"max-snippet:-1","max-image-preview":"max-image-preview:large","max-video-preview":"max-video-preview:-1"},"canonical":"https:\/\/www.generalkinematics.com\/es\/producto\/de-stoner-para-rsu\/","og_locale":"es_ES","og_type":"article","og_title":"Clasificadores neum\u00e1ticos DE-STONER\u00ae para RSU | General Kinematics","og_description":"El clasificador DE-STONER\u00ae de General Kinematics es un m\u00e9todo de separaci\u00f3n y clasificaci\u00f3n de desempe\u00f1o comprobado para una amplia variedad de materiales. C\u00f3mo funciona el clasificador DE-STONER\u00ae La acci\u00f3n vibratoria eficiente desde el punto energ\u00e9tico, la alta velocidad y los flujos de aire a baja presi\u00f3n, trabajan conjuntamente para fluidificar y estratificar materiales combinados de [&hellip;]","og_url":"https:\/\/www.generalkinematics.com\/es\/producto\/de-stoner-para-rsu\/","og_site_name":"General Kinematics","article_publisher":"https:\/\/www.facebook.com\/generalkinematics","article_modified_time":"2025-06-19T19:04:22+00:00","og_image":[{"width":5184,"height":3456,"url":"https:\/\/media.generalkinematics.com\/wp-content\/uploads\/2015\/07\/Destoner-MSW21-scaled.jpg","type":"image\/jpeg"}],"twitter_card":"summary_large_image","twitter_site":"@gkvibrating","twitter_misc":{"Tiempo de lectura":"1 minuto"},"schema":{"@context":"https:\/\/schema.org","@graph":[{"@type":"WebPage","@id":"https:\/\/www.generalkinematics.com\/es\/producto\/de-stoner-para-rsu\/","url":"https:\/\/www.generalkinematics.com\/es\/producto\/de-stoner-para-rsu\/","name":"Clasificadores neum\u00e1ticos DE-STONER\u00ae para RSU | General Kinematics","isPartOf":{"@id":"https:\/\/www.generalkinematics.com\/es\/#website"},"primaryImageOfPage":{"@id":"https:\/\/www.generalkinematics.com\/es\/producto\/de-stoner-para-rsu\/#primaryimage"},"image":{"@id":"https:\/\/www.generalkinematics.com\/es\/producto\/de-stoner-para-rsu\/#primaryimage"},"thumbnailUrl":"https:\/\/media.generalkinematics.com\/wp-content\/uploads\/2015\/07\/Destoner-MSW21-scaled.jpg","datePublished":"2015-07-26T18:22:03+00:00","dateModified":"2025-06-19T19:04:22+00:00","breadcrumb":{"@id":"https:\/\/www.generalkinematics.com\/es\/producto\/de-stoner-para-rsu\/#breadcrumb"},"inLanguage":"es","potentialAction":[{"@type":"ReadAction","target":["https:\/\/www.generalkinematics.com\/es\/producto\/de-stoner-para-rsu\/"]}]},{"@type":"ImageObject","inLanguage":"es","@id":"https:\/\/www.generalkinematics.com\/es\/producto\/de-stoner-para-rsu\/#primaryimage","url":"https:\/\/media.generalkinematics.com\/wp-content\/uploads\/2015\/07\/Destoner-MSW21-scaled.jpg","contentUrl":"https:\/\/media.generalkinematics.com\/wp-content\/uploads\/2015\/07\/Destoner-MSW21-scaled.jpg","width":5184,"height":3456},{"@type":"BreadcrumbList","@id":"https:\/\/www.generalkinematics.com\/es\/producto\/de-stoner-para-rsu\/#breadcrumb","itemListElement":[{"@type":"ListItem","position":1,"name":"GK Home","item":"https:\/\/www.generalkinematics.com\/es\/"},{"@type":"ListItem","position":2,"name":"Shop","item":"https:\/\/www.generalkinematics.com\/shop\/"},{"@type":"ListItem","position":3,"name":"Clasificadores neum\u00e1ticos DE-STONER\u00ae para RSU"}]},{"@type":"WebSite","@id":"https:\/\/www.generalkinematics.com\/es\/#website","url":"https:\/\/www.generalkinematics.com\/es\/","name":"General Kinematics","description":"","publisher":{"@id":"https:\/\/www.generalkinematics.com\/es\/#organization"},"potentialAction":[{"@type":"SearchAction","target":{"@type":"EntryPoint","urlTemplate":"https:\/\/www.generalkinematics.com\/es\/?s={search_term_string}"},"query-input":{"@type":"PropertyValueSpecification","valueRequired":true,"valueName":"search_term_string"}}],"inLanguage":"es"},{"@type":"Organization","@id":"https:\/\/www.generalkinematics.com\/es\/#organization","name":"General Kinematics","url":"https:\/\/www.generalkinematics.com\/es\/","logo":{"@type":"ImageObject","inLanguage":"es","@id":"https:\/\/www.generalkinematics.com\/es\/#\/schema\/logo\/image\/","url":"https:\/\/media.generalkinematics.com\/wp-content\/uploads\/2018\/03\/logo.png","contentUrl":"https:\/\/media.generalkinematics.com\/wp-content\/uploads\/2018\/03\/logo.png","width":313,"height":100,"caption":"General Kinematics"},"image":{"@id":"https:\/\/www.generalkinematics.com\/es\/#\/schema\/logo\/image\/"},"sameAs":["https:\/\/www.facebook.com\/generalkinematics","https:\/\/x.com\/gkvibrating"]}]}},"_links":{"self":[{"href":"https:\/\/www.generalkinematics.com\/es\/wp-json\/wp\/v2\/product\/38245","targetHints":{"allow":["GET"]}}],"collection":[{"href":"https:\/\/www.generalkinematics.com\/es\/wp-json\/wp\/v2\/product"}],"about":[{"href":"https:\/\/www.generalkinematics.com\/es\/wp-json\/wp\/v2\/types\/product"}],"replies":[{"embeddable":true,"href":"https:\/\/www.generalkinematics.com\/es\/wp-json\/wp\/v2\/comments?post=38245"}],"wp:featuredmedia":[{"embeddable":true,"href":"https:\/\/www.generalkinematics.com\/es\/wp-json\/wp\/v2\/media\/27552"}],"wp:attachment":[{"href":"https:\/\/www.generalkinematics.com\/es\/wp-json\/wp\/v2\/media?parent=38245"}],"wp:term":[{"taxonomy":"product_brand","embeddable":true,"href":"https:\/\/www.generalkinematics.com\/es\/wp-json\/wp\/v2\/product_brand?post=38245"},{"taxonomy":"product_cat","embeddable":true,"href":"https:\/\/www.generalkinematics.com\/es\/wp-json\/wp\/v2\/product_cat?post=38245"},{"taxonomy":"product_tag","embeddable":true,"href":"https:\/\/www.generalkinematics.com\/es\/wp-json\/wp\/v2\/product_tag?post=38245"}],"curies":[{"name":"wp","href":"https:\/\/api.w.org\/{rel}","templated":true}]}}