{"id":38280,"date":"2015-07-26T13:27:13","date_gmt":"2015-07-26T18:27:13","guid":{"rendered":"https:\/\/www.generalkinematics.com\/product\/clasificador-neumatico-de-stoner-para-madera\/"},"modified":"2018-08-30T22:48:14","modified_gmt":"2018-08-31T03:48:14","slug":"clasificador-neumatico-de-stoner-para-madera","status":"publish","type":"product","link":"https:\/\/www.generalkinematics.com\/es\/producto\/clasificador-neumatico-de-stoner-para-madera\/","title":{"rendered":"Clasificador neum\u00e1tico DE-STONER\u00ae para madera"},"content":{"rendered":"<p>El <strong>clasificador de neum\u00e1tico DE-STONER\u00ae<\/strong> para madera realiza separaciones de pesados de materiales distintos a partir de livianos para un m\u00e1ximo de procesamiento y maximizar las utilidades.<\/p>\n<p>El clasificador neum\u00e1tico DE-STONER\u00ae combina la acci\u00f3n vibratoria con corrientes de aire para separar de manera efectiva vol\u00famenes altos con tasas de producci\u00f3n de hasta 5.400 pies c\u00fabicos por hora (150 metros c\u00fabicos por hora). Las corrientes de alta velocidad\/baja presi\u00f3n fluidifican y estratifican el material seg\u00fan la diferencia de la velocidad terminal de las part\u00edculas. Los elementos pesados como vidrio, metales y piedras se separan de los fragmentos m\u00e1s livianos de madera, mezcla de material vegetal o gr\u00e1nulos. El clasificador neum\u00e1tico DE-STONER\u00ae est\u00e1 disponible en tama\u00f1os est\u00e1ndar con anchuras de hasta 72 pulgadas (1.800 mm) y tama\u00f1os personalizados, dise\u00f1ados conforme a su aplicaci\u00f3n.<\/p>\n<p>El clasificador neum\u00e1tico DE-STONER\u00ae de GK para madera est\u00e1 dise\u00f1ado con una secci\u00f3n de cribado a la entrada de la unidad para mejorar el proceso de clasificaci\u00f3n por tama\u00f1o y separaci\u00f3n. El material se transporta a trav\u00e9s del clasificador neum\u00e1tico DE-STONER\u00ae con la acci\u00f3n vibratoria para ayudar a liberar y esparcir uniformemente el material a lo ancho. La zona de fluidizaci\u00f3n pasa aire a trav\u00e9s del flujo de material, con lo que se genera turbulencia y se promueve la estratificaci\u00f3n de livianos y pesados. Posteriormente, el material se somete a la acci\u00f3n de la cuchilla de aire, donde los pesados caen a trav\u00e9s del chorro de aire al canal de descarga de pesados que est\u00e1 debajo. El material de densidad marginal cae sobre la placa de ca\u00edda ajustable y vuelve a combinarse con los pesados. Los fragmentos de madera m\u00e1s livianos posteriormente se transportan sobre la placa de ca\u00edda y se descargan en el extremo del clasificador neum\u00e1tico DE-STONER\u00ae. Los fragmentos de madera ultralivianos se expulsan del clasificador DE-STONER\u00ae y vuelven a combinarse con los fragmentos de madera limpia.<\/p>\n<h2>Las aplicaciones de separaci\u00f3n y clasificaci\u00f3n eficaz incluyen:<\/h2>\n<ul>\n<li>Combustible en astillas<\/li>\n<li>Combustible de biomasa<\/li>\n<li>Aglomerado de madera<\/li>\n<li>Composta de madera<\/li>\n<\/ul>\n<p>&nbsp;<\/p>\n<h2>Caracter\u00edsticas:<\/h2>\n<ul>\n<li>El clasificador neum\u00e1tico DE-STONER\u00ae usa aire para separar producto pesado de producto liviano.<\/li>\n<li>Se eliminan los riesgos ambientales asociados con la separaci\u00f3n con agua, junto con los problemas inherentes.<\/li>\n<li>Se puede ajustar f\u00e1cilmente para obtener diferentes grados de separaci\u00f3n.<\/li>\n<li>Adaptable para una amplia variedad de productos.<\/li>\n<li>Virtualmente a prueba de atascos. Ninguna pieza m\u00f3vil hace contacto con el flujo de material.<\/li>\n<li>Baja demanda energ\u00e9tica con el motor de baja potencia y el dise\u00f1o comprobado de doble masa de GK.<\/li>\n<li>Su dise\u00f1o completamente aislado, minimiza los requisitos de cimentaci\u00f3n.<\/li>\n<li>Construcci\u00f3n duradera y para trabajo pesado<\/li>\n<\/ul>\n","protected":false},"excerpt":{"rendered":"<p>El clasificador de neum\u00e1tico DE-STONER\u00ae para madera realiza separaciones de pesados de materiales distintos a partir de livianos para un m\u00e1ximo de procesamiento y maximizar las utilidades. El clasificador neum\u00e1tico DE-STONER\u00ae combina la acci\u00f3n vibratoria con corrientes de aire para separar de manera efectiva vol\u00famenes altos con tasas de producci\u00f3n de hasta 5.400 pies c\u00fabicos [&hellip;]<\/p>\n","protected":false},"featured_media":24848,"comment_status":"closed","ping_status":"closed","template":"","meta":{"_acf_changed":false,"om_disable_all_campaigns":false,"ep_exclude_from_search":false},"product_brand":[],"product_cat":[1874,1655],"product_tag":[],"class_list":{"0":"post-38280","1":"product","2":"type-product","3":"status-publish","4":"has-post-thumbnail","6":"casestudytag-destoner-for-wood-es","7":"product_cat-equipos-de-manejo-de-madera-forestal","8":"product_cat-soluciones-de-reciclaje","10":"first","11":"instock","12":"taxable","13":"shipping-taxable","14":"product-type-simple"},"acf":[],"yoast_head":"<!-- This site is optimized with the Yoast SEO plugin v27.2 - https:\/\/yoast.com\/product\/yoast-seo-wordpress\/ -->\n<title>Clasificador neum\u00e1tico DE-STONER\u00ae para madera | General Kinematics<\/title>\n<meta name=\"robots\" content=\"index, follow, max-snippet:-1, max-image-preview:large, max-video-preview:-1\" \/>\n<link rel=\"canonical\" href=\"https:\/\/www.generalkinematics.com\/es\/producto\/clasificador-neumatico-de-stoner-para-madera\/\" \/>\n<meta property=\"og:locale\" content=\"es_ES\" \/>\n<meta property=\"og:type\" content=\"article\" \/>\n<meta property=\"og:title\" content=\"Clasificador neum\u00e1tico DE-STONER\u00ae para madera | General Kinematics\" \/>\n<meta property=\"og:description\" content=\"El clasificador de neum\u00e1tico DE-STONER\u00ae para madera realiza separaciones de pesados de materiales distintos a partir de livianos para un m\u00e1ximo de procesamiento y maximizar las utilidades. El clasificador neum\u00e1tico DE-STONER\u00ae combina la acci\u00f3n vibratoria con corrientes de aire para separar de manera efectiva vol\u00famenes altos con tasas de producci\u00f3n de hasta 5.400 pies c\u00fabicos [&hellip;]\" \/>\n<meta property=\"og:url\" content=\"https:\/\/www.generalkinematics.com\/es\/producto\/clasificador-neumatico-de-stoner-para-madera\/\" \/>\n<meta property=\"og:site_name\" content=\"General Kinematics\" \/>\n<meta property=\"article:publisher\" content=\"https:\/\/www.facebook.com\/generalkinematics\" \/>\n<meta property=\"article:modified_time\" content=\"2018-08-31T03:48:14+00:00\" \/>\n<meta property=\"og:image\" content=\"https:\/\/media.generalkinematics.com\/wp-content\/uploads\/2015\/07\/IMG_3031-450x4501.jpg\" \/>\n\t<meta property=\"og:image:width\" content=\"3264\" \/>\n\t<meta property=\"og:image:height\" content=\"2448\" \/>\n\t<meta property=\"og:image:type\" content=\"image\/jpeg\" \/>\n<meta name=\"twitter:card\" content=\"summary_large_image\" \/>\n<meta name=\"twitter:site\" content=\"@gkvibrating\" \/>\n<meta name=\"twitter:label1\" content=\"Tiempo de lectura\" \/>\n\t<meta name=\"twitter:data1\" content=\"2 minutos\" \/>\n<!-- \/ Yoast SEO plugin. -->","yoast_head_json":{"title":"Clasificador neum\u00e1tico DE-STONER\u00ae para madera | General Kinematics","robots":{"index":"index","follow":"follow","max-snippet":"max-snippet:-1","max-image-preview":"max-image-preview:large","max-video-preview":"max-video-preview:-1"},"canonical":"https:\/\/www.generalkinematics.com\/es\/producto\/clasificador-neumatico-de-stoner-para-madera\/","og_locale":"es_ES","og_type":"article","og_title":"Clasificador neum\u00e1tico DE-STONER\u00ae para madera | General Kinematics","og_description":"El clasificador de neum\u00e1tico DE-STONER\u00ae para madera realiza separaciones de pesados de materiales distintos a partir de livianos para un m\u00e1ximo de procesamiento y maximizar las utilidades. El clasificador neum\u00e1tico DE-STONER\u00ae combina la acci\u00f3n vibratoria con corrientes de aire para separar de manera efectiva vol\u00famenes altos con tasas de producci\u00f3n de hasta 5.400 pies c\u00fabicos [&hellip;]","og_url":"https:\/\/www.generalkinematics.com\/es\/producto\/clasificador-neumatico-de-stoner-para-madera\/","og_site_name":"General Kinematics","article_publisher":"https:\/\/www.facebook.com\/generalkinematics","article_modified_time":"2018-08-31T03:48:14+00:00","og_image":[{"width":3264,"height":2448,"url":"https:\/\/media.generalkinematics.com\/wp-content\/uploads\/2015\/07\/IMG_3031-450x4501.jpg","type":"image\/jpeg"}],"twitter_card":"summary_large_image","twitter_site":"@gkvibrating","twitter_misc":{"Tiempo de lectura":"2 minutos"},"schema":{"@context":"https:\/\/schema.org","@graph":[{"@type":"WebPage","@id":"https:\/\/www.generalkinematics.com\/es\/producto\/clasificador-neumatico-de-stoner-para-madera\/","url":"https:\/\/www.generalkinematics.com\/es\/producto\/clasificador-neumatico-de-stoner-para-madera\/","name":"Clasificador neum\u00e1tico DE-STONER\u00ae para madera | General Kinematics","isPartOf":{"@id":"https:\/\/www.generalkinematics.com\/es\/#website"},"primaryImageOfPage":{"@id":"https:\/\/www.generalkinematics.com\/es\/producto\/clasificador-neumatico-de-stoner-para-madera\/#primaryimage"},"image":{"@id":"https:\/\/www.generalkinematics.com\/es\/producto\/clasificador-neumatico-de-stoner-para-madera\/#primaryimage"},"thumbnailUrl":"https:\/\/media.generalkinematics.com\/wp-content\/uploads\/2015\/07\/IMG_3031-450x4501.jpg","datePublished":"2015-07-26T18:27:13+00:00","dateModified":"2018-08-31T03:48:14+00:00","breadcrumb":{"@id":"https:\/\/www.generalkinematics.com\/es\/producto\/clasificador-neumatico-de-stoner-para-madera\/#breadcrumb"},"inLanguage":"es","potentialAction":[{"@type":"ReadAction","target":["https:\/\/www.generalkinematics.com\/es\/producto\/clasificador-neumatico-de-stoner-para-madera\/"]}]},{"@type":"ImageObject","inLanguage":"es","@id":"https:\/\/www.generalkinematics.com\/es\/producto\/clasificador-neumatico-de-stoner-para-madera\/#primaryimage","url":"https:\/\/media.generalkinematics.com\/wp-content\/uploads\/2015\/07\/IMG_3031-450x4501.jpg","contentUrl":"https:\/\/media.generalkinematics.com\/wp-content\/uploads\/2015\/07\/IMG_3031-450x4501.jpg","width":2500,"height":1875,"caption":"general-kinematics-destoner"},{"@type":"BreadcrumbList","@id":"https:\/\/www.generalkinematics.com\/es\/producto\/clasificador-neumatico-de-stoner-para-madera\/#breadcrumb","itemListElement":[{"@type":"ListItem","position":1,"name":"GK Home","item":"https:\/\/www.generalkinematics.com\/es\/"},{"@type":"ListItem","position":2,"name":"Shop","item":"https:\/\/www.generalkinematics.com\/shop\/"},{"@type":"ListItem","position":3,"name":"Clasificador neum\u00e1tico DE-STONER\u00ae para madera"}]},{"@type":"WebSite","@id":"https:\/\/www.generalkinematics.com\/es\/#website","url":"https:\/\/www.generalkinematics.com\/es\/","name":"General Kinematics","description":"","publisher":{"@id":"https:\/\/www.generalkinematics.com\/es\/#organization"},"potentialAction":[{"@type":"SearchAction","target":{"@type":"EntryPoint","urlTemplate":"https:\/\/www.generalkinematics.com\/es\/?s={search_term_string}"},"query-input":{"@type":"PropertyValueSpecification","valueRequired":true,"valueName":"search_term_string"}}],"inLanguage":"es"},{"@type":"Organization","@id":"https:\/\/www.generalkinematics.com\/es\/#organization","name":"General Kinematics","url":"https:\/\/www.generalkinematics.com\/es\/","logo":{"@type":"ImageObject","inLanguage":"es","@id":"https:\/\/www.generalkinematics.com\/es\/#\/schema\/logo\/image\/","url":"https:\/\/media.generalkinematics.com\/wp-content\/uploads\/2018\/03\/logo.png","contentUrl":"https:\/\/media.generalkinematics.com\/wp-content\/uploads\/2018\/03\/logo.png","width":313,"height":100,"caption":"General Kinematics"},"image":{"@id":"https:\/\/www.generalkinematics.com\/es\/#\/schema\/logo\/image\/"},"sameAs":["https:\/\/www.facebook.com\/generalkinematics","https:\/\/x.com\/gkvibrating"]}]}},"_links":{"self":[{"href":"https:\/\/www.generalkinematics.com\/es\/wp-json\/wp\/v2\/product\/38280","targetHints":{"allow":["GET"]}}],"collection":[{"href":"https:\/\/www.generalkinematics.com\/es\/wp-json\/wp\/v2\/product"}],"about":[{"href":"https:\/\/www.generalkinematics.com\/es\/wp-json\/wp\/v2\/types\/product"}],"replies":[{"embeddable":true,"href":"https:\/\/www.generalkinematics.com\/es\/wp-json\/wp\/v2\/comments?post=38280"}],"wp:featuredmedia":[{"embeddable":true,"href":"https:\/\/www.generalkinematics.com\/es\/wp-json\/wp\/v2\/media\/24848"}],"wp:attachment":[{"href":"https:\/\/www.generalkinematics.com\/es\/wp-json\/wp\/v2\/media?parent=38280"}],"wp:term":[{"taxonomy":"product_brand","embeddable":true,"href":"https:\/\/www.generalkinematics.com\/es\/wp-json\/wp\/v2\/product_brand?post=38280"},{"taxonomy":"product_cat","embeddable":true,"href":"https:\/\/www.generalkinematics.com\/es\/wp-json\/wp\/v2\/product_cat?post=38280"},{"taxonomy":"product_tag","embeddable":true,"href":"https:\/\/www.generalkinematics.com\/es\/wp-json\/wp\/v2\/product_tag?post=38280"}],"curies":[{"name":"wp","href":"https:\/\/api.w.org\/{rel}","templated":true}]}}