{"id":38292,"date":"2015-07-26T21:06:58","date_gmt":"2015-07-27T02:06:58","guid":{"rendered":"https:\/\/www.generalkinematics.com\/product\/cajas-de-separacion-de-stoner\/"},"modified":"2018-08-30T00:34:55","modified_gmt":"2018-08-30T05:34:55","slug":"de-stoner-air-recirculating-systems-2","status":"publish","type":"product","link":"https:\/\/www.generalkinematics.com\/es\/producto\/de-stoner-air-recirculating-systems-2\/","title":{"rendered":"Cajas de separaci\u00f3n DE-STONER\u00ae"},"content":{"rendered":"<p>Mejore el desempe\u00f1o de su clasificador neum\u00e1tico DE-STONER\u00ae con las cajas de separaci\u00f3n y los sistemas de recirculaci\u00f3n de aire de GK. La combinaci\u00f3n de estas funciones crea un sistema de descarga pr\u00f3xima a cero.<\/p>\n<p>El sistema de descarga pr\u00f3xima a cero captura el aire que sale del extremo de la descarga del clasificador DE-STONER\u00ae y posteriormente lo recircula de regreso a la m\u00e1quina para reducir la salida de material y la emisi\u00f3n de polvo. Disponibilidad de dise\u00f1os est\u00e1ndar y personalizados para todos los modelos de clasificadores neum\u00e1ticos DE-STONER\u00ae de GK conforme a las necesidades de la aplicaci\u00f3n.<\/p>\n<p><\/p>\n<h2>Caracter\u00edsticas:<\/h2>\n<ul>\n<li>Emisiones casi nulas para instalaciones y ambientes m\u00e1s limpios.<\/li>\n<li>Dirige el material a un solo punto.<\/li>\n<li>Construcci\u00f3n duradera y para trabajo pesado.<\/li>\n<li>Funciona con todos los equipos nuevos y existentes del clasificador neum\u00e1tico DE-STONER\u00ae<\/li>\n<\/ul>\n","protected":false},"excerpt":{"rendered":"<p>Mejore el desempe\u00f1o de su clasificador neum\u00e1tico DE-STONER\u00ae con las cajas de separaci\u00f3n y los sistemas de recirculaci\u00f3n de aire de GK. La combinaci\u00f3n de estas funciones crea un sistema de descarga pr\u00f3xima a cero. El sistema de descarga pr\u00f3xima a cero captura el aire que sale del extremo de la descarga del clasificador DE-STONER\u00ae [&hellip;]<\/p>\n","protected":false},"featured_media":23700,"comment_status":"closed","ping_status":"closed","template":"","meta":{"_acf_changed":false,"om_disable_all_campaigns":false,"ep_exclude_from_search":false},"product_brand":[],"product_cat":[1872,1870,1655,1656],"product_tag":[],"class_list":{"0":"post-38292","1":"product","2":"type-product","3":"status-publish","4":"has-post-thumbnail","6":"product_cat-caracteristicas-opcionales-del-de-stoner","7":"product_cat-separadores-de-densidad-del-clasificador-de-aire-de-de-stoner","8":"product_cat-soluciones-de-reciclaje","9":"product_cat-tecnologia-de-pantalla-de-reciclaje","11":"first","12":"instock","13":"taxable","14":"shipping-taxable","15":"product-type-simple"},"acf":[],"yoast_head":"<!-- This site is optimized with the Yoast SEO plugin v27.2 - https:\/\/yoast.com\/product\/yoast-seo-wordpress\/ -->\n<title>Cajas de separaci\u00f3n DE-STONER\u00ae | General Kinematics<\/title>\n<meta name=\"robots\" content=\"index, follow, max-snippet:-1, max-image-preview:large, max-video-preview:-1\" \/>\n<link rel=\"canonical\" href=\"https:\/\/www.generalkinematics.com\/es\/producto\/de-stoner-air-recirculating-systems-2\/\" \/>\n<meta property=\"og:locale\" content=\"es_ES\" \/>\n<meta property=\"og:type\" content=\"article\" \/>\n<meta property=\"og:title\" content=\"Cajas de separaci\u00f3n DE-STONER\u00ae | General Kinematics\" \/>\n<meta property=\"og:description\" content=\"Mejore el desempe\u00f1o de su clasificador neum\u00e1tico DE-STONER\u00ae con las cajas de separaci\u00f3n y los sistemas de recirculaci\u00f3n de aire de GK. La combinaci\u00f3n de estas funciones crea un sistema de descarga pr\u00f3xima a cero. El sistema de descarga pr\u00f3xima a cero captura el aire que sale del extremo de la descarga del clasificador DE-STONER\u00ae [&hellip;]\" \/>\n<meta property=\"og:url\" content=\"https:\/\/www.generalkinematics.com\/es\/producto\/de-stoner-air-recirculating-systems-2\/\" \/>\n<meta property=\"og:site_name\" content=\"General Kinematics\" \/>\n<meta property=\"article:publisher\" content=\"https:\/\/www.facebook.com\/generalkinematics\" \/>\n<meta property=\"article:modified_time\" content=\"2018-08-30T05:34:55+00:00\" \/>\n<meta property=\"og:image\" content=\"https:\/\/www.generalkinematics.com\/wp-content\/uploads\/2015\/07\/DeStoner.jpg\" \/>\n\t<meta property=\"og:image:width\" content=\"3072\" \/>\n\t<meta property=\"og:image:height\" content=\"2304\" \/>\n\t<meta property=\"og:image:type\" content=\"image\/jpeg\" \/>\n<meta name=\"twitter:card\" content=\"summary_large_image\" \/>\n<meta name=\"twitter:site\" content=\"@gkvibrating\" \/>\n<meta name=\"twitter:label1\" content=\"Tiempo de lectura\" \/>\n\t<meta name=\"twitter:data1\" content=\"1 minuto\" \/>\n<!-- \/ Yoast SEO plugin. -->","yoast_head_json":{"title":"Cajas de separaci\u00f3n DE-STONER\u00ae | General Kinematics","robots":{"index":"index","follow":"follow","max-snippet":"max-snippet:-1","max-image-preview":"max-image-preview:large","max-video-preview":"max-video-preview:-1"},"canonical":"https:\/\/www.generalkinematics.com\/es\/producto\/de-stoner-air-recirculating-systems-2\/","og_locale":"es_ES","og_type":"article","og_title":"Cajas de separaci\u00f3n DE-STONER\u00ae | General Kinematics","og_description":"Mejore el desempe\u00f1o de su clasificador neum\u00e1tico DE-STONER\u00ae con las cajas de separaci\u00f3n y los sistemas de recirculaci\u00f3n de aire de GK. La combinaci\u00f3n de estas funciones crea un sistema de descarga pr\u00f3xima a cero. El sistema de descarga pr\u00f3xima a cero captura el aire que sale del extremo de la descarga del clasificador DE-STONER\u00ae [&hellip;]","og_url":"https:\/\/www.generalkinematics.com\/es\/producto\/de-stoner-air-recirculating-systems-2\/","og_site_name":"General Kinematics","article_publisher":"https:\/\/www.facebook.com\/generalkinematics","article_modified_time":"2018-08-30T05:34:55+00:00","og_image":[{"width":3072,"height":2304,"url":"https:\/\/www.generalkinematics.com\/wp-content\/uploads\/2015\/07\/DeStoner.jpg","type":"image\/jpeg"}],"twitter_card":"summary_large_image","twitter_site":"@gkvibrating","twitter_misc":{"Tiempo de lectura":"1 minuto"},"schema":{"@context":"https:\/\/schema.org","@graph":[{"@type":"WebPage","@id":"https:\/\/www.generalkinematics.com\/es\/producto\/de-stoner-air-recirculating-systems-2\/","url":"https:\/\/www.generalkinematics.com\/es\/producto\/de-stoner-air-recirculating-systems-2\/","name":"Cajas de separaci\u00f3n DE-STONER\u00ae | General Kinematics","isPartOf":{"@id":"https:\/\/www.generalkinematics.com\/es\/#website"},"primaryImageOfPage":{"@id":"https:\/\/www.generalkinematics.com\/es\/producto\/de-stoner-air-recirculating-systems-2\/#primaryimage"},"image":{"@id":"https:\/\/www.generalkinematics.com\/es\/producto\/de-stoner-air-recirculating-systems-2\/#primaryimage"},"thumbnailUrl":"https:\/\/media.generalkinematics.com\/wp-content\/uploads\/2015\/07\/DeStoner.jpg","datePublished":"2015-07-27T02:06:58+00:00","dateModified":"2018-08-30T05:34:55+00:00","breadcrumb":{"@id":"https:\/\/www.generalkinematics.com\/es\/producto\/de-stoner-air-recirculating-systems-2\/#breadcrumb"},"inLanguage":"es","potentialAction":[{"@type":"ReadAction","target":["https:\/\/www.generalkinematics.com\/es\/producto\/de-stoner-air-recirculating-systems-2\/"]}]},{"@type":"ImageObject","inLanguage":"es","@id":"https:\/\/www.generalkinematics.com\/es\/producto\/de-stoner-air-recirculating-systems-2\/#primaryimage","url":"https:\/\/media.generalkinematics.com\/wp-content\/uploads\/2015\/07\/DeStoner.jpg","contentUrl":"https:\/\/media.generalkinematics.com\/wp-content\/uploads\/2015\/07\/DeStoner.jpg","width":2500,"height":1875,"caption":"general-kinematics-destoner"},{"@type":"BreadcrumbList","@id":"https:\/\/www.generalkinematics.com\/es\/producto\/de-stoner-air-recirculating-systems-2\/#breadcrumb","itemListElement":[{"@type":"ListItem","position":1,"name":"GK Home","item":"https:\/\/www.generalkinematics.com\/es\/"},{"@type":"ListItem","position":2,"name":"Shop","item":"https:\/\/www.generalkinematics.com\/shop\/"},{"@type":"ListItem","position":3,"name":"Cajas de separaci\u00f3n DE-STONER\u00ae"}]},{"@type":"WebSite","@id":"https:\/\/www.generalkinematics.com\/es\/#website","url":"https:\/\/www.generalkinematics.com\/es\/","name":"General Kinematics","description":"","publisher":{"@id":"https:\/\/www.generalkinematics.com\/es\/#organization"},"potentialAction":[{"@type":"SearchAction","target":{"@type":"EntryPoint","urlTemplate":"https:\/\/www.generalkinematics.com\/es\/?s={search_term_string}"},"query-input":{"@type":"PropertyValueSpecification","valueRequired":true,"valueName":"search_term_string"}}],"inLanguage":"es"},{"@type":"Organization","@id":"https:\/\/www.generalkinematics.com\/es\/#organization","name":"General Kinematics","url":"https:\/\/www.generalkinematics.com\/es\/","logo":{"@type":"ImageObject","inLanguage":"es","@id":"https:\/\/www.generalkinematics.com\/es\/#\/schema\/logo\/image\/","url":"https:\/\/media.generalkinematics.com\/wp-content\/uploads\/2018\/03\/logo.png","contentUrl":"https:\/\/media.generalkinematics.com\/wp-content\/uploads\/2018\/03\/logo.png","width":313,"height":100,"caption":"General Kinematics"},"image":{"@id":"https:\/\/www.generalkinematics.com\/es\/#\/schema\/logo\/image\/"},"sameAs":["https:\/\/www.facebook.com\/generalkinematics","https:\/\/x.com\/gkvibrating"]}]}},"_links":{"self":[{"href":"https:\/\/www.generalkinematics.com\/es\/wp-json\/wp\/v2\/product\/38292","targetHints":{"allow":["GET"]}}],"collection":[{"href":"https:\/\/www.generalkinematics.com\/es\/wp-json\/wp\/v2\/product"}],"about":[{"href":"https:\/\/www.generalkinematics.com\/es\/wp-json\/wp\/v2\/types\/product"}],"replies":[{"embeddable":true,"href":"https:\/\/www.generalkinematics.com\/es\/wp-json\/wp\/v2\/comments?post=38292"}],"wp:featuredmedia":[{"embeddable":true,"href":"https:\/\/www.generalkinematics.com\/es\/wp-json\/wp\/v2\/media\/23700"}],"wp:attachment":[{"href":"https:\/\/www.generalkinematics.com\/es\/wp-json\/wp\/v2\/media?parent=38292"}],"wp:term":[{"taxonomy":"product_brand","embeddable":true,"href":"https:\/\/www.generalkinematics.com\/es\/wp-json\/wp\/v2\/product_brand?post=38292"},{"taxonomy":"product_cat","embeddable":true,"href":"https:\/\/www.generalkinematics.com\/es\/wp-json\/wp\/v2\/product_cat?post=38292"},{"taxonomy":"product_tag","embeddable":true,"href":"https:\/\/www.generalkinematics.com\/es\/wp-json\/wp\/v2\/product_tag?post=38292"}],"curies":[{"name":"wp","href":"https:\/\/api.w.org\/{rel}","templated":true}]}}