{"id":38406,"date":"2015-07-26T21:47:32","date_gmt":"2015-07-27T02:47:32","guid":{"rendered":"https:\/\/www.generalkinematics.com\/product\/cribadores-vibratorios-finger-screen\/"},"modified":"2018-08-31T16:26:08","modified_gmt":"2018-08-31T21:26:08","slug":"cribadores-no-obstruibles-finger-screen","status":"publish","type":"product","link":"https:\/\/www.generalkinematics.com\/es\/producto\/cribadores-no-obstruibles-finger-screen\/","title":{"rendered":"Cribadores vibratorios FINGER-SCREEN\u2122"},"content":{"rendered":"<p>El concepto del dise\u00f1o patentado de los <strong>cribadores no obstruibles FINGER-SCREEN\u2122<\/strong> de General Kinematics para el reciclaje de recursos, ha demostrado ser extremadamente exitoso en una amplia variedad de aplicaciones que son propensas a las obstrucciones comunes en las superficies tradicionales de cribado de malla de alambre.<\/p>\n<p><u><strong>C\u00f3mo funciona<\/strong><\/u><\/p>\n<p>El desempe\u00f1o superior del procesamiento vibratorio y el movimiento simple a prueba de atascos de nuestro dise\u00f1o \u00fanico FINGER-SCREEN\u2122 permite obtener un grado de separaci\u00f3n y clasificaci\u00f3n altamente eficiente. El movimiento vibratorio de las unidades espacio ni formalmente el material en toda la cubierta para maximizar el grado de eficiencia del proceso de separaci\u00f3n. Las cubiertas de separaci\u00f3n de varios tama\u00f1os mejoran el proceso de clasificaci\u00f3n y la posici\u00f3n de las barras intercaladas ayudan a prevenir el sobrepaso de material. El grado de desempe\u00f1o del proceso de separaci\u00f3n se mejora a medida que el material cae libremente en cascada a trav\u00e9s de la unidad \u2014 con menos \u201catrapamiento\u201d. El resultado: el material fluye r\u00e1pidamente de manera suave y continua a trav\u00e9s de todo el proceso de separaci\u00f3n y clasificaci\u00f3n.<\/p>\n<h2>Caracter\u00edsticas:<\/h2>\n<ul>\n<li>El movimiento vibratorio esparce uniformemente el material para un m\u00e1ximo de eficiencia del proceso de clasificaci\u00f3n.<\/li>\n<li>Barras intercaladas que evitar el sobrepaso del material.<\/li>\n<li>El flujo del material en cascada ayuda a separar el producto atrapado.<\/li>\n<li>Superficie \u00fanica de \u00absalida\u00bb que ayuda a eliminar atrapamientos y obstrucciones.<\/li>\n<li>Las barras c\u00f3nicas clasifican gradualmente y liberan el material atrapado.<\/li>\n<li>El dise\u00f1o de la cubierta inferior abierta permite la \u00abca\u00edda libre\u00bb del material a la cubierta de recolecci\u00f3n inferior.<\/li>\n<li>Dise\u00f1adas a la medida del cliente para satisfacer sus requisitos espec\u00edficos de clasificaci\u00f3n.<\/li>\n<li>La construcci\u00f3n modular de la cubierta permite sustituirla f\u00e1cilmente.<\/li>\n<\/ul>\n","protected":false},"excerpt":{"rendered":"<p>El concepto del dise\u00f1o patentado de los cribadores no obstruibles FINGER-SCREEN\u2122 de General Kinematics para el reciclaje de recursos, ha demostrado ser extremadamente exitoso en una amplia variedad de aplicaciones que son propensas a las obstrucciones comunes en las superficies tradicionales de cribado de malla de alambre. C\u00f3mo funciona El desempe\u00f1o superior del procesamiento vibratorio [&hellip;]<\/p>\n","protected":false},"featured_media":24108,"comment_status":"closed","ping_status":"closed","template":"","meta":{"_acf_changed":false,"om_disable_all_campaigns":false,"ep_exclude_from_search":false},"product_brand":[],"product_cat":[1835,1831],"product_tag":[],"class_list":{"0":"post-38406","1":"product","2":"type-product","3":"status-publish","4":"has-post-thumbnail","6":"product_cat-cribas-clasificacion","7":"product_cat-soluciones-de-procesamiento-a-granel","9":"first","10":"instock","11":"taxable","12":"shipping-taxable","13":"product-type-simple"},"acf":[],"yoast_head":"<!-- This site is optimized with the Yoast SEO plugin v27.2 - https:\/\/yoast.com\/product\/yoast-seo-wordpress\/ -->\n<title>Cribadores vibratorios FINGER-SCREEN\u2122 | General Kinematics<\/title>\n<meta name=\"robots\" content=\"index, follow, max-snippet:-1, max-image-preview:large, max-video-preview:-1\" \/>\n<link rel=\"canonical\" href=\"https:\/\/www.generalkinematics.com\/es\/producto\/cribadores-no-obstruibles-finger-screen\/\" \/>\n<meta property=\"og:locale\" content=\"es_ES\" \/>\n<meta property=\"og:type\" content=\"article\" \/>\n<meta property=\"og:title\" content=\"Cribadores vibratorios FINGER-SCREEN\u2122 | General Kinematics\" \/>\n<meta property=\"og:description\" content=\"El concepto del dise\u00f1o patentado de los cribadores no obstruibles FINGER-SCREEN\u2122 de General Kinematics para el reciclaje de recursos, ha demostrado ser extremadamente exitoso en una amplia variedad de aplicaciones que son propensas a las obstrucciones comunes en las superficies tradicionales de cribado de malla de alambre. C\u00f3mo funciona El desempe\u00f1o superior del procesamiento vibratorio [&hellip;]\" \/>\n<meta property=\"og:url\" content=\"https:\/\/www.generalkinematics.com\/es\/producto\/cribadores-no-obstruibles-finger-screen\/\" \/>\n<meta property=\"og:site_name\" content=\"General Kinematics\" \/>\n<meta property=\"article:publisher\" content=\"https:\/\/www.facebook.com\/generalkinematics\" \/>\n<meta property=\"article:modified_time\" content=\"2018-08-31T21:26:08+00:00\" \/>\n<meta property=\"og:image\" content=\"https:\/\/media.generalkinematics.com\/wp-content\/uploads\/2015\/07\/Finger-Screen-to-Platform1.jpg\" \/>\n\t<meta property=\"og:image:width\" content=\"2304\" \/>\n\t<meta property=\"og:image:height\" content=\"3072\" \/>\n\t<meta property=\"og:image:type\" content=\"image\/jpeg\" \/>\n<meta name=\"twitter:card\" content=\"summary_large_image\" \/>\n<meta name=\"twitter:site\" content=\"@gkvibrating\" \/>\n<meta name=\"twitter:label1\" content=\"Tiempo de lectura\" \/>\n\t<meta name=\"twitter:data1\" content=\"2 minutos\" \/>\n<!-- \/ Yoast SEO plugin. -->","yoast_head_json":{"title":"Cribadores vibratorios FINGER-SCREEN\u2122 | General Kinematics","robots":{"index":"index","follow":"follow","max-snippet":"max-snippet:-1","max-image-preview":"max-image-preview:large","max-video-preview":"max-video-preview:-1"},"canonical":"https:\/\/www.generalkinematics.com\/es\/producto\/cribadores-no-obstruibles-finger-screen\/","og_locale":"es_ES","og_type":"article","og_title":"Cribadores vibratorios FINGER-SCREEN\u2122 | General Kinematics","og_description":"El concepto del dise\u00f1o patentado de los cribadores no obstruibles FINGER-SCREEN\u2122 de General Kinematics para el reciclaje de recursos, ha demostrado ser extremadamente exitoso en una amplia variedad de aplicaciones que son propensas a las obstrucciones comunes en las superficies tradicionales de cribado de malla de alambre. C\u00f3mo funciona El desempe\u00f1o superior del procesamiento vibratorio [&hellip;]","og_url":"https:\/\/www.generalkinematics.com\/es\/producto\/cribadores-no-obstruibles-finger-screen\/","og_site_name":"General Kinematics","article_publisher":"https:\/\/www.facebook.com\/generalkinematics","article_modified_time":"2018-08-31T21:26:08+00:00","og_image":[{"width":2304,"height":3072,"url":"https:\/\/media.generalkinematics.com\/wp-content\/uploads\/2015\/07\/Finger-Screen-to-Platform1.jpg","type":"image\/jpeg"}],"twitter_card":"summary_large_image","twitter_site":"@gkvibrating","twitter_misc":{"Tiempo de lectura":"2 minutos"},"schema":{"@context":"https:\/\/schema.org","@graph":[{"@type":"WebPage","@id":"https:\/\/www.generalkinematics.com\/es\/producto\/cribadores-no-obstruibles-finger-screen\/","url":"https:\/\/www.generalkinematics.com\/es\/producto\/cribadores-no-obstruibles-finger-screen\/","name":"Cribadores vibratorios FINGER-SCREEN\u2122 | General Kinematics","isPartOf":{"@id":"https:\/\/www.generalkinematics.com\/es\/#website"},"primaryImageOfPage":{"@id":"https:\/\/www.generalkinematics.com\/es\/producto\/cribadores-no-obstruibles-finger-screen\/#primaryimage"},"image":{"@id":"https:\/\/www.generalkinematics.com\/es\/producto\/cribadores-no-obstruibles-finger-screen\/#primaryimage"},"thumbnailUrl":"https:\/\/media.generalkinematics.com\/wp-content\/uploads\/2015\/07\/Finger-Screen-to-Platform1.jpg","datePublished":"2015-07-27T02:47:32+00:00","dateModified":"2018-08-31T21:26:08+00:00","breadcrumb":{"@id":"https:\/\/www.generalkinematics.com\/es\/producto\/cribadores-no-obstruibles-finger-screen\/#breadcrumb"},"inLanguage":"es","potentialAction":[{"@type":"ReadAction","target":["https:\/\/www.generalkinematics.com\/es\/producto\/cribadores-no-obstruibles-finger-screen\/"]}]},{"@type":"ImageObject","inLanguage":"es","@id":"https:\/\/www.generalkinematics.com\/es\/producto\/cribadores-no-obstruibles-finger-screen\/#primaryimage","url":"https:\/\/media.generalkinematics.com\/wp-content\/uploads\/2015\/07\/Finger-Screen-to-Platform1.jpg","contentUrl":"https:\/\/media.generalkinematics.com\/wp-content\/uploads\/2015\/07\/Finger-Screen-to-Platform1.jpg","width":2304,"height":3072,"caption":"general-kinematics-finger-screen"},{"@type":"BreadcrumbList","@id":"https:\/\/www.generalkinematics.com\/es\/producto\/cribadores-no-obstruibles-finger-screen\/#breadcrumb","itemListElement":[{"@type":"ListItem","position":1,"name":"GK Home","item":"https:\/\/www.generalkinematics.com\/es\/"},{"@type":"ListItem","position":2,"name":"Shop","item":"https:\/\/www.generalkinematics.com\/shop\/"},{"@type":"ListItem","position":3,"name":"Cribadores vibratorios FINGER-SCREEN\u2122"}]},{"@type":"WebSite","@id":"https:\/\/www.generalkinematics.com\/es\/#website","url":"https:\/\/www.generalkinematics.com\/es\/","name":"General Kinematics","description":"","publisher":{"@id":"https:\/\/www.generalkinematics.com\/es\/#organization"},"potentialAction":[{"@type":"SearchAction","target":{"@type":"EntryPoint","urlTemplate":"https:\/\/www.generalkinematics.com\/es\/?s={search_term_string}"},"query-input":{"@type":"PropertyValueSpecification","valueRequired":true,"valueName":"search_term_string"}}],"inLanguage":"es"},{"@type":"Organization","@id":"https:\/\/www.generalkinematics.com\/es\/#organization","name":"General Kinematics","url":"https:\/\/www.generalkinematics.com\/es\/","logo":{"@type":"ImageObject","inLanguage":"es","@id":"https:\/\/www.generalkinematics.com\/es\/#\/schema\/logo\/image\/","url":"https:\/\/media.generalkinematics.com\/wp-content\/uploads\/2018\/03\/logo.png","contentUrl":"https:\/\/media.generalkinematics.com\/wp-content\/uploads\/2018\/03\/logo.png","width":313,"height":100,"caption":"General Kinematics"},"image":{"@id":"https:\/\/www.generalkinematics.com\/es\/#\/schema\/logo\/image\/"},"sameAs":["https:\/\/www.facebook.com\/generalkinematics","https:\/\/x.com\/gkvibrating"]}]}},"_links":{"self":[{"href":"https:\/\/www.generalkinematics.com\/es\/wp-json\/wp\/v2\/product\/38406","targetHints":{"allow":["GET"]}}],"collection":[{"href":"https:\/\/www.generalkinematics.com\/es\/wp-json\/wp\/v2\/product"}],"about":[{"href":"https:\/\/www.generalkinematics.com\/es\/wp-json\/wp\/v2\/types\/product"}],"replies":[{"embeddable":true,"href":"https:\/\/www.generalkinematics.com\/es\/wp-json\/wp\/v2\/comments?post=38406"}],"wp:featuredmedia":[{"embeddable":true,"href":"https:\/\/www.generalkinematics.com\/es\/wp-json\/wp\/v2\/media\/24108"}],"wp:attachment":[{"href":"https:\/\/www.generalkinematics.com\/es\/wp-json\/wp\/v2\/media?parent=38406"}],"wp:term":[{"taxonomy":"product_brand","embeddable":true,"href":"https:\/\/www.generalkinematics.com\/es\/wp-json\/wp\/v2\/product_brand?post=38406"},{"taxonomy":"product_cat","embeddable":true,"href":"https:\/\/www.generalkinematics.com\/es\/wp-json\/wp\/v2\/product_cat?post=38406"},{"taxonomy":"product_tag","embeddable":true,"href":"https:\/\/www.generalkinematics.com\/es\/wp-json\/wp\/v2\/product_tag?post=38406"}],"curies":[{"name":"wp","href":"https:\/\/api.w.org\/{rel}","templated":true}]}}