{"id":38411,"date":"2015-07-26T21:51:08","date_gmt":"2015-07-27T02:51:08","guid":{"rendered":"https:\/\/www.generalkinematics.com\/product\/cribas-vibratorias-omni-screener-c-series\/"},"modified":"2018-08-31T16:05:38","modified_gmt":"2018-08-31T21:05:38","slug":"cribas-vibratorias-omni-screener-c-series","status":"publish","type":"product","link":"https:\/\/www.generalkinematics.com\/es\/producto\/cribas-vibratorias-omni-screener-c-series\/","title":{"rendered":"Cribas vibratorias OMNI-SCREENER\u2122 C-Series"},"content":{"rendered":"<p>Las <strong>cribas vibratorias OMNI-SCREENER\u2122 C-Series<\/strong> utilizan nuestra tecnolog\u00eda comprobada de cribado con un dise\u00f1o de cuerpo redondo para utilizar las cribas de repuesto disponibles en el mercado. Las cribas OMNI-SCREENER\u2122 C-Series permiten realizar procesos de cribado de alta capacidad en h\u00famedo o en seco en un dise\u00f1o compacto de espacio superior reducido.<\/p>\n<p>El dise\u00f1o de los dos motores de las cribas OMNI-SCREENER\u2122 C-Series permite incrementar la producci\u00f3n y el flujo con materiales dif\u00edciles. Disponibilidad de dise\u00f1os personalizados para trabajo pesado en acero dulce, acero inoxidable u otros materiales especiales, conforme a las caracter\u00edsticas de su proceso o los materiales.<\/p>\n<h2>Caracter\u00edsticas:<\/h2>\n<ul>\n<li>El flujo del producto en espiral desde el punto de alimentaci\u00f3n central incrementa el tiempo de residencia para las part\u00edculas al l\u00edmite de tama\u00f1o.<\/li>\n<li>La transmisi\u00f3n simple, aut\u00f3noma y motorizada con amplitud de vibraci\u00f3n variable y \u00e1ngulo de ataque regulable, permite realizar ajustes r\u00e1pidos para obtener la eficiencia \u00f3ptima de cribado.<\/li>\n<li>La construcci\u00f3n del espacio superior bajo puede cerrarse totalmente cuando es necesario.<\/li>\n<li>Disponible en construcci\u00f3n de acero al carbono, acero inoxidable y de grado alimentario.<\/li>\n<\/ul>\n","protected":false},"excerpt":{"rendered":"<p>Las cribas vibratorias OMNI-SCREENER\u2122 C-Series utilizan nuestra tecnolog\u00eda comprobada de cribado con un dise\u00f1o de cuerpo redondo para utilizar las cribas de repuesto disponibles en el mercado. Las cribas OMNI-SCREENER\u2122 C-Series permiten realizar procesos de cribado de alta capacidad en h\u00famedo o en seco en un dise\u00f1o compacto de espacio superior reducido. El dise\u00f1o de [&hellip;]<\/p>\n","protected":false},"featured_media":53696,"comment_status":"closed","ping_status":"closed","template":"","meta":{"_acf_changed":false,"om_disable_all_campaigns":false,"ep_exclude_from_search":false},"product_brand":[],"product_cat":[1835,1831],"product_tag":[],"class_list":{"0":"post-38411","1":"product","2":"type-product","3":"status-publish","4":"has-post-thumbnail","6":"product_cat-cribas-clasificacion","7":"product_cat-soluciones-de-procesamiento-a-granel","9":"first","10":"instock","11":"taxable","12":"shipping-taxable","13":"product-type-simple"},"acf":[],"yoast_head":"<!-- This site is optimized with the Yoast SEO plugin v27.2 - https:\/\/yoast.com\/product\/yoast-seo-wordpress\/ -->\n<title>Cribas vibratorias OMNI-SCREENER\u2122 C-Series | General Kinematics<\/title>\n<meta name=\"robots\" content=\"index, follow, max-snippet:-1, max-image-preview:large, max-video-preview:-1\" \/>\n<link rel=\"canonical\" href=\"https:\/\/www.generalkinematics.com\/es\/producto\/cribas-vibratorias-omni-screener-c-series\/\" \/>\n<meta property=\"og:locale\" content=\"es_ES\" \/>\n<meta property=\"og:type\" content=\"article\" \/>\n<meta property=\"og:title\" content=\"Cribas vibratorias OMNI-SCREENER\u2122 C-Series | General Kinematics\" \/>\n<meta property=\"og:description\" content=\"Las cribas vibratorias OMNI-SCREENER\u2122 C-Series utilizan nuestra tecnolog\u00eda comprobada de cribado con un dise\u00f1o de cuerpo redondo para utilizar las cribas de repuesto disponibles en el mercado. Las cribas OMNI-SCREENER\u2122 C-Series permiten realizar procesos de cribado de alta capacidad en h\u00famedo o en seco en un dise\u00f1o compacto de espacio superior reducido. El dise\u00f1o de [&hellip;]\" \/>\n<meta property=\"og:url\" content=\"https:\/\/www.generalkinematics.com\/es\/producto\/cribas-vibratorias-omni-screener-c-series\/\" \/>\n<meta property=\"og:site_name\" content=\"General Kinematics\" \/>\n<meta property=\"article:publisher\" content=\"https:\/\/www.facebook.com\/generalkinematics\" \/>\n<meta property=\"article:modified_time\" content=\"2018-08-31T21:05:38+00:00\" \/>\n<meta property=\"og:image\" content=\"https:\/\/media.generalkinematics.com\/wp-content\/uploads\/2024\/01\/C10155-01-D.jpg\" \/>\n\t<meta property=\"og:image:width\" content=\"2048\" \/>\n\t<meta property=\"og:image:height\" content=\"1536\" \/>\n\t<meta property=\"og:image:type\" content=\"image\/jpeg\" \/>\n<meta name=\"twitter:card\" content=\"summary_large_image\" \/>\n<meta name=\"twitter:site\" content=\"@gkvibrating\" \/>\n<meta name=\"twitter:label1\" content=\"Tiempo de lectura\" \/>\n\t<meta name=\"twitter:data1\" content=\"1 minuto\" \/>\n<!-- \/ Yoast SEO plugin. -->","yoast_head_json":{"title":"Cribas vibratorias OMNI-SCREENER\u2122 C-Series | General Kinematics","robots":{"index":"index","follow":"follow","max-snippet":"max-snippet:-1","max-image-preview":"max-image-preview:large","max-video-preview":"max-video-preview:-1"},"canonical":"https:\/\/www.generalkinematics.com\/es\/producto\/cribas-vibratorias-omni-screener-c-series\/","og_locale":"es_ES","og_type":"article","og_title":"Cribas vibratorias OMNI-SCREENER\u2122 C-Series | General Kinematics","og_description":"Las cribas vibratorias OMNI-SCREENER\u2122 C-Series utilizan nuestra tecnolog\u00eda comprobada de cribado con un dise\u00f1o de cuerpo redondo para utilizar las cribas de repuesto disponibles en el mercado. Las cribas OMNI-SCREENER\u2122 C-Series permiten realizar procesos de cribado de alta capacidad en h\u00famedo o en seco en un dise\u00f1o compacto de espacio superior reducido. El dise\u00f1o de [&hellip;]","og_url":"https:\/\/www.generalkinematics.com\/es\/producto\/cribas-vibratorias-omni-screener-c-series\/","og_site_name":"General Kinematics","article_publisher":"https:\/\/www.facebook.com\/generalkinematics","article_modified_time":"2018-08-31T21:05:38+00:00","og_image":[{"width":2048,"height":1536,"url":"https:\/\/media.generalkinematics.com\/wp-content\/uploads\/2024\/01\/C10155-01-D.jpg","type":"image\/jpeg"}],"twitter_card":"summary_large_image","twitter_site":"@gkvibrating","twitter_misc":{"Tiempo de lectura":"1 minuto"},"schema":{"@context":"https:\/\/schema.org","@graph":[{"@type":"WebPage","@id":"https:\/\/www.generalkinematics.com\/es\/producto\/cribas-vibratorias-omni-screener-c-series\/","url":"https:\/\/www.generalkinematics.com\/es\/producto\/cribas-vibratorias-omni-screener-c-series\/","name":"Cribas vibratorias OMNI-SCREENER\u2122 C-Series | General Kinematics","isPartOf":{"@id":"https:\/\/www.generalkinematics.com\/es\/#website"},"primaryImageOfPage":{"@id":"https:\/\/www.generalkinematics.com\/es\/producto\/cribas-vibratorias-omni-screener-c-series\/#primaryimage"},"image":{"@id":"https:\/\/www.generalkinematics.com\/es\/producto\/cribas-vibratorias-omni-screener-c-series\/#primaryimage"},"thumbnailUrl":"https:\/\/media.generalkinematics.com\/wp-content\/uploads\/2024\/01\/C10155-01-D.jpg","datePublished":"2015-07-27T02:51:08+00:00","dateModified":"2018-08-31T21:05:38+00:00","breadcrumb":{"@id":"https:\/\/www.generalkinematics.com\/es\/producto\/cribas-vibratorias-omni-screener-c-series\/#breadcrumb"},"inLanguage":"es","potentialAction":[{"@type":"ReadAction","target":["https:\/\/www.generalkinematics.com\/es\/producto\/cribas-vibratorias-omni-screener-c-series\/"]}]},{"@type":"ImageObject","inLanguage":"es","@id":"https:\/\/www.generalkinematics.com\/es\/producto\/cribas-vibratorias-omni-screener-c-series\/#primaryimage","url":"https:\/\/media.generalkinematics.com\/wp-content\/uploads\/2024\/01\/C10155-01-D.jpg","contentUrl":"https:\/\/media.generalkinematics.com\/wp-content\/uploads\/2024\/01\/C10155-01-D.jpg","width":2048,"height":1536},{"@type":"BreadcrumbList","@id":"https:\/\/www.generalkinematics.com\/es\/producto\/cribas-vibratorias-omni-screener-c-series\/#breadcrumb","itemListElement":[{"@type":"ListItem","position":1,"name":"GK Home","item":"https:\/\/www.generalkinematics.com\/es\/"},{"@type":"ListItem","position":2,"name":"Shop","item":"https:\/\/www.generalkinematics.com\/shop\/"},{"@type":"ListItem","position":3,"name":"Cribas vibratorias OMNI-SCREENER\u2122 C-Series"}]},{"@type":"WebSite","@id":"https:\/\/www.generalkinematics.com\/es\/#website","url":"https:\/\/www.generalkinematics.com\/es\/","name":"General Kinematics","description":"","publisher":{"@id":"https:\/\/www.generalkinematics.com\/es\/#organization"},"potentialAction":[{"@type":"SearchAction","target":{"@type":"EntryPoint","urlTemplate":"https:\/\/www.generalkinematics.com\/es\/?s={search_term_string}"},"query-input":{"@type":"PropertyValueSpecification","valueRequired":true,"valueName":"search_term_string"}}],"inLanguage":"es"},{"@type":"Organization","@id":"https:\/\/www.generalkinematics.com\/es\/#organization","name":"General Kinematics","url":"https:\/\/www.generalkinematics.com\/es\/","logo":{"@type":"ImageObject","inLanguage":"es","@id":"https:\/\/www.generalkinematics.com\/es\/#\/schema\/logo\/image\/","url":"https:\/\/media.generalkinematics.com\/wp-content\/uploads\/2018\/03\/logo.png","contentUrl":"https:\/\/media.generalkinematics.com\/wp-content\/uploads\/2018\/03\/logo.png","width":313,"height":100,"caption":"General Kinematics"},"image":{"@id":"https:\/\/www.generalkinematics.com\/es\/#\/schema\/logo\/image\/"},"sameAs":["https:\/\/www.facebook.com\/generalkinematics","https:\/\/x.com\/gkvibrating"]}]}},"_links":{"self":[{"href":"https:\/\/www.generalkinematics.com\/es\/wp-json\/wp\/v2\/product\/38411","targetHints":{"allow":["GET"]}}],"collection":[{"href":"https:\/\/www.generalkinematics.com\/es\/wp-json\/wp\/v2\/product"}],"about":[{"href":"https:\/\/www.generalkinematics.com\/es\/wp-json\/wp\/v2\/types\/product"}],"replies":[{"embeddable":true,"href":"https:\/\/www.generalkinematics.com\/es\/wp-json\/wp\/v2\/comments?post=38411"}],"wp:featuredmedia":[{"embeddable":true,"href":"https:\/\/www.generalkinematics.com\/es\/wp-json\/wp\/v2\/media\/53696"}],"wp:attachment":[{"href":"https:\/\/www.generalkinematics.com\/es\/wp-json\/wp\/v2\/media?parent=38411"}],"wp:term":[{"taxonomy":"product_brand","embeddable":true,"href":"https:\/\/www.generalkinematics.com\/es\/wp-json\/wp\/v2\/product_brand?post=38411"},{"taxonomy":"product_cat","embeddable":true,"href":"https:\/\/www.generalkinematics.com\/es\/wp-json\/wp\/v2\/product_cat?post=38411"},{"taxonomy":"product_tag","embeddable":true,"href":"https:\/\/www.generalkinematics.com\/es\/wp-json\/wp\/v2\/product_tag?post=38411"}],"curies":[{"name":"wp","href":"https:\/\/api.w.org\/{rel}","templated":true}]}}