{"id":38415,"date":"2015-07-26T21:54:36","date_gmt":"2015-07-27T02:54:36","guid":{"rendered":"https:\/\/www.generalkinematics.com\/product\/omni-screener\/"},"modified":"2018-08-31T16:01:32","modified_gmt":"2018-08-31T21:01:32","slug":"omni-screener-de-gk","status":"publish","type":"product","link":"https:\/\/www.generalkinematics.com\/es\/producto\/omni-screener-de-gk\/","title":{"rendered":"OMNI-SCREENER\u2122"},"content":{"rendered":"<p>La unidad vibratoria <strong>OMNI-SCREENER\u2122<\/strong> de General Kinematics permite obtener resultados superiores en lo que respecta al control y clasificaci\u00f3n en las aplicaciones de procesamiento de materiales a granel. Las unidades pueden tener varias superficies en la cubierta para realizar procesos de cribado variable. La forma cuadrada permite cambiar r\u00e1pidamente la criba utilizando procedimientos simples de tensionamiento.<\/p>\n<h2>Caracter\u00edsticas:<\/h2>\n<ul>\n<li>El flujo del producto en espiral desde el punto de alimentaci\u00f3n central incrementa el tiempo de residencia para las part\u00edculas al l\u00edmite de tama\u00f1o.<\/li>\n<li>La transmisi\u00f3n simple, aut\u00f3noma y motorizada con amplitud de vibraci\u00f3n variable y \u00e1ngulo de ataque regulable, permite realizar ajustes r\u00e1pidos para obtener la eficiencia \u00f3ptima de cribado.<\/li>\n<li>La construcci\u00f3n del espacio superior bajo puede cerrarse totalmente cuando es necesario.<\/li>\n<li>Disponible en construcci\u00f3n de acero al carbono, acero inoxidable y de grado alimentario.<\/li>\n<\/ul>\n","protected":false},"excerpt":{"rendered":"<p>La unidad vibratoria OMNI-SCREENER\u2122 de General Kinematics permite obtener resultados superiores en lo que respecta al control y clasificaci\u00f3n en las aplicaciones de procesamiento de materiales a granel. Las unidades pueden tener varias superficies en la cubierta para realizar procesos de cribado variable. La forma cuadrada permite cambiar r\u00e1pidamente la criba utilizando procedimientos simples de [&hellip;]<\/p>\n","protected":false},"featured_media":29124,"comment_status":"closed","ping_status":"closed","template":"","meta":{"_acf_changed":false,"om_disable_all_campaigns":false,"ep_exclude_from_search":false},"product_brand":[],"product_cat":[1835,1831],"product_tag":[],"class_list":{"0":"post-38415","1":"product","2":"type-product","3":"status-publish","4":"has-post-thumbnail","6":"product_cat-cribas-clasificacion","7":"product_cat-soluciones-de-procesamiento-a-granel","9":"first","10":"instock","11":"taxable","12":"shipping-taxable","13":"product-type-simple"},"acf":[],"yoast_head":"<!-- This site is optimized with the Yoast SEO plugin v27.5 - https:\/\/yoast.com\/product\/yoast-seo-wordpress\/ -->\n<title>OMNI-SCREENER\u2122 | General Kinematics<\/title>\n<meta name=\"robots\" content=\"index, follow, max-snippet:-1, max-image-preview:large, max-video-preview:-1\" \/>\n<link rel=\"canonical\" href=\"https:\/\/www.generalkinematics.com\/es\/producto\/omni-screener-de-gk\/\" \/>\n<meta property=\"og:locale\" content=\"es_ES\" \/>\n<meta property=\"og:type\" content=\"article\" \/>\n<meta property=\"og:title\" content=\"OMNI-SCREENER\u2122 | General Kinematics\" \/>\n<meta property=\"og:description\" content=\"La unidad vibratoria OMNI-SCREENER\u2122 de General Kinematics permite obtener resultados superiores en lo que respecta al control y clasificaci\u00f3n en las aplicaciones de procesamiento de materiales a granel. Las unidades pueden tener varias superficies en la cubierta para realizar procesos de cribado variable. La forma cuadrada permite cambiar r\u00e1pidamente la criba utilizando procedimientos simples de [&hellip;]\" \/>\n<meta property=\"og:url\" content=\"https:\/\/www.generalkinematics.com\/es\/producto\/omni-screener-de-gk\/\" \/>\n<meta property=\"og:site_name\" content=\"General Kinematics\" \/>\n<meta property=\"article:publisher\" content=\"https:\/\/www.facebook.com\/generalkinematics\" \/>\n<meta property=\"article:modified_time\" content=\"2018-08-31T21:01:32+00:00\" \/>\n<meta property=\"og:image\" content=\"https:\/\/www.generalkinematics.com\/wp-content\/uploads\/2015\/07\/Omni-Screener.png\" \/>\n\t<meta property=\"og:image:width\" content=\"800\" \/>\n\t<meta property=\"og:image:height\" content=\"600\" \/>\n\t<meta property=\"og:image:type\" content=\"image\/jpeg\" \/>\n<meta name=\"twitter:card\" content=\"summary_large_image\" \/>\n<meta name=\"twitter:site\" content=\"@gkvibrating\" \/>\n<meta name=\"twitter:label1\" content=\"Tiempo de lectura\" \/>\n\t<meta name=\"twitter:data1\" content=\"1 minuto\" \/>\n<!-- \/ Yoast SEO plugin. -->","yoast_head_json":{"title":"OMNI-SCREENER\u2122 | General Kinematics","robots":{"index":"index","follow":"follow","max-snippet":"max-snippet:-1","max-image-preview":"max-image-preview:large","max-video-preview":"max-video-preview:-1"},"canonical":"https:\/\/www.generalkinematics.com\/es\/producto\/omni-screener-de-gk\/","og_locale":"es_ES","og_type":"article","og_title":"OMNI-SCREENER\u2122 | General Kinematics","og_description":"La unidad vibratoria OMNI-SCREENER\u2122 de General Kinematics permite obtener resultados superiores en lo que respecta al control y clasificaci\u00f3n en las aplicaciones de procesamiento de materiales a granel. Las unidades pueden tener varias superficies en la cubierta para realizar procesos de cribado variable. La forma cuadrada permite cambiar r\u00e1pidamente la criba utilizando procedimientos simples de [&hellip;]","og_url":"https:\/\/www.generalkinematics.com\/es\/producto\/omni-screener-de-gk\/","og_site_name":"General Kinematics","article_publisher":"https:\/\/www.facebook.com\/generalkinematics","article_modified_time":"2018-08-31T21:01:32+00:00","og_image":[{"width":800,"height":600,"url":"https:\/\/www.generalkinematics.com\/wp-content\/uploads\/2015\/07\/Omni-Screener.png","type":"image\/jpeg"}],"twitter_card":"summary_large_image","twitter_site":"@gkvibrating","twitter_misc":{"Tiempo de lectura":"1 minuto"},"schema":{"@context":"https:\/\/schema.org","@graph":[{"@type":"WebPage","@id":"https:\/\/www.generalkinematics.com\/es\/producto\/omni-screener-de-gk\/","url":"https:\/\/www.generalkinematics.com\/es\/producto\/omni-screener-de-gk\/","name":"OMNI-SCREENER\u2122 | General Kinematics","isPartOf":{"@id":"https:\/\/www.generalkinematics.com\/es\/#website"},"primaryImageOfPage":{"@id":"https:\/\/www.generalkinematics.com\/es\/producto\/omni-screener-de-gk\/#primaryimage"},"image":{"@id":"https:\/\/www.generalkinematics.com\/es\/producto\/omni-screener-de-gk\/#primaryimage"},"thumbnailUrl":"https:\/\/media.generalkinematics.com\/wp-content\/uploads\/2015\/07\/Omni-Screener.png","datePublished":"2015-07-27T02:54:36+00:00","dateModified":"2018-08-31T21:01:32+00:00","breadcrumb":{"@id":"https:\/\/www.generalkinematics.com\/es\/producto\/omni-screener-de-gk\/#breadcrumb"},"inLanguage":"es","potentialAction":[{"@type":"ReadAction","target":["https:\/\/www.generalkinematics.com\/es\/producto\/omni-screener-de-gk\/"]}]},{"@type":"ImageObject","inLanguage":"es","@id":"https:\/\/www.generalkinematics.com\/es\/producto\/omni-screener-de-gk\/#primaryimage","url":"https:\/\/media.generalkinematics.com\/wp-content\/uploads\/2015\/07\/Omni-Screener.png","contentUrl":"https:\/\/media.generalkinematics.com\/wp-content\/uploads\/2015\/07\/Omni-Screener.png","width":800,"height":600,"caption":"general-kinematics-omni-screener"},{"@type":"BreadcrumbList","@id":"https:\/\/www.generalkinematics.com\/es\/producto\/omni-screener-de-gk\/#breadcrumb","itemListElement":[{"@type":"ListItem","position":1,"name":"GK Home","item":"https:\/\/www.generalkinematics.com\/es\/"},{"@type":"ListItem","position":2,"name":"Shop","item":"https:\/\/www.generalkinematics.com\/shop\/"},{"@type":"ListItem","position":3,"name":"OMNI-SCREENER\u2122"}]},{"@type":"WebSite","@id":"https:\/\/www.generalkinematics.com\/es\/#website","url":"https:\/\/www.generalkinematics.com\/es\/","name":"General Kinematics","description":"","publisher":{"@id":"https:\/\/www.generalkinematics.com\/es\/#organization"},"potentialAction":[{"@type":"SearchAction","target":{"@type":"EntryPoint","urlTemplate":"https:\/\/www.generalkinematics.com\/es\/?s={search_term_string}"},"query-input":{"@type":"PropertyValueSpecification","valueRequired":true,"valueName":"search_term_string"}}],"inLanguage":"es"},{"@type":"Organization","@id":"https:\/\/www.generalkinematics.com\/es\/#organization","name":"General Kinematics","url":"https:\/\/www.generalkinematics.com\/es\/","logo":{"@type":"ImageObject","inLanguage":"es","@id":"https:\/\/www.generalkinematics.com\/es\/#\/schema\/logo\/image\/","url":"https:\/\/media.generalkinematics.com\/wp-content\/uploads\/2018\/03\/logo.png","contentUrl":"https:\/\/media.generalkinematics.com\/wp-content\/uploads\/2018\/03\/logo.png","width":313,"height":100,"caption":"General Kinematics"},"image":{"@id":"https:\/\/www.generalkinematics.com\/es\/#\/schema\/logo\/image\/"},"sameAs":["https:\/\/www.facebook.com\/generalkinematics","https:\/\/x.com\/gkvibrating"]}]}},"_links":{"self":[{"href":"https:\/\/www.generalkinematics.com\/es\/wp-json\/wp\/v2\/product\/38415","targetHints":{"allow":["GET"]}}],"collection":[{"href":"https:\/\/www.generalkinematics.com\/es\/wp-json\/wp\/v2\/product"}],"about":[{"href":"https:\/\/www.generalkinematics.com\/es\/wp-json\/wp\/v2\/types\/product"}],"replies":[{"embeddable":true,"href":"https:\/\/www.generalkinematics.com\/es\/wp-json\/wp\/v2\/comments?post=38415"}],"wp:featuredmedia":[{"embeddable":true,"href":"https:\/\/www.generalkinematics.com\/es\/wp-json\/wp\/v2\/media\/29124"}],"wp:attachment":[{"href":"https:\/\/www.generalkinematics.com\/es\/wp-json\/wp\/v2\/media?parent=38415"}],"wp:term":[{"taxonomy":"product_brand","embeddable":true,"href":"https:\/\/www.generalkinematics.com\/es\/wp-json\/wp\/v2\/product_brand?post=38415"},{"taxonomy":"product_cat","embeddable":true,"href":"https:\/\/www.generalkinematics.com\/es\/wp-json\/wp\/v2\/product_cat?post=38415"},{"taxonomy":"product_tag","embeddable":true,"href":"https:\/\/www.generalkinematics.com\/es\/wp-json\/wp\/v2\/product_tag?post=38415"}],"curies":[{"name":"wp","href":"https:\/\/api.w.org\/{rel}","templated":true}]}}