{"id":38430,"date":"2015-07-26T22:06:20","date_gmt":"2015-07-27T03:06:20","guid":{"rendered":"https:\/\/www.generalkinematics.com\/product\/procesadores-de-cama-de-fluidos-vibratoria\/"},"modified":"2018-08-31T07:46:43","modified_gmt":"2018-08-31T12:46:43","slug":"procesadores-de-cama-de-fluidos-vibratoria","status":"publish","type":"product","link":"https:\/\/www.generalkinematics.com\/es\/producto\/procesadores-de-cama-de-fluidos-vibratoria\/","title":{"rendered":"Procesadores de cama de fluidos vibratoria"},"content":{"rendered":"<p>Excepcionalmente flexibles para una amplia variedad de necesidades de procesamiento continuo, los <strong>procesadores de cama de fluidos vibratoria<\/strong> de GK son ideales para aplicaciones de calentamiento, secado, enfriamiento, recubrimiento o hidroseparaci\u00f3n. Las camas de fluidos vibratorias de GK est\u00e1n disponibles en una variedad de configuraciones y utilizan un proceso de agitaci\u00f3n vibratoria mientras pasan el gas del proceso a trav\u00e9s de la cama de material para suspender el material en un estado fluidizado. Este proceso incrementa el \u00e1rea superficial del material disponible, permitiendo el procesamiento m\u00e1s r\u00e1pido y completo del material.<\/p>\n<h2>Caracter\u00edsticas:<\/h2>\n<ul>\n<li>Los procesadores de cama de fluidos de GK pueden calentar, enfriar, secar, recubrir, etc., en una sola unidad.<\/li>\n<li>Alambre de perfil taladrado con precisi\u00f3n, exclusivo T-P, y disponibilidad de cubiertas de distribuci\u00f3n con \u00abl\u00e1mina de orificio fino\u00bb para satisfacer de la mejor manera posible las necesidades de su proceso.<\/li>\n<li>Construcci\u00f3n en acero inoxidable, aleaci\u00f3n de n\u00edquel y acero al carbono.<\/li>\n<li>Trasmisiones opcionales con recorrido y \u00e1ngulo de lanzamiento regulables de manera instant\u00e1nea para satisfacer los requisitos de aplicaciones especiales.<\/li>\n<li>Conjuntos para vertederos ajustables para la profundidad variable de la cama fluidizada.<\/li>\n<li>Construcci\u00f3n del motor TEFC y TENV.<\/li>\n<li>Los resortes de aislamiento vibratorio suave facilitan la instalaci\u00f3n de camas de fluidos de grado superior.<\/li>\n<li>Paquetes auxiliares completos de cama fluidizada de aire de suministro y escape para instalaciones de una sola fuente.<\/li>\n<li>El dise\u00f1o de las unidades de cama de fluidos es personalizado conforme a sus requisitos espec\u00edficos de producci\u00f3n.<\/li>\n<\/ul>\n","protected":false},"excerpt":{"rendered":"<p>Excepcionalmente flexibles para una amplia variedad de necesidades de procesamiento continuo, los procesadores de cama de fluidos vibratoria de GK son ideales para aplicaciones de calentamiento, secado, enfriamiento, recubrimiento o hidroseparaci\u00f3n. Las camas de fluidos vibratorias de GK est\u00e1n disponibles en una variedad de configuraciones y utilizan un proceso de agitaci\u00f3n vibratoria mientras pasan el [&hellip;]<\/p>\n","protected":false},"featured_media":25248,"comment_status":"closed","ping_status":"closed","template":"","meta":{"_acf_changed":false,"om_disable_all_campaigns":false,"ep_exclude_from_search":false},"product_brand":[],"product_cat":[1832,1831],"product_tag":[],"class_list":{"0":"post-38430","1":"product","2":"type-product","3":"status-publish","4":"has-post-thumbnail","6":"product_cat-procesadores-de-lecho-fluidizado-gk","7":"product_cat-soluciones-de-procesamiento-a-granel","9":"first","10":"instock","11":"taxable","12":"shipping-taxable","13":"product-type-simple"},"acf":[],"yoast_head":"<!-- This site is optimized with the Yoast SEO plugin v27.2 - https:\/\/yoast.com\/product\/yoast-seo-wordpress\/ -->\n<title>Procesadores de cama de fluidos vibratoria | General Kinematics<\/title>\n<meta name=\"robots\" content=\"index, follow, max-snippet:-1, max-image-preview:large, max-video-preview:-1\" \/>\n<link rel=\"canonical\" href=\"https:\/\/www.generalkinematics.com\/es\/producto\/procesadores-de-cama-de-fluidos-vibratoria\/\" \/>\n<meta property=\"og:locale\" content=\"es_ES\" \/>\n<meta property=\"og:type\" content=\"article\" \/>\n<meta property=\"og:title\" content=\"Procesadores de cama de fluidos vibratoria | General Kinematics\" \/>\n<meta property=\"og:description\" content=\"Excepcionalmente flexibles para una amplia variedad de necesidades de procesamiento continuo, los procesadores de cama de fluidos vibratoria de GK son ideales para aplicaciones de calentamiento, secado, enfriamiento, recubrimiento o hidroseparaci\u00f3n. Las camas de fluidos vibratorias de GK est\u00e1n disponibles en una variedad de configuraciones y utilizan un proceso de agitaci\u00f3n vibratoria mientras pasan el [&hellip;]\" \/>\n<meta property=\"og:url\" content=\"https:\/\/www.generalkinematics.com\/es\/producto\/procesadores-de-cama-de-fluidos-vibratoria\/\" \/>\n<meta property=\"og:site_name\" content=\"General Kinematics\" \/>\n<meta property=\"article:publisher\" content=\"https:\/\/www.facebook.com\/generalkinematics\" \/>\n<meta property=\"article:modified_time\" content=\"2018-08-31T12:46:43+00:00\" \/>\n<meta property=\"og:image\" content=\"https:\/\/media.generalkinematics.com\/wp-content\/uploads\/2015\/07\/DSC00203.jpg\" \/>\n\t<meta property=\"og:image:width\" content=\"1440\" \/>\n\t<meta property=\"og:image:height\" content=\"1920\" \/>\n\t<meta property=\"og:image:type\" content=\"image\/jpeg\" \/>\n<meta name=\"twitter:card\" content=\"summary_large_image\" \/>\n<meta name=\"twitter:site\" content=\"@gkvibrating\" \/>\n<meta name=\"twitter:label1\" content=\"Tiempo de lectura\" \/>\n\t<meta name=\"twitter:data1\" content=\"1 minuto\" \/>\n<!-- \/ Yoast SEO plugin. -->","yoast_head_json":{"title":"Procesadores de cama de fluidos vibratoria | General Kinematics","robots":{"index":"index","follow":"follow","max-snippet":"max-snippet:-1","max-image-preview":"max-image-preview:large","max-video-preview":"max-video-preview:-1"},"canonical":"https:\/\/www.generalkinematics.com\/es\/producto\/procesadores-de-cama-de-fluidos-vibratoria\/","og_locale":"es_ES","og_type":"article","og_title":"Procesadores de cama de fluidos vibratoria | General Kinematics","og_description":"Excepcionalmente flexibles para una amplia variedad de necesidades de procesamiento continuo, los procesadores de cama de fluidos vibratoria de GK son ideales para aplicaciones de calentamiento, secado, enfriamiento, recubrimiento o hidroseparaci\u00f3n. Las camas de fluidos vibratorias de GK est\u00e1n disponibles en una variedad de configuraciones y utilizan un proceso de agitaci\u00f3n vibratoria mientras pasan el [&hellip;]","og_url":"https:\/\/www.generalkinematics.com\/es\/producto\/procesadores-de-cama-de-fluidos-vibratoria\/","og_site_name":"General Kinematics","article_publisher":"https:\/\/www.facebook.com\/generalkinematics","article_modified_time":"2018-08-31T12:46:43+00:00","og_image":[{"width":1440,"height":1920,"url":"https:\/\/media.generalkinematics.com\/wp-content\/uploads\/2015\/07\/DSC00203.jpg","type":"image\/jpeg"}],"twitter_card":"summary_large_image","twitter_site":"@gkvibrating","twitter_misc":{"Tiempo de lectura":"1 minuto"},"schema":{"@context":"https:\/\/schema.org","@graph":[{"@type":"WebPage","@id":"https:\/\/www.generalkinematics.com\/es\/producto\/procesadores-de-cama-de-fluidos-vibratoria\/","url":"https:\/\/www.generalkinematics.com\/es\/producto\/procesadores-de-cama-de-fluidos-vibratoria\/","name":"Procesadores de cama de fluidos vibratoria | General Kinematics","isPartOf":{"@id":"https:\/\/www.generalkinematics.com\/es\/#website"},"primaryImageOfPage":{"@id":"https:\/\/www.generalkinematics.com\/es\/producto\/procesadores-de-cama-de-fluidos-vibratoria\/#primaryimage"},"image":{"@id":"https:\/\/www.generalkinematics.com\/es\/producto\/procesadores-de-cama-de-fluidos-vibratoria\/#primaryimage"},"thumbnailUrl":"https:\/\/media.generalkinematics.com\/wp-content\/uploads\/2015\/07\/DSC00203.jpg","datePublished":"2015-07-27T03:06:20+00:00","dateModified":"2018-08-31T12:46:43+00:00","breadcrumb":{"@id":"https:\/\/www.generalkinematics.com\/es\/producto\/procesadores-de-cama-de-fluidos-vibratoria\/#breadcrumb"},"inLanguage":"es","potentialAction":[{"@type":"ReadAction","target":["https:\/\/www.generalkinematics.com\/es\/producto\/procesadores-de-cama-de-fluidos-vibratoria\/"]}]},{"@type":"ImageObject","inLanguage":"es","@id":"https:\/\/www.generalkinematics.com\/es\/producto\/procesadores-de-cama-de-fluidos-vibratoria\/#primaryimage","url":"https:\/\/media.generalkinematics.com\/wp-content\/uploads\/2015\/07\/DSC00203.jpg","contentUrl":"https:\/\/media.generalkinematics.com\/wp-content\/uploads\/2015\/07\/DSC00203.jpg","width":1440,"height":1920,"caption":"general-kinematics-fluid-bed-processor"},{"@type":"BreadcrumbList","@id":"https:\/\/www.generalkinematics.com\/es\/producto\/procesadores-de-cama-de-fluidos-vibratoria\/#breadcrumb","itemListElement":[{"@type":"ListItem","position":1,"name":"GK Home","item":"https:\/\/www.generalkinematics.com\/es\/"},{"@type":"ListItem","position":2,"name":"Shop","item":"https:\/\/www.generalkinematics.com\/shop\/"},{"@type":"ListItem","position":3,"name":"Procesadores de cama de fluidos vibratoria"}]},{"@type":"WebSite","@id":"https:\/\/www.generalkinematics.com\/es\/#website","url":"https:\/\/www.generalkinematics.com\/es\/","name":"General Kinematics","description":"","publisher":{"@id":"https:\/\/www.generalkinematics.com\/es\/#organization"},"potentialAction":[{"@type":"SearchAction","target":{"@type":"EntryPoint","urlTemplate":"https:\/\/www.generalkinematics.com\/es\/?s={search_term_string}"},"query-input":{"@type":"PropertyValueSpecification","valueRequired":true,"valueName":"search_term_string"}}],"inLanguage":"es"},{"@type":"Organization","@id":"https:\/\/www.generalkinematics.com\/es\/#organization","name":"General Kinematics","url":"https:\/\/www.generalkinematics.com\/es\/","logo":{"@type":"ImageObject","inLanguage":"es","@id":"https:\/\/www.generalkinematics.com\/es\/#\/schema\/logo\/image\/","url":"https:\/\/media.generalkinematics.com\/wp-content\/uploads\/2018\/03\/logo.png","contentUrl":"https:\/\/media.generalkinematics.com\/wp-content\/uploads\/2018\/03\/logo.png","width":313,"height":100,"caption":"General Kinematics"},"image":{"@id":"https:\/\/www.generalkinematics.com\/es\/#\/schema\/logo\/image\/"},"sameAs":["https:\/\/www.facebook.com\/generalkinematics","https:\/\/x.com\/gkvibrating"]}]}},"_links":{"self":[{"href":"https:\/\/www.generalkinematics.com\/es\/wp-json\/wp\/v2\/product\/38430","targetHints":{"allow":["GET"]}}],"collection":[{"href":"https:\/\/www.generalkinematics.com\/es\/wp-json\/wp\/v2\/product"}],"about":[{"href":"https:\/\/www.generalkinematics.com\/es\/wp-json\/wp\/v2\/types\/product"}],"replies":[{"embeddable":true,"href":"https:\/\/www.generalkinematics.com\/es\/wp-json\/wp\/v2\/comments?post=38430"}],"wp:featuredmedia":[{"embeddable":true,"href":"https:\/\/www.generalkinematics.com\/es\/wp-json\/wp\/v2\/media\/25248"}],"wp:attachment":[{"href":"https:\/\/www.generalkinematics.com\/es\/wp-json\/wp\/v2\/media?parent=38430"}],"wp:term":[{"taxonomy":"product_brand","embeddable":true,"href":"https:\/\/www.generalkinematics.com\/es\/wp-json\/wp\/v2\/product_brand?post=38430"},{"taxonomy":"product_cat","embeddable":true,"href":"https:\/\/www.generalkinematics.com\/es\/wp-json\/wp\/v2\/product_cat?post=38430"},{"taxonomy":"product_tag","embeddable":true,"href":"https:\/\/www.generalkinematics.com\/es\/wp-json\/wp\/v2\/product_tag?post=38430"}],"curies":[{"name":"wp","href":"https:\/\/api.w.org\/{rel}","templated":true}]}}