{"id":38473,"date":"2015-07-26T22:58:48","date_gmt":"2015-07-27T03:58:48","guid":{"rendered":"https:\/\/www.generalkinematics.com\/product\/cribas-secundarias-de-particulas-finas\/"},"modified":"2018-08-30T22:38:56","modified_gmt":"2018-08-31T03:38:56","slug":"cribas-secundarias-de-alta-energia","status":"publish","type":"product","link":"https:\/\/www.generalkinematics.com\/es\/producto\/cribas-secundarias-de-alta-energia\/","title":{"rendered":"Cribas secundarias de part\u00edculas finas"},"content":{"rendered":"<p>Las <strong>cribas secundarias de alta energ\u00eda<\/strong> de General Kinematics junto con la criba primaria FINGER-SCREEN\u2122 de GK para el reciclaje de recursos, han demostrado ser extremadamente exitosas en una amplia variedad de aplicaciones que son propensas a los retos de procesamiento, comunes en otros tipos de medios de cribado.<\/p>\n<p>Las cribas secundarias de GK utilizan la acci\u00f3n vibratoria para separar las part\u00edculas finas del material de la l\u00ednea de clasificaci\u00f3n secundaria. El dise\u00f1o de doble masa y baja potencia tiene pocas piezas m\u00f3viles con lo que se reduce al m\u00ednimo el trabajo de mantenimiento y se maximiza el tiempo de funcionamiento. Las cribas secundarias son para trabajo pesado con resistencia al desgaste y durabilidad superior, frente a los tambores rotatorios o las cribas de tipo estrella.<\/p>\n<p><u><strong>La parte central de su sistema de clasificaci\u00f3n<\/strong><\/u><\/p>\n<p>La mayor confiabilidad, su mayor capacidad de tonelaje y su resistencia sin igual hacen de las cribas secundarias de GK la parte central de los sistemas de clasificaci\u00f3n en todo el mundo. El desempe\u00f1o superior del procesamiento vibratorio con la cubierta \u00fanica FINGER-SCREEN\u2122 de GK permite realizar un proceso de separaci\u00f3n y clasificaci\u00f3n altamente eficiente. La acci\u00f3n vibratoria esparce el material en la cubierta y, por consiguiente, se reduce la profundidad de la cama para maximizar la utilizaci\u00f3n del \u00e1rea de cribado. El dise\u00f1o de las barras c\u00f3nicas junto con las superficies de salida \u00fanicas y las posiciones intercaladas ayudan a evitar el sobrepaso de material. El grado de desempe\u00f1o del proceso de separaci\u00f3n se mejora ulteriormente a medida que el material cae libremente en cascada a trav\u00e9s de la cubierta con menos obstrucciones, atrapamiento o atarugamiento. El resultado: el flujo de material continuo y din\u00e1mico para mejorar y optimizar el proceso de separaci\u00f3n y clasificaci\u00f3n.<\/p>\n<p>La criba secundaria de GK est\u00e1 disponible en tama\u00f1os est\u00e1ndar con anchuras de hasta 72 pulgadas (1.800 mm) y tama\u00f1os personalizados, dise\u00f1ados conforme a su aplicaci\u00f3n. Capaz de procesar vol\u00famenes altos, con tasas de producci\u00f3n de hasta 450 yardas por hora (345 metros c\u00fabicos por hora).<\/p>\n<h2>Caracter\u00edsticas:<\/h2>\n<ul>\n<li>El movimiento vibratorio esparce uniformemente el material para un m\u00e1ximo de eficiencia del proceso de clasificaci\u00f3n.<\/li>\n<li>Barras intercaladas que evitar el sobrepaso del material.<\/li>\n<li>El flujo del material en cascada ayuda a separar el producto atrapado.<\/li>\n<li>La superficie \u00fanica de salida ayuda a eliminar atrapamientos y obstrucciones.<\/li>\n<li>Las barras c\u00f3nicas clasifican gradualmente y liberan el material atrapado.<\/li>\n<li>Dise\u00f1adas a la medida del cliente para satisfacer sus requisitos espec\u00edficos de clasificaci\u00f3n.<\/li>\n<li>La construcci\u00f3n modular de la cubierta permite sustituirla f\u00e1cilmente.<\/li>\n<\/ul>\n","protected":false},"excerpt":{"rendered":"<p>Las cribas secundarias de alta energ\u00eda de General Kinematics junto con la criba primaria FINGER-SCREEN\u2122 de GK para el reciclaje de recursos, han demostrado ser extremadamente exitosas en una amplia variedad de aplicaciones que son propensas a los retos de procesamiento, comunes en otros tipos de medios de cribado. Las cribas secundarias de GK utilizan [&hellip;]<\/p>\n","protected":false},"featured_media":53226,"comment_status":"closed","ping_status":"closed","template":"","meta":{"_acf_changed":false,"om_disable_all_campaigns":false,"ep_exclude_from_search":false},"product_brand":[],"product_cat":[1876,1653,1654,1875,1655,1656],"product_tag":[],"class_list":{"0":"post-38473","1":"product","2":"type-product","3":"status-publish","4":"has-post-thumbnail","6":"product_cat-equipo-de-procesamiento-de-desechos","7":"product_cat-equipo-de-reciclaje-multi-stream","8":"product_cat-cribas-vibratorias","9":"product_cat-soluciones-de-clasificacion-de-residuos-solidos-municipales","10":"product_cat-soluciones-de-reciclaje","11":"product_cat-tecnologia-de-pantalla-de-reciclaje","13":"first","14":"instock","15":"taxable","16":"shipping-taxable","17":"product-type-simple"},"acf":[],"yoast_head":"<!-- This site is optimized with the Yoast SEO plugin v27.2 - https:\/\/yoast.com\/product\/yoast-seo-wordpress\/ -->\n<title>Cribas secundarias de part\u00edculas finas | General Kinematics<\/title>\n<meta name=\"robots\" content=\"index, follow, max-snippet:-1, max-image-preview:large, max-video-preview:-1\" \/>\n<link rel=\"canonical\" href=\"https:\/\/www.generalkinematics.com\/es\/producto\/cribas-secundarias-de-alta-energia\/\" \/>\n<meta property=\"og:locale\" content=\"es_ES\" \/>\n<meta property=\"og:type\" content=\"article\" \/>\n<meta property=\"og:title\" content=\"Cribas secundarias de part\u00edculas finas | General Kinematics\" \/>\n<meta property=\"og:description\" content=\"Las cribas secundarias de alta energ\u00eda de General Kinematics junto con la criba primaria FINGER-SCREEN\u2122 de GK para el reciclaje de recursos, han demostrado ser extremadamente exitosas en una amplia variedad de aplicaciones que son propensas a los retos de procesamiento, comunes en otros tipos de medios de cribado. Las cribas secundarias de GK utilizan [&hellip;]\" \/>\n<meta property=\"og:url\" content=\"https:\/\/www.generalkinematics.com\/es\/producto\/cribas-secundarias-de-alta-energia\/\" \/>\n<meta property=\"og:site_name\" content=\"General Kinematics\" \/>\n<meta property=\"article:publisher\" content=\"https:\/\/www.facebook.com\/generalkinematics\" \/>\n<meta property=\"article:modified_time\" content=\"2018-08-31T03:38:56+00:00\" \/>\n<meta property=\"og:image\" content=\"https:\/\/media.generalkinematics.com\/wp-content\/uploads\/2015\/07\/FS-for-Metals-2-768x444.png\" \/>\n\t<meta property=\"og:image:width\" content=\"768\" \/>\n\t<meta property=\"og:image:height\" content=\"444\" \/>\n\t<meta property=\"og:image:type\" content=\"image\/png\" \/>\n<meta name=\"twitter:card\" content=\"summary_large_image\" \/>\n<meta name=\"twitter:site\" content=\"@gkvibrating\" \/>\n<meta name=\"twitter:label1\" content=\"Tiempo de lectura\" \/>\n\t<meta name=\"twitter:data1\" content=\"2 minutos\" \/>\n<!-- \/ Yoast SEO plugin. -->","yoast_head_json":{"title":"Cribas secundarias de part\u00edculas finas | General Kinematics","robots":{"index":"index","follow":"follow","max-snippet":"max-snippet:-1","max-image-preview":"max-image-preview:large","max-video-preview":"max-video-preview:-1"},"canonical":"https:\/\/www.generalkinematics.com\/es\/producto\/cribas-secundarias-de-alta-energia\/","og_locale":"es_ES","og_type":"article","og_title":"Cribas secundarias de part\u00edculas finas | General Kinematics","og_description":"Las cribas secundarias de alta energ\u00eda de General Kinematics junto con la criba primaria FINGER-SCREEN\u2122 de GK para el reciclaje de recursos, han demostrado ser extremadamente exitosas en una amplia variedad de aplicaciones que son propensas a los retos de procesamiento, comunes en otros tipos de medios de cribado. Las cribas secundarias de GK utilizan [&hellip;]","og_url":"https:\/\/www.generalkinematics.com\/es\/producto\/cribas-secundarias-de-alta-energia\/","og_site_name":"General Kinematics","article_publisher":"https:\/\/www.facebook.com\/generalkinematics","article_modified_time":"2018-08-31T03:38:56+00:00","og_image":[{"width":768,"height":444,"url":"https:\/\/media.generalkinematics.com\/wp-content\/uploads\/2015\/07\/FS-for-Metals-2-768x444.png","type":"image\/png"}],"twitter_card":"summary_large_image","twitter_site":"@gkvibrating","twitter_misc":{"Tiempo de lectura":"2 minutos"},"schema":{"@context":"https:\/\/schema.org","@graph":[{"@type":"WebPage","@id":"https:\/\/www.generalkinematics.com\/es\/producto\/cribas-secundarias-de-alta-energia\/","url":"https:\/\/www.generalkinematics.com\/es\/producto\/cribas-secundarias-de-alta-energia\/","name":"Cribas secundarias de part\u00edculas finas | General Kinematics","isPartOf":{"@id":"https:\/\/www.generalkinematics.com\/es\/#website"},"primaryImageOfPage":{"@id":"https:\/\/www.generalkinematics.com\/es\/producto\/cribas-secundarias-de-alta-energia\/#primaryimage"},"image":{"@id":"https:\/\/www.generalkinematics.com\/es\/producto\/cribas-secundarias-de-alta-energia\/#primaryimage"},"thumbnailUrl":"https:\/\/media.generalkinematics.com\/wp-content\/uploads\/2015\/07\/FS-for-Metals-2.png","datePublished":"2015-07-27T03:58:48+00:00","dateModified":"2018-08-31T03:38:56+00:00","breadcrumb":{"@id":"https:\/\/www.generalkinematics.com\/es\/producto\/cribas-secundarias-de-alta-energia\/#breadcrumb"},"inLanguage":"es","potentialAction":[{"@type":"ReadAction","target":["https:\/\/www.generalkinematics.com\/es\/producto\/cribas-secundarias-de-alta-energia\/"]}]},{"@type":"ImageObject","inLanguage":"es","@id":"https:\/\/www.generalkinematics.com\/es\/producto\/cribas-secundarias-de-alta-energia\/#primaryimage","url":"https:\/\/media.generalkinematics.com\/wp-content\/uploads\/2015\/07\/FS-for-Metals-2.png","contentUrl":"https:\/\/media.generalkinematics.com\/wp-content\/uploads\/2015\/07\/FS-for-Metals-2.png","width":2166,"height":1252},{"@type":"BreadcrumbList","@id":"https:\/\/www.generalkinematics.com\/es\/producto\/cribas-secundarias-de-alta-energia\/#breadcrumb","itemListElement":[{"@type":"ListItem","position":1,"name":"GK Home","item":"https:\/\/www.generalkinematics.com\/es\/"},{"@type":"ListItem","position":2,"name":"Shop","item":"https:\/\/www.generalkinematics.com\/shop\/"},{"@type":"ListItem","position":3,"name":"Cribas secundarias de part\u00edculas finas"}]},{"@type":"WebSite","@id":"https:\/\/www.generalkinematics.com\/es\/#website","url":"https:\/\/www.generalkinematics.com\/es\/","name":"General Kinematics","description":"","publisher":{"@id":"https:\/\/www.generalkinematics.com\/es\/#organization"},"potentialAction":[{"@type":"SearchAction","target":{"@type":"EntryPoint","urlTemplate":"https:\/\/www.generalkinematics.com\/es\/?s={search_term_string}"},"query-input":{"@type":"PropertyValueSpecification","valueRequired":true,"valueName":"search_term_string"}}],"inLanguage":"es"},{"@type":"Organization","@id":"https:\/\/www.generalkinematics.com\/es\/#organization","name":"General Kinematics","url":"https:\/\/www.generalkinematics.com\/es\/","logo":{"@type":"ImageObject","inLanguage":"es","@id":"https:\/\/www.generalkinematics.com\/es\/#\/schema\/logo\/image\/","url":"https:\/\/media.generalkinematics.com\/wp-content\/uploads\/2018\/03\/logo.png","contentUrl":"https:\/\/media.generalkinematics.com\/wp-content\/uploads\/2018\/03\/logo.png","width":313,"height":100,"caption":"General Kinematics"},"image":{"@id":"https:\/\/www.generalkinematics.com\/es\/#\/schema\/logo\/image\/"},"sameAs":["https:\/\/www.facebook.com\/generalkinematics","https:\/\/x.com\/gkvibrating"]}]}},"_links":{"self":[{"href":"https:\/\/www.generalkinematics.com\/es\/wp-json\/wp\/v2\/product\/38473","targetHints":{"allow":["GET"]}}],"collection":[{"href":"https:\/\/www.generalkinematics.com\/es\/wp-json\/wp\/v2\/product"}],"about":[{"href":"https:\/\/www.generalkinematics.com\/es\/wp-json\/wp\/v2\/types\/product"}],"replies":[{"embeddable":true,"href":"https:\/\/www.generalkinematics.com\/es\/wp-json\/wp\/v2\/comments?post=38473"}],"wp:featuredmedia":[{"embeddable":true,"href":"https:\/\/www.generalkinematics.com\/es\/wp-json\/wp\/v2\/media\/53226"}],"wp:attachment":[{"href":"https:\/\/www.generalkinematics.com\/es\/wp-json\/wp\/v2\/media?parent=38473"}],"wp:term":[{"taxonomy":"product_brand","embeddable":true,"href":"https:\/\/www.generalkinematics.com\/es\/wp-json\/wp\/v2\/product_brand?post=38473"},{"taxonomy":"product_cat","embeddable":true,"href":"https:\/\/www.generalkinematics.com\/es\/wp-json\/wp\/v2\/product_cat?post=38473"},{"taxonomy":"product_tag","embeddable":true,"href":"https:\/\/www.generalkinematics.com\/es\/wp-json\/wp\/v2\/product_tag?post=38473"}],"curies":[{"name":"wp","href":"https:\/\/api.w.org\/{rel}","templated":true}]}}