{"id":38480,"date":"2015-07-26T23:01:59","date_gmt":"2015-07-27T04:01:59","guid":{"rendered":"https:\/\/www.generalkinematics.com\/product\/alimentadores-magneticos-de-tambor-y-cintas-transportadoras\/"},"modified":"2024-06-26T15:54:39","modified_gmt":"2024-06-26T20:54:39","slug":"alimentadores-magneticos-de-tambor-y-las-cintas-transportadoras","status":"publish","type":"product","link":"https:\/\/www.generalkinematics.com\/es\/producto\/alimentadores-magneticos-de-tambor-y-las-cintas-transportadoras\/","title":{"rendered":"Alimentadores magn\u00e9ticos de tambor y cintas transportadoras"},"content":{"rendered":"<p>Los <strong>alimentadores magn\u00e9ticos de tambor y las cintas transportadoras<\/strong> de General Kinematics est\u00e1n dise\u00f1ados para las aplicaciones m\u00e1s exigentes. Los alimentadores vibratorios de doble masa de GK compensan din\u00e1micamente los picos de carga para alimentar de manera uniforme el im\u00e1n del tambor. Obtenga m\u00e1s informaci\u00f3n sobre la forma como funciona la doble masa <a href=\"https:\/\/www.generalkinematics.com\/es\/la-ventaja-de-two-mass-de-gk\/\" target=\"_blank\" rel=\"noopener noreferrer\">aqu\u00ed<\/a>.<\/p>\n<p>Las cintas transportadoras vibratorias de GK proporcionan un recorrido mayor para movilizar la m\u00e1xima cantidad de material a una mayor velocidad de desplazamiento y desplazar el material de manera uniforme en toda la bandeja.<\/p>\n<p>General Kinematics se especializa en alimentadores de doble masa y cintas transportadoras personalizados que son soluciones creativas con tolerancias m\u00ednimas o instalaciones dif\u00edciles. Los clientes de todo el mundo reconocen el renombre de GK por su habilidad para dise\u00f1ar y producir soluciones que la competencia simplemente no puede hacer.<\/p>\n<h2>Caracter\u00edsticas:<\/h2>\n<ul>\n<li>Dise\u00f1o que resiste impactos pesados sin disminuir la velocidad.<\/li>\n<li>Soluciones creativas con tolerancias m\u00ednimas o instalaciones dif\u00edciles.<\/li>\n<li>Compensan en forma din\u00e1mica las condiciones variables de carga, asegurando el desempe\u00f1o pleno sin reducir la eficacia.<\/li>\n<li>La transmisi\u00f3n de frecuencia natural ahorradora de energ\u00eda produce un recorrido alto utilizando un solo motor a un r\u00e9gimen bajo de rpm.<\/li>\n<li>Los soportes de aislamiento reducen la transmisi\u00f3n de carga din\u00e1mica para apoyar la estructura.<\/li>\n<li>Se trasmite m\u00e1s energ\u00eda al material.<\/li>\n<li>Dispersi\u00f3n en todo lo ancho en un tramo de menor longitud.<\/li>\n<li>Gastos iniciales y de operaci\u00f3n m\u00e1s bajos.<\/li>\n<li>Disponibilidad de unidades de una sola cubierta y cubierta doble.<\/li>\n<\/ul>\n","protected":false},"excerpt":{"rendered":"<p>Los alimentadores magn\u00e9ticos de tambor y las cintas transportadoras de General Kinematics est\u00e1n dise\u00f1ados para las aplicaciones m\u00e1s exigentes. Los alimentadores vibratorios de doble masa de GK compensan din\u00e1micamente los picos de carga para alimentar de manera uniforme el im\u00e1n del tambor. Obtenga m\u00e1s informaci\u00f3n sobre la forma como funciona la doble masa aqu\u00ed. Las [&hellip;]<\/p>\n","protected":false},"featured_media":24700,"comment_status":"closed","ping_status":"closed","template":"","meta":{"_acf_changed":false,"om_disable_all_campaigns":false,"ep_exclude_from_search":false},"product_brand":[],"product_cat":[1876,1877,1655],"product_tag":[],"class_list":{"0":"post-38480","1":"product","2":"type-product","3":"status-publish","4":"has-post-thumbnail","6":"product_cat-equipo-de-procesamiento-de-desechos","7":"product_cat-equipo-de-residuos-energeticas","8":"product_cat-soluciones-de-reciclaje","10":"first","11":"instock","12":"taxable","13":"shipping-taxable","14":"product-type-simple"},"acf":[],"yoast_head":"<!-- This site is optimized with the Yoast SEO plugin v27.2 - https:\/\/yoast.com\/product\/yoast-seo-wordpress\/ -->\n<title>Alimentadores magn\u00e9ticos de tambor y cintas transportadoras | General Kinematics<\/title>\n<meta name=\"robots\" content=\"index, follow, max-snippet:-1, max-image-preview:large, max-video-preview:-1\" \/>\n<link rel=\"canonical\" href=\"https:\/\/www.generalkinematics.com\/es\/producto\/alimentadores-magneticos-de-tambor-y-las-cintas-transportadoras\/\" \/>\n<meta property=\"og:locale\" content=\"es_ES\" \/>\n<meta property=\"og:type\" content=\"article\" \/>\n<meta property=\"og:title\" content=\"Alimentadores magn\u00e9ticos de tambor y cintas transportadoras | General Kinematics\" \/>\n<meta property=\"og:description\" content=\"Los alimentadores magn\u00e9ticos de tambor y las cintas transportadoras de General Kinematics est\u00e1n dise\u00f1ados para las aplicaciones m\u00e1s exigentes. Los alimentadores vibratorios de doble masa de GK compensan din\u00e1micamente los picos de carga para alimentar de manera uniforme el im\u00e1n del tambor. Obtenga m\u00e1s informaci\u00f3n sobre la forma como funciona la doble masa aqu\u00ed. Las [&hellip;]\" \/>\n<meta property=\"og:url\" content=\"https:\/\/www.generalkinematics.com\/es\/producto\/alimentadores-magneticos-de-tambor-y-las-cintas-transportadoras\/\" \/>\n<meta property=\"og:site_name\" content=\"General Kinematics\" \/>\n<meta property=\"article:publisher\" content=\"https:\/\/www.facebook.com\/generalkinematics\" \/>\n<meta property=\"article:modified_time\" content=\"2024-06-26T20:54:39+00:00\" \/>\n<meta property=\"og:image\" content=\"https:\/\/media.generalkinematics.com\/wp-content\/uploads\/2015\/07\/IMG_0732.jpg\" \/>\n\t<meta property=\"og:image:width\" content=\"2500\" \/>\n\t<meta property=\"og:image:height\" content=\"1667\" \/>\n\t<meta property=\"og:image:type\" content=\"image\/jpeg\" \/>\n<meta name=\"twitter:card\" content=\"summary_large_image\" \/>\n<meta name=\"twitter:site\" content=\"@gkvibrating\" \/>\n<meta name=\"twitter:label1\" content=\"Tiempo de lectura\" \/>\n\t<meta name=\"twitter:data1\" content=\"1 minuto\" \/>\n<!-- \/ Yoast SEO plugin. -->","yoast_head_json":{"title":"Alimentadores magn\u00e9ticos de tambor y cintas transportadoras | General Kinematics","robots":{"index":"index","follow":"follow","max-snippet":"max-snippet:-1","max-image-preview":"max-image-preview:large","max-video-preview":"max-video-preview:-1"},"canonical":"https:\/\/www.generalkinematics.com\/es\/producto\/alimentadores-magneticos-de-tambor-y-las-cintas-transportadoras\/","og_locale":"es_ES","og_type":"article","og_title":"Alimentadores magn\u00e9ticos de tambor y cintas transportadoras | General Kinematics","og_description":"Los alimentadores magn\u00e9ticos de tambor y las cintas transportadoras de General Kinematics est\u00e1n dise\u00f1ados para las aplicaciones m\u00e1s exigentes. Los alimentadores vibratorios de doble masa de GK compensan din\u00e1micamente los picos de carga para alimentar de manera uniforme el im\u00e1n del tambor. Obtenga m\u00e1s informaci\u00f3n sobre la forma como funciona la doble masa aqu\u00ed. Las [&hellip;]","og_url":"https:\/\/www.generalkinematics.com\/es\/producto\/alimentadores-magneticos-de-tambor-y-las-cintas-transportadoras\/","og_site_name":"General Kinematics","article_publisher":"https:\/\/www.facebook.com\/generalkinematics","article_modified_time":"2024-06-26T20:54:39+00:00","og_image":[{"width":2500,"height":1667,"url":"https:\/\/media.generalkinematics.com\/wp-content\/uploads\/2015\/07\/IMG_0732.jpg","type":"image\/jpeg"}],"twitter_card":"summary_large_image","twitter_site":"@gkvibrating","twitter_misc":{"Tiempo de lectura":"1 minuto"},"schema":{"@context":"https:\/\/schema.org","@graph":[{"@type":"WebPage","@id":"https:\/\/www.generalkinematics.com\/es\/producto\/alimentadores-magneticos-de-tambor-y-las-cintas-transportadoras\/","url":"https:\/\/www.generalkinematics.com\/es\/producto\/alimentadores-magneticos-de-tambor-y-las-cintas-transportadoras\/","name":"Alimentadores magn\u00e9ticos de tambor y cintas transportadoras | General Kinematics","isPartOf":{"@id":"https:\/\/www.generalkinematics.com\/es\/#website"},"primaryImageOfPage":{"@id":"https:\/\/www.generalkinematics.com\/es\/producto\/alimentadores-magneticos-de-tambor-y-las-cintas-transportadoras\/#primaryimage"},"image":{"@id":"https:\/\/www.generalkinematics.com\/es\/producto\/alimentadores-magneticos-de-tambor-y-las-cintas-transportadoras\/#primaryimage"},"thumbnailUrl":"https:\/\/media.generalkinematics.com\/wp-content\/uploads\/2015\/07\/IMG_0732.jpg","datePublished":"2015-07-27T04:01:59+00:00","dateModified":"2024-06-26T20:54:39+00:00","breadcrumb":{"@id":"https:\/\/www.generalkinematics.com\/es\/producto\/alimentadores-magneticos-de-tambor-y-las-cintas-transportadoras\/#breadcrumb"},"inLanguage":"es","potentialAction":[{"@type":"ReadAction","target":["https:\/\/www.generalkinematics.com\/es\/producto\/alimentadores-magneticos-de-tambor-y-las-cintas-transportadoras\/"]}]},{"@type":"ImageObject","inLanguage":"es","@id":"https:\/\/www.generalkinematics.com\/es\/producto\/alimentadores-magneticos-de-tambor-y-las-cintas-transportadoras\/#primaryimage","url":"https:\/\/media.generalkinematics.com\/wp-content\/uploads\/2015\/07\/IMG_0732.jpg","contentUrl":"https:\/\/media.generalkinematics.com\/wp-content\/uploads\/2015\/07\/IMG_0732.jpg","width":2500,"height":1667,"caption":"general-kinematics-drum-magnet-feeder"},{"@type":"BreadcrumbList","@id":"https:\/\/www.generalkinematics.com\/es\/producto\/alimentadores-magneticos-de-tambor-y-las-cintas-transportadoras\/#breadcrumb","itemListElement":[{"@type":"ListItem","position":1,"name":"GK Home","item":"https:\/\/www.generalkinematics.com\/es\/"},{"@type":"ListItem","position":2,"name":"Shop","item":"https:\/\/www.generalkinematics.com\/shop\/"},{"@type":"ListItem","position":3,"name":"Alimentadores magn\u00e9ticos de tambor y cintas transportadoras"}]},{"@type":"WebSite","@id":"https:\/\/www.generalkinematics.com\/es\/#website","url":"https:\/\/www.generalkinematics.com\/es\/","name":"General Kinematics","description":"","publisher":{"@id":"https:\/\/www.generalkinematics.com\/es\/#organization"},"potentialAction":[{"@type":"SearchAction","target":{"@type":"EntryPoint","urlTemplate":"https:\/\/www.generalkinematics.com\/es\/?s={search_term_string}"},"query-input":{"@type":"PropertyValueSpecification","valueRequired":true,"valueName":"search_term_string"}}],"inLanguage":"es"},{"@type":"Organization","@id":"https:\/\/www.generalkinematics.com\/es\/#organization","name":"General Kinematics","url":"https:\/\/www.generalkinematics.com\/es\/","logo":{"@type":"ImageObject","inLanguage":"es","@id":"https:\/\/www.generalkinematics.com\/es\/#\/schema\/logo\/image\/","url":"https:\/\/media.generalkinematics.com\/wp-content\/uploads\/2018\/03\/logo.png","contentUrl":"https:\/\/media.generalkinematics.com\/wp-content\/uploads\/2018\/03\/logo.png","width":313,"height":100,"caption":"General Kinematics"},"image":{"@id":"https:\/\/www.generalkinematics.com\/es\/#\/schema\/logo\/image\/"},"sameAs":["https:\/\/www.facebook.com\/generalkinematics","https:\/\/x.com\/gkvibrating"]}]}},"_links":{"self":[{"href":"https:\/\/www.generalkinematics.com\/es\/wp-json\/wp\/v2\/product\/38480","targetHints":{"allow":["GET"]}}],"collection":[{"href":"https:\/\/www.generalkinematics.com\/es\/wp-json\/wp\/v2\/product"}],"about":[{"href":"https:\/\/www.generalkinematics.com\/es\/wp-json\/wp\/v2\/types\/product"}],"replies":[{"embeddable":true,"href":"https:\/\/www.generalkinematics.com\/es\/wp-json\/wp\/v2\/comments?post=38480"}],"wp:featuredmedia":[{"embeddable":true,"href":"https:\/\/www.generalkinematics.com\/es\/wp-json\/wp\/v2\/media\/24700"}],"wp:attachment":[{"href":"https:\/\/www.generalkinematics.com\/es\/wp-json\/wp\/v2\/media?parent=38480"}],"wp:term":[{"taxonomy":"product_brand","embeddable":true,"href":"https:\/\/www.generalkinematics.com\/es\/wp-json\/wp\/v2\/product_brand?post=38480"},{"taxonomy":"product_cat","embeddable":true,"href":"https:\/\/www.generalkinematics.com\/es\/wp-json\/wp\/v2\/product_cat?post=38480"},{"taxonomy":"product_tag","embeddable":true,"href":"https:\/\/www.generalkinematics.com\/es\/wp-json\/wp\/v2\/product_tag?post=38480"}],"curies":[{"name":"wp","href":"https:\/\/api.w.org\/{rel}","templated":true}]}}