{"id":38487,"date":"2015-07-26T23:05:43","date_gmt":"2015-07-27T04:05:43","guid":{"rendered":"https:\/\/www.generalkinematics.com\/product\/sistemas-de-carga-de-contenedores-load-rite\/"},"modified":"2018-08-30T23:00:56","modified_gmt":"2018-08-31T04:00:56","slug":"sistemas-de-carga-de-contenedores-load-rite","status":"publish","type":"product","link":"https:\/\/www.generalkinematics.com\/es\/producto\/sistemas-de-carga-de-contenedores-load-rite\/","title":{"rendered":"Sistemas de carga de contenedores LOAD-RITE\u2122"},"content":{"rendered":"<p>La minimizaci\u00f3n del espacio de contenedores vac\u00edos es importante para maximizar la rentabilidad de cada carga de contenedores. Los <strong>sistemas de carga de contenedores LOAD-RITE\u2122<\/strong> de GK permiten maximizar el peso de embarque de sus contenedores de atr\u00e1s hacia delante. El material se carga directamente en los alimentadores vibratorios de trabajo pesado PARA-MOUNT II\u00ae de GK y se distribuye uniformemente en una cinta transportadora de banda que se introduce en el contenedor. A medida que el cami\u00f3n tira lentamente hacia delante, la banda alimenta de manera continua el contenedor hasta que alcanza el volumen m\u00e1ximo. GK ofrece sistemas que se basan espec\u00edficamente en su aplicaci\u00f3n.<\/p>\n<h2>Triturados ferroso:<\/h2>\n<ul>\n<li>Contenedores para embarques al extranjero de 20\u2019 o 40\u2019<\/li>\n<li>Llenado de 45.000 libras en menos de 10 minutos<\/li>\n<li>Alimentador vibratorio de doble masa para minimizar el puenteado<\/li>\n<li>Transici\u00f3n controlada a la cinta transportadora de banda de alta velocidad<\/li>\n<li>Balanza de la banda opcional para tener un control preciso<\/li>\n<\/ul>\n<p>&nbsp;<\/p>\n<h2>Caracter\u00edsticas:<\/h2>\n<ul>\n<li style=\"font-weight: 400;\"><span style=\"font-weight: 400;\">El alimentador para trabajo pesado resiste impactos pesados.<\/span><\/li>\n<li style=\"font-weight: 400;\"><span style=\"font-weight: 400;\">Tolva de tama\u00f1o personalizado que se adapta a la cargadora de pala.<\/span><\/li>\n<li style=\"font-weight: 400;\"><span style=\"font-weight: 400;\">Su dise\u00f1o de baja potencia reduce los requisitos energ\u00e9ticos.<\/span><\/li>\n<li style=\"font-weight: 400;\"><span style=\"font-weight: 400;\">Disponibilidad de sistemas con dise\u00f1o fijo y montados sobre un bastidor.<\/span><\/li>\n<\/ul>\n","protected":false},"excerpt":{"rendered":"<p>La minimizaci\u00f3n del espacio de contenedores vac\u00edos es importante para maximizar la rentabilidad de cada carga de contenedores. Los sistemas de carga de contenedores LOAD-RITE\u2122 de GK permiten maximizar el peso de embarque de sus contenedores de atr\u00e1s hacia delante. El material se carga directamente en los alimentadores vibratorios de trabajo pesado PARA-MOUNT II\u00ae de [&hellip;]<\/p>\n","protected":false},"featured_media":24952,"comment_status":"closed","ping_status":"closed","template":"","meta":{"_acf_changed":false,"om_disable_all_campaigns":false,"ep_exclude_from_search":false},"product_brand":[],"product_cat":[1876,1655],"product_tag":[],"class_list":{"0":"post-38487","1":"product","2":"type-product","3":"status-publish","4":"has-post-thumbnail","6":"product_cat-equipo-de-procesamiento-de-desechos","7":"product_cat-soluciones-de-reciclaje","9":"first","10":"instock","11":"taxable","12":"shipping-taxable","13":"product-type-simple"},"acf":[],"yoast_head":"<!-- This site is optimized with the Yoast SEO plugin v27.2 - https:\/\/yoast.com\/product\/yoast-seo-wordpress\/ -->\n<title>Sistemas de carga de contenedores LOAD-RITE\u2122 | General Kinematics<\/title>\n<meta name=\"robots\" content=\"index, follow, max-snippet:-1, max-image-preview:large, max-video-preview:-1\" \/>\n<link rel=\"canonical\" href=\"https:\/\/www.generalkinematics.com\/es\/producto\/sistemas-de-carga-de-contenedores-load-rite\/\" \/>\n<meta property=\"og:locale\" content=\"es_ES\" \/>\n<meta property=\"og:type\" content=\"article\" \/>\n<meta property=\"og:title\" content=\"Sistemas de carga de contenedores LOAD-RITE\u2122 | General Kinematics\" \/>\n<meta property=\"og:description\" content=\"La minimizaci\u00f3n del espacio de contenedores vac\u00edos es importante para maximizar la rentabilidad de cada carga de contenedores. Los sistemas de carga de contenedores LOAD-RITE\u2122 de GK permiten maximizar el peso de embarque de sus contenedores de atr\u00e1s hacia delante. El material se carga directamente en los alimentadores vibratorios de trabajo pesado PARA-MOUNT II\u00ae de [&hellip;]\" \/>\n<meta property=\"og:url\" content=\"https:\/\/www.generalkinematics.com\/es\/producto\/sistemas-de-carga-de-contenedores-load-rite\/\" \/>\n<meta property=\"og:site_name\" content=\"General Kinematics\" \/>\n<meta property=\"article:publisher\" content=\"https:\/\/www.facebook.com\/generalkinematics\" \/>\n<meta property=\"article:modified_time\" content=\"2018-08-31T04:00:56+00:00\" \/>\n<meta property=\"og:image\" content=\"https:\/\/media.generalkinematics.com\/wp-content\/uploads\/2015\/07\/IMG_2259.jpg\" \/>\n\t<meta property=\"og:image:width\" content=\"3264\" \/>\n\t<meta property=\"og:image:height\" content=\"2448\" \/>\n\t<meta property=\"og:image:type\" content=\"image\/jpeg\" \/>\n<meta name=\"twitter:card\" content=\"summary_large_image\" \/>\n<meta name=\"twitter:site\" content=\"@gkvibrating\" \/>\n<meta name=\"twitter:label1\" content=\"Tiempo de lectura\" \/>\n\t<meta name=\"twitter:data1\" content=\"1 minuto\" \/>\n<!-- \/ Yoast SEO plugin. -->","yoast_head_json":{"title":"Sistemas de carga de contenedores LOAD-RITE\u2122 | General Kinematics","robots":{"index":"index","follow":"follow","max-snippet":"max-snippet:-1","max-image-preview":"max-image-preview:large","max-video-preview":"max-video-preview:-1"},"canonical":"https:\/\/www.generalkinematics.com\/es\/producto\/sistemas-de-carga-de-contenedores-load-rite\/","og_locale":"es_ES","og_type":"article","og_title":"Sistemas de carga de contenedores LOAD-RITE\u2122 | General Kinematics","og_description":"La minimizaci\u00f3n del espacio de contenedores vac\u00edos es importante para maximizar la rentabilidad de cada carga de contenedores. Los sistemas de carga de contenedores LOAD-RITE\u2122 de GK permiten maximizar el peso de embarque de sus contenedores de atr\u00e1s hacia delante. El material se carga directamente en los alimentadores vibratorios de trabajo pesado PARA-MOUNT II\u00ae de [&hellip;]","og_url":"https:\/\/www.generalkinematics.com\/es\/producto\/sistemas-de-carga-de-contenedores-load-rite\/","og_site_name":"General Kinematics","article_publisher":"https:\/\/www.facebook.com\/generalkinematics","article_modified_time":"2018-08-31T04:00:56+00:00","og_image":[{"width":3264,"height":2448,"url":"https:\/\/media.generalkinematics.com\/wp-content\/uploads\/2015\/07\/IMG_2259.jpg","type":"image\/jpeg"}],"twitter_card":"summary_large_image","twitter_site":"@gkvibrating","twitter_misc":{"Tiempo de lectura":"1 minuto"},"schema":{"@context":"https:\/\/schema.org","@graph":[{"@type":"WebPage","@id":"https:\/\/www.generalkinematics.com\/es\/producto\/sistemas-de-carga-de-contenedores-load-rite\/","url":"https:\/\/www.generalkinematics.com\/es\/producto\/sistemas-de-carga-de-contenedores-load-rite\/","name":"Sistemas de carga de contenedores LOAD-RITE\u2122 | General Kinematics","isPartOf":{"@id":"https:\/\/www.generalkinematics.com\/es\/#website"},"primaryImageOfPage":{"@id":"https:\/\/www.generalkinematics.com\/es\/producto\/sistemas-de-carga-de-contenedores-load-rite\/#primaryimage"},"image":{"@id":"https:\/\/www.generalkinematics.com\/es\/producto\/sistemas-de-carga-de-contenedores-load-rite\/#primaryimage"},"thumbnailUrl":"https:\/\/media.generalkinematics.com\/wp-content\/uploads\/2015\/07\/IMG_2259.jpg","datePublished":"2015-07-27T04:05:43+00:00","dateModified":"2018-08-31T04:00:56+00:00","breadcrumb":{"@id":"https:\/\/www.generalkinematics.com\/es\/producto\/sistemas-de-carga-de-contenedores-load-rite\/#breadcrumb"},"inLanguage":"es","potentialAction":[{"@type":"ReadAction","target":["https:\/\/www.generalkinematics.com\/es\/producto\/sistemas-de-carga-de-contenedores-load-rite\/"]}]},{"@type":"ImageObject","inLanguage":"es","@id":"https:\/\/www.generalkinematics.com\/es\/producto\/sistemas-de-carga-de-contenedores-load-rite\/#primaryimage","url":"https:\/\/media.generalkinematics.com\/wp-content\/uploads\/2015\/07\/IMG_2259.jpg","contentUrl":"https:\/\/media.generalkinematics.com\/wp-content\/uploads\/2015\/07\/IMG_2259.jpg","width":2500,"height":1875,"caption":"general-kinematics-load-rite"},{"@type":"BreadcrumbList","@id":"https:\/\/www.generalkinematics.com\/es\/producto\/sistemas-de-carga-de-contenedores-load-rite\/#breadcrumb","itemListElement":[{"@type":"ListItem","position":1,"name":"GK Home","item":"https:\/\/www.generalkinematics.com\/es\/"},{"@type":"ListItem","position":2,"name":"Shop","item":"https:\/\/www.generalkinematics.com\/shop\/"},{"@type":"ListItem","position":3,"name":"Sistemas de carga de contenedores LOAD-RITE\u2122"}]},{"@type":"WebSite","@id":"https:\/\/www.generalkinematics.com\/es\/#website","url":"https:\/\/www.generalkinematics.com\/es\/","name":"General Kinematics","description":"","publisher":{"@id":"https:\/\/www.generalkinematics.com\/es\/#organization"},"potentialAction":[{"@type":"SearchAction","target":{"@type":"EntryPoint","urlTemplate":"https:\/\/www.generalkinematics.com\/es\/?s={search_term_string}"},"query-input":{"@type":"PropertyValueSpecification","valueRequired":true,"valueName":"search_term_string"}}],"inLanguage":"es"},{"@type":"Organization","@id":"https:\/\/www.generalkinematics.com\/es\/#organization","name":"General Kinematics","url":"https:\/\/www.generalkinematics.com\/es\/","logo":{"@type":"ImageObject","inLanguage":"es","@id":"https:\/\/www.generalkinematics.com\/es\/#\/schema\/logo\/image\/","url":"https:\/\/media.generalkinematics.com\/wp-content\/uploads\/2018\/03\/logo.png","contentUrl":"https:\/\/media.generalkinematics.com\/wp-content\/uploads\/2018\/03\/logo.png","width":313,"height":100,"caption":"General Kinematics"},"image":{"@id":"https:\/\/www.generalkinematics.com\/es\/#\/schema\/logo\/image\/"},"sameAs":["https:\/\/www.facebook.com\/generalkinematics","https:\/\/x.com\/gkvibrating"]}]}},"_links":{"self":[{"href":"https:\/\/www.generalkinematics.com\/es\/wp-json\/wp\/v2\/product\/38487","targetHints":{"allow":["GET"]}}],"collection":[{"href":"https:\/\/www.generalkinematics.com\/es\/wp-json\/wp\/v2\/product"}],"about":[{"href":"https:\/\/www.generalkinematics.com\/es\/wp-json\/wp\/v2\/types\/product"}],"replies":[{"embeddable":true,"href":"https:\/\/www.generalkinematics.com\/es\/wp-json\/wp\/v2\/comments?post=38487"}],"wp:featuredmedia":[{"embeddable":true,"href":"https:\/\/www.generalkinematics.com\/es\/wp-json\/wp\/v2\/media\/24952"}],"wp:attachment":[{"href":"https:\/\/www.generalkinematics.com\/es\/wp-json\/wp\/v2\/media?parent=38487"}],"wp:term":[{"taxonomy":"product_brand","embeddable":true,"href":"https:\/\/www.generalkinematics.com\/es\/wp-json\/wp\/v2\/product_brand?post=38487"},{"taxonomy":"product_cat","embeddable":true,"href":"https:\/\/www.generalkinematics.com\/es\/wp-json\/wp\/v2\/product_cat?post=38487"},{"taxonomy":"product_tag","embeddable":true,"href":"https:\/\/www.generalkinematics.com\/es\/wp-json\/wp\/v2\/product_tag?post=38487"}],"curies":[{"name":"wp","href":"https:\/\/api.w.org\/{rel}","templated":true}]}}