{"id":38693,"date":"2015-07-26T23:17:03","date_gmt":"2015-07-27T04:17:03","guid":{"rendered":"https:\/\/www.generalkinematics.com\/product\/alimentadores-vibratorios-para-mount-ii\/"},"modified":"2018-08-30T22:42:04","modified_gmt":"2018-08-31T03:42:04","slug":"alimentadores-vibratorios-para-mount-ii","status":"publish","type":"product","link":"https:\/\/www.generalkinematics.com\/es\/producto\/alimentadores-vibratorios-para-mount-ii\/","title":{"rendered":"Alimentadores vibratorios PARA-MOUNT II\u00ae"},"content":{"rendered":"<p>Su desempe\u00f1o comprobado y el funcionamiento libre de mantenimiento hacen de los <strong>alimentadores vibratorios PARA-MOUNT II\u00ae<\/strong> la primera elecci\u00f3n de alimentadores vibratorios para las aplicaciones m\u00e1s exigentes. Los alimentadores vibratorios PARA-MOUNT II\u00ae en configuraciones de fuerza fija o variable utilizan un sistema de doble masa subresonante. La masa A (el excitador) energiza la masa B (el conjunto de la cubierta) a trav\u00e9s de resortes de bobina dise\u00f1ados con precisi\u00f3n. Solo se necesitan peque\u00f1as cantidades de energ\u00eda para mantener la energ\u00eda natural almacenada y liberada por el sistema de resorte. Esto se traduce en una respuesta din\u00e1mica a los picos de carga, mayor capacidad de alimentaci\u00f3n, confiabilidad excepcional y facilidad de mantenimiento. Los alimentadores vibratorios PARA-MOUNT II\u00ae est\u00e1n espec\u00edficamente dise\u00f1ados para mejorar su proceso.<\/p>\n<h2>CARACTER\u00cdSTICAS:<\/h2>\n<ul>\n<li>Desempe\u00f1o confiable con poco mantenimiento y tiempo de funcionamiento m\u00e1ximo.<\/li>\n<li>Estos sistemas tienen una construcci\u00f3n simple que resiste el trabajo ultrapesado y est\u00e1n dise\u00f1ados para prestar muchos a\u00f1os de servicio sin que se presenten problemas.<\/li>\n<li>El dise\u00f1o de frecuencia natural subresonante de doble masa responde de manera din\u00e1mica para mantener autom\u00e1ticamente la velocidad de alimentaci\u00f3n constante cuando var\u00eda la carga y se realizan cambios de material.<\/li>\n<\/ul>\n","protected":false},"excerpt":{"rendered":"<p>Su desempe\u00f1o comprobado y el funcionamiento libre de mantenimiento hacen de los alimentadores vibratorios PARA-MOUNT II\u00ae la primera elecci\u00f3n de alimentadores vibratorios para las aplicaciones m\u00e1s exigentes. Los alimentadores vibratorios PARA-MOUNT II\u00ae en configuraciones de fuerza fija o variable utilizan un sistema de doble masa subresonante. La masa A (el excitador) energiza la masa B [&hellip;]<\/p>\n","protected":false},"featured_media":27724,"comment_status":"closed","ping_status":"closed","template":"","meta":{"_acf_changed":false,"om_disable_all_campaigns":false,"ep_exclude_from_search":false},"product_brand":[],"product_cat":[1876,1877,1875,1655,1652],"product_tag":[],"class_list":{"0":"post-38693","1":"product","2":"type-product","3":"status-publish","4":"has-post-thumbnail","6":"casestudytag-para-mount-ii-es","7":"product_cat-equipo-de-procesamiento-de-desechos","8":"product_cat-equipo-de-residuos-energeticas","9":"product_cat-soluciones-de-clasificacion-de-residuos-solidos-municipales","10":"product_cat-soluciones-de-reciclaje","11":"product_cat-soluciones-de-reciclaje-de-construccion-y-demolicion-es","13":"first","14":"instock","15":"taxable","16":"shipping-taxable","17":"product-type-simple"},"acf":[],"yoast_head":"<!-- This site is optimized with the Yoast SEO plugin v27.2 - https:\/\/yoast.com\/product\/yoast-seo-wordpress\/ -->\n<title>Alimentadores vibratorios PARA-MOUNT II\u00ae | General Kinematics<\/title>\n<meta name=\"robots\" content=\"index, follow, max-snippet:-1, max-image-preview:large, max-video-preview:-1\" \/>\n<link rel=\"canonical\" href=\"https:\/\/www.generalkinematics.com\/es\/producto\/alimentadores-vibratorios-para-mount-ii\/\" \/>\n<meta property=\"og:locale\" content=\"es_ES\" \/>\n<meta property=\"og:type\" content=\"article\" \/>\n<meta property=\"og:title\" content=\"Alimentadores vibratorios PARA-MOUNT II\u00ae | General Kinematics\" \/>\n<meta property=\"og:description\" content=\"Su desempe\u00f1o comprobado y el funcionamiento libre de mantenimiento hacen de los alimentadores vibratorios PARA-MOUNT II\u00ae la primera elecci\u00f3n de alimentadores vibratorios para las aplicaciones m\u00e1s exigentes. Los alimentadores vibratorios PARA-MOUNT II\u00ae en configuraciones de fuerza fija o variable utilizan un sistema de doble masa subresonante. La masa A (el excitador) energiza la masa B [&hellip;]\" \/>\n<meta property=\"og:url\" content=\"https:\/\/www.generalkinematics.com\/es\/producto\/alimentadores-vibratorios-para-mount-ii\/\" \/>\n<meta property=\"og:site_name\" content=\"General Kinematics\" \/>\n<meta property=\"article:publisher\" content=\"https:\/\/www.facebook.com\/generalkinematics\" \/>\n<meta property=\"article:modified_time\" content=\"2018-08-31T03:42:04+00:00\" \/>\n<meta property=\"og:image\" content=\"https:\/\/media.generalkinematics.com\/wp-content\/uploads\/2015\/07\/My-Pictures0037.jpg\" \/>\n\t<meta property=\"og:image:width\" content=\"2160\" \/>\n\t<meta property=\"og:image:height\" content=\"1440\" \/>\n\t<meta property=\"og:image:type\" content=\"image\/jpeg\" \/>\n<meta name=\"twitter:card\" content=\"summary_large_image\" \/>\n<meta name=\"twitter:site\" content=\"@gkvibrating\" \/>\n<meta name=\"twitter:label1\" content=\"Tiempo de lectura\" \/>\n\t<meta name=\"twitter:data1\" content=\"1 minuto\" \/>\n<!-- \/ Yoast SEO plugin. -->","yoast_head_json":{"title":"Alimentadores vibratorios PARA-MOUNT II\u00ae | General Kinematics","robots":{"index":"index","follow":"follow","max-snippet":"max-snippet:-1","max-image-preview":"max-image-preview:large","max-video-preview":"max-video-preview:-1"},"canonical":"https:\/\/www.generalkinematics.com\/es\/producto\/alimentadores-vibratorios-para-mount-ii\/","og_locale":"es_ES","og_type":"article","og_title":"Alimentadores vibratorios PARA-MOUNT II\u00ae | General Kinematics","og_description":"Su desempe\u00f1o comprobado y el funcionamiento libre de mantenimiento hacen de los alimentadores vibratorios PARA-MOUNT II\u00ae la primera elecci\u00f3n de alimentadores vibratorios para las aplicaciones m\u00e1s exigentes. Los alimentadores vibratorios PARA-MOUNT II\u00ae en configuraciones de fuerza fija o variable utilizan un sistema de doble masa subresonante. La masa A (el excitador) energiza la masa B [&hellip;]","og_url":"https:\/\/www.generalkinematics.com\/es\/producto\/alimentadores-vibratorios-para-mount-ii\/","og_site_name":"General Kinematics","article_publisher":"https:\/\/www.facebook.com\/generalkinematics","article_modified_time":"2018-08-31T03:42:04+00:00","og_image":[{"width":2160,"height":1440,"url":"https:\/\/media.generalkinematics.com\/wp-content\/uploads\/2015\/07\/My-Pictures0037.jpg","type":"image\/jpeg"}],"twitter_card":"summary_large_image","twitter_site":"@gkvibrating","twitter_misc":{"Tiempo de lectura":"1 minuto"},"schema":{"@context":"https:\/\/schema.org","@graph":[{"@type":"WebPage","@id":"https:\/\/www.generalkinematics.com\/es\/producto\/alimentadores-vibratorios-para-mount-ii\/","url":"https:\/\/www.generalkinematics.com\/es\/producto\/alimentadores-vibratorios-para-mount-ii\/","name":"Alimentadores vibratorios PARA-MOUNT II\u00ae | General Kinematics","isPartOf":{"@id":"https:\/\/www.generalkinematics.com\/es\/#website"},"primaryImageOfPage":{"@id":"https:\/\/www.generalkinematics.com\/es\/producto\/alimentadores-vibratorios-para-mount-ii\/#primaryimage"},"image":{"@id":"https:\/\/www.generalkinematics.com\/es\/producto\/alimentadores-vibratorios-para-mount-ii\/#primaryimage"},"thumbnailUrl":"https:\/\/media.generalkinematics.com\/wp-content\/uploads\/2015\/07\/My-Pictures0037.jpg","datePublished":"2015-07-27T04:17:03+00:00","dateModified":"2018-08-31T03:42:04+00:00","breadcrumb":{"@id":"https:\/\/www.generalkinematics.com\/es\/producto\/alimentadores-vibratorios-para-mount-ii\/#breadcrumb"},"inLanguage":"es","potentialAction":[{"@type":"ReadAction","target":["https:\/\/www.generalkinematics.com\/es\/producto\/alimentadores-vibratorios-para-mount-ii\/"]}]},{"@type":"ImageObject","inLanguage":"es","@id":"https:\/\/www.generalkinematics.com\/es\/producto\/alimentadores-vibratorios-para-mount-ii\/#primaryimage","url":"https:\/\/media.generalkinematics.com\/wp-content\/uploads\/2015\/07\/My-Pictures0037.jpg","contentUrl":"https:\/\/media.generalkinematics.com\/wp-content\/uploads\/2015\/07\/My-Pictures0037.jpg","width":2160,"height":1440,"caption":"general-kinematics-feeder-recycling"},{"@type":"BreadcrumbList","@id":"https:\/\/www.generalkinematics.com\/es\/producto\/alimentadores-vibratorios-para-mount-ii\/#breadcrumb","itemListElement":[{"@type":"ListItem","position":1,"name":"GK Home","item":"https:\/\/www.generalkinematics.com\/es\/"},{"@type":"ListItem","position":2,"name":"Shop","item":"https:\/\/www.generalkinematics.com\/shop\/"},{"@type":"ListItem","position":3,"name":"Alimentadores vibratorios PARA-MOUNT II\u00ae"}]},{"@type":"WebSite","@id":"https:\/\/www.generalkinematics.com\/es\/#website","url":"https:\/\/www.generalkinematics.com\/es\/","name":"General Kinematics","description":"","publisher":{"@id":"https:\/\/www.generalkinematics.com\/es\/#organization"},"potentialAction":[{"@type":"SearchAction","target":{"@type":"EntryPoint","urlTemplate":"https:\/\/www.generalkinematics.com\/es\/?s={search_term_string}"},"query-input":{"@type":"PropertyValueSpecification","valueRequired":true,"valueName":"search_term_string"}}],"inLanguage":"es"},{"@type":"Organization","@id":"https:\/\/www.generalkinematics.com\/es\/#organization","name":"General Kinematics","url":"https:\/\/www.generalkinematics.com\/es\/","logo":{"@type":"ImageObject","inLanguage":"es","@id":"https:\/\/www.generalkinematics.com\/es\/#\/schema\/logo\/image\/","url":"https:\/\/media.generalkinematics.com\/wp-content\/uploads\/2018\/03\/logo.png","contentUrl":"https:\/\/media.generalkinematics.com\/wp-content\/uploads\/2018\/03\/logo.png","width":313,"height":100,"caption":"General Kinematics"},"image":{"@id":"https:\/\/www.generalkinematics.com\/es\/#\/schema\/logo\/image\/"},"sameAs":["https:\/\/www.facebook.com\/generalkinematics","https:\/\/x.com\/gkvibrating"]}]}},"_links":{"self":[{"href":"https:\/\/www.generalkinematics.com\/es\/wp-json\/wp\/v2\/product\/38693","targetHints":{"allow":["GET"]}}],"collection":[{"href":"https:\/\/www.generalkinematics.com\/es\/wp-json\/wp\/v2\/product"}],"about":[{"href":"https:\/\/www.generalkinematics.com\/es\/wp-json\/wp\/v2\/types\/product"}],"replies":[{"embeddable":true,"href":"https:\/\/www.generalkinematics.com\/es\/wp-json\/wp\/v2\/comments?post=38693"}],"wp:featuredmedia":[{"embeddable":true,"href":"https:\/\/www.generalkinematics.com\/es\/wp-json\/wp\/v2\/media\/27724"}],"wp:attachment":[{"href":"https:\/\/www.generalkinematics.com\/es\/wp-json\/wp\/v2\/media?parent=38693"}],"wp:term":[{"taxonomy":"product_brand","embeddable":true,"href":"https:\/\/www.generalkinematics.com\/es\/wp-json\/wp\/v2\/product_brand?post=38693"},{"taxonomy":"product_cat","embeddable":true,"href":"https:\/\/www.generalkinematics.com\/es\/wp-json\/wp\/v2\/product_cat?post=38693"},{"taxonomy":"product_tag","embeddable":true,"href":"https:\/\/www.generalkinematics.com\/es\/wp-json\/wp\/v2\/product_tag?post=38693"}],"curies":[{"name":"wp","href":"https:\/\/api.w.org\/{rel}","templated":true}]}}