{"id":38697,"date":"2015-07-26T23:20:11","date_gmt":"2015-07-27T04:20:11","guid":{"rendered":"https:\/\/www.generalkinematics.com\/product\/alimentador-vibratorio-de-recorrido-alto-de-gk\/"},"modified":"2019-11-03T10:22:14","modified_gmt":"2019-11-03T16:22:14","slug":"alimentador-vibratorio-de-recorrido-alto","status":"publish","type":"product","link":"https:\/\/www.generalkinematics.com\/es\/producto\/alimentador-vibratorio-de-recorrido-alto\/","title":{"rendered":"Alimentador vibratorio de recorrido alto de GK"},"content":{"rendered":"<p><u><strong>Tecnolog\u00eda vibratoria de punta para mejorar la presentaci\u00f3n del material<\/strong><\/u><\/p>\n<p>Desafiados por nuestros clientes para realizar m\u00e1s en un espacio limitado, General Kinematics desarroll\u00f3 el <strong>alimentador vibratorio de recorrido alto<\/strong> (HSF, por sus siglas en ingl\u00e9s) para separar, mejorar la pureza\/recuperar e incrementar la rentabilidad final.\u00a0Los alimentadores vibratorios HSF de GK mejoran la presentaci\u00f3n y recuperaci\u00f3n de varias materias primas a trav\u00e9s de la aplicaci\u00f3n de m\u00e1s energ\u00eda al material y, por consiguiente, incrementando la separaci\u00f3n de las diferentes part\u00edculas. Adem\u00e1s, este sistema esparce los materiales a lo ancho de la unidad y, por consiguiente, mejora la presentaci\u00f3n del material para un mejor desempe\u00f1o del clasificador \u00f3ptico. General Kinematics ha redefinido la sinergia entre los alimentadores vibratorios y los clasificadores \u00f3pticos.<\/p>\n<h2>Ventajas de desempe\u00f1o del alimentador de alto recorrido (HSF):<\/h2>\n<ul>\n<li>El alto recorrido crea la separaci\u00f3n necesaria para mejorar la pureza<\/li>\n<li>Mayor velocidad de desplazamiento = Mejor separaci\u00f3n del material\u00a0= Recuperaci\u00f3n \u00f3ptima<\/li>\n<li>Se trasmite m\u00e1s energ\u00eda al material<\/li>\n<li>Dispersi\u00f3n en todo lo ancho en un tramo de menor longitud<\/li>\n<li>Gastos iniciales y de operaci\u00f3n m\u00e1s bajos<\/li>\n<li>Respuesta din\u00e1mica para anular las cargas pico<\/li>\n<li>Se necesitan hasta 2\/3 de potencia menos para funcionar<\/li>\n<\/ul>\n<p>&nbsp;<\/p>\n<h2>Caracter\u00edsticas opcionales del alimentador HSF:<\/h2>\n<ul>\n<li>Dise\u00f1ado espec\u00edficamente para la industria<\/li>\n<li>Base del dise\u00f1o balanceado opcional<\/li>\n<li>Modelos espec\u00edficos OEM<\/li>\n<li>Modelos instalados sobre pies, sistema de suspensi\u00f3n o combinaci\u00f3n de ellos<\/li>\n<li>Construcci\u00f3n en acero dulce, acero inoxidable y acero resistente a la abrasi\u00f3n<\/li>\n<\/ul>\n","protected":false},"excerpt":{"rendered":"<p>Tecnolog\u00eda vibratoria de punta para mejorar la presentaci\u00f3n del material Desafiados por nuestros clientes para realizar m\u00e1s en un espacio limitado, General Kinematics desarroll\u00f3 el alimentador vibratorio de recorrido alto (HSF, por sus siglas en ingl\u00e9s) para separar, mejorar la pureza\/recuperar e incrementar la rentabilidad final.\u00a0Los alimentadores vibratorios HSF de GK mejoran la presentaci\u00f3n y [&hellip;]<\/p>\n","protected":false},"featured_media":26260,"comment_status":"closed","ping_status":"closed","template":"","meta":{"_acf_changed":false,"om_disable_all_campaigns":false,"ep_exclude_from_search":false},"product_brand":[],"product_cat":[1876,1657,1875,1655,1868],"product_tag":[],"class_list":{"0":"post-38697","1":"product","2":"type-product","3":"status-publish","4":"has-post-thumbnail","6":"casestudytag-high-stroke-feeder-es","7":"product_cat-equipo-de-procesamiento-de-desechos","8":"product_cat-secuencia-unica-ici","9":"product_cat-soluciones-de-clasificacion-de-residuos-solidos-municipales","10":"product_cat-soluciones-de-reciclaje","11":"product_cat-basura-electronica","13":"first","14":"instock","15":"taxable","16":"shipping-taxable","17":"product-type-simple"},"acf":[],"yoast_head":"<!-- This site is optimized with the Yoast SEO plugin v27.2 - https:\/\/yoast.com\/product\/yoast-seo-wordpress\/ -->\n<title>Alimentador vibratorio de recorrido alto de GK | General Kinematics<\/title>\n<meta name=\"robots\" content=\"index, follow, max-snippet:-1, max-image-preview:large, max-video-preview:-1\" \/>\n<link rel=\"canonical\" href=\"https:\/\/www.generalkinematics.com\/es\/producto\/alimentador-vibratorio-de-recorrido-alto\/\" \/>\n<meta property=\"og:locale\" content=\"es_ES\" \/>\n<meta property=\"og:type\" content=\"article\" \/>\n<meta property=\"og:title\" content=\"Alimentador vibratorio de recorrido alto de GK | General Kinematics\" \/>\n<meta property=\"og:description\" content=\"Tecnolog\u00eda vibratoria de punta para mejorar la presentaci\u00f3n del material Desafiados por nuestros clientes para realizar m\u00e1s en un espacio limitado, General Kinematics desarroll\u00f3 el alimentador vibratorio de recorrido alto (HSF, por sus siglas en ingl\u00e9s) para separar, mejorar la pureza\/recuperar e incrementar la rentabilidad final.\u00a0Los alimentadores vibratorios HSF de GK mejoran la presentaci\u00f3n y [&hellip;]\" \/>\n<meta property=\"og:url\" content=\"https:\/\/www.generalkinematics.com\/es\/producto\/alimentador-vibratorio-de-recorrido-alto\/\" \/>\n<meta property=\"og:site_name\" content=\"General Kinematics\" \/>\n<meta property=\"article:publisher\" content=\"https:\/\/www.facebook.com\/generalkinematics\" \/>\n<meta property=\"article:modified_time\" content=\"2019-11-03T16:22:14+00:00\" \/>\n<meta property=\"og:image\" content=\"https:\/\/media.generalkinematics.com\/wp-content\/uploads\/2015\/07\/High-Stroke-Feeder.jpg\" \/>\n\t<meta property=\"og:image:width\" content=\"1024\" \/>\n\t<meta property=\"og:image:height\" content=\"679\" \/>\n\t<meta property=\"og:image:type\" content=\"image\/jpeg\" \/>\n<meta name=\"twitter:card\" content=\"summary_large_image\" \/>\n<meta name=\"twitter:site\" content=\"@gkvibrating\" \/>\n<meta name=\"twitter:label1\" content=\"Tiempo de lectura\" \/>\n\t<meta name=\"twitter:data1\" content=\"1 minuto\" \/>\n<!-- \/ Yoast SEO plugin. -->","yoast_head_json":{"title":"Alimentador vibratorio de recorrido alto de GK | General Kinematics","robots":{"index":"index","follow":"follow","max-snippet":"max-snippet:-1","max-image-preview":"max-image-preview:large","max-video-preview":"max-video-preview:-1"},"canonical":"https:\/\/www.generalkinematics.com\/es\/producto\/alimentador-vibratorio-de-recorrido-alto\/","og_locale":"es_ES","og_type":"article","og_title":"Alimentador vibratorio de recorrido alto de GK | General Kinematics","og_description":"Tecnolog\u00eda vibratoria de punta para mejorar la presentaci\u00f3n del material Desafiados por nuestros clientes para realizar m\u00e1s en un espacio limitado, General Kinematics desarroll\u00f3 el alimentador vibratorio de recorrido alto (HSF, por sus siglas en ingl\u00e9s) para separar, mejorar la pureza\/recuperar e incrementar la rentabilidad final.\u00a0Los alimentadores vibratorios HSF de GK mejoran la presentaci\u00f3n y [&hellip;]","og_url":"https:\/\/www.generalkinematics.com\/es\/producto\/alimentador-vibratorio-de-recorrido-alto\/","og_site_name":"General Kinematics","article_publisher":"https:\/\/www.facebook.com\/generalkinematics","article_modified_time":"2019-11-03T16:22:14+00:00","og_image":[{"width":1024,"height":679,"url":"https:\/\/media.generalkinematics.com\/wp-content\/uploads\/2015\/07\/High-Stroke-Feeder.jpg","type":"image\/jpeg"}],"twitter_card":"summary_large_image","twitter_site":"@gkvibrating","twitter_misc":{"Tiempo de lectura":"1 minuto"},"schema":{"@context":"https:\/\/schema.org","@graph":[{"@type":"WebPage","@id":"https:\/\/www.generalkinematics.com\/es\/producto\/alimentador-vibratorio-de-recorrido-alto\/","url":"https:\/\/www.generalkinematics.com\/es\/producto\/alimentador-vibratorio-de-recorrido-alto\/","name":"Alimentador vibratorio de recorrido alto de GK | General Kinematics","isPartOf":{"@id":"https:\/\/www.generalkinematics.com\/es\/#website"},"primaryImageOfPage":{"@id":"https:\/\/www.generalkinematics.com\/es\/producto\/alimentador-vibratorio-de-recorrido-alto\/#primaryimage"},"image":{"@id":"https:\/\/www.generalkinematics.com\/es\/producto\/alimentador-vibratorio-de-recorrido-alto\/#primaryimage"},"thumbnailUrl":"https:\/\/media.generalkinematics.com\/wp-content\/uploads\/2015\/07\/High-Stroke-Feeder.jpg","datePublished":"2015-07-27T04:20:11+00:00","dateModified":"2019-11-03T16:22:14+00:00","breadcrumb":{"@id":"https:\/\/www.generalkinematics.com\/es\/producto\/alimentador-vibratorio-de-recorrido-alto\/#breadcrumb"},"inLanguage":"es","potentialAction":[{"@type":"ReadAction","target":["https:\/\/www.generalkinematics.com\/es\/producto\/alimentador-vibratorio-de-recorrido-alto\/"]}]},{"@type":"ImageObject","inLanguage":"es","@id":"https:\/\/www.generalkinematics.com\/es\/producto\/alimentador-vibratorio-de-recorrido-alto\/#primaryimage","url":"https:\/\/media.generalkinematics.com\/wp-content\/uploads\/2015\/07\/High-Stroke-Feeder.jpg","contentUrl":"https:\/\/media.generalkinematics.com\/wp-content\/uploads\/2015\/07\/High-Stroke-Feeder.jpg","width":1024,"height":679,"caption":"general-kinematics-high-stroke-feeder"},{"@type":"BreadcrumbList","@id":"https:\/\/www.generalkinematics.com\/es\/producto\/alimentador-vibratorio-de-recorrido-alto\/#breadcrumb","itemListElement":[{"@type":"ListItem","position":1,"name":"GK Home","item":"https:\/\/www.generalkinematics.com\/es\/"},{"@type":"ListItem","position":2,"name":"Shop","item":"https:\/\/www.generalkinematics.com\/shop\/"},{"@type":"ListItem","position":3,"name":"Alimentador vibratorio de recorrido alto de GK"}]},{"@type":"WebSite","@id":"https:\/\/www.generalkinematics.com\/es\/#website","url":"https:\/\/www.generalkinematics.com\/es\/","name":"General Kinematics","description":"","publisher":{"@id":"https:\/\/www.generalkinematics.com\/es\/#organization"},"potentialAction":[{"@type":"SearchAction","target":{"@type":"EntryPoint","urlTemplate":"https:\/\/www.generalkinematics.com\/es\/?s={search_term_string}"},"query-input":{"@type":"PropertyValueSpecification","valueRequired":true,"valueName":"search_term_string"}}],"inLanguage":"es"},{"@type":"Organization","@id":"https:\/\/www.generalkinematics.com\/es\/#organization","name":"General Kinematics","url":"https:\/\/www.generalkinematics.com\/es\/","logo":{"@type":"ImageObject","inLanguage":"es","@id":"https:\/\/www.generalkinematics.com\/es\/#\/schema\/logo\/image\/","url":"https:\/\/media.generalkinematics.com\/wp-content\/uploads\/2018\/03\/logo.png","contentUrl":"https:\/\/media.generalkinematics.com\/wp-content\/uploads\/2018\/03\/logo.png","width":313,"height":100,"caption":"General Kinematics"},"image":{"@id":"https:\/\/www.generalkinematics.com\/es\/#\/schema\/logo\/image\/"},"sameAs":["https:\/\/www.facebook.com\/generalkinematics","https:\/\/x.com\/gkvibrating"]}]}},"_links":{"self":[{"href":"https:\/\/www.generalkinematics.com\/es\/wp-json\/wp\/v2\/product\/38697","targetHints":{"allow":["GET"]}}],"collection":[{"href":"https:\/\/www.generalkinematics.com\/es\/wp-json\/wp\/v2\/product"}],"about":[{"href":"https:\/\/www.generalkinematics.com\/es\/wp-json\/wp\/v2\/types\/product"}],"replies":[{"embeddable":true,"href":"https:\/\/www.generalkinematics.com\/es\/wp-json\/wp\/v2\/comments?post=38697"}],"wp:featuredmedia":[{"embeddable":true,"href":"https:\/\/www.generalkinematics.com\/es\/wp-json\/wp\/v2\/media\/26260"}],"wp:attachment":[{"href":"https:\/\/www.generalkinematics.com\/es\/wp-json\/wp\/v2\/media?parent=38697"}],"wp:term":[{"taxonomy":"product_brand","embeddable":true,"href":"https:\/\/www.generalkinematics.com\/es\/wp-json\/wp\/v2\/product_brand?post=38697"},{"taxonomy":"product_cat","embeddable":true,"href":"https:\/\/www.generalkinematics.com\/es\/wp-json\/wp\/v2\/product_cat?post=38697"},{"taxonomy":"product_tag","embeddable":true,"href":"https:\/\/www.generalkinematics.com\/es\/wp-json\/wp\/v2\/product_tag?post=38697"}],"curies":[{"name":"wp","href":"https:\/\/api.w.org\/{rel}","templated":true}]}}