{"id":38705,"date":"2015-07-26T23:25:43","date_gmt":"2015-07-27T04:25:43","guid":{"rendered":"https:\/\/www.generalkinematics.com\/product\/soluciones-de-secado-de-asr\/"},"modified":"2018-08-30T23:00:01","modified_gmt":"2018-08-31T04:00:01","slug":"soluciones-de-secado-de-asr","status":"publish","type":"product","link":"https:\/\/www.generalkinematics.com\/es\/producto\/soluciones-de-secado-de-asr\/","title":{"rendered":"Soluciones de secado de ASR"},"content":{"rendered":"<p>\u00bfDesea su secador de ASR? Las tecnolog\u00edas actuales est\u00e1n configuradas para maximizar la recuperaci\u00f3n de metales de los residuos de fragmentaci\u00f3n de veh\u00edculos (ASR, por sus siglas en ingl\u00e9s), exceptuando la fracci\u00f3n de part\u00edculas finas donde est\u00e1 contenida la mayor parte de la humedad. El material seco es necesario para recuperar de manera efectiva el metal de las part\u00edculas finas. El <strong>secador de cama de fluidos<\/strong> de General Kinematics ofrece una soluci\u00f3n rentable para facilitar la recuperaci\u00f3n de la mayor\u00eda de sus ASR.<\/p>\n<p>Con una serie de opciones disponible, el secador de cama de fluidos de GK es una parte vers\u00e1til de sus operaciones de procesamiento flujo abajo de ASR.\u00a0Con la capacidad de procesar de manera continua o por lotes, cada cama fluidizada est\u00e1 dise\u00f1ada a la medida del cliente para satisfacer sus necesidades.<\/p>\n<p><a href=\"https:\/\/www.generalkinematics.com\/es\/contactar-a-general-kinematics\/\" target=\"_blank\" rel=\"noopener noreferrer\">P\u00f3ngase en contacto con un especialista en tecnolog\u00eda de reciclaje de GK<\/a>\u00a0para obtener informaci\u00f3n sobre soluciones para aplicaciones espec\u00edficas.<\/p>\n<h2>Caracter\u00edsticas:<\/h2>\n<ul>\n<li>Los secadores de cama de fluidos vibratoria de GK proporcionan el contacto pleno con los materiales para maximizar la eficacia de su desecado e incrementar la recuperaci\u00f3n de metales.<\/li>\n<li>Disponibles en casi cualquier medida para maximizar la productividad de sus procesos.<\/li>\n<li>Las camas fluidizadas pueden enfriar, secar y calentar.<\/li>\n<\/ul>\n","protected":false},"excerpt":{"rendered":"<p>\u00bfDesea su secador de ASR? Las tecnolog\u00edas actuales est\u00e1n configuradas para maximizar la recuperaci\u00f3n de metales de los residuos de fragmentaci\u00f3n de veh\u00edculos (ASR, por sus siglas en ingl\u00e9s), exceptuando la fracci\u00f3n de part\u00edculas finas donde est\u00e1 contenida la mayor parte de la humedad. El material seco es necesario para recuperar de manera efectiva el [&hellip;]<\/p>\n","protected":false},"featured_media":25248,"comment_status":"closed","ping_status":"closed","template":"","meta":{"_acf_changed":false,"om_disable_all_campaigns":false,"ep_exclude_from_search":false},"product_brand":[],"product_cat":[1876,1655],"product_tag":[],"class_list":{"0":"post-38705","1":"product","2":"type-product","3":"status-publish","4":"has-post-thumbnail","6":"product_cat-equipo-de-procesamiento-de-desechos","7":"product_cat-soluciones-de-reciclaje","9":"first","10":"instock","11":"taxable","12":"shipping-taxable","13":"product-type-simple"},"acf":[],"yoast_head":"<!-- This site is optimized with the Yoast SEO plugin v27.2 - https:\/\/yoast.com\/product\/yoast-seo-wordpress\/ -->\n<title>Soluciones de secado de ASR | General Kinematics<\/title>\n<meta name=\"robots\" content=\"index, follow, max-snippet:-1, max-image-preview:large, max-video-preview:-1\" \/>\n<link rel=\"canonical\" href=\"https:\/\/www.generalkinematics.com\/es\/producto\/soluciones-de-secado-de-asr\/\" \/>\n<meta property=\"og:locale\" content=\"es_ES\" \/>\n<meta property=\"og:type\" content=\"article\" \/>\n<meta property=\"og:title\" content=\"Soluciones de secado de ASR | General Kinematics\" \/>\n<meta property=\"og:description\" content=\"\u00bfDesea su secador de ASR? Las tecnolog\u00edas actuales est\u00e1n configuradas para maximizar la recuperaci\u00f3n de metales de los residuos de fragmentaci\u00f3n de veh\u00edculos (ASR, por sus siglas en ingl\u00e9s), exceptuando la fracci\u00f3n de part\u00edculas finas donde est\u00e1 contenida la mayor parte de la humedad. El material seco es necesario para recuperar de manera efectiva el [&hellip;]\" \/>\n<meta property=\"og:url\" content=\"https:\/\/www.generalkinematics.com\/es\/producto\/soluciones-de-secado-de-asr\/\" \/>\n<meta property=\"og:site_name\" content=\"General Kinematics\" \/>\n<meta property=\"article:publisher\" content=\"https:\/\/www.facebook.com\/generalkinematics\" \/>\n<meta property=\"article:modified_time\" content=\"2018-08-31T04:00:01+00:00\" \/>\n<meta property=\"og:image\" content=\"https:\/\/media.generalkinematics.com\/wp-content\/uploads\/2015\/07\/DSC00203.jpg\" \/>\n\t<meta property=\"og:image:width\" content=\"1440\" \/>\n\t<meta property=\"og:image:height\" content=\"1920\" \/>\n\t<meta property=\"og:image:type\" content=\"image\/jpeg\" \/>\n<meta name=\"twitter:card\" content=\"summary_large_image\" \/>\n<meta name=\"twitter:site\" content=\"@gkvibrating\" \/>\n<meta name=\"twitter:label1\" content=\"Tiempo de lectura\" \/>\n\t<meta name=\"twitter:data1\" content=\"1 minuto\" \/>\n<!-- \/ Yoast SEO plugin. -->","yoast_head_json":{"title":"Soluciones de secado de ASR | General Kinematics","robots":{"index":"index","follow":"follow","max-snippet":"max-snippet:-1","max-image-preview":"max-image-preview:large","max-video-preview":"max-video-preview:-1"},"canonical":"https:\/\/www.generalkinematics.com\/es\/producto\/soluciones-de-secado-de-asr\/","og_locale":"es_ES","og_type":"article","og_title":"Soluciones de secado de ASR | General Kinematics","og_description":"\u00bfDesea su secador de ASR? Las tecnolog\u00edas actuales est\u00e1n configuradas para maximizar la recuperaci\u00f3n de metales de los residuos de fragmentaci\u00f3n de veh\u00edculos (ASR, por sus siglas en ingl\u00e9s), exceptuando la fracci\u00f3n de part\u00edculas finas donde est\u00e1 contenida la mayor parte de la humedad. El material seco es necesario para recuperar de manera efectiva el [&hellip;]","og_url":"https:\/\/www.generalkinematics.com\/es\/producto\/soluciones-de-secado-de-asr\/","og_site_name":"General Kinematics","article_publisher":"https:\/\/www.facebook.com\/generalkinematics","article_modified_time":"2018-08-31T04:00:01+00:00","og_image":[{"width":1440,"height":1920,"url":"https:\/\/media.generalkinematics.com\/wp-content\/uploads\/2015\/07\/DSC00203.jpg","type":"image\/jpeg"}],"twitter_card":"summary_large_image","twitter_site":"@gkvibrating","twitter_misc":{"Tiempo de lectura":"1 minuto"},"schema":{"@context":"https:\/\/schema.org","@graph":[{"@type":"WebPage","@id":"https:\/\/www.generalkinematics.com\/es\/producto\/soluciones-de-secado-de-asr\/","url":"https:\/\/www.generalkinematics.com\/es\/producto\/soluciones-de-secado-de-asr\/","name":"Soluciones de secado de ASR | General Kinematics","isPartOf":{"@id":"https:\/\/www.generalkinematics.com\/es\/#website"},"primaryImageOfPage":{"@id":"https:\/\/www.generalkinematics.com\/es\/producto\/soluciones-de-secado-de-asr\/#primaryimage"},"image":{"@id":"https:\/\/www.generalkinematics.com\/es\/producto\/soluciones-de-secado-de-asr\/#primaryimage"},"thumbnailUrl":"https:\/\/media.generalkinematics.com\/wp-content\/uploads\/2015\/07\/DSC00203.jpg","datePublished":"2015-07-27T04:25:43+00:00","dateModified":"2018-08-31T04:00:01+00:00","breadcrumb":{"@id":"https:\/\/www.generalkinematics.com\/es\/producto\/soluciones-de-secado-de-asr\/#breadcrumb"},"inLanguage":"es","potentialAction":[{"@type":"ReadAction","target":["https:\/\/www.generalkinematics.com\/es\/producto\/soluciones-de-secado-de-asr\/"]}]},{"@type":"ImageObject","inLanguage":"es","@id":"https:\/\/www.generalkinematics.com\/es\/producto\/soluciones-de-secado-de-asr\/#primaryimage","url":"https:\/\/media.generalkinematics.com\/wp-content\/uploads\/2015\/07\/DSC00203.jpg","contentUrl":"https:\/\/media.generalkinematics.com\/wp-content\/uploads\/2015\/07\/DSC00203.jpg","width":1440,"height":1920,"caption":"general-kinematics-fluid-bed-processor"},{"@type":"BreadcrumbList","@id":"https:\/\/www.generalkinematics.com\/es\/producto\/soluciones-de-secado-de-asr\/#breadcrumb","itemListElement":[{"@type":"ListItem","position":1,"name":"GK Home","item":"https:\/\/www.generalkinematics.com\/es\/"},{"@type":"ListItem","position":2,"name":"Shop","item":"https:\/\/www.generalkinematics.com\/shop\/"},{"@type":"ListItem","position":3,"name":"Soluciones de secado de ASR"}]},{"@type":"WebSite","@id":"https:\/\/www.generalkinematics.com\/es\/#website","url":"https:\/\/www.generalkinematics.com\/es\/","name":"General Kinematics","description":"","publisher":{"@id":"https:\/\/www.generalkinematics.com\/es\/#organization"},"potentialAction":[{"@type":"SearchAction","target":{"@type":"EntryPoint","urlTemplate":"https:\/\/www.generalkinematics.com\/es\/?s={search_term_string}"},"query-input":{"@type":"PropertyValueSpecification","valueRequired":true,"valueName":"search_term_string"}}],"inLanguage":"es"},{"@type":"Organization","@id":"https:\/\/www.generalkinematics.com\/es\/#organization","name":"General Kinematics","url":"https:\/\/www.generalkinematics.com\/es\/","logo":{"@type":"ImageObject","inLanguage":"es","@id":"https:\/\/www.generalkinematics.com\/es\/#\/schema\/logo\/image\/","url":"https:\/\/media.generalkinematics.com\/wp-content\/uploads\/2018\/03\/logo.png","contentUrl":"https:\/\/media.generalkinematics.com\/wp-content\/uploads\/2018\/03\/logo.png","width":313,"height":100,"caption":"General Kinematics"},"image":{"@id":"https:\/\/www.generalkinematics.com\/es\/#\/schema\/logo\/image\/"},"sameAs":["https:\/\/www.facebook.com\/generalkinematics","https:\/\/x.com\/gkvibrating"]}]}},"_links":{"self":[{"href":"https:\/\/www.generalkinematics.com\/es\/wp-json\/wp\/v2\/product\/38705","targetHints":{"allow":["GET"]}}],"collection":[{"href":"https:\/\/www.generalkinematics.com\/es\/wp-json\/wp\/v2\/product"}],"about":[{"href":"https:\/\/www.generalkinematics.com\/es\/wp-json\/wp\/v2\/types\/product"}],"replies":[{"embeddable":true,"href":"https:\/\/www.generalkinematics.com\/es\/wp-json\/wp\/v2\/comments?post=38705"}],"wp:featuredmedia":[{"embeddable":true,"href":"https:\/\/www.generalkinematics.com\/es\/wp-json\/wp\/v2\/media\/25248"}],"wp:attachment":[{"href":"https:\/\/www.generalkinematics.com\/es\/wp-json\/wp\/v2\/media?parent=38705"}],"wp:term":[{"taxonomy":"product_brand","embeddable":true,"href":"https:\/\/www.generalkinematics.com\/es\/wp-json\/wp\/v2\/product_brand?post=38705"},{"taxonomy":"product_cat","embeddable":true,"href":"https:\/\/www.generalkinematics.com\/es\/wp-json\/wp\/v2\/product_cat?post=38705"},{"taxonomy":"product_tag","embeddable":true,"href":"https:\/\/www.generalkinematics.com\/es\/wp-json\/wp\/v2\/product_tag?post=38705"}],"curies":[{"name":"wp","href":"https:\/\/api.w.org\/{rel}","templated":true}]}}