{"id":38711,"date":"2015-07-26T23:29:18","date_gmt":"2015-07-27T04:29:18","guid":{"rendered":"https:\/\/www.generalkinematics.com\/product\/cintas-transportadoras-de-recoleccion-con-cizalla\/"},"modified":"2018-08-30T23:01:24","modified_gmt":"2018-08-31T04:01:24","slug":"cintas-transportadoras-de-recoleccion-con-cizalla","status":"publish","type":"product","link":"https:\/\/www.generalkinematics.com\/es\/producto\/cintas-transportadoras-de-recoleccion-con-cizalla\/","title":{"rendered":"Cintas transportadoras de recolecci\u00f3n con cizalla"},"content":{"rendered":"<p>Las <strong>cintas transportadoras de recolecci\u00f3n con cizalla<\/strong> de General Kinematics est\u00e1n dise\u00f1adas espec\u00edficamente para resistir las condiciones severas que se encuentran bajo las cizallas en las instalaciones de procesamiento de chatarra. Las bandejas de trabajo pesado resistentes al desgaste resisten el impacto del material que cae, mientras que la transmisi\u00f3n SYNCRO-COIL\u00ae exclusiva de General Kinematics, est\u00e1 dise\u00f1ada para resistir la fuerza, incluso de los impactos de mayor intensidad, sin da\u00f1ar el sistema de transmisi\u00f3n de la cinta transportadora.<\/p>\n<h2>Caracter\u00edsticas:<\/h2>\n<ul>\n<li>Revestimiento AR de trabajo pesado \u2013 grueso, reemplazable, est\u00e1ndar en la zona de carga de impacto.<\/li>\n<li>Topes inferiores \u2013 zona de carga altamente reforzada con topes inferiores para absorber los impactos del material de gran tama\u00f1o.<\/li>\n<li>Descarga lateral \u2013 secci\u00f3n de eliminaci\u00f3n de part\u00edculas finas con canal de descarga lateral en el punto de descarga.<\/li>\n<li>Bandeja esclava \u2013 complementada con los topes inferiores para resistir cargas m\u00e1ximas.<\/li>\n<li>Interruptor de movimiento \u2013 sensor para advertir las restricciones de movimiento.<\/li>\n<li>Tama\u00f1os personalizados \u2013 para concordar con las unidades existentes o para nuevas instalaciones.<\/li>\n<li>Eficiente desde el punto de vista energ\u00e9tico \u2013 el dise\u00f1o de la frecuencia natural minimiza los requisitos el\u00e9ctricos.<\/li>\n<li>Transmisi\u00f3n de resorte de bobina \u2013 que absorbe la carga moment\u00e1nea del impacto para proteger los rodamientos de la transmisi\u00f3n.<\/li>\n<\/ul>\n<form action=\"http:\/\/go.generalkinematics.com\/l\/145801\/2016-05-27\/63td5\" method=\"post\"><\/form>\n","protected":false},"excerpt":{"rendered":"<p>Las cintas transportadoras de recolecci\u00f3n con cizalla de General Kinematics est\u00e1n dise\u00f1adas espec\u00edficamente para resistir las condiciones severas que se encuentran bajo las cizallas en las instalaciones de procesamiento de chatarra. Las bandejas de trabajo pesado resistentes al desgaste resisten el impacto del material que cae, mientras que la transmisi\u00f3n SYNCRO-COIL\u00ae exclusiva de General Kinematics, [&hellip;]<\/p>\n","protected":false},"featured_media":23576,"comment_status":"closed","ping_status":"closed","template":"","meta":{"_acf_changed":false,"om_disable_all_campaigns":false,"ep_exclude_from_search":false},"product_brand":[],"product_cat":[1876,1655],"product_tag":[],"class_list":{"0":"post-38711","1":"product","2":"type-product","3":"status-publish","4":"has-post-thumbnail","6":"casestudytag-shear-take-away-conveyor-es","7":"product_cat-equipo-de-procesamiento-de-desechos","8":"product_cat-soluciones-de-reciclaje","10":"first","11":"instock","12":"taxable","13":"shipping-taxable","14":"product-type-simple"},"acf":[],"yoast_head":"<!-- This site is optimized with the Yoast SEO plugin v27.2 - https:\/\/yoast.com\/product\/yoast-seo-wordpress\/ -->\n<title>Cintas transportadoras de recolecci\u00f3n con cizalla | General Kinematics<\/title>\n<meta name=\"robots\" content=\"index, follow, max-snippet:-1, max-image-preview:large, max-video-preview:-1\" \/>\n<link rel=\"canonical\" href=\"https:\/\/www.generalkinematics.com\/es\/producto\/cintas-transportadoras-de-recoleccion-con-cizalla\/\" \/>\n<meta property=\"og:locale\" content=\"es_ES\" \/>\n<meta property=\"og:type\" content=\"article\" \/>\n<meta property=\"og:title\" content=\"Cintas transportadoras de recolecci\u00f3n con cizalla | General Kinematics\" \/>\n<meta property=\"og:description\" content=\"Las cintas transportadoras de recolecci\u00f3n con cizalla de General Kinematics est\u00e1n dise\u00f1adas espec\u00edficamente para resistir las condiciones severas que se encuentran bajo las cizallas en las instalaciones de procesamiento de chatarra. Las bandejas de trabajo pesado resistentes al desgaste resisten el impacto del material que cae, mientras que la transmisi\u00f3n SYNCRO-COIL\u00ae exclusiva de General Kinematics, [&hellip;]\" \/>\n<meta property=\"og:url\" content=\"https:\/\/www.generalkinematics.com\/es\/producto\/cintas-transportadoras-de-recoleccion-con-cizalla\/\" \/>\n<meta property=\"og:site_name\" content=\"General Kinematics\" \/>\n<meta property=\"article:publisher\" content=\"https:\/\/www.facebook.com\/generalkinematics\" \/>\n<meta property=\"article:modified_time\" content=\"2018-08-31T04:01:24+00:00\" \/>\n<meta property=\"og:image\" content=\"https:\/\/www.generalkinematics.com\/wp-content\/uploads\/2015\/07\/vibrating_conveyor_1.jpg\" \/>\n\t<meta property=\"og:image:width\" content=\"2296\" \/>\n\t<meta property=\"og:image:height\" content=\"633\" \/>\n\t<meta property=\"og:image:type\" content=\"image\/jpeg\" \/>\n<meta name=\"twitter:card\" content=\"summary_large_image\" \/>\n<meta name=\"twitter:site\" content=\"@gkvibrating\" \/>\n<meta name=\"twitter:label1\" content=\"Tiempo de lectura\" \/>\n\t<meta name=\"twitter:data1\" content=\"1 minuto\" \/>\n<!-- \/ Yoast SEO plugin. -->","yoast_head_json":{"title":"Cintas transportadoras de recolecci\u00f3n con cizalla | General Kinematics","robots":{"index":"index","follow":"follow","max-snippet":"max-snippet:-1","max-image-preview":"max-image-preview:large","max-video-preview":"max-video-preview:-1"},"canonical":"https:\/\/www.generalkinematics.com\/es\/producto\/cintas-transportadoras-de-recoleccion-con-cizalla\/","og_locale":"es_ES","og_type":"article","og_title":"Cintas transportadoras de recolecci\u00f3n con cizalla | General Kinematics","og_description":"Las cintas transportadoras de recolecci\u00f3n con cizalla de General Kinematics est\u00e1n dise\u00f1adas espec\u00edficamente para resistir las condiciones severas que se encuentran bajo las cizallas en las instalaciones de procesamiento de chatarra. Las bandejas de trabajo pesado resistentes al desgaste resisten el impacto del material que cae, mientras que la transmisi\u00f3n SYNCRO-COIL\u00ae exclusiva de General Kinematics, [&hellip;]","og_url":"https:\/\/www.generalkinematics.com\/es\/producto\/cintas-transportadoras-de-recoleccion-con-cizalla\/","og_site_name":"General Kinematics","article_publisher":"https:\/\/www.facebook.com\/generalkinematics","article_modified_time":"2018-08-31T04:01:24+00:00","og_image":[{"width":2296,"height":633,"url":"https:\/\/www.generalkinematics.com\/wp-content\/uploads\/2015\/07\/vibrating_conveyor_1.jpg","type":"image\/jpeg"}],"twitter_card":"summary_large_image","twitter_site":"@gkvibrating","twitter_misc":{"Tiempo de lectura":"1 minuto"},"schema":{"@context":"https:\/\/schema.org","@graph":[{"@type":"WebPage","@id":"https:\/\/www.generalkinematics.com\/es\/producto\/cintas-transportadoras-de-recoleccion-con-cizalla\/","url":"https:\/\/www.generalkinematics.com\/es\/producto\/cintas-transportadoras-de-recoleccion-con-cizalla\/","name":"Cintas transportadoras de recolecci\u00f3n con cizalla | General Kinematics","isPartOf":{"@id":"https:\/\/www.generalkinematics.com\/es\/#website"},"primaryImageOfPage":{"@id":"https:\/\/www.generalkinematics.com\/es\/producto\/cintas-transportadoras-de-recoleccion-con-cizalla\/#primaryimage"},"image":{"@id":"https:\/\/www.generalkinematics.com\/es\/producto\/cintas-transportadoras-de-recoleccion-con-cizalla\/#primaryimage"},"thumbnailUrl":"https:\/\/media.generalkinematics.com\/wp-content\/uploads\/2015\/07\/vibrating_conveyor_1.jpg","datePublished":"2015-07-27T04:29:18+00:00","dateModified":"2018-08-31T04:01:24+00:00","breadcrumb":{"@id":"https:\/\/www.generalkinematics.com\/es\/producto\/cintas-transportadoras-de-recoleccion-con-cizalla\/#breadcrumb"},"inLanguage":"es","potentialAction":[{"@type":"ReadAction","target":["https:\/\/www.generalkinematics.com\/es\/producto\/cintas-transportadoras-de-recoleccion-con-cizalla\/"]}]},{"@type":"ImageObject","inLanguage":"es","@id":"https:\/\/www.generalkinematics.com\/es\/producto\/cintas-transportadoras-de-recoleccion-con-cizalla\/#primaryimage","url":"https:\/\/media.generalkinematics.com\/wp-content\/uploads\/2015\/07\/vibrating_conveyor_1.jpg","contentUrl":"https:\/\/media.generalkinematics.com\/wp-content\/uploads\/2015\/07\/vibrating_conveyor_1.jpg","width":2296,"height":633,"caption":"general-kinematics-syncro-shear-conveyor"},{"@type":"BreadcrumbList","@id":"https:\/\/www.generalkinematics.com\/es\/producto\/cintas-transportadoras-de-recoleccion-con-cizalla\/#breadcrumb","itemListElement":[{"@type":"ListItem","position":1,"name":"GK Home","item":"https:\/\/www.generalkinematics.com\/es\/"},{"@type":"ListItem","position":2,"name":"Shop","item":"https:\/\/www.generalkinematics.com\/shop\/"},{"@type":"ListItem","position":3,"name":"Cintas transportadoras de recolecci\u00f3n con cizalla"}]},{"@type":"WebSite","@id":"https:\/\/www.generalkinematics.com\/es\/#website","url":"https:\/\/www.generalkinematics.com\/es\/","name":"General Kinematics","description":"","publisher":{"@id":"https:\/\/www.generalkinematics.com\/es\/#organization"},"potentialAction":[{"@type":"SearchAction","target":{"@type":"EntryPoint","urlTemplate":"https:\/\/www.generalkinematics.com\/es\/?s={search_term_string}"},"query-input":{"@type":"PropertyValueSpecification","valueRequired":true,"valueName":"search_term_string"}}],"inLanguage":"es"},{"@type":"Organization","@id":"https:\/\/www.generalkinematics.com\/es\/#organization","name":"General Kinematics","url":"https:\/\/www.generalkinematics.com\/es\/","logo":{"@type":"ImageObject","inLanguage":"es","@id":"https:\/\/www.generalkinematics.com\/es\/#\/schema\/logo\/image\/","url":"https:\/\/media.generalkinematics.com\/wp-content\/uploads\/2018\/03\/logo.png","contentUrl":"https:\/\/media.generalkinematics.com\/wp-content\/uploads\/2018\/03\/logo.png","width":313,"height":100,"caption":"General Kinematics"},"image":{"@id":"https:\/\/www.generalkinematics.com\/es\/#\/schema\/logo\/image\/"},"sameAs":["https:\/\/www.facebook.com\/generalkinematics","https:\/\/x.com\/gkvibrating"]}]}},"_links":{"self":[{"href":"https:\/\/www.generalkinematics.com\/es\/wp-json\/wp\/v2\/product\/38711","targetHints":{"allow":["GET"]}}],"collection":[{"href":"https:\/\/www.generalkinematics.com\/es\/wp-json\/wp\/v2\/product"}],"about":[{"href":"https:\/\/www.generalkinematics.com\/es\/wp-json\/wp\/v2\/types\/product"}],"replies":[{"embeddable":true,"href":"https:\/\/www.generalkinematics.com\/es\/wp-json\/wp\/v2\/comments?post=38711"}],"wp:featuredmedia":[{"embeddable":true,"href":"https:\/\/www.generalkinematics.com\/es\/wp-json\/wp\/v2\/media\/23576"}],"wp:attachment":[{"href":"https:\/\/www.generalkinematics.com\/es\/wp-json\/wp\/v2\/media?parent=38711"}],"wp:term":[{"taxonomy":"product_brand","embeddable":true,"href":"https:\/\/www.generalkinematics.com\/es\/wp-json\/wp\/v2\/product_brand?post=38711"},{"taxonomy":"product_cat","embeddable":true,"href":"https:\/\/www.generalkinematics.com\/es\/wp-json\/wp\/v2\/product_cat?post=38711"},{"taxonomy":"product_tag","embeddable":true,"href":"https:\/\/www.generalkinematics.com\/es\/wp-json\/wp\/v2\/product_tag?post=38711"}],"curies":[{"name":"wp","href":"https:\/\/api.w.org\/{rel}","templated":true}]}}