{"id":38727,"date":"2015-07-26T23:41:25","date_gmt":"2015-07-27T04:41:25","guid":{"rendered":"https:\/\/www.generalkinematics.com\/product\/moderna-cuchilla-de-desecho-ligero-para-la-unidad-de-stoner-de-gk\/"},"modified":"2019-12-06T10:42:18","modified_gmt":"2019-12-06T16:42:18","slug":"third-knife-upgrade-dual-knife-de-stoner-2","status":"publish","type":"product","link":"https:\/\/www.generalkinematics.com\/es\/producto\/third-knife-upgrade-dual-knife-de-stoner-2\/","title":{"rendered":"Moderna cuchilla de desecho ligero para la unidad DE-STONER\u00ae de GK"},"content":{"rendered":"<p>Maximice el proceso autom\u00e1tico de clasificaci\u00f3n neum\u00e1tica con la totalmente innovadora cuchilla auxiliar de desecho ligero de General Kinematics. \u00bfQu\u00e9 es una cuchilla de desecho ligero? Una cuchilla neum\u00e1tica para mejorar a\u00fan m\u00e1s la separaci\u00f3n de materiales livianos y ultralivianos.<\/p>\n<p><u><strong>\u00bfC\u00f3mo funciona la cuchilla de desecho ligero?<\/strong><\/u><\/p>\n<p>Las clasificadoras neum\u00e1ticas DE-STONER\u00ae\u00a0separan de manera efectiva los materiales livianos de los pesados con una fracci\u00f3n intermedia restante, combinando algunos materiales livianos con pesados. A trav\u00e9s de la incorporaci\u00f3n de la cuchilla de desecho ligero, esta fracci\u00f3n intermedia puede refinarse a\u00fan m\u00e1s para incrementar su separaci\u00f3n. La cuchilla de desecho ligero puede integrarse a las clasificadoras neum\u00e1ticas DE-STONER\u00ae\u00a0existentes o incluirse con cualquier nuevo dise\u00f1o de equipos.<\/p>\n<p><\/p>\n<h2>Caracter\u00edsticas:<\/h2>\n<ul>\n<li>Pueden ajustarse f\u00e1cilmente sobre la marcha.<\/li>\n<li>Pueden integrarse a los equipos existentes.<\/li>\n<li>Se usan con un separador para mejorar la clasificaci\u00f3n del material.<\/li>\n<\/ul>\n","protected":false},"excerpt":{"rendered":"<p>Maximice el proceso autom\u00e1tico de clasificaci\u00f3n neum\u00e1tica con la totalmente innovadora cuchilla auxiliar de desecho ligero de General Kinematics. \u00bfQu\u00e9 es una cuchilla de desecho ligero? Una cuchilla neum\u00e1tica para mejorar a\u00fan m\u00e1s la separaci\u00f3n de materiales livianos y ultralivianos. \u00bfC\u00f3mo funciona la cuchilla de desecho ligero? Las clasificadoras neum\u00e1ticas DE-STONER\u00ae\u00a0separan de manera efectiva los [&hellip;]<\/p>\n","protected":false},"featured_media":23728,"comment_status":"closed","ping_status":"closed","template":"","meta":{"_acf_changed":false,"om_disable_all_campaigns":false,"ep_exclude_from_search":false},"product_brand":[],"product_cat":[1872,1870,1655,1656],"product_tag":[],"class_list":{"0":"post-38727","1":"product","2":"type-product","3":"status-publish","4":"has-post-thumbnail","6":"product_cat-caracteristicas-opcionales-del-de-stoner","7":"product_cat-separadores-de-densidad-del-clasificador-de-aire-de-de-stoner","8":"product_cat-soluciones-de-reciclaje","9":"product_cat-tecnologia-de-pantalla-de-reciclaje","11":"first","12":"instock","13":"taxable","14":"shipping-taxable","15":"product-type-simple"},"acf":[],"yoast_head":"<!-- This site is optimized with the Yoast SEO plugin v27.2 - https:\/\/yoast.com\/product\/yoast-seo-wordpress\/ -->\n<title>Moderna cuchilla de desecho ligero para la unidad DE-STONER\u00ae de GK | General Kinematics<\/title>\n<meta name=\"robots\" content=\"index, follow, max-snippet:-1, max-image-preview:large, max-video-preview:-1\" \/>\n<link rel=\"canonical\" href=\"https:\/\/www.generalkinematics.com\/es\/producto\/third-knife-upgrade-dual-knife-de-stoner-2\/\" \/>\n<meta property=\"og:locale\" content=\"es_ES\" \/>\n<meta property=\"og:type\" content=\"article\" \/>\n<meta property=\"og:title\" content=\"Moderna cuchilla de desecho ligero para la unidad DE-STONER\u00ae de GK | General Kinematics\" \/>\n<meta property=\"og:description\" content=\"Maximice el proceso autom\u00e1tico de clasificaci\u00f3n neum\u00e1tica con la totalmente innovadora cuchilla auxiliar de desecho ligero de General Kinematics. \u00bfQu\u00e9 es una cuchilla de desecho ligero? Una cuchilla neum\u00e1tica para mejorar a\u00fan m\u00e1s la separaci\u00f3n de materiales livianos y ultralivianos. \u00bfC\u00f3mo funciona la cuchilla de desecho ligero? Las clasificadoras neum\u00e1ticas DE-STONER\u00ae\u00a0separan de manera efectiva los [&hellip;]\" \/>\n<meta property=\"og:url\" content=\"https:\/\/www.generalkinematics.com\/es\/producto\/third-knife-upgrade-dual-knife-de-stoner-2\/\" \/>\n<meta property=\"og:site_name\" content=\"General Kinematics\" \/>\n<meta property=\"article:publisher\" content=\"https:\/\/www.facebook.com\/generalkinematics\" \/>\n<meta property=\"article:modified_time\" content=\"2019-12-06T16:42:18+00:00\" \/>\n<meta property=\"og:image\" content=\"https:\/\/www.generalkinematics.com\/wp-content\/uploads\/2015\/07\/DSC03052.jpg\" \/>\n\t<meta property=\"og:image:width\" content=\"3264\" \/>\n\t<meta property=\"og:image:height\" content=\"2448\" \/>\n\t<meta property=\"og:image:type\" content=\"image\/jpeg\" \/>\n<meta name=\"twitter:card\" content=\"summary_large_image\" \/>\n<meta name=\"twitter:site\" content=\"@gkvibrating\" \/>\n<meta name=\"twitter:label1\" content=\"Tiempo de lectura\" \/>\n\t<meta name=\"twitter:data1\" content=\"1 minuto\" \/>\n<!-- \/ Yoast SEO plugin. -->","yoast_head_json":{"title":"Moderna cuchilla de desecho ligero para la unidad DE-STONER\u00ae de GK | General Kinematics","robots":{"index":"index","follow":"follow","max-snippet":"max-snippet:-1","max-image-preview":"max-image-preview:large","max-video-preview":"max-video-preview:-1"},"canonical":"https:\/\/www.generalkinematics.com\/es\/producto\/third-knife-upgrade-dual-knife-de-stoner-2\/","og_locale":"es_ES","og_type":"article","og_title":"Moderna cuchilla de desecho ligero para la unidad DE-STONER\u00ae de GK | General Kinematics","og_description":"Maximice el proceso autom\u00e1tico de clasificaci\u00f3n neum\u00e1tica con la totalmente innovadora cuchilla auxiliar de desecho ligero de General Kinematics. \u00bfQu\u00e9 es una cuchilla de desecho ligero? Una cuchilla neum\u00e1tica para mejorar a\u00fan m\u00e1s la separaci\u00f3n de materiales livianos y ultralivianos. \u00bfC\u00f3mo funciona la cuchilla de desecho ligero? Las clasificadoras neum\u00e1ticas DE-STONER\u00ae\u00a0separan de manera efectiva los [&hellip;]","og_url":"https:\/\/www.generalkinematics.com\/es\/producto\/third-knife-upgrade-dual-knife-de-stoner-2\/","og_site_name":"General Kinematics","article_publisher":"https:\/\/www.facebook.com\/generalkinematics","article_modified_time":"2019-12-06T16:42:18+00:00","og_image":[{"width":3264,"height":2448,"url":"https:\/\/www.generalkinematics.com\/wp-content\/uploads\/2015\/07\/DSC03052.jpg","type":"image\/jpeg"}],"twitter_card":"summary_large_image","twitter_site":"@gkvibrating","twitter_misc":{"Tiempo de lectura":"1 minuto"},"schema":{"@context":"https:\/\/schema.org","@graph":[{"@type":"WebPage","@id":"https:\/\/www.generalkinematics.com\/es\/producto\/third-knife-upgrade-dual-knife-de-stoner-2\/","url":"https:\/\/www.generalkinematics.com\/es\/producto\/third-knife-upgrade-dual-knife-de-stoner-2\/","name":"Moderna cuchilla de desecho ligero para la unidad DE-STONER\u00ae de GK | General Kinematics","isPartOf":{"@id":"https:\/\/www.generalkinematics.com\/es\/#website"},"primaryImageOfPage":{"@id":"https:\/\/www.generalkinematics.com\/es\/producto\/third-knife-upgrade-dual-knife-de-stoner-2\/#primaryimage"},"image":{"@id":"https:\/\/www.generalkinematics.com\/es\/producto\/third-knife-upgrade-dual-knife-de-stoner-2\/#primaryimage"},"thumbnailUrl":"https:\/\/media.generalkinematics.com\/wp-content\/uploads\/2015\/07\/DSC03052.jpg","datePublished":"2015-07-27T04:41:25+00:00","dateModified":"2019-12-06T16:42:18+00:00","breadcrumb":{"@id":"https:\/\/www.generalkinematics.com\/es\/producto\/third-knife-upgrade-dual-knife-de-stoner-2\/#breadcrumb"},"inLanguage":"es","potentialAction":[{"@type":"ReadAction","target":["https:\/\/www.generalkinematics.com\/es\/producto\/third-knife-upgrade-dual-knife-de-stoner-2\/"]}]},{"@type":"ImageObject","inLanguage":"es","@id":"https:\/\/www.generalkinematics.com\/es\/producto\/third-knife-upgrade-dual-knife-de-stoner-2\/#primaryimage","url":"https:\/\/media.generalkinematics.com\/wp-content\/uploads\/2015\/07\/DSC03052.jpg","contentUrl":"https:\/\/media.generalkinematics.com\/wp-content\/uploads\/2015\/07\/DSC03052.jpg","width":2500,"height":1875,"caption":"general-kinematics-destoner"},{"@type":"BreadcrumbList","@id":"https:\/\/www.generalkinematics.com\/es\/producto\/third-knife-upgrade-dual-knife-de-stoner-2\/#breadcrumb","itemListElement":[{"@type":"ListItem","position":1,"name":"GK Home","item":"https:\/\/www.generalkinematics.com\/es\/"},{"@type":"ListItem","position":2,"name":"Shop","item":"https:\/\/www.generalkinematics.com\/shop\/"},{"@type":"ListItem","position":3,"name":"Moderna cuchilla de desecho ligero para la unidad DE-STONER\u00ae de GK"}]},{"@type":"WebSite","@id":"https:\/\/www.generalkinematics.com\/es\/#website","url":"https:\/\/www.generalkinematics.com\/es\/","name":"General Kinematics","description":"","publisher":{"@id":"https:\/\/www.generalkinematics.com\/es\/#organization"},"potentialAction":[{"@type":"SearchAction","target":{"@type":"EntryPoint","urlTemplate":"https:\/\/www.generalkinematics.com\/es\/?s={search_term_string}"},"query-input":{"@type":"PropertyValueSpecification","valueRequired":true,"valueName":"search_term_string"}}],"inLanguage":"es"},{"@type":"Organization","@id":"https:\/\/www.generalkinematics.com\/es\/#organization","name":"General Kinematics","url":"https:\/\/www.generalkinematics.com\/es\/","logo":{"@type":"ImageObject","inLanguage":"es","@id":"https:\/\/www.generalkinematics.com\/es\/#\/schema\/logo\/image\/","url":"https:\/\/media.generalkinematics.com\/wp-content\/uploads\/2018\/03\/logo.png","contentUrl":"https:\/\/media.generalkinematics.com\/wp-content\/uploads\/2018\/03\/logo.png","width":313,"height":100,"caption":"General Kinematics"},"image":{"@id":"https:\/\/www.generalkinematics.com\/es\/#\/schema\/logo\/image\/"},"sameAs":["https:\/\/www.facebook.com\/generalkinematics","https:\/\/x.com\/gkvibrating"]}]}},"_links":{"self":[{"href":"https:\/\/www.generalkinematics.com\/es\/wp-json\/wp\/v2\/product\/38727","targetHints":{"allow":["GET"]}}],"collection":[{"href":"https:\/\/www.generalkinematics.com\/es\/wp-json\/wp\/v2\/product"}],"about":[{"href":"https:\/\/www.generalkinematics.com\/es\/wp-json\/wp\/v2\/types\/product"}],"replies":[{"embeddable":true,"href":"https:\/\/www.generalkinematics.com\/es\/wp-json\/wp\/v2\/comments?post=38727"}],"wp:featuredmedia":[{"embeddable":true,"href":"https:\/\/www.generalkinematics.com\/es\/wp-json\/wp\/v2\/media\/23728"}],"wp:attachment":[{"href":"https:\/\/www.generalkinematics.com\/es\/wp-json\/wp\/v2\/media?parent=38727"}],"wp:term":[{"taxonomy":"product_brand","embeddable":true,"href":"https:\/\/www.generalkinematics.com\/es\/wp-json\/wp\/v2\/product_brand?post=38727"},{"taxonomy":"product_cat","embeddable":true,"href":"https:\/\/www.generalkinematics.com\/es\/wp-json\/wp\/v2\/product_cat?post=38727"},{"taxonomy":"product_tag","embeddable":true,"href":"https:\/\/www.generalkinematics.com\/es\/wp-json\/wp\/v2\/product_tag?post=38727"}],"curies":[{"name":"wp","href":"https:\/\/api.w.org\/{rel}","templated":true}]}}