{"id":38733,"date":"2015-07-26T23:44:41","date_gmt":"2015-07-27T04:44:41","guid":{"rendered":"https:\/\/www.generalkinematics.com\/product\/clasificador-neumatico-de-stoner-de-tres-cuchillas\/"},"modified":"2018-08-31T16:32:36","modified_gmt":"2018-08-31T21:32:36","slug":"clasificador-neumatico-de-stoner-de-tres-cuchillas","status":"publish","type":"product","link":"https:\/\/www.generalkinematics.com\/es\/producto\/clasificador-neumatico-de-stoner-de-tres-cuchillas\/","title":{"rendered":"Clasificador neum\u00e1tico DE-STONER\u00ae de tres cuchillas"},"content":{"rendered":"<p>Para lo mejor en clasificaci\u00f3n neum\u00e1tica para la recuperaci\u00f3n de recursos, el novedoso <strong>clasificador neum\u00e1tico DE-STONER\u00ae de tres cuchillas<\/strong> de General Kinematics. El Clasificador DE-STONER\u00ae de tres cuchillas, crea hasta tres cortes de materiales distintos: pesados, livianos, ultralivianos, para alcanzar niveles m\u00e1ximos de procesamiento y maximizar sus utilidades.<\/p>\n<p>El clasificador neum\u00e1tico DE-STONER\u00ae de tres cuchillas combina la acci\u00f3n vibratoria con corrientes de aire para separar de manera efectiva vol\u00famenes altos con tasas de producci\u00f3n de hasta 7.200 pies c\u00fabicos por hora (200 metros c\u00fabicos por hora). Las corrientes de alta velocidad\/baja presi\u00f3n fluidifican y estratifican el material seg\u00fan la diferencia de la velocidad terminal de las part\u00edculas. Los elementos pesados, por ejemplo, vidrio, metales y piedras, se separan de los elementos livianos como desechos ligeros, papel y pl\u00e1stico. El clasificador neum\u00e1tico DE-STONER\u00ae de tres cuchillas est\u00e1 disponible en tama\u00f1os est\u00e1ndar con anchuras de hasta 72 pulgadas (1.800 mm) con tama\u00f1os personalizados, dise\u00f1ados a la medida de su aplicaci\u00f3n.<\/p>\n<p><u><strong>La parte central de su sistema de clasificaci\u00f3n<\/strong><\/u><\/p>\n<ul>\n<li>La acci\u00f3n vibratoria mueve el material, produciendo el asentamiento del material de alta densidad en el fondo de la corriente de flujo.<\/li>\n<li>La secci\u00f3n opcional de cribado separa las part\u00edculas seg\u00fan el tama\u00f1o para optimizar el procesamiento.<\/li>\n<li>La secci\u00f3n de fluidizaci\u00f3n dirige el aire a trav\u00e9s del flujo de material, crea turbulencia y promueve la estratificaci\u00f3n.<\/li>\n<li>El material pasa sobre la cuchilla de aire, donde los pesados pasan a trav\u00e9s del chorro al canal de descarga.<\/li>\n<li>El material de densidad marginal cae sobre la placa de ca\u00edda ajustable y se recombina con los pesados.<\/li>\n<li>Los materiales livianos se llevan m\u00e1s all\u00e1 de la placa de ca\u00edda y se descargar en el extremo del clasificador neum\u00e1tico DE-STONER\u00ae.<\/li>\n<li>Los materiales ultralivianos como papel y pel\u00edcula pl\u00e1stica, se expulsan a la zona de ca\u00edda correspondiente.<\/li>\n<\/ul>\n<p>Los complementos opcionales incluyen la<\/p>\n<p><a href=\"https:\/\/www.generalkinematics.com\/es\/producto\/third-knife-upgrade-dual-knife-de-stoner-2\/\" target=\"_blank\" rel=\"noopener\"><strong>moderna cuchilla de desecho ligero<\/strong><\/a> o las <strong><a href=\"https:\/\/www.generalkinematics.com\/es\/producto\/de-stoner-air-recirculating-systems-2\/\" target=\"_blank\" rel=\"noopener\">cajas de separaci\u00f3n DE-STONER\u00ae<\/a> de GK.<\/strong><\/p>\n<h2>Las aplicaciones de separaci\u00f3n y clasificaci\u00f3n eficaz incluyen:<\/h2>\n<ul>\n<li style=\"list-style-type: none;\">\n<ul>\n<li style=\"list-style-type: none;\">\n<ul>\n<li style=\"list-style-type: none;\">\n<ul>\n<li>Materiales de construcci\u00f3n y demolici\u00f3n (CyD)<\/li>\n<li>Vidrio<\/li>\n<li>Combustible derivado de residuos (CDR)<\/li>\n<li>Materiales combinados<\/li>\n<li>Residuos s\u00f3lidos urbanos (RSU) desmenuzados<\/li>\n<li>ASR<\/li>\n<li>Combustible de biomasa<\/li>\n<\/ul>\n<\/li>\n<\/ul>\n<\/li>\n<\/ul>\n<\/li>\n<\/ul>\n<p>&nbsp;<\/p>\n<h2>Caracter\u00edsticas:<\/h2>\n<ul>\n<li style=\"list-style-type: none;\">\n<ul>\n<li style=\"list-style-type: none;\">\n<ul>\n<li>El clasificador neum\u00e1tico DE-STONER\u00ae usa aire para separar producto pesado de producto liviano.<\/li>\n<li>Se eliminan los riesgos ambientales asociados con la separaci\u00f3n con agua, junto con los problemas inherentes.<\/li>\n<li>F\u00e1cilmente ajustable para afinar la separaci\u00f3n de productos.<\/li>\n<li>Adaptable para una amplia variedad de productos.<\/li>\n<li>Virtualmente a prueba de atascos. Ninguna pieza m\u00f3vil hace contacto con el flujo de material.<\/li>\n<li>Baja demanda energ\u00e9tica el motor de baja potencia y el dise\u00f1o comprobado de masa doble de GK.<\/li>\n<li>Su dise\u00f1o completamente aislado, minimiza los requisitos de cimentaci\u00f3n.<\/li>\n<li>Construcci\u00f3n duradera y para trabajo pesado<\/li>\n<\/ul>\n<\/li>\n<\/ul>\n<\/li>\n<\/ul>\n","protected":false},"excerpt":{"rendered":"<p>Para lo mejor en clasificaci\u00f3n neum\u00e1tica para la recuperaci\u00f3n de recursos, el novedoso clasificador neum\u00e1tico DE-STONER\u00ae de tres cuchillas de General Kinematics. El Clasificador DE-STONER\u00ae de tres cuchillas, crea hasta tres cortes de materiales distintos: pesados, livianos, ultralivianos, para alcanzar niveles m\u00e1ximos de procesamiento y maximizar sus utilidades. El clasificador neum\u00e1tico DE-STONER\u00ae de tres cuchillas [&hellip;]<\/p>\n","protected":false},"featured_media":23768,"comment_status":"closed","ping_status":"closed","template":"","meta":{"_acf_changed":false,"om_disable_all_campaigns":false,"ep_exclude_from_search":false},"product_brand":[],"product_cat":[1819],"product_tag":[],"class_list":{"0":"post-38733","1":"product","2":"type-product","3":"status-publish","4":"has-post-thumbnail","6":"casestudytag-destoner-es","7":"product_cat-controles-y-monitoreo","9":"first","10":"instock","11":"taxable","12":"shipping-taxable","13":"product-type-simple"},"acf":[],"yoast_head":"<!-- This site is optimized with the Yoast SEO plugin v27.2 - https:\/\/yoast.com\/product\/yoast-seo-wordpress\/ -->\n<title>Clasificador neum\u00e1tico DE-STONER\u00ae de tres cuchillas | General Kinematics<\/title>\n<meta name=\"robots\" content=\"index, follow, max-snippet:-1, max-image-preview:large, max-video-preview:-1\" \/>\n<link rel=\"canonical\" href=\"https:\/\/www.generalkinematics.com\/es\/producto\/clasificador-neumatico-de-stoner-de-tres-cuchillas\/\" \/>\n<meta property=\"og:locale\" content=\"es_ES\" \/>\n<meta property=\"og:type\" content=\"article\" \/>\n<meta property=\"og:title\" content=\"Clasificador neum\u00e1tico DE-STONER\u00ae de tres cuchillas | General Kinematics\" \/>\n<meta property=\"og:description\" content=\"Para lo mejor en clasificaci\u00f3n neum\u00e1tica para la recuperaci\u00f3n de recursos, el novedoso clasificador neum\u00e1tico DE-STONER\u00ae de tres cuchillas de General Kinematics. El Clasificador DE-STONER\u00ae de tres cuchillas, crea hasta tres cortes de materiales distintos: pesados, livianos, ultralivianos, para alcanzar niveles m\u00e1ximos de procesamiento y maximizar sus utilidades. El clasificador neum\u00e1tico DE-STONER\u00ae de tres cuchillas [&hellip;]\" \/>\n<meta property=\"og:url\" content=\"https:\/\/www.generalkinematics.com\/es\/producto\/clasificador-neumatico-de-stoner-de-tres-cuchillas\/\" \/>\n<meta property=\"og:site_name\" content=\"General Kinematics\" \/>\n<meta property=\"article:publisher\" content=\"https:\/\/www.facebook.com\/generalkinematics\" \/>\n<meta property=\"article:modified_time\" content=\"2018-08-31T21:32:36+00:00\" \/>\n<meta property=\"og:image\" content=\"https:\/\/www.generalkinematics.com\/wp-content\/uploads\/2015\/07\/C10131-5.jpg\" \/>\n\t<meta property=\"og:image:width\" content=\"2592\" \/>\n\t<meta property=\"og:image:height\" content=\"1944\" \/>\n\t<meta property=\"og:image:type\" content=\"image\/jpeg\" \/>\n<meta name=\"twitter:card\" content=\"summary_large_image\" \/>\n<meta name=\"twitter:site\" content=\"@gkvibrating\" \/>\n<meta name=\"twitter:label1\" content=\"Tiempo de lectura\" \/>\n\t<meta name=\"twitter:data1\" content=\"2 minutos\" \/>\n<!-- \/ Yoast SEO plugin. -->","yoast_head_json":{"title":"Clasificador neum\u00e1tico DE-STONER\u00ae de tres cuchillas | General Kinematics","robots":{"index":"index","follow":"follow","max-snippet":"max-snippet:-1","max-image-preview":"max-image-preview:large","max-video-preview":"max-video-preview:-1"},"canonical":"https:\/\/www.generalkinematics.com\/es\/producto\/clasificador-neumatico-de-stoner-de-tres-cuchillas\/","og_locale":"es_ES","og_type":"article","og_title":"Clasificador neum\u00e1tico DE-STONER\u00ae de tres cuchillas | General Kinematics","og_description":"Para lo mejor en clasificaci\u00f3n neum\u00e1tica para la recuperaci\u00f3n de recursos, el novedoso clasificador neum\u00e1tico DE-STONER\u00ae de tres cuchillas de General Kinematics. El Clasificador DE-STONER\u00ae de tres cuchillas, crea hasta tres cortes de materiales distintos: pesados, livianos, ultralivianos, para alcanzar niveles m\u00e1ximos de procesamiento y maximizar sus utilidades. El clasificador neum\u00e1tico DE-STONER\u00ae de tres cuchillas [&hellip;]","og_url":"https:\/\/www.generalkinematics.com\/es\/producto\/clasificador-neumatico-de-stoner-de-tres-cuchillas\/","og_site_name":"General Kinematics","article_publisher":"https:\/\/www.facebook.com\/generalkinematics","article_modified_time":"2018-08-31T21:32:36+00:00","og_image":[{"width":2592,"height":1944,"url":"https:\/\/www.generalkinematics.com\/wp-content\/uploads\/2015\/07\/C10131-5.jpg","type":"image\/jpeg"}],"twitter_card":"summary_large_image","twitter_site":"@gkvibrating","twitter_misc":{"Tiempo de lectura":"2 minutos"},"schema":{"@context":"https:\/\/schema.org","@graph":[{"@type":"WebPage","@id":"https:\/\/www.generalkinematics.com\/es\/producto\/clasificador-neumatico-de-stoner-de-tres-cuchillas\/","url":"https:\/\/www.generalkinematics.com\/es\/producto\/clasificador-neumatico-de-stoner-de-tres-cuchillas\/","name":"Clasificador neum\u00e1tico DE-STONER\u00ae de tres cuchillas | General Kinematics","isPartOf":{"@id":"https:\/\/www.generalkinematics.com\/es\/#website"},"primaryImageOfPage":{"@id":"https:\/\/www.generalkinematics.com\/es\/producto\/clasificador-neumatico-de-stoner-de-tres-cuchillas\/#primaryimage"},"image":{"@id":"https:\/\/www.generalkinematics.com\/es\/producto\/clasificador-neumatico-de-stoner-de-tres-cuchillas\/#primaryimage"},"thumbnailUrl":"https:\/\/media.generalkinematics.com\/wp-content\/uploads\/2015\/07\/C10131-5.jpg","datePublished":"2015-07-27T04:44:41+00:00","dateModified":"2018-08-31T21:32:36+00:00","breadcrumb":{"@id":"https:\/\/www.generalkinematics.com\/es\/producto\/clasificador-neumatico-de-stoner-de-tres-cuchillas\/#breadcrumb"},"inLanguage":"es","potentialAction":[{"@type":"ReadAction","target":["https:\/\/www.generalkinematics.com\/es\/producto\/clasificador-neumatico-de-stoner-de-tres-cuchillas\/"]}]},{"@type":"ImageObject","inLanguage":"es","@id":"https:\/\/www.generalkinematics.com\/es\/producto\/clasificador-neumatico-de-stoner-de-tres-cuchillas\/#primaryimage","url":"https:\/\/media.generalkinematics.com\/wp-content\/uploads\/2015\/07\/C10131-5.jpg","contentUrl":"https:\/\/media.generalkinematics.com\/wp-content\/uploads\/2015\/07\/C10131-5.jpg","width":2500,"height":1875,"caption":"general-kinematics-destoner"},{"@type":"BreadcrumbList","@id":"https:\/\/www.generalkinematics.com\/es\/producto\/clasificador-neumatico-de-stoner-de-tres-cuchillas\/#breadcrumb","itemListElement":[{"@type":"ListItem","position":1,"name":"GK Home","item":"https:\/\/www.generalkinematics.com\/es\/"},{"@type":"ListItem","position":2,"name":"Shop","item":"https:\/\/www.generalkinematics.com\/shop\/"},{"@type":"ListItem","position":3,"name":"Clasificador neum\u00e1tico DE-STONER\u00ae de tres cuchillas"}]},{"@type":"WebSite","@id":"https:\/\/www.generalkinematics.com\/es\/#website","url":"https:\/\/www.generalkinematics.com\/es\/","name":"General Kinematics","description":"","publisher":{"@id":"https:\/\/www.generalkinematics.com\/es\/#organization"},"potentialAction":[{"@type":"SearchAction","target":{"@type":"EntryPoint","urlTemplate":"https:\/\/www.generalkinematics.com\/es\/?s={search_term_string}"},"query-input":{"@type":"PropertyValueSpecification","valueRequired":true,"valueName":"search_term_string"}}],"inLanguage":"es"},{"@type":"Organization","@id":"https:\/\/www.generalkinematics.com\/es\/#organization","name":"General Kinematics","url":"https:\/\/www.generalkinematics.com\/es\/","logo":{"@type":"ImageObject","inLanguage":"es","@id":"https:\/\/www.generalkinematics.com\/es\/#\/schema\/logo\/image\/","url":"https:\/\/media.generalkinematics.com\/wp-content\/uploads\/2018\/03\/logo.png","contentUrl":"https:\/\/media.generalkinematics.com\/wp-content\/uploads\/2018\/03\/logo.png","width":313,"height":100,"caption":"General Kinematics"},"image":{"@id":"https:\/\/www.generalkinematics.com\/es\/#\/schema\/logo\/image\/"},"sameAs":["https:\/\/www.facebook.com\/generalkinematics","https:\/\/x.com\/gkvibrating"]}]}},"_links":{"self":[{"href":"https:\/\/www.generalkinematics.com\/es\/wp-json\/wp\/v2\/product\/38733","targetHints":{"allow":["GET"]}}],"collection":[{"href":"https:\/\/www.generalkinematics.com\/es\/wp-json\/wp\/v2\/product"}],"about":[{"href":"https:\/\/www.generalkinematics.com\/es\/wp-json\/wp\/v2\/types\/product"}],"replies":[{"embeddable":true,"href":"https:\/\/www.generalkinematics.com\/es\/wp-json\/wp\/v2\/comments?post=38733"}],"wp:featuredmedia":[{"embeddable":true,"href":"https:\/\/www.generalkinematics.com\/es\/wp-json\/wp\/v2\/media\/23768"}],"wp:attachment":[{"href":"https:\/\/www.generalkinematics.com\/es\/wp-json\/wp\/v2\/media?parent=38733"}],"wp:term":[{"taxonomy":"product_brand","embeddable":true,"href":"https:\/\/www.generalkinematics.com\/es\/wp-json\/wp\/v2\/product_brand?post=38733"},{"taxonomy":"product_cat","embeddable":true,"href":"https:\/\/www.generalkinematics.com\/es\/wp-json\/wp\/v2\/product_cat?post=38733"},{"taxonomy":"product_tag","embeddable":true,"href":"https:\/\/www.generalkinematics.com\/es\/wp-json\/wp\/v2\/product_tag?post=38733"}],"curies":[{"name":"wp","href":"https:\/\/api.w.org\/{rel}","templated":true}]}}