{"id":38740,"date":"2015-07-26T23:54:50","date_gmt":"2015-07-27T04:54:50","guid":{"rendered":"https:\/\/www.generalkinematics.com\/product\/activador-alimentador-un-coaler-para-madera\/"},"modified":"2018-08-30T22:47:03","modified_gmt":"2018-08-31T03:47:03","slug":"activador-alimentador-un-coaler-para-madera","status":"publish","type":"product","link":"https:\/\/www.generalkinematics.com\/es\/producto\/activador-alimentador-un-coaler-para-madera\/","title":{"rendered":"Activador \/ Alimentador UN-COALER\u00ae para madera"},"content":{"rendered":"<p>El <strong>activador\/alimentador UN-COALER\u00ae<\/strong> de General Kinematics es una soluci\u00f3n de vanguardia para alimentar y medir materiales. La unidad UN-COALER\u00ae combina el desempe\u00f1o de la alimentaci\u00f3n vibratoria con el beneficio del control de flujo integrado.<\/p>\n<p>Una unidad 3 en 1, el activador\/alimentador UN-COALER\u00ae combina efectivamente dos alimentadores vibratorios y la activaci\u00f3n de pila en una sola unidad integral. El control de flujo preciso se puede ajustar el\u00e9ctricamente a trav\u00e9s de un VFD, o en forma neum\u00e1tica utilizando las ruedas de fuerza variable (VF) de General Kinematics. Debido a que la unidad descarga el material en direcci\u00f3n vertical a la cinta transportadora que est\u00e1 debajo, la carga se centra siempre y es sim\u00e9trica. Esta caracter\u00edstica ayuda a eliminar los problemas de formaci\u00f3n de marcas en la banda que son comunes en los sistemas de alimentaci\u00f3n lateral. El activador\/alimentador UN-COALER\u00ae tambi\u00e9n ayuda a eliminar el puenteado y otros problemas que se presentan con otras opciones de medici\u00f3n. Disponibilidad de tama\u00f1os est\u00e1ndar y especialmente dise\u00f1ados.<\/p>\n<p>La acci\u00f3n vibratoria del alimentador\/activador UN-COALER\u00ae mide y procesa suavemente los gr\u00e1nulos de madera sin da\u00f1ar los gr\u00e1nulos.<\/p>\n<h2>CARACTER\u00cdSTICAS:<\/h2>\n<ul>\n<li>Acci\u00f3n suave de medici\u00f3n para materiales fr\u00e1giles como los gr\u00e1nulos de madera.<\/li>\n<li>3 en 1: Combina dos alimentadores vibratorios con un activador de pila.<\/li>\n<li>Dise\u00f1o de espacio superior bajo para los requisitos de instalaciones reducidas.<\/li>\n<li>No se necesitan compuertas.<\/li>\n<li>Carga sim\u00e9trica y centrada.<\/li>\n<li>Elimina el puenteado.<\/li>\n<\/ul>\n","protected":false},"excerpt":{"rendered":"<p>El activador\/alimentador UN-COALER\u00ae de General Kinematics es una soluci\u00f3n de vanguardia para alimentar y medir materiales. La unidad UN-COALER\u00ae combina el desempe\u00f1o de la alimentaci\u00f3n vibratoria con el beneficio del control de flujo integrado. Una unidad 3 en 1, el activador\/alimentador UN-COALER\u00ae combina efectivamente dos alimentadores vibratorios y la activaci\u00f3n de pila en una sola [&hellip;]<\/p>\n","protected":false},"featured_media":25184,"comment_status":"closed","ping_status":"closed","template":"","meta":{"_acf_changed":false,"om_disable_all_campaigns":false,"ep_exclude_from_search":false},"product_brand":[],"product_cat":[1874],"product_tag":[],"class_list":{"0":"post-38740","1":"product","2":"type-product","3":"status-publish","4":"has-post-thumbnail","6":"product_cat-equipos-de-manejo-de-madera-forestal","8":"first","9":"instock","10":"taxable","11":"shipping-taxable","12":"product-type-simple"},"acf":[],"yoast_head":"<!-- This site is optimized with the Yoast SEO plugin v27.2 - https:\/\/yoast.com\/product\/yoast-seo-wordpress\/ -->\n<title>Activador \/ Alimentador UN-COALER\u00ae para madera | General Kinematics<\/title>\n<meta name=\"robots\" content=\"index, follow, max-snippet:-1, max-image-preview:large, max-video-preview:-1\" \/>\n<link rel=\"canonical\" href=\"https:\/\/www.generalkinematics.com\/es\/producto\/activador-alimentador-un-coaler-para-madera\/\" \/>\n<meta property=\"og:locale\" content=\"es_ES\" \/>\n<meta property=\"og:type\" content=\"article\" \/>\n<meta property=\"og:title\" content=\"Activador \/ Alimentador UN-COALER\u00ae para madera | General Kinematics\" \/>\n<meta property=\"og:description\" content=\"El activador\/alimentador UN-COALER\u00ae de General Kinematics es una soluci\u00f3n de vanguardia para alimentar y medir materiales. La unidad UN-COALER\u00ae combina el desempe\u00f1o de la alimentaci\u00f3n vibratoria con el beneficio del control de flujo integrado. Una unidad 3 en 1, el activador\/alimentador UN-COALER\u00ae combina efectivamente dos alimentadores vibratorios y la activaci\u00f3n de pila en una sola [&hellip;]\" \/>\n<meta property=\"og:url\" content=\"https:\/\/www.generalkinematics.com\/es\/producto\/activador-alimentador-un-coaler-para-madera\/\" \/>\n<meta property=\"og:site_name\" content=\"General Kinematics\" \/>\n<meta property=\"article:publisher\" content=\"https:\/\/www.facebook.com\/generalkinematics\" \/>\n<meta property=\"article:modified_time\" content=\"2018-08-31T03:47:03+00:00\" \/>\n<meta property=\"og:image\" content=\"https:\/\/media.generalkinematics.com\/wp-content\/uploads\/2015\/07\/IMG_0840.jpg\" \/>\n\t<meta property=\"og:image:width\" content=\"2500\" \/>\n\t<meta property=\"og:image:height\" content=\"1875\" \/>\n\t<meta property=\"og:image:type\" content=\"image\/jpeg\" \/>\n<meta name=\"twitter:card\" content=\"summary_large_image\" \/>\n<meta name=\"twitter:site\" content=\"@gkvibrating\" \/>\n<meta name=\"twitter:label1\" content=\"Tiempo de lectura\" \/>\n\t<meta name=\"twitter:data1\" content=\"1 minuto\" \/>\n<!-- \/ Yoast SEO plugin. -->","yoast_head_json":{"title":"Activador \/ Alimentador UN-COALER\u00ae para madera | General Kinematics","robots":{"index":"index","follow":"follow","max-snippet":"max-snippet:-1","max-image-preview":"max-image-preview:large","max-video-preview":"max-video-preview:-1"},"canonical":"https:\/\/www.generalkinematics.com\/es\/producto\/activador-alimentador-un-coaler-para-madera\/","og_locale":"es_ES","og_type":"article","og_title":"Activador \/ Alimentador UN-COALER\u00ae para madera | General Kinematics","og_description":"El activador\/alimentador UN-COALER\u00ae de General Kinematics es una soluci\u00f3n de vanguardia para alimentar y medir materiales. La unidad UN-COALER\u00ae combina el desempe\u00f1o de la alimentaci\u00f3n vibratoria con el beneficio del control de flujo integrado. Una unidad 3 en 1, el activador\/alimentador UN-COALER\u00ae combina efectivamente dos alimentadores vibratorios y la activaci\u00f3n de pila en una sola [&hellip;]","og_url":"https:\/\/www.generalkinematics.com\/es\/producto\/activador-alimentador-un-coaler-para-madera\/","og_site_name":"General Kinematics","article_publisher":"https:\/\/www.facebook.com\/generalkinematics","article_modified_time":"2018-08-31T03:47:03+00:00","og_image":[{"width":2500,"height":1875,"url":"https:\/\/media.generalkinematics.com\/wp-content\/uploads\/2015\/07\/IMG_0840.jpg","type":"image\/jpeg"}],"twitter_card":"summary_large_image","twitter_site":"@gkvibrating","twitter_misc":{"Tiempo de lectura":"1 minuto"},"schema":{"@context":"https:\/\/schema.org","@graph":[{"@type":"WebPage","@id":"https:\/\/www.generalkinematics.com\/es\/producto\/activador-alimentador-un-coaler-para-madera\/","url":"https:\/\/www.generalkinematics.com\/es\/producto\/activador-alimentador-un-coaler-para-madera\/","name":"Activador \/ Alimentador UN-COALER\u00ae para madera | General Kinematics","isPartOf":{"@id":"https:\/\/www.generalkinematics.com\/es\/#website"},"primaryImageOfPage":{"@id":"https:\/\/www.generalkinematics.com\/es\/producto\/activador-alimentador-un-coaler-para-madera\/#primaryimage"},"image":{"@id":"https:\/\/www.generalkinematics.com\/es\/producto\/activador-alimentador-un-coaler-para-madera\/#primaryimage"},"thumbnailUrl":"https:\/\/media.generalkinematics.com\/wp-content\/uploads\/2015\/07\/IMG_0840.jpg","datePublished":"2015-07-27T04:54:50+00:00","dateModified":"2018-08-31T03:47:03+00:00","breadcrumb":{"@id":"https:\/\/www.generalkinematics.com\/es\/producto\/activador-alimentador-un-coaler-para-madera\/#breadcrumb"},"inLanguage":"es","potentialAction":[{"@type":"ReadAction","target":["https:\/\/www.generalkinematics.com\/es\/producto\/activador-alimentador-un-coaler-para-madera\/"]}]},{"@type":"ImageObject","inLanguage":"es","@id":"https:\/\/www.generalkinematics.com\/es\/producto\/activador-alimentador-un-coaler-para-madera\/#primaryimage","url":"https:\/\/media.generalkinematics.com\/wp-content\/uploads\/2015\/07\/IMG_0840.jpg","contentUrl":"https:\/\/media.generalkinematics.com\/wp-content\/uploads\/2015\/07\/IMG_0840.jpg","width":2500,"height":1875,"caption":"general-kinematics-uncoaler"},{"@type":"BreadcrumbList","@id":"https:\/\/www.generalkinematics.com\/es\/producto\/activador-alimentador-un-coaler-para-madera\/#breadcrumb","itemListElement":[{"@type":"ListItem","position":1,"name":"GK Home","item":"https:\/\/www.generalkinematics.com\/es\/"},{"@type":"ListItem","position":2,"name":"Shop","item":"https:\/\/www.generalkinematics.com\/shop\/"},{"@type":"ListItem","position":3,"name":"Activador \/ Alimentador UN-COALER\u00ae para madera"}]},{"@type":"WebSite","@id":"https:\/\/www.generalkinematics.com\/es\/#website","url":"https:\/\/www.generalkinematics.com\/es\/","name":"General Kinematics","description":"","publisher":{"@id":"https:\/\/www.generalkinematics.com\/es\/#organization"},"potentialAction":[{"@type":"SearchAction","target":{"@type":"EntryPoint","urlTemplate":"https:\/\/www.generalkinematics.com\/es\/?s={search_term_string}"},"query-input":{"@type":"PropertyValueSpecification","valueRequired":true,"valueName":"search_term_string"}}],"inLanguage":"es"},{"@type":"Organization","@id":"https:\/\/www.generalkinematics.com\/es\/#organization","name":"General Kinematics","url":"https:\/\/www.generalkinematics.com\/es\/","logo":{"@type":"ImageObject","inLanguage":"es","@id":"https:\/\/www.generalkinematics.com\/es\/#\/schema\/logo\/image\/","url":"https:\/\/media.generalkinematics.com\/wp-content\/uploads\/2018\/03\/logo.png","contentUrl":"https:\/\/media.generalkinematics.com\/wp-content\/uploads\/2018\/03\/logo.png","width":313,"height":100,"caption":"General Kinematics"},"image":{"@id":"https:\/\/www.generalkinematics.com\/es\/#\/schema\/logo\/image\/"},"sameAs":["https:\/\/www.facebook.com\/generalkinematics","https:\/\/x.com\/gkvibrating"]}]}},"_links":{"self":[{"href":"https:\/\/www.generalkinematics.com\/es\/wp-json\/wp\/v2\/product\/38740","targetHints":{"allow":["GET"]}}],"collection":[{"href":"https:\/\/www.generalkinematics.com\/es\/wp-json\/wp\/v2\/product"}],"about":[{"href":"https:\/\/www.generalkinematics.com\/es\/wp-json\/wp\/v2\/types\/product"}],"replies":[{"embeddable":true,"href":"https:\/\/www.generalkinematics.com\/es\/wp-json\/wp\/v2\/comments?post=38740"}],"wp:featuredmedia":[{"embeddable":true,"href":"https:\/\/www.generalkinematics.com\/es\/wp-json\/wp\/v2\/media\/25184"}],"wp:attachment":[{"href":"https:\/\/www.generalkinematics.com\/es\/wp-json\/wp\/v2\/media?parent=38740"}],"wp:term":[{"taxonomy":"product_brand","embeddable":true,"href":"https:\/\/www.generalkinematics.com\/es\/wp-json\/wp\/v2\/product_brand?post=38740"},{"taxonomy":"product_cat","embeddable":true,"href":"https:\/\/www.generalkinematics.com\/es\/wp-json\/wp\/v2\/product_cat?post=38740"},{"taxonomy":"product_tag","embeddable":true,"href":"https:\/\/www.generalkinematics.com\/es\/wp-json\/wp\/v2\/product_tag?post=38740"}],"curies":[{"name":"wp","href":"https:\/\/api.w.org\/{rel}","templated":true}]}}