{"id":38744,"date":"2015-07-26T23:58:34","date_gmt":"2015-07-27T04:58:34","guid":{"rendered":"https:\/\/www.generalkinematics.com\/product\/osciladores-de-molinos-bajos\/"},"modified":"2018-08-30T22:57:59","modified_gmt":"2018-08-31T03:57:59","slug":"osciladores-de-molinos-bajos","status":"publish","type":"product","link":"https:\/\/www.generalkinematics.com\/es\/producto\/osciladores-de-molinos-bajos\/","title":{"rendered":"Osciladores de molinos bajos"},"content":{"rendered":"<p>Como la primera pieza de equipo despu\u00e9s de la trituradora, un oscilador de molino bajo (UMO, por sus siglas en ingl\u00e9s) es una m\u00e1quina integral que debe ser confiable, segura y lo suficientemente resistente para resistir las exigencias de alto impacto y del flujo de procesamiento de la trituradora.<\/p>\n<p>Los UMO de General Kinematics est\u00e1n dise\u00f1ados con refuerzos adicionales estructurales y de entramado que garantizan la integridad plena que resiste las condiciones severas presentes en las trituradoras autom\u00e1ticas que van debajo. Adem\u00e1s, los UMO de GK proporcionan transporte constante en todas las diferentes cargas pico. Espec\u00edficamente dise\u00f1ados para esta aplicaci\u00f3n, la combinaci\u00f3n de las unidades SYNCRO-SHEAR\u00ae con el conjunto de trasmisi\u00f3n SYNCRO-CUSHION\u2122 de GK, aporta estabilidad lateral y paradas de reducci\u00f3n para resistir la fuerza de incluso las explosiones de mayor intensidad sin causar da\u00f1os a la cinta transportadora.<\/p>\n<p>GK trabaja frecuentemente con los integradores de sistemas de todo el mundo para poder ofrecer la mejor soluci\u00f3n para las aplicaciones m\u00e1s exigentes. Los osciladores de molinos bajos de GK han demostrado su confiabilidad y desempe\u00f1o, con instalaciones que llevan funcionando m\u00e1s de 20 a\u00f1os. Ll\u00e1menos hoy mismo para modernizar o reemplazar su UMO actual.<\/p>\n<h2>Caracter\u00edsticas:<\/h2>\n<ul>\n<li>Revestimientos extra gruesos de la bandeja en las zonas de impacto.<\/li>\n<li>Dise\u00f1os de bandeja ensanchada para minimizar los atascamientos y mayor fluidez.<\/li>\n<li>Reductores estructurales para evitar el recorrido excesivo de la bandeja ocasionado por la sobrecarga, las explosiones o los impactos de alta intensidad.<\/li>\n<li>Sistema de resortes SYNCRO-SHEAR\u00ae para proporcionar estabilidad lateral en todas las fases de la operaci\u00f3n.<\/li>\n<li>Transmisi\u00f3n SYNCRO-CUSHION\u2122 montada en la parte posterior para mayor confiabilidad y facilidad de acceso.<\/li>\n<li>Puntos de acceso para la lubricaci\u00f3n convenientemente centralizados para el mantenimiento rutinario de los rodamientos.<\/li>\n<\/ul>\n","protected":false},"excerpt":{"rendered":"<p>Como la primera pieza de equipo despu\u00e9s de la trituradora, un oscilador de molino bajo (UMO, por sus siglas en ingl\u00e9s) es una m\u00e1quina integral que debe ser confiable, segura y lo suficientemente resistente para resistir las exigencias de alto impacto y del flujo de procesamiento de la trituradora. Los UMO de General Kinematics est\u00e1n [&hellip;]<\/p>\n","protected":false},"featured_media":24716,"comment_status":"closed","ping_status":"closed","template":"","meta":{"_acf_changed":false,"om_disable_all_campaigns":false,"ep_exclude_from_search":false},"product_brand":[],"product_cat":[1876],"product_tag":[],"class_list":{"0":"post-38744","1":"product","2":"type-product","3":"status-publish","4":"has-post-thumbnail","6":"casestudytag-umo-es","7":"product_cat-equipo-de-procesamiento-de-desechos","9":"first","10":"instock","11":"taxable","12":"shipping-taxable","13":"product-type-simple"},"acf":[],"yoast_head":"<!-- This site is optimized with the Yoast SEO plugin v27.2 - https:\/\/yoast.com\/product\/yoast-seo-wordpress\/ -->\n<title>Osciladores de molinos bajos | General Kinematics<\/title>\n<meta name=\"robots\" content=\"index, follow, max-snippet:-1, max-image-preview:large, max-video-preview:-1\" \/>\n<link rel=\"canonical\" href=\"https:\/\/www.generalkinematics.com\/es\/producto\/osciladores-de-molinos-bajos\/\" \/>\n<meta property=\"og:locale\" content=\"es_ES\" \/>\n<meta property=\"og:type\" content=\"article\" \/>\n<meta property=\"og:title\" content=\"Osciladores de molinos bajos | General Kinematics\" \/>\n<meta property=\"og:description\" content=\"Como la primera pieza de equipo despu\u00e9s de la trituradora, un oscilador de molino bajo (UMO, por sus siglas en ingl\u00e9s) es una m\u00e1quina integral que debe ser confiable, segura y lo suficientemente resistente para resistir las exigencias de alto impacto y del flujo de procesamiento de la trituradora. Los UMO de General Kinematics est\u00e1n [&hellip;]\" \/>\n<meta property=\"og:url\" content=\"https:\/\/www.generalkinematics.com\/es\/producto\/osciladores-de-molinos-bajos\/\" \/>\n<meta property=\"og:site_name\" content=\"General Kinematics\" \/>\n<meta property=\"article:publisher\" content=\"https:\/\/www.facebook.com\/generalkinematics\" \/>\n<meta property=\"article:modified_time\" content=\"2018-08-31T03:57:59+00:00\" \/>\n<meta property=\"og:image\" content=\"https:\/\/media.generalkinematics.com\/wp-content\/uploads\/2015\/07\/My-Pictures0053.jpg\" \/>\n\t<meta property=\"og:image:width\" content=\"2160\" \/>\n\t<meta property=\"og:image:height\" content=\"1440\" \/>\n\t<meta property=\"og:image:type\" content=\"image\/jpeg\" \/>\n<meta name=\"twitter:card\" content=\"summary_large_image\" \/>\n<meta name=\"twitter:site\" content=\"@gkvibrating\" \/>\n<meta name=\"twitter:label1\" content=\"Tiempo de lectura\" \/>\n\t<meta name=\"twitter:data1\" content=\"2 minutos\" \/>\n<!-- \/ Yoast SEO plugin. -->","yoast_head_json":{"title":"Osciladores de molinos bajos | General Kinematics","robots":{"index":"index","follow":"follow","max-snippet":"max-snippet:-1","max-image-preview":"max-image-preview:large","max-video-preview":"max-video-preview:-1"},"canonical":"https:\/\/www.generalkinematics.com\/es\/producto\/osciladores-de-molinos-bajos\/","og_locale":"es_ES","og_type":"article","og_title":"Osciladores de molinos bajos | General Kinematics","og_description":"Como la primera pieza de equipo despu\u00e9s de la trituradora, un oscilador de molino bajo (UMO, por sus siglas en ingl\u00e9s) es una m\u00e1quina integral que debe ser confiable, segura y lo suficientemente resistente para resistir las exigencias de alto impacto y del flujo de procesamiento de la trituradora. Los UMO de General Kinematics est\u00e1n [&hellip;]","og_url":"https:\/\/www.generalkinematics.com\/es\/producto\/osciladores-de-molinos-bajos\/","og_site_name":"General Kinematics","article_publisher":"https:\/\/www.facebook.com\/generalkinematics","article_modified_time":"2018-08-31T03:57:59+00:00","og_image":[{"width":2160,"height":1440,"url":"https:\/\/media.generalkinematics.com\/wp-content\/uploads\/2015\/07\/My-Pictures0053.jpg","type":"image\/jpeg"}],"twitter_card":"summary_large_image","twitter_site":"@gkvibrating","twitter_misc":{"Tiempo de lectura":"2 minutos"},"schema":{"@context":"https:\/\/schema.org","@graph":[{"@type":"WebPage","@id":"https:\/\/www.generalkinematics.com\/es\/producto\/osciladores-de-molinos-bajos\/","url":"https:\/\/www.generalkinematics.com\/es\/producto\/osciladores-de-molinos-bajos\/","name":"Osciladores de molinos bajos | General Kinematics","isPartOf":{"@id":"https:\/\/www.generalkinematics.com\/es\/#website"},"primaryImageOfPage":{"@id":"https:\/\/www.generalkinematics.com\/es\/producto\/osciladores-de-molinos-bajos\/#primaryimage"},"image":{"@id":"https:\/\/www.generalkinematics.com\/es\/producto\/osciladores-de-molinos-bajos\/#primaryimage"},"thumbnailUrl":"https:\/\/media.generalkinematics.com\/wp-content\/uploads\/2015\/07\/My-Pictures0053.jpg","datePublished":"2015-07-27T04:58:34+00:00","dateModified":"2018-08-31T03:57:59+00:00","breadcrumb":{"@id":"https:\/\/www.generalkinematics.com\/es\/producto\/osciladores-de-molinos-bajos\/#breadcrumb"},"inLanguage":"es","potentialAction":[{"@type":"ReadAction","target":["https:\/\/www.generalkinematics.com\/es\/producto\/osciladores-de-molinos-bajos\/"]}]},{"@type":"ImageObject","inLanguage":"es","@id":"https:\/\/www.generalkinematics.com\/es\/producto\/osciladores-de-molinos-bajos\/#primaryimage","url":"https:\/\/media.generalkinematics.com\/wp-content\/uploads\/2015\/07\/My-Pictures0053.jpg","contentUrl":"https:\/\/media.generalkinematics.com\/wp-content\/uploads\/2015\/07\/My-Pictures0053.jpg","width":2160,"height":1440,"caption":"general-kinematics-undermill-oscillator"},{"@type":"BreadcrumbList","@id":"https:\/\/www.generalkinematics.com\/es\/producto\/osciladores-de-molinos-bajos\/#breadcrumb","itemListElement":[{"@type":"ListItem","position":1,"name":"GK Home","item":"https:\/\/www.generalkinematics.com\/es\/"},{"@type":"ListItem","position":2,"name":"Shop","item":"https:\/\/www.generalkinematics.com\/shop\/"},{"@type":"ListItem","position":3,"name":"Osciladores de molinos bajos"}]},{"@type":"WebSite","@id":"https:\/\/www.generalkinematics.com\/es\/#website","url":"https:\/\/www.generalkinematics.com\/es\/","name":"General Kinematics","description":"","publisher":{"@id":"https:\/\/www.generalkinematics.com\/es\/#organization"},"potentialAction":[{"@type":"SearchAction","target":{"@type":"EntryPoint","urlTemplate":"https:\/\/www.generalkinematics.com\/es\/?s={search_term_string}"},"query-input":{"@type":"PropertyValueSpecification","valueRequired":true,"valueName":"search_term_string"}}],"inLanguage":"es"},{"@type":"Organization","@id":"https:\/\/www.generalkinematics.com\/es\/#organization","name":"General Kinematics","url":"https:\/\/www.generalkinematics.com\/es\/","logo":{"@type":"ImageObject","inLanguage":"es","@id":"https:\/\/www.generalkinematics.com\/es\/#\/schema\/logo\/image\/","url":"https:\/\/media.generalkinematics.com\/wp-content\/uploads\/2018\/03\/logo.png","contentUrl":"https:\/\/media.generalkinematics.com\/wp-content\/uploads\/2018\/03\/logo.png","width":313,"height":100,"caption":"General Kinematics"},"image":{"@id":"https:\/\/www.generalkinematics.com\/es\/#\/schema\/logo\/image\/"},"sameAs":["https:\/\/www.facebook.com\/generalkinematics","https:\/\/x.com\/gkvibrating"]}]}},"_links":{"self":[{"href":"https:\/\/www.generalkinematics.com\/es\/wp-json\/wp\/v2\/product\/38744","targetHints":{"allow":["GET"]}}],"collection":[{"href":"https:\/\/www.generalkinematics.com\/es\/wp-json\/wp\/v2\/product"}],"about":[{"href":"https:\/\/www.generalkinematics.com\/es\/wp-json\/wp\/v2\/types\/product"}],"replies":[{"embeddable":true,"href":"https:\/\/www.generalkinematics.com\/es\/wp-json\/wp\/v2\/comments?post=38744"}],"wp:featuredmedia":[{"embeddable":true,"href":"https:\/\/www.generalkinematics.com\/es\/wp-json\/wp\/v2\/media\/24716"}],"wp:attachment":[{"href":"https:\/\/www.generalkinematics.com\/es\/wp-json\/wp\/v2\/media?parent=38744"}],"wp:term":[{"taxonomy":"product_brand","embeddable":true,"href":"https:\/\/www.generalkinematics.com\/es\/wp-json\/wp\/v2\/product_brand?post=38744"},{"taxonomy":"product_cat","embeddable":true,"href":"https:\/\/www.generalkinematics.com\/es\/wp-json\/wp\/v2\/product_cat?post=38744"},{"taxonomy":"product_tag","embeddable":true,"href":"https:\/\/www.generalkinematics.com\/es\/wp-json\/wp\/v2\/product_tag?post=38744"}],"curies":[{"name":"wp","href":"https:\/\/api.w.org\/{rel}","templated":true}]}}