{"id":38805,"date":"2015-07-27T00:02:45","date_gmt":"2015-07-27T05:02:45","guid":{"rendered":"https:\/\/www.generalkinematics.com\/product\/separador-vibratorio-finger-screen-para-madera\/"},"modified":"2018-08-30T22:48:37","modified_gmt":"2018-08-31T03:48:37","slug":"separador-vibratorio-finger-screen","status":"publish","type":"product","link":"https:\/\/www.generalkinematics.com\/es\/producto\/separador-vibratorio-finger-screen\/","title":{"rendered":"Separador vibratorio FINGER-SCREEN\u2122 para madera"},"content":{"rendered":"<p>El <strong>separador vibratorio no obstruible FINGER-SCREEN\u2122<\/strong> para madera ha demostrado ser extremadamente eficiente en una amplia variedad de aplicaciones que son propensas a los problemas comunes de las superficies convencionales de cribado de malla de alambre.<\/p>\n<p>El desempe\u00f1o superior del procesamiento vibratorio y el movimiento simple a prueba de atascos de nuestro sin igual separador vibratorio FINGER-SCREEN\u2122, permiten obtener un grado de separaci\u00f3n y clasificaci\u00f3n altamente eficiente. El movimiento vibratorio de las unidades esparce uniformemente el material en toda la cubierta para maximizar el grado de eficiencia del proceso de separaci\u00f3n. Las cubiertas de separaci\u00f3n de varios tama\u00f1os mejoran el proceso de clasificaci\u00f3n y la posici\u00f3n de las barras intercaladas ayudan a prevenir el sobrepaso de material. El grado de desempe\u00f1o del proceso de separaci\u00f3n se mejora a medida que el material cae libremente en cascada a trav\u00e9s de la unidad \u2014 con menos \u201catrapamiento\u201d.<\/p>\n<p>El resultado: el material fluye r\u00e1pidamente de manera suave y continua a trav\u00e9s de todo el proceso de separaci\u00f3n y clasificaci\u00f3n.<\/p>\n<p>El separador vibratorio FINGER-SCREEN\u2122 est\u00e1 disponible en tama\u00f1os est\u00e1ndar con anchuras de hasta 96 pulgadas (2.400 mm) y tama\u00f1os personalizados, dise\u00f1ados conforme a su aplicaci\u00f3n.<\/p>\n<p>&nbsp;<\/p>\n<h2>Las aplicaciones de separaci\u00f3n y clasificaci\u00f3n eficaz incluyen:<\/h2>\n<ul>\n<li>Biomasa<\/li>\n<li>Aglomerado de madera<\/li>\n<li>Composta de madera<\/li>\n<li>Residuos vegetales<\/li>\n<li>L\u00e1minas de part\u00edculas orientadas (OSB)<\/li>\n<li>Materiales de jardiner\u00eda<\/li>\n<\/ul>\n<p>&nbsp;<\/p>\n<h2>Caracter\u00edsticas:<\/h2>\n<ul>\n<li>Dimensionamiento tridimensional \u00fanico de los materiales de corteza de madera.<\/li>\n<li>El movimiento vibratorio esparce uniformemente el material para un m\u00e1ximo de eficiencia del proceso de clasificaci\u00f3n.<\/li>\n<li>Barras intercaladas que evitar el sobrepaso del material.<\/li>\n<li>El flujo del material en cascada ayuda a separar el producto atrapado.<\/li>\n<li>Superficie \u00fanica de \u00absalida\u00bb que ayuda a eliminar atrapamientos y obstrucciones.<\/li>\n<li>Las barras c\u00f3nicas clasifican gradualmente y liberan el material atrapado.<\/li>\n<li>El dise\u00f1o de la cubierta inferior abierta permite la \u00abca\u00edda libre\u00bb del material a la cubierta de recolecci\u00f3n inferior.<\/li>\n<li>Dise\u00f1adas a la medida del cliente para satisfacer sus requisitos espec\u00edficos de clasificaci\u00f3n.<\/li>\n<li>La construcci\u00f3n modular de la cubierta permite sustituirla f\u00e1cilmente.<\/li>\n<\/ul>\n","protected":false},"excerpt":{"rendered":"<p>El separador vibratorio no obstruible FINGER-SCREEN\u2122 para madera ha demostrado ser extremadamente eficiente en una amplia variedad de aplicaciones que son propensas a los problemas comunes de las superficies convencionales de cribado de malla de alambre. El desempe\u00f1o superior del procesamiento vibratorio y el movimiento simple a prueba de atascos de nuestro sin igual separador [&hellip;]<\/p>\n","protected":false},"featured_media":27792,"comment_status":"closed","ping_status":"closed","template":"","meta":{"_acf_changed":false,"om_disable_all_campaigns":false,"ep_exclude_from_search":false},"product_brand":[],"product_cat":[1874],"product_tag":[],"class_list":{"0":"post-38805","1":"product","2":"type-product","3":"status-publish","4":"has-post-thumbnail","6":"product_cat-equipos-de-manejo-de-madera-forestal","8":"first","9":"instock","10":"taxable","11":"shipping-taxable","12":"product-type-simple"},"acf":[],"yoast_head":"<!-- This site is optimized with the Yoast SEO plugin v27.2 - https:\/\/yoast.com\/product\/yoast-seo-wordpress\/ -->\n<title>Separador vibratorio FINGER-SCREEN\u2122 para madera | General Kinematics<\/title>\n<meta name=\"robots\" content=\"index, follow, max-snippet:-1, max-image-preview:large, max-video-preview:-1\" \/>\n<link rel=\"canonical\" href=\"https:\/\/www.generalkinematics.com\/es\/producto\/separador-vibratorio-finger-screen\/\" \/>\n<meta property=\"og:locale\" content=\"es_ES\" \/>\n<meta property=\"og:type\" content=\"article\" \/>\n<meta property=\"og:title\" content=\"Separador vibratorio FINGER-SCREEN\u2122 para madera | General Kinematics\" \/>\n<meta property=\"og:description\" content=\"El separador vibratorio no obstruible FINGER-SCREEN\u2122 para madera ha demostrado ser extremadamente eficiente en una amplia variedad de aplicaciones que son propensas a los problemas comunes de las superficies convencionales de cribado de malla de alambre. El desempe\u00f1o superior del procesamiento vibratorio y el movimiento simple a prueba de atascos de nuestro sin igual separador [&hellip;]\" \/>\n<meta property=\"og:url\" content=\"https:\/\/www.generalkinematics.com\/es\/producto\/separador-vibratorio-finger-screen\/\" \/>\n<meta property=\"og:site_name\" content=\"General Kinematics\" \/>\n<meta property=\"article:publisher\" content=\"https:\/\/www.facebook.com\/generalkinematics\" \/>\n<meta property=\"article:modified_time\" content=\"2018-08-31T03:48:37+00:00\" \/>\n<meta property=\"og:image\" content=\"https:\/\/media.generalkinematics.com\/wp-content\/uploads\/2015\/07\/IMG_2878.jpg\" \/>\n\t<meta property=\"og:image:width\" content=\"5184\" \/>\n\t<meta property=\"og:image:height\" content=\"3456\" \/>\n\t<meta property=\"og:image:type\" content=\"image\/jpeg\" \/>\n<meta name=\"twitter:card\" content=\"summary_large_image\" \/>\n<meta name=\"twitter:site\" content=\"@gkvibrating\" \/>\n<meta name=\"twitter:label1\" content=\"Tiempo de lectura\" \/>\n\t<meta name=\"twitter:data1\" content=\"2 minutos\" \/>\n<!-- \/ Yoast SEO plugin. -->","yoast_head_json":{"title":"Separador vibratorio FINGER-SCREEN\u2122 para madera | General Kinematics","robots":{"index":"index","follow":"follow","max-snippet":"max-snippet:-1","max-image-preview":"max-image-preview:large","max-video-preview":"max-video-preview:-1"},"canonical":"https:\/\/www.generalkinematics.com\/es\/producto\/separador-vibratorio-finger-screen\/","og_locale":"es_ES","og_type":"article","og_title":"Separador vibratorio FINGER-SCREEN\u2122 para madera | General Kinematics","og_description":"El separador vibratorio no obstruible FINGER-SCREEN\u2122 para madera ha demostrado ser extremadamente eficiente en una amplia variedad de aplicaciones que son propensas a los problemas comunes de las superficies convencionales de cribado de malla de alambre. El desempe\u00f1o superior del procesamiento vibratorio y el movimiento simple a prueba de atascos de nuestro sin igual separador [&hellip;]","og_url":"https:\/\/www.generalkinematics.com\/es\/producto\/separador-vibratorio-finger-screen\/","og_site_name":"General Kinematics","article_publisher":"https:\/\/www.facebook.com\/generalkinematics","article_modified_time":"2018-08-31T03:48:37+00:00","og_image":[{"width":5184,"height":3456,"url":"https:\/\/media.generalkinematics.com\/wp-content\/uploads\/2015\/07\/IMG_2878.jpg","type":"image\/jpeg"}],"twitter_card":"summary_large_image","twitter_site":"@gkvibrating","twitter_misc":{"Tiempo de lectura":"2 minutos"},"schema":{"@context":"https:\/\/schema.org","@graph":[{"@type":"WebPage","@id":"https:\/\/www.generalkinematics.com\/es\/producto\/separador-vibratorio-finger-screen\/","url":"https:\/\/www.generalkinematics.com\/es\/producto\/separador-vibratorio-finger-screen\/","name":"Separador vibratorio FINGER-SCREEN\u2122 para madera | General Kinematics","isPartOf":{"@id":"https:\/\/www.generalkinematics.com\/es\/#website"},"primaryImageOfPage":{"@id":"https:\/\/www.generalkinematics.com\/es\/producto\/separador-vibratorio-finger-screen\/#primaryimage"},"image":{"@id":"https:\/\/www.generalkinematics.com\/es\/producto\/separador-vibratorio-finger-screen\/#primaryimage"},"thumbnailUrl":"https:\/\/media.generalkinematics.com\/wp-content\/uploads\/2015\/07\/IMG_2878.jpg","datePublished":"2015-07-27T05:02:45+00:00","dateModified":"2018-08-31T03:48:37+00:00","breadcrumb":{"@id":"https:\/\/www.generalkinematics.com\/es\/producto\/separador-vibratorio-finger-screen\/#breadcrumb"},"inLanguage":"es","potentialAction":[{"@type":"ReadAction","target":["https:\/\/www.generalkinematics.com\/es\/producto\/separador-vibratorio-finger-screen\/"]}]},{"@type":"ImageObject","inLanguage":"es","@id":"https:\/\/www.generalkinematics.com\/es\/producto\/separador-vibratorio-finger-screen\/#primaryimage","url":"https:\/\/media.generalkinematics.com\/wp-content\/uploads\/2015\/07\/IMG_2878.jpg","contentUrl":"https:\/\/media.generalkinematics.com\/wp-content\/uploads\/2015\/07\/IMG_2878.jpg","width":2500,"height":1667,"caption":"general-kinematics-finger-screen"},{"@type":"BreadcrumbList","@id":"https:\/\/www.generalkinematics.com\/es\/producto\/separador-vibratorio-finger-screen\/#breadcrumb","itemListElement":[{"@type":"ListItem","position":1,"name":"GK Home","item":"https:\/\/www.generalkinematics.com\/es\/"},{"@type":"ListItem","position":2,"name":"Shop","item":"https:\/\/www.generalkinematics.com\/shop\/"},{"@type":"ListItem","position":3,"name":"Separador vibratorio FINGER-SCREEN\u2122 para madera"}]},{"@type":"WebSite","@id":"https:\/\/www.generalkinematics.com\/es\/#website","url":"https:\/\/www.generalkinematics.com\/es\/","name":"General Kinematics","description":"","publisher":{"@id":"https:\/\/www.generalkinematics.com\/es\/#organization"},"potentialAction":[{"@type":"SearchAction","target":{"@type":"EntryPoint","urlTemplate":"https:\/\/www.generalkinematics.com\/es\/?s={search_term_string}"},"query-input":{"@type":"PropertyValueSpecification","valueRequired":true,"valueName":"search_term_string"}}],"inLanguage":"es"},{"@type":"Organization","@id":"https:\/\/www.generalkinematics.com\/es\/#organization","name":"General Kinematics","url":"https:\/\/www.generalkinematics.com\/es\/","logo":{"@type":"ImageObject","inLanguage":"es","@id":"https:\/\/www.generalkinematics.com\/es\/#\/schema\/logo\/image\/","url":"https:\/\/media.generalkinematics.com\/wp-content\/uploads\/2018\/03\/logo.png","contentUrl":"https:\/\/media.generalkinematics.com\/wp-content\/uploads\/2018\/03\/logo.png","width":313,"height":100,"caption":"General Kinematics"},"image":{"@id":"https:\/\/www.generalkinematics.com\/es\/#\/schema\/logo\/image\/"},"sameAs":["https:\/\/www.facebook.com\/generalkinematics","https:\/\/x.com\/gkvibrating"]}]}},"_links":{"self":[{"href":"https:\/\/www.generalkinematics.com\/es\/wp-json\/wp\/v2\/product\/38805","targetHints":{"allow":["GET"]}}],"collection":[{"href":"https:\/\/www.generalkinematics.com\/es\/wp-json\/wp\/v2\/product"}],"about":[{"href":"https:\/\/www.generalkinematics.com\/es\/wp-json\/wp\/v2\/types\/product"}],"replies":[{"embeddable":true,"href":"https:\/\/www.generalkinematics.com\/es\/wp-json\/wp\/v2\/comments?post=38805"}],"wp:featuredmedia":[{"embeddable":true,"href":"https:\/\/www.generalkinematics.com\/es\/wp-json\/wp\/v2\/media\/27792"}],"wp:attachment":[{"href":"https:\/\/www.generalkinematics.com\/es\/wp-json\/wp\/v2\/media?parent=38805"}],"wp:term":[{"taxonomy":"product_brand","embeddable":true,"href":"https:\/\/www.generalkinematics.com\/es\/wp-json\/wp\/v2\/product_brand?post=38805"},{"taxonomy":"product_cat","embeddable":true,"href":"https:\/\/www.generalkinematics.com\/es\/wp-json\/wp\/v2\/product_cat?post=38805"},{"taxonomy":"product_tag","embeddable":true,"href":"https:\/\/www.generalkinematics.com\/es\/wp-json\/wp\/v2\/product_tag?post=38805"}],"curies":[{"name":"wp","href":"https:\/\/api.w.org\/{rel}","templated":true}]}}