{"id":38812,"date":"2015-07-27T00:09:28","date_gmt":"2015-07-27T05:09:28","guid":{"rendered":"https:\/\/www.generalkinematics.com\/product\/secadores-de-cama-de-fluidos-vibratoria\/"},"modified":"2018-08-30T22:45:58","modified_gmt":"2018-08-31T03:45:58","slug":"secadores-de-cama-de-fluidos-vibratoria","status":"publish","type":"product","link":"https:\/\/www.generalkinematics.com\/es\/producto\/secadores-de-cama-de-fluidos-vibratoria\/","title":{"rendered":"Secadores de cama de fluidos vibratoria"},"content":{"rendered":"<p>Los <strong>secadores de cama de fluidos vibratoria<\/strong> son \u00fanicos en cuanto al desempe\u00f1o de procesamiento a granel. Cada secador de cama de fluidos est\u00e1 dise\u00f1ado a la medida del cliente para satisfacer sus necesidades espec\u00edficas de procesamiento en lo que respecta a: limitaciones de temperatura, requisitos de humedad y emisiones de compuestos org\u00e1nicos vol\u00e1tiles (COV). Con un dise\u00f1o personalizado y una variedad de opciones, los secadores de cama de fluidos de GK son una parte vers\u00e1til de sus operaciones de procesamiento.<\/p>\n<p>Capaces de procesar de manera continua o por lotes, los secadores de cama de fluidos de GK est\u00e1n dise\u00f1ados para secar a temperaturas bajas para eliminar el achicharramiento, la calcinaci\u00f3n o la incineraci\u00f3n de materiales y, por consiguiente, se reducen los riesgos de incendio asociados con las t\u00e9cnicas tradicionales de secado. Los secadores de cama de fluidos de GK utilizan un proceso de agitaci\u00f3n vibratoria mientras pasan el gas del proceso a trav\u00e9s de la cama de material para suspender el material en un estado fluidizado. Este proceso incrementa el \u00e1rea superficial del material disponible, permitiendo el procesamiento m\u00e1s r\u00e1pido y completo del material.<\/p>\n<p>P\u00f3ngase en contacto con GK para obtener informaci\u00f3n del paquete de secado completo para incrementar su productividad y mejorar la calidad de su producto.<\/p>\n<h2>CARACTER\u00cdSTICAS:<\/h2>\n<ul>\n<li>Los secadores de cama de fluido vibratoria de GK pueden secar a temperaturas bajas.<\/li>\n<li>Reducen los riesgos de incendio asociados con las t\u00e9cnicas tradicionales de secado.<\/li>\n<li>Dise\u00f1ados en tama\u00f1os \u00f3ptimos para maximizar la producci\u00f3n de su proceso.<\/li>\n<li>Las camas fluidizadas pueden enfriar, secar, calentar y realizar otros procesos.<\/li>\n<li>Construcci\u00f3n en acero inoxidable, aleaci\u00f3n de n\u00edquel y acero al carbono.<\/li>\n<li>Conjuntos para vertederos ajustables para la profundidad variable de la cama fluidizada.<\/li>\n<\/ul>\n","protected":false},"excerpt":{"rendered":"<p>Los secadores de cama de fluidos vibratoria son \u00fanicos en cuanto al desempe\u00f1o de procesamiento a granel. Cada secador de cama de fluidos est\u00e1 dise\u00f1ado a la medida del cliente para satisfacer sus necesidades espec\u00edficas de procesamiento en lo que respecta a: limitaciones de temperatura, requisitos de humedad y emisiones de compuestos org\u00e1nicos vol\u00e1tiles (COV). [&hellip;]<\/p>\n","protected":false},"featured_media":31854,"comment_status":"closed","ping_status":"closed","template":"","meta":{"_acf_changed":false,"om_disable_all_campaigns":false,"ep_exclude_from_search":false},"product_brand":[],"product_cat":[1874,1655],"product_tag":[],"class_list":{"0":"post-38812","1":"product","2":"type-product","3":"status-publish","4":"has-post-thumbnail","6":"casestudytag-fluid-bed-dryer-es","7":"product_cat-equipos-de-manejo-de-madera-forestal","8":"product_cat-soluciones-de-reciclaje","10":"first","11":"instock","12":"taxable","13":"shipping-taxable","14":"product-type-simple"},"acf":[],"yoast_head":"<!-- This site is optimized with the Yoast SEO plugin v27.5 - https:\/\/yoast.com\/product\/yoast-seo-wordpress\/ -->\n<title>Secadores de cama de fluidos vibratoria | General Kinematics<\/title>\n<meta name=\"robots\" content=\"index, follow, max-snippet:-1, max-image-preview:large, max-video-preview:-1\" \/>\n<link rel=\"canonical\" href=\"https:\/\/www.generalkinematics.com\/es\/producto\/secadores-de-cama-de-fluidos-vibratoria\/\" \/>\n<meta property=\"og:locale\" content=\"es_ES\" \/>\n<meta property=\"og:type\" content=\"article\" \/>\n<meta property=\"og:title\" content=\"Secadores de cama de fluidos vibratoria | General Kinematics\" \/>\n<meta property=\"og:description\" content=\"Los secadores de cama de fluidos vibratoria son \u00fanicos en cuanto al desempe\u00f1o de procesamiento a granel. Cada secador de cama de fluidos est\u00e1 dise\u00f1ado a la medida del cliente para satisfacer sus necesidades espec\u00edficas de procesamiento en lo que respecta a: limitaciones de temperatura, requisitos de humedad y emisiones de compuestos org\u00e1nicos vol\u00e1tiles (COV). [&hellip;]\" \/>\n<meta property=\"og:url\" content=\"https:\/\/www.generalkinematics.com\/es\/producto\/secadores-de-cama-de-fluidos-vibratoria\/\" \/>\n<meta property=\"og:site_name\" content=\"General Kinematics\" \/>\n<meta property=\"article:publisher\" content=\"https:\/\/www.facebook.com\/generalkinematics\" \/>\n<meta property=\"article:modified_time\" content=\"2018-08-31T03:45:58+00:00\" \/>\n<meta property=\"og:image\" content=\"https:\/\/media.generalkinematics.com\/wp-content\/uploads\/2017\/10\/Fluid-Bed.jpg\" \/>\n\t<meta property=\"og:image:width\" content=\"1076\" \/>\n\t<meta property=\"og:image:height\" content=\"1004\" \/>\n\t<meta property=\"og:image:type\" content=\"image\/jpeg\" \/>\n<meta name=\"twitter:card\" content=\"summary_large_image\" \/>\n<meta name=\"twitter:site\" content=\"@gkvibrating\" \/>\n<meta name=\"twitter:label1\" content=\"Tiempo de lectura\" \/>\n\t<meta name=\"twitter:data1\" content=\"2 minutos\" \/>\n<!-- \/ Yoast SEO plugin. -->","yoast_head_json":{"title":"Secadores de cama de fluidos vibratoria | General Kinematics","robots":{"index":"index","follow":"follow","max-snippet":"max-snippet:-1","max-image-preview":"max-image-preview:large","max-video-preview":"max-video-preview:-1"},"canonical":"https:\/\/www.generalkinematics.com\/es\/producto\/secadores-de-cama-de-fluidos-vibratoria\/","og_locale":"es_ES","og_type":"article","og_title":"Secadores de cama de fluidos vibratoria | General Kinematics","og_description":"Los secadores de cama de fluidos vibratoria son \u00fanicos en cuanto al desempe\u00f1o de procesamiento a granel. Cada secador de cama de fluidos est\u00e1 dise\u00f1ado a la medida del cliente para satisfacer sus necesidades espec\u00edficas de procesamiento en lo que respecta a: limitaciones de temperatura, requisitos de humedad y emisiones de compuestos org\u00e1nicos vol\u00e1tiles (COV). [&hellip;]","og_url":"https:\/\/www.generalkinematics.com\/es\/producto\/secadores-de-cama-de-fluidos-vibratoria\/","og_site_name":"General Kinematics","article_publisher":"https:\/\/www.facebook.com\/generalkinematics","article_modified_time":"2018-08-31T03:45:58+00:00","og_image":[{"width":1076,"height":1004,"url":"https:\/\/media.generalkinematics.com\/wp-content\/uploads\/2017\/10\/Fluid-Bed.jpg","type":"image\/jpeg"}],"twitter_card":"summary_large_image","twitter_site":"@gkvibrating","twitter_misc":{"Tiempo de lectura":"2 minutos"},"schema":{"@context":"https:\/\/schema.org","@graph":[{"@type":"WebPage","@id":"https:\/\/www.generalkinematics.com\/es\/producto\/secadores-de-cama-de-fluidos-vibratoria\/","url":"https:\/\/www.generalkinematics.com\/es\/producto\/secadores-de-cama-de-fluidos-vibratoria\/","name":"Secadores de cama de fluidos vibratoria | General Kinematics","isPartOf":{"@id":"https:\/\/www.generalkinematics.com\/es\/#website"},"primaryImageOfPage":{"@id":"https:\/\/www.generalkinematics.com\/es\/producto\/secadores-de-cama-de-fluidos-vibratoria\/#primaryimage"},"image":{"@id":"https:\/\/www.generalkinematics.com\/es\/producto\/secadores-de-cama-de-fluidos-vibratoria\/#primaryimage"},"thumbnailUrl":"https:\/\/media.generalkinematics.com\/wp-content\/uploads\/2017\/10\/Fluid-Bed.jpg","datePublished":"2015-07-27T05:09:28+00:00","dateModified":"2018-08-31T03:45:58+00:00","breadcrumb":{"@id":"https:\/\/www.generalkinematics.com\/es\/producto\/secadores-de-cama-de-fluidos-vibratoria\/#breadcrumb"},"inLanguage":"es","potentialAction":[{"@type":"ReadAction","target":["https:\/\/www.generalkinematics.com\/es\/producto\/secadores-de-cama-de-fluidos-vibratoria\/"]}]},{"@type":"ImageObject","inLanguage":"es","@id":"https:\/\/www.generalkinematics.com\/es\/producto\/secadores-de-cama-de-fluidos-vibratoria\/#primaryimage","url":"https:\/\/media.generalkinematics.com\/wp-content\/uploads\/2017\/10\/Fluid-Bed.jpg","contentUrl":"https:\/\/media.generalkinematics.com\/wp-content\/uploads\/2017\/10\/Fluid-Bed.jpg","width":1076,"height":1004},{"@type":"BreadcrumbList","@id":"https:\/\/www.generalkinematics.com\/es\/producto\/secadores-de-cama-de-fluidos-vibratoria\/#breadcrumb","itemListElement":[{"@type":"ListItem","position":1,"name":"GK Home","item":"https:\/\/www.generalkinematics.com\/es\/"},{"@type":"ListItem","position":2,"name":"Shop","item":"https:\/\/www.generalkinematics.com\/shop\/"},{"@type":"ListItem","position":3,"name":"Secadores de cama de fluidos vibratoria"}]},{"@type":"WebSite","@id":"https:\/\/www.generalkinematics.com\/es\/#website","url":"https:\/\/www.generalkinematics.com\/es\/","name":"General Kinematics","description":"","publisher":{"@id":"https:\/\/www.generalkinematics.com\/es\/#organization"},"potentialAction":[{"@type":"SearchAction","target":{"@type":"EntryPoint","urlTemplate":"https:\/\/www.generalkinematics.com\/es\/?s={search_term_string}"},"query-input":{"@type":"PropertyValueSpecification","valueRequired":true,"valueName":"search_term_string"}}],"inLanguage":"es"},{"@type":"Organization","@id":"https:\/\/www.generalkinematics.com\/es\/#organization","name":"General Kinematics","url":"https:\/\/www.generalkinematics.com\/es\/","logo":{"@type":"ImageObject","inLanguage":"es","@id":"https:\/\/www.generalkinematics.com\/es\/#\/schema\/logo\/image\/","url":"https:\/\/media.generalkinematics.com\/wp-content\/uploads\/2018\/03\/logo.png","contentUrl":"https:\/\/media.generalkinematics.com\/wp-content\/uploads\/2018\/03\/logo.png","width":313,"height":100,"caption":"General Kinematics"},"image":{"@id":"https:\/\/www.generalkinematics.com\/es\/#\/schema\/logo\/image\/"},"sameAs":["https:\/\/www.facebook.com\/generalkinematics","https:\/\/x.com\/gkvibrating"]}]}},"_links":{"self":[{"href":"https:\/\/www.generalkinematics.com\/es\/wp-json\/wp\/v2\/product\/38812","targetHints":{"allow":["GET"]}}],"collection":[{"href":"https:\/\/www.generalkinematics.com\/es\/wp-json\/wp\/v2\/product"}],"about":[{"href":"https:\/\/www.generalkinematics.com\/es\/wp-json\/wp\/v2\/types\/product"}],"replies":[{"embeddable":true,"href":"https:\/\/www.generalkinematics.com\/es\/wp-json\/wp\/v2\/comments?post=38812"}],"wp:featuredmedia":[{"embeddable":true,"href":"https:\/\/www.generalkinematics.com\/es\/wp-json\/wp\/v2\/media\/31854"}],"wp:attachment":[{"href":"https:\/\/www.generalkinematics.com\/es\/wp-json\/wp\/v2\/media?parent=38812"}],"wp:term":[{"taxonomy":"product_brand","embeddable":true,"href":"https:\/\/www.generalkinematics.com\/es\/wp-json\/wp\/v2\/product_brand?post=38812"},{"taxonomy":"product_cat","embeddable":true,"href":"https:\/\/www.generalkinematics.com\/es\/wp-json\/wp\/v2\/product_cat?post=38812"},{"taxonomy":"product_tag","embeddable":true,"href":"https:\/\/www.generalkinematics.com\/es\/wp-json\/wp\/v2\/product_tag?post=38812"}],"curies":[{"name":"wp","href":"https:\/\/api.w.org\/{rel}","templated":true}]}}