{"id":38818,"date":"2015-07-27T00:20:16","date_gmt":"2015-07-27T05:20:16","guid":{"rendered":"https:\/\/www.generalkinematics.com\/product\/alimentadores-y-cintas-transportadoras-para-el-procesamiento-de-madera\/"},"modified":"2018-08-30T22:47:45","modified_gmt":"2018-08-31T03:47:45","slug":"transportadoras-para-el-procesamiento-de-madera","status":"publish","type":"product","link":"https:\/\/www.generalkinematics.com\/es\/producto\/transportadoras-para-el-procesamiento-de-madera\/","title":{"rendered":"Alimentadores y cintas transportadoras para el procesamiento de madera"},"content":{"rendered":"<p>Los <strong>alimentadores y cintas transportadoras vibratorias para el procesamiento de madera<\/strong> de General Kinematics ofrecen grados inigualables de resistencia y confiabilidad.<\/p>\n<p>Las cintas transportadoras SYCNRO-COIL\u00ae para el procesamiento de madera est\u00e1n disponibles en longitudes infinitas y construcciones personalizadas para su aplicaci\u00f3n espec\u00edfica. Las cintas transportadoras vibratorias avanzadas desde el punto de vista t\u00e9cnico son una tradici\u00f3n en General Kinematics. Independientemente del grado de dificultad de su aplicaci\u00f3n, existe la posibilidad de que hayamos resuelto un problema similar de flujo de materiales: no solo es necesario mover los materiales, sino el n\u00famero de operaciones incorporadas a lo largo del proceso, incluidas entre otras, separaci\u00f3n, cribado, clasificaci\u00f3n, distribuci\u00f3n, ordenaci\u00f3n, inspecci\u00f3n, remoci\u00f3n de metales y m\u00e1s. La velocidad de desplazamiento puede incrementarse, reducirse, en toda su instalaci\u00f3n equipada con cintas transportadoras vibratorias para madera.<\/p>\n<p>Los alimentadores PARA-MOUNT II\u00ae para el procesamiento de madera de General Kinematics est\u00e1n disponibles en dise\u00f1os est\u00e1ndar o personalizados para medir, distribuir uniformemente y retirar los metales. Los alimentadores de GK tienen una larga vida \u00fatil.<\/p>\n<h2>Caracter\u00edsticas:<\/h2>\n<ul>\n<li>Disponibles en dise\u00f1os de transmisi\u00f3n directa o de doble masa, seg\u00fan su aplicaci\u00f3n.<\/li>\n<li>Las bandejas personalizadas pueden cribar, elevar o realizar m\u00e1s operaciones.<\/li>\n<li>Disponibles en longitudes y anchuras infinitas.<\/li>\n<\/ul>\n","protected":false},"excerpt":{"rendered":"<p>Los alimentadores y cintas transportadoras vibratorias para el procesamiento de madera de General Kinematics ofrecen grados inigualables de resistencia y confiabilidad. Las cintas transportadoras SYCNRO-COIL\u00ae para el procesamiento de madera est\u00e1n disponibles en longitudes infinitas y construcciones personalizadas para su aplicaci\u00f3n espec\u00edfica. Las cintas transportadoras vibratorias avanzadas desde el punto de vista t\u00e9cnico son una [&hellip;]<\/p>\n","protected":false},"featured_media":27784,"comment_status":"closed","ping_status":"closed","template":"","meta":{"_acf_changed":false,"om_disable_all_campaigns":false,"ep_exclude_from_search":false},"product_brand":[],"product_cat":[1874,1655],"product_tag":[],"class_list":{"0":"post-38818","1":"product","2":"type-product","3":"status-publish","4":"has-post-thumbnail","6":"product_cat-equipos-de-manejo-de-madera-forestal","7":"product_cat-soluciones-de-reciclaje","9":"first","10":"instock","11":"taxable","12":"shipping-taxable","13":"product-type-simple"},"acf":[],"yoast_head":"<!-- This site is optimized with the Yoast SEO plugin v27.2 - https:\/\/yoast.com\/product\/yoast-seo-wordpress\/ -->\n<title>Alimentadores y cintas transportadoras para el procesamiento de madera | General Kinematics<\/title>\n<meta name=\"robots\" content=\"index, follow, max-snippet:-1, max-image-preview:large, max-video-preview:-1\" \/>\n<link rel=\"canonical\" href=\"https:\/\/www.generalkinematics.com\/es\/producto\/transportadoras-para-el-procesamiento-de-madera\/\" \/>\n<meta property=\"og:locale\" content=\"es_ES\" \/>\n<meta property=\"og:type\" content=\"article\" \/>\n<meta property=\"og:title\" content=\"Alimentadores y cintas transportadoras para el procesamiento de madera | General Kinematics\" \/>\n<meta property=\"og:description\" content=\"Los alimentadores y cintas transportadoras vibratorias para el procesamiento de madera de General Kinematics ofrecen grados inigualables de resistencia y confiabilidad. Las cintas transportadoras SYCNRO-COIL\u00ae para el procesamiento de madera est\u00e1n disponibles en longitudes infinitas y construcciones personalizadas para su aplicaci\u00f3n espec\u00edfica. Las cintas transportadoras vibratorias avanzadas desde el punto de vista t\u00e9cnico son una [&hellip;]\" \/>\n<meta property=\"og:url\" content=\"https:\/\/www.generalkinematics.com\/es\/producto\/transportadoras-para-el-procesamiento-de-madera\/\" \/>\n<meta property=\"og:site_name\" content=\"General Kinematics\" \/>\n<meta property=\"article:publisher\" content=\"https:\/\/www.facebook.com\/generalkinematics\" \/>\n<meta property=\"article:modified_time\" content=\"2018-08-31T03:47:45+00:00\" \/>\n<meta property=\"og:image\" content=\"https:\/\/media.generalkinematics.com\/wp-content\/uploads\/2015\/07\/G0021802.jpg\" \/>\n\t<meta property=\"og:image:width\" content=\"4000\" \/>\n\t<meta property=\"og:image:height\" content=\"3000\" \/>\n\t<meta property=\"og:image:type\" content=\"image\/jpeg\" \/>\n<meta name=\"twitter:card\" content=\"summary_large_image\" \/>\n<meta name=\"twitter:site\" content=\"@gkvibrating\" \/>\n<meta name=\"twitter:label1\" content=\"Tiempo de lectura\" \/>\n\t<meta name=\"twitter:data1\" content=\"1 minuto\" \/>\n<!-- \/ Yoast SEO plugin. -->","yoast_head_json":{"title":"Alimentadores y cintas transportadoras para el procesamiento de madera | General Kinematics","robots":{"index":"index","follow":"follow","max-snippet":"max-snippet:-1","max-image-preview":"max-image-preview:large","max-video-preview":"max-video-preview:-1"},"canonical":"https:\/\/www.generalkinematics.com\/es\/producto\/transportadoras-para-el-procesamiento-de-madera\/","og_locale":"es_ES","og_type":"article","og_title":"Alimentadores y cintas transportadoras para el procesamiento de madera | General Kinematics","og_description":"Los alimentadores y cintas transportadoras vibratorias para el procesamiento de madera de General Kinematics ofrecen grados inigualables de resistencia y confiabilidad. Las cintas transportadoras SYCNRO-COIL\u00ae para el procesamiento de madera est\u00e1n disponibles en longitudes infinitas y construcciones personalizadas para su aplicaci\u00f3n espec\u00edfica. Las cintas transportadoras vibratorias avanzadas desde el punto de vista t\u00e9cnico son una [&hellip;]","og_url":"https:\/\/www.generalkinematics.com\/es\/producto\/transportadoras-para-el-procesamiento-de-madera\/","og_site_name":"General Kinematics","article_publisher":"https:\/\/www.facebook.com\/generalkinematics","article_modified_time":"2018-08-31T03:47:45+00:00","og_image":[{"width":4000,"height":3000,"url":"https:\/\/media.generalkinematics.com\/wp-content\/uploads\/2015\/07\/G0021802.jpg","type":"image\/jpeg"}],"twitter_card":"summary_large_image","twitter_site":"@gkvibrating","twitter_misc":{"Tiempo de lectura":"1 minuto"},"schema":{"@context":"https:\/\/schema.org","@graph":[{"@type":"WebPage","@id":"https:\/\/www.generalkinematics.com\/es\/producto\/transportadoras-para-el-procesamiento-de-madera\/","url":"https:\/\/www.generalkinematics.com\/es\/producto\/transportadoras-para-el-procesamiento-de-madera\/","name":"Alimentadores y cintas transportadoras para el procesamiento de madera | General Kinematics","isPartOf":{"@id":"https:\/\/www.generalkinematics.com\/es\/#website"},"primaryImageOfPage":{"@id":"https:\/\/www.generalkinematics.com\/es\/producto\/transportadoras-para-el-procesamiento-de-madera\/#primaryimage"},"image":{"@id":"https:\/\/www.generalkinematics.com\/es\/producto\/transportadoras-para-el-procesamiento-de-madera\/#primaryimage"},"thumbnailUrl":"https:\/\/media.generalkinematics.com\/wp-content\/uploads\/2015\/07\/G0021802.jpg","datePublished":"2015-07-27T05:20:16+00:00","dateModified":"2018-08-31T03:47:45+00:00","breadcrumb":{"@id":"https:\/\/www.generalkinematics.com\/es\/producto\/transportadoras-para-el-procesamiento-de-madera\/#breadcrumb"},"inLanguage":"es","potentialAction":[{"@type":"ReadAction","target":["https:\/\/www.generalkinematics.com\/es\/producto\/transportadoras-para-el-procesamiento-de-madera\/"]}]},{"@type":"ImageObject","inLanguage":"es","@id":"https:\/\/www.generalkinematics.com\/es\/producto\/transportadoras-para-el-procesamiento-de-madera\/#primaryimage","url":"https:\/\/media.generalkinematics.com\/wp-content\/uploads\/2015\/07\/G0021802.jpg","contentUrl":"https:\/\/media.generalkinematics.com\/wp-content\/uploads\/2015\/07\/G0021802.jpg","width":2500,"height":1875,"caption":"general-kinematics-wood-screen"},{"@type":"BreadcrumbList","@id":"https:\/\/www.generalkinematics.com\/es\/producto\/transportadoras-para-el-procesamiento-de-madera\/#breadcrumb","itemListElement":[{"@type":"ListItem","position":1,"name":"GK Home","item":"https:\/\/www.generalkinematics.com\/es\/"},{"@type":"ListItem","position":2,"name":"Shop","item":"https:\/\/www.generalkinematics.com\/shop\/"},{"@type":"ListItem","position":3,"name":"Alimentadores y cintas transportadoras para el procesamiento de madera"}]},{"@type":"WebSite","@id":"https:\/\/www.generalkinematics.com\/es\/#website","url":"https:\/\/www.generalkinematics.com\/es\/","name":"General Kinematics","description":"","publisher":{"@id":"https:\/\/www.generalkinematics.com\/es\/#organization"},"potentialAction":[{"@type":"SearchAction","target":{"@type":"EntryPoint","urlTemplate":"https:\/\/www.generalkinematics.com\/es\/?s={search_term_string}"},"query-input":{"@type":"PropertyValueSpecification","valueRequired":true,"valueName":"search_term_string"}}],"inLanguage":"es"},{"@type":"Organization","@id":"https:\/\/www.generalkinematics.com\/es\/#organization","name":"General Kinematics","url":"https:\/\/www.generalkinematics.com\/es\/","logo":{"@type":"ImageObject","inLanguage":"es","@id":"https:\/\/www.generalkinematics.com\/es\/#\/schema\/logo\/image\/","url":"https:\/\/media.generalkinematics.com\/wp-content\/uploads\/2018\/03\/logo.png","contentUrl":"https:\/\/media.generalkinematics.com\/wp-content\/uploads\/2018\/03\/logo.png","width":313,"height":100,"caption":"General Kinematics"},"image":{"@id":"https:\/\/www.generalkinematics.com\/es\/#\/schema\/logo\/image\/"},"sameAs":["https:\/\/www.facebook.com\/generalkinematics","https:\/\/x.com\/gkvibrating"]}]}},"_links":{"self":[{"href":"https:\/\/www.generalkinematics.com\/es\/wp-json\/wp\/v2\/product\/38818","targetHints":{"allow":["GET"]}}],"collection":[{"href":"https:\/\/www.generalkinematics.com\/es\/wp-json\/wp\/v2\/product"}],"about":[{"href":"https:\/\/www.generalkinematics.com\/es\/wp-json\/wp\/v2\/types\/product"}],"replies":[{"embeddable":true,"href":"https:\/\/www.generalkinematics.com\/es\/wp-json\/wp\/v2\/comments?post=38818"}],"wp:featuredmedia":[{"embeddable":true,"href":"https:\/\/www.generalkinematics.com\/es\/wp-json\/wp\/v2\/media\/27784"}],"wp:attachment":[{"href":"https:\/\/www.generalkinematics.com\/es\/wp-json\/wp\/v2\/media?parent=38818"}],"wp:term":[{"taxonomy":"product_brand","embeddable":true,"href":"https:\/\/www.generalkinematics.com\/es\/wp-json\/wp\/v2\/product_brand?post=38818"},{"taxonomy":"product_cat","embeddable":true,"href":"https:\/\/www.generalkinematics.com\/es\/wp-json\/wp\/v2\/product_cat?post=38818"},{"taxonomy":"product_tag","embeddable":true,"href":"https:\/\/www.generalkinematics.com\/es\/wp-json\/wp\/v2\/product_tag?post=38818"}],"curies":[{"name":"wp","href":"https:\/\/api.w.org\/{rel}","templated":true}]}}