{"id":38824,"date":"2015-07-29T06:36:55","date_gmt":"2015-07-29T11:36:55","guid":{"rendered":"https:\/\/www.generalkinematics.com\/product\/cinta-transportadora-de-enfriamiento-de-escoria-en-seco-humedo\/"},"modified":"2018-08-30T20:25:19","modified_gmt":"2018-08-31T01:25:19","slug":"cinta-transportadora-de-enfriamiento","status":"publish","type":"product","link":"https:\/\/www.generalkinematics.com\/es\/producto\/cinta-transportadora-de-enfriamiento\/","title":{"rendered":"Cinta transportadora de enfriamiento de escoria en seco\/h\u00famedo"},"content":{"rendered":"<p>La <strong>cinta transportadora de enfriamiento de escoria en seco<\/strong> de General Kinematics elimina las cintas transportadoras de escoria tipo crispeta, de bandejas de escoria y de plataforma. Con el sistema de escoria en seco de GK, la escoria se transporta y enfr\u00eda indirectamente, y se transforma en una escoria tipo panqueque semis\u00f3lida. La tecnolog\u00eda patentada de la bandeja de enfriamiento indirecto de la cinta transportadora de enfriamiento de escoria en seco se traduce en que la escoria se puede colocar inmediatamente en contenedores o descargarse en un tanque enfriador. Las unidades est\u00e1n disponibles en anchuras y longitudes personalizadas conforme a las necesidades de su proceso.\u00a0Con la tecnolog\u00eda de enfriamiento de escoria en seco de GK, los clientes reciben escoria agregada solidificada que puede reutilizarse de manera beneficiosa y eliminar el llenado de los rellenos sanitarios.<\/p>\n<p>Las <strong>cintas transportadoras de escoria de enfriamiento en h\u00famedo\u00a0<\/strong>de General Kinematics fueron originalmente dise\u00f1adas y <a href=\"http:\/\/patft.uspto.gov\/netacgi\/nph-Parser?Sect1=PTO2&amp;Sect2=HITOFF&amp;u=\/netahtml\/PTO\/search-adv.htm&amp;r=155&amp;f=G&amp;l=50&amp;d=PTXT&amp;s1=\" target=\"_blank\">patentadas por General Kinematics a finales de la d\u00e9cada de los 70<\/a>, y son a\u00fan la m\u00e1quina m\u00e1s resistente para el enfriamiento de escoria, residuos, piezas fundidas, metal caliente y subproductos met\u00e1licos.\u00a0Las cintas transportadoras vibratorias de escoria de enfriamiento en h\u00famedo combinan un dep\u00f3sito de agua dentro de un alimentador vibratorio para ofrecerle una forma limpia y efectiva para enfriar r\u00e1pidamente escoria u otros materiales calientes. Las cintas transportadoras de escoria de enfriamiento en h\u00famedo de GK aceptan directamente material caliente y lo enfr\u00edan al instante.\u00a0La escoria fundida se apaga y enfr\u00eda en el ba\u00f1o de agua, produciendo escoria tipo crispeta que posteriormente se transporta fuera para su disposici\u00f3n inmediata.<\/p>\n<p>Para obtener m\u00e1s informaci\u00f3n sobre las cintas transportadoras de escoria de enfriamiento en seco o h\u00famedo, <a href=\"https:\/\/www.generalkinematics.com\/es\/contactar-a-general-kinematics\/\">p\u00f3ngase en contacto con un experto en fundici\u00f3n de GK.<\/a><\/p>\n<h2>Caracter\u00edsticas de la cinta transportadora de escoria de enfriamiento en seco:<\/h2>\n<ul>\n<li>El proceso elimina la escoria tipo \u201ccrispeta\u201d que suele verse en otros procesos de enfriamiento con agua.<\/li>\n<li>Crea material granular que puede usarse como agregado en otras industrias.<\/li>\n<li>Utiliza la tecnolog\u00eda patentada de bandeja de enfriamiento indirecto de GK para mantener constantemente la temperatura del producto.<\/li>\n<li>Dise\u00f1o personalizado conforme a su proceso y las limitaciones de espacio.<\/li>\n<\/ul>\n<p>&nbsp;<\/p>\n<h2>Caracter\u00edsticas de la cinta transportadora de escoria de enfriamiento en h\u00famedo:<\/h2>\n<ul>\n<li>La acci\u00f3n vibratoria transporta el material despu\u00e9s de su enfriamiento a un contenedor o procesos ulteriores mientras se retiene el ba\u00f1o de agua en la bandeja.<\/li>\n<li>El sistema de agua de ciclo cerrado es limpio y f\u00e1cil de mantener. Solo se agrega agua para compensar la p\u00e9rdida ocasionada por la evaporaci\u00f3n.<\/li>\n<li>La cinta transportadora vibratoria es balanceada y aislada para minimizar la transmisi\u00f3n de la vibraci\u00f3n y los requisitos de cimentaci\u00f3n.<\/li>\n<li>Disponibilidad de dise\u00f1os con trasmisiones y bandejas personalizadas conforme a sus requisitos de elevaci\u00f3n.<\/li>\n<li>Las caracter\u00edsticas est\u00e1ndar incluyen construcci\u00f3n de la bandeja en acero inoxidable y la entrada del tabl\u00f3n de madera asegurada con tornillos para una m\u00e1xima protecci\u00f3n contra la corrosi\u00f3n y el desgaste por contacto por material derretido.<\/li>\n<\/ul>\n","protected":false},"excerpt":{"rendered":"<p>La cinta transportadora de enfriamiento de escoria en seco de General Kinematics elimina las cintas transportadoras de escoria tipo crispeta, de bandejas de escoria y de plataforma. Con el sistema de escoria en seco de GK, la escoria se transporta y enfr\u00eda indirectamente, y se transforma en una escoria tipo panqueque semis\u00f3lida. La tecnolog\u00eda patentada [&hellip;]<\/p>\n","protected":false},"featured_media":26884,"comment_status":"closed","ping_status":"closed","template":"","meta":{"_acf_changed":false,"om_disable_all_campaigns":false,"ep_exclude_from_search":false},"product_brand":[],"product_cat":[1846,1861,1829,1854,1839],"product_tag":[],"class_list":{"0":"post-38824","1":"product","2":"type-product","3":"status-publish","4":"has-post-thumbnail","6":"product_cat-equipo-de-cubierta-de-fusion","7":"product_cat-fundicion-de-arena-verde","8":"product_cat-fundicion-sin-hornear","9":"product_cat-recuperacion-de-desechos-y-escoria","10":"product_cat-soluciones-de-fundicion-y-metalcasting","12":"first","13":"instock","14":"taxable","15":"shipping-taxable","16":"product-type-simple"},"acf":[],"yoast_head":"<!-- This site is optimized with the Yoast SEO plugin v27.5 - https:\/\/yoast.com\/product\/yoast-seo-wordpress\/ -->\n<title>Cinta transportadora de enfriamiento de escoria en seco\/h\u00famedo | General Kinematics<\/title>\n<meta name=\"robots\" content=\"index, follow, max-snippet:-1, max-image-preview:large, max-video-preview:-1\" \/>\n<link rel=\"canonical\" href=\"https:\/\/www.generalkinematics.com\/es\/producto\/cinta-transportadora-de-enfriamiento\/\" \/>\n<meta property=\"og:locale\" content=\"es_ES\" \/>\n<meta property=\"og:type\" content=\"article\" \/>\n<meta property=\"og:title\" content=\"Cinta transportadora de enfriamiento de escoria en seco\/h\u00famedo | General Kinematics\" \/>\n<meta property=\"og:description\" content=\"La cinta transportadora de enfriamiento de escoria en seco de General Kinematics elimina las cintas transportadoras de escoria tipo crispeta, de bandejas de escoria y de plataforma. Con el sistema de escoria en seco de GK, la escoria se transporta y enfr\u00eda indirectamente, y se transforma en una escoria tipo panqueque semis\u00f3lida. La tecnolog\u00eda patentada [&hellip;]\" \/>\n<meta property=\"og:url\" content=\"https:\/\/www.generalkinematics.com\/es\/producto\/cinta-transportadora-de-enfriamiento\/\" \/>\n<meta property=\"og:site_name\" content=\"General Kinematics\" \/>\n<meta property=\"article:publisher\" content=\"https:\/\/www.facebook.com\/generalkinematics\" \/>\n<meta property=\"article:modified_time\" content=\"2018-08-31T01:25:19+00:00\" \/>\n<meta property=\"og:image\" content=\"https:\/\/www.generalkinematics.com\/wp-content\/uploads\/2016\/03\/quenching-conveyor.jpg\" \/>\n\t<meta property=\"og:image:width\" content=\"2180\" \/>\n\t<meta property=\"og:image:height\" content=\"1351\" \/>\n\t<meta property=\"og:image:type\" content=\"image\/jpeg\" \/>\n<meta name=\"twitter:card\" content=\"summary_large_image\" \/>\n<meta name=\"twitter:site\" content=\"@gkvibrating\" \/>\n<meta name=\"twitter:label1\" content=\"Tiempo de lectura\" \/>\n\t<meta name=\"twitter:data1\" content=\"3 minutos\" \/>\n<!-- \/ Yoast SEO plugin. -->","yoast_head_json":{"title":"Cinta transportadora de enfriamiento de escoria en seco\/h\u00famedo | General Kinematics","robots":{"index":"index","follow":"follow","max-snippet":"max-snippet:-1","max-image-preview":"max-image-preview:large","max-video-preview":"max-video-preview:-1"},"canonical":"https:\/\/www.generalkinematics.com\/es\/producto\/cinta-transportadora-de-enfriamiento\/","og_locale":"es_ES","og_type":"article","og_title":"Cinta transportadora de enfriamiento de escoria en seco\/h\u00famedo | General Kinematics","og_description":"La cinta transportadora de enfriamiento de escoria en seco de General Kinematics elimina las cintas transportadoras de escoria tipo crispeta, de bandejas de escoria y de plataforma. Con el sistema de escoria en seco de GK, la escoria se transporta y enfr\u00eda indirectamente, y se transforma en una escoria tipo panqueque semis\u00f3lida. La tecnolog\u00eda patentada [&hellip;]","og_url":"https:\/\/www.generalkinematics.com\/es\/producto\/cinta-transportadora-de-enfriamiento\/","og_site_name":"General Kinematics","article_publisher":"https:\/\/www.facebook.com\/generalkinematics","article_modified_time":"2018-08-31T01:25:19+00:00","og_image":[{"width":2180,"height":1351,"url":"https:\/\/www.generalkinematics.com\/wp-content\/uploads\/2016\/03\/quenching-conveyor.jpg","type":"image\/jpeg"}],"twitter_card":"summary_large_image","twitter_site":"@gkvibrating","twitter_misc":{"Tiempo de lectura":"3 minutos"},"schema":{"@context":"https:\/\/schema.org","@graph":[{"@type":"WebPage","@id":"https:\/\/www.generalkinematics.com\/es\/producto\/cinta-transportadora-de-enfriamiento\/","url":"https:\/\/www.generalkinematics.com\/es\/producto\/cinta-transportadora-de-enfriamiento\/","name":"Cinta transportadora de enfriamiento de escoria en seco\/h\u00famedo | General Kinematics","isPartOf":{"@id":"https:\/\/www.generalkinematics.com\/es\/#website"},"primaryImageOfPage":{"@id":"https:\/\/www.generalkinematics.com\/es\/producto\/cinta-transportadora-de-enfriamiento\/#primaryimage"},"image":{"@id":"https:\/\/www.generalkinematics.com\/es\/producto\/cinta-transportadora-de-enfriamiento\/#primaryimage"},"thumbnailUrl":"https:\/\/media.generalkinematics.com\/wp-content\/uploads\/2016\/03\/quenching-conveyor.jpg","datePublished":"2015-07-29T11:36:55+00:00","dateModified":"2018-08-31T01:25:19+00:00","breadcrumb":{"@id":"https:\/\/www.generalkinematics.com\/es\/producto\/cinta-transportadora-de-enfriamiento\/#breadcrumb"},"inLanguage":"es","potentialAction":[{"@type":"ReadAction","target":["https:\/\/www.generalkinematics.com\/es\/producto\/cinta-transportadora-de-enfriamiento\/"]}]},{"@type":"ImageObject","inLanguage":"es","@id":"https:\/\/www.generalkinematics.com\/es\/producto\/cinta-transportadora-de-enfriamiento\/#primaryimage","url":"https:\/\/media.generalkinematics.com\/wp-content\/uploads\/2016\/03\/quenching-conveyor.jpg","contentUrl":"https:\/\/media.generalkinematics.com\/wp-content\/uploads\/2016\/03\/quenching-conveyor.jpg","width":2180,"height":1351,"caption":"general-kinematics-quenching-conveyor"},{"@type":"BreadcrumbList","@id":"https:\/\/www.generalkinematics.com\/es\/producto\/cinta-transportadora-de-enfriamiento\/#breadcrumb","itemListElement":[{"@type":"ListItem","position":1,"name":"GK Home","item":"https:\/\/www.generalkinematics.com\/es\/"},{"@type":"ListItem","position":2,"name":"Shop","item":"https:\/\/www.generalkinematics.com\/shop\/"},{"@type":"ListItem","position":3,"name":"Cinta transportadora de enfriamiento de escoria en seco\/h\u00famedo"}]},{"@type":"WebSite","@id":"https:\/\/www.generalkinematics.com\/es\/#website","url":"https:\/\/www.generalkinematics.com\/es\/","name":"General Kinematics","description":"","publisher":{"@id":"https:\/\/www.generalkinematics.com\/es\/#organization"},"potentialAction":[{"@type":"SearchAction","target":{"@type":"EntryPoint","urlTemplate":"https:\/\/www.generalkinematics.com\/es\/?s={search_term_string}"},"query-input":{"@type":"PropertyValueSpecification","valueRequired":true,"valueName":"search_term_string"}}],"inLanguage":"es"},{"@type":"Organization","@id":"https:\/\/www.generalkinematics.com\/es\/#organization","name":"General Kinematics","url":"https:\/\/www.generalkinematics.com\/es\/","logo":{"@type":"ImageObject","inLanguage":"es","@id":"https:\/\/www.generalkinematics.com\/es\/#\/schema\/logo\/image\/","url":"https:\/\/media.generalkinematics.com\/wp-content\/uploads\/2018\/03\/logo.png","contentUrl":"https:\/\/media.generalkinematics.com\/wp-content\/uploads\/2018\/03\/logo.png","width":313,"height":100,"caption":"General Kinematics"},"image":{"@id":"https:\/\/www.generalkinematics.com\/es\/#\/schema\/logo\/image\/"},"sameAs":["https:\/\/www.facebook.com\/generalkinematics","https:\/\/x.com\/gkvibrating"]}]}},"_links":{"self":[{"href":"https:\/\/www.generalkinematics.com\/es\/wp-json\/wp\/v2\/product\/38824","targetHints":{"allow":["GET"]}}],"collection":[{"href":"https:\/\/www.generalkinematics.com\/es\/wp-json\/wp\/v2\/product"}],"about":[{"href":"https:\/\/www.generalkinematics.com\/es\/wp-json\/wp\/v2\/types\/product"}],"replies":[{"embeddable":true,"href":"https:\/\/www.generalkinematics.com\/es\/wp-json\/wp\/v2\/comments?post=38824"}],"wp:featuredmedia":[{"embeddable":true,"href":"https:\/\/www.generalkinematics.com\/es\/wp-json\/wp\/v2\/media\/26884"}],"wp:attachment":[{"href":"https:\/\/www.generalkinematics.com\/es\/wp-json\/wp\/v2\/media?parent=38824"}],"wp:term":[{"taxonomy":"product_brand","embeddable":true,"href":"https:\/\/www.generalkinematics.com\/es\/wp-json\/wp\/v2\/product_brand?post=38824"},{"taxonomy":"product_cat","embeddable":true,"href":"https:\/\/www.generalkinematics.com\/es\/wp-json\/wp\/v2\/product_cat?post=38824"},{"taxonomy":"product_tag","embeddable":true,"href":"https:\/\/www.generalkinematics.com\/es\/wp-json\/wp\/v2\/product_tag?post=38824"}],"curies":[{"name":"wp","href":"https:\/\/api.w.org\/{rel}","templated":true}]}}