{"id":38839,"date":"2015-07-29T10:40:00","date_gmt":"2015-07-29T15:40:00","guid":{"rendered":"https:\/\/www.generalkinematics.com\/product\/cintas-transportadoras-vibratorias-en-s-syncro-flex\/"},"modified":"2018-08-30T00:35:43","modified_gmt":"2018-08-30T05:35:43","slug":"syncro-flex-s-vibrating-conveyors-2","status":"publish","type":"product","link":"https:\/\/www.generalkinematics.com\/es\/producto\/syncro-flex-s-vibrating-conveyors-2\/","title":{"rendered":"Cintas transportadoras vibratorias en \u201cS\u201d SYNCRO-FLEX\u00ae"},"content":{"rendered":"<p>La cintas transportadoras vibratorias en \u201cS\u201d SYNCRO-FLEX\u00ae con conjuntos de resortes de tablilla ofrecen niveles excepcionales de desempe\u00f1o y valor. Est\u00e1n espec\u00edficamente dise\u00f1adas para cargas de materiales livianos con una larga vida \u00fatil y funcionamiento confiable. Las tablillas de larga duraci\u00f3n fabricadas en fibra de vidrio o metal necesitan menos piezas de repuesto porque el estabilizador y los resortes de la m\u00e1quina est\u00e1n integrados en un solo conjunto simple de tablillas. Cada cinta transportadora vibratoria en &quot;S&quot; SYNCRO-FLEX\u00ae est\u00e1 dise\u00f1ada para su aplicaci\u00f3n espec\u00edfica.<\/p>\n<p><\/p>\n<h2>Caracter\u00edsticas:<\/h2>\n<ul>\n<li>Resortes de tablilla en fibra de vidrio reforzada de baja tensi\u00f3n.<\/li>\n<li>Funcionamiento de largo recorrido y baja velocidad para reducir el desgaste de la cinta transportadora.<\/li>\n<li>Disponibles en longitudes y anchuras personalizadas, seg\u00fan su aplicaci\u00f3n.<\/li>\n<\/ul>\n","protected":false},"excerpt":{"rendered":"<p>La cintas transportadoras vibratorias en \u201cS\u201d SYNCRO-FLEX\u00ae con conjuntos de resortes de tablilla ofrecen niveles excepcionales de desempe\u00f1o y valor. Est\u00e1n espec\u00edficamente dise\u00f1adas para cargas de materiales livianos con una larga vida \u00fatil y funcionamiento confiable. Las tablillas de larga duraci\u00f3n fabricadas en fibra de vidrio o metal necesitan menos piezas de repuesto porque el [&hellip;]<\/p>\n","protected":false},"featured_media":22648,"comment_status":"closed","ping_status":"closed","template":"","meta":{"_acf_changed":false,"om_disable_all_campaigns":false,"ep_exclude_from_search":false},"product_brand":[],"product_cat":[1839],"product_tag":[],"class_list":{"0":"post-38839","1":"product","2":"type-product","3":"status-publish","4":"has-post-thumbnail","6":"product_cat-soluciones-de-fundicion-y-metalcasting","8":"first","9":"instock","10":"taxable","11":"shipping-taxable","12":"product-type-simple"},"acf":[],"yoast_head":"<!-- This site is optimized with the Yoast SEO plugin v27.2 - https:\/\/yoast.com\/product\/yoast-seo-wordpress\/ -->\n<title>Cintas transportadoras vibratorias en \u201cS\u201d SYNCRO-FLEX\u00ae | General Kinematics<\/title>\n<meta name=\"robots\" content=\"index, follow, max-snippet:-1, max-image-preview:large, max-video-preview:-1\" \/>\n<link rel=\"canonical\" href=\"https:\/\/www.generalkinematics.com\/es\/producto\/syncro-flex-s-vibrating-conveyors-2\/\" \/>\n<meta property=\"og:locale\" content=\"es_ES\" \/>\n<meta property=\"og:type\" content=\"article\" \/>\n<meta property=\"og:title\" content=\"Cintas transportadoras vibratorias en \u201cS\u201d SYNCRO-FLEX\u00ae | General Kinematics\" \/>\n<meta property=\"og:description\" content=\"La cintas transportadoras vibratorias en \u201cS\u201d SYNCRO-FLEX\u00ae con conjuntos de resortes de tablilla ofrecen niveles excepcionales de desempe\u00f1o y valor. Est\u00e1n espec\u00edficamente dise\u00f1adas para cargas de materiales livianos con una larga vida \u00fatil y funcionamiento confiable. Las tablillas de larga duraci\u00f3n fabricadas en fibra de vidrio o metal necesitan menos piezas de repuesto porque el [&hellip;]\" \/>\n<meta property=\"og:url\" content=\"https:\/\/www.generalkinematics.com\/es\/producto\/syncro-flex-s-vibrating-conveyors-2\/\" \/>\n<meta property=\"og:site_name\" content=\"General Kinematics\" \/>\n<meta property=\"article:publisher\" content=\"https:\/\/www.facebook.com\/generalkinematics\" \/>\n<meta property=\"article:modified_time\" content=\"2018-08-30T05:35:43+00:00\" \/>\n<meta property=\"og:image\" content=\"https:\/\/www.generalkinematics.com\/wp-content\/uploads\/2015\/07\/slatconveyor.jpg\" \/>\n\t<meta property=\"og:image:width\" content=\"600\" \/>\n\t<meta property=\"og:image:height\" content=\"300\" \/>\n\t<meta property=\"og:image:type\" content=\"image\/jpeg\" \/>\n<meta name=\"twitter:card\" content=\"summary_large_image\" \/>\n<meta name=\"twitter:site\" content=\"@gkvibrating\" \/>\n<meta name=\"twitter:label1\" content=\"Tiempo de lectura\" \/>\n\t<meta name=\"twitter:data1\" content=\"1 minuto\" \/>\n<!-- \/ Yoast SEO plugin. -->","yoast_head_json":{"title":"Cintas transportadoras vibratorias en \u201cS\u201d SYNCRO-FLEX\u00ae | General Kinematics","robots":{"index":"index","follow":"follow","max-snippet":"max-snippet:-1","max-image-preview":"max-image-preview:large","max-video-preview":"max-video-preview:-1"},"canonical":"https:\/\/www.generalkinematics.com\/es\/producto\/syncro-flex-s-vibrating-conveyors-2\/","og_locale":"es_ES","og_type":"article","og_title":"Cintas transportadoras vibratorias en \u201cS\u201d SYNCRO-FLEX\u00ae | General Kinematics","og_description":"La cintas transportadoras vibratorias en \u201cS\u201d SYNCRO-FLEX\u00ae con conjuntos de resortes de tablilla ofrecen niveles excepcionales de desempe\u00f1o y valor. Est\u00e1n espec\u00edficamente dise\u00f1adas para cargas de materiales livianos con una larga vida \u00fatil y funcionamiento confiable. Las tablillas de larga duraci\u00f3n fabricadas en fibra de vidrio o metal necesitan menos piezas de repuesto porque el [&hellip;]","og_url":"https:\/\/www.generalkinematics.com\/es\/producto\/syncro-flex-s-vibrating-conveyors-2\/","og_site_name":"General Kinematics","article_publisher":"https:\/\/www.facebook.com\/generalkinematics","article_modified_time":"2018-08-30T05:35:43+00:00","og_image":[{"width":600,"height":300,"url":"https:\/\/www.generalkinematics.com\/wp-content\/uploads\/2015\/07\/slatconveyor.jpg","type":"image\/jpeg"}],"twitter_card":"summary_large_image","twitter_site":"@gkvibrating","twitter_misc":{"Tiempo de lectura":"1 minuto"},"schema":{"@context":"https:\/\/schema.org","@graph":[{"@type":"WebPage","@id":"https:\/\/www.generalkinematics.com\/es\/producto\/syncro-flex-s-vibrating-conveyors-2\/","url":"https:\/\/www.generalkinematics.com\/es\/producto\/syncro-flex-s-vibrating-conveyors-2\/","name":"Cintas transportadoras vibratorias en \u201cS\u201d SYNCRO-FLEX\u00ae | General Kinematics","isPartOf":{"@id":"https:\/\/www.generalkinematics.com\/es\/#website"},"primaryImageOfPage":{"@id":"https:\/\/www.generalkinematics.com\/es\/producto\/syncro-flex-s-vibrating-conveyors-2\/#primaryimage"},"image":{"@id":"https:\/\/www.generalkinematics.com\/es\/producto\/syncro-flex-s-vibrating-conveyors-2\/#primaryimage"},"thumbnailUrl":"https:\/\/media.generalkinematics.com\/wp-content\/uploads\/2015\/07\/slatconveyor.jpg","datePublished":"2015-07-29T15:40:00+00:00","dateModified":"2018-08-30T05:35:43+00:00","breadcrumb":{"@id":"https:\/\/www.generalkinematics.com\/es\/producto\/syncro-flex-s-vibrating-conveyors-2\/#breadcrumb"},"inLanguage":"es","potentialAction":[{"@type":"ReadAction","target":["https:\/\/www.generalkinematics.com\/es\/producto\/syncro-flex-s-vibrating-conveyors-2\/"]}]},{"@type":"ImageObject","inLanguage":"es","@id":"https:\/\/www.generalkinematics.com\/es\/producto\/syncro-flex-s-vibrating-conveyors-2\/#primaryimage","url":"https:\/\/media.generalkinematics.com\/wp-content\/uploads\/2015\/07\/slatconveyor.jpg","contentUrl":"https:\/\/media.generalkinematics.com\/wp-content\/uploads\/2015\/07\/slatconveyor.jpg","width":600,"height":300,"caption":"general-kinematics-slat-conveyor"},{"@type":"BreadcrumbList","@id":"https:\/\/www.generalkinematics.com\/es\/producto\/syncro-flex-s-vibrating-conveyors-2\/#breadcrumb","itemListElement":[{"@type":"ListItem","position":1,"name":"GK Home","item":"https:\/\/www.generalkinematics.com\/es\/"},{"@type":"ListItem","position":2,"name":"Shop","item":"https:\/\/www.generalkinematics.com\/shop\/"},{"@type":"ListItem","position":3,"name":"Cintas transportadoras vibratorias en \u201cS\u201d SYNCRO-FLEX\u00ae"}]},{"@type":"WebSite","@id":"https:\/\/www.generalkinematics.com\/es\/#website","url":"https:\/\/www.generalkinematics.com\/es\/","name":"General Kinematics","description":"","publisher":{"@id":"https:\/\/www.generalkinematics.com\/es\/#organization"},"potentialAction":[{"@type":"SearchAction","target":{"@type":"EntryPoint","urlTemplate":"https:\/\/www.generalkinematics.com\/es\/?s={search_term_string}"},"query-input":{"@type":"PropertyValueSpecification","valueRequired":true,"valueName":"search_term_string"}}],"inLanguage":"es"},{"@type":"Organization","@id":"https:\/\/www.generalkinematics.com\/es\/#organization","name":"General Kinematics","url":"https:\/\/www.generalkinematics.com\/es\/","logo":{"@type":"ImageObject","inLanguage":"es","@id":"https:\/\/www.generalkinematics.com\/es\/#\/schema\/logo\/image\/","url":"https:\/\/media.generalkinematics.com\/wp-content\/uploads\/2018\/03\/logo.png","contentUrl":"https:\/\/media.generalkinematics.com\/wp-content\/uploads\/2018\/03\/logo.png","width":313,"height":100,"caption":"General Kinematics"},"image":{"@id":"https:\/\/www.generalkinematics.com\/es\/#\/schema\/logo\/image\/"},"sameAs":["https:\/\/www.facebook.com\/generalkinematics","https:\/\/x.com\/gkvibrating"]}]}},"_links":{"self":[{"href":"https:\/\/www.generalkinematics.com\/es\/wp-json\/wp\/v2\/product\/38839","targetHints":{"allow":["GET"]}}],"collection":[{"href":"https:\/\/www.generalkinematics.com\/es\/wp-json\/wp\/v2\/product"}],"about":[{"href":"https:\/\/www.generalkinematics.com\/es\/wp-json\/wp\/v2\/types\/product"}],"replies":[{"embeddable":true,"href":"https:\/\/www.generalkinematics.com\/es\/wp-json\/wp\/v2\/comments?post=38839"}],"wp:featuredmedia":[{"embeddable":true,"href":"https:\/\/www.generalkinematics.com\/es\/wp-json\/wp\/v2\/media\/22648"}],"wp:attachment":[{"href":"https:\/\/www.generalkinematics.com\/es\/wp-json\/wp\/v2\/media?parent=38839"}],"wp:term":[{"taxonomy":"product_brand","embeddable":true,"href":"https:\/\/www.generalkinematics.com\/es\/wp-json\/wp\/v2\/product_brand?post=38839"},{"taxonomy":"product_cat","embeddable":true,"href":"https:\/\/www.generalkinematics.com\/es\/wp-json\/wp\/v2\/product_cat?post=38839"},{"taxonomy":"product_tag","embeddable":true,"href":"https:\/\/www.generalkinematics.com\/es\/wp-json\/wp\/v2\/product_tag?post=38839"}],"curies":[{"name":"wp","href":"https:\/\/api.w.org\/{rel}","templated":true}]}}