{"id":38843,"date":"2015-07-29T10:41:51","date_gmt":"2015-07-29T15:41:51","guid":{"rendered":"https:\/\/www.generalkinematics.com\/product\/cintas-transportadoras-vibratorias-syncro-shear\/"},"modified":"2018-08-30T00:35:42","modified_gmt":"2018-08-30T05:35:42","slug":"syncro-shear-vibratory-conveyors-2","status":"publish","type":"product","link":"https:\/\/www.generalkinematics.com\/es\/producto\/syncro-shear-vibratory-conveyors-2\/","title":{"rendered":"Cintas transportadoras vibratorias SYNCRO-SHEAR\u00ae"},"content":{"rendered":"<p>Los osciladores de molinos bajos de General Kinematics est\u00e1n espec\u00edficamente dise\u00f1ados para resistir las condiciones severas presentes en las trituradoras autom\u00e1ticas de instalaci\u00f3n baja y otras aplicaciones extremadamente exigentes. Las bandejas de trabajo pesado resistentes al desgaste aguantan el impacto del material que cae, mientras que la transmisi\u00f3n SYNCRO-SHEAR\u00ae exclusiva de General Kinematics, est\u00e1 dise\u00f1ada para resistir la fuerza, incluso de las explosiones de mayor intensidad, sin da\u00f1ar la cinta transportadora.<\/p>\n<p>Los osciladores de molinos bajos para trabajo ultrapesado de General Kinematics est\u00e1n dise\u00f1ados para resistir el abuso de las explosiones y los impactos pesados, presentes en las trituradoras autom\u00e1ticas y de otros tipos. Las cubiertas est\u00e1n hechas con placas resistentes al desgaste para mayor duraci\u00f3n y las transmisiones est\u00e1n ubicadas en la parte posterior de la unidad para facilitar el mantenimiento.<\/p>\n<p><\/p>\n<h2>Caracter\u00edsticas:<\/h2>\n<ul>\n<li>La transmisi\u00f3n ahorradora de energ\u00eda y de baja potencia reduce los gastos de funcionamiento.<\/li>\n<li>Sistema r\u00edgido de parachoques para evitar el recorrido excesivo de la bandeja ocasionado por la sobrecarga, las explosiones o los impactos de alta intensidad.<\/li>\n<li>El sistema de resortes de la unidad SYNCRO-SHEAR\u00ae elimina los problemas propios de los resortes de bobina en esta aplicaci\u00f3n.<\/li>\n<li>Bandejas elaboradas con placas resistentes al desgaste y de larga duraci\u00f3n.<\/li>\n<li>Transmisi\u00f3n montada en la parte posterior para facilitar el acceso de mantenimiento.<\/li>\n<\/ul>\n","protected":false},"excerpt":{"rendered":"<p>Los osciladores de molinos bajos de General Kinematics est\u00e1n espec\u00edficamente dise\u00f1ados para resistir las condiciones severas presentes en las trituradoras autom\u00e1ticas de instalaci\u00f3n baja y otras aplicaciones extremadamente exigentes. Las bandejas de trabajo pesado resistentes al desgaste aguantan el impacto del material que cae, mientras que la transmisi\u00f3n SYNCRO-SHEAR\u00ae exclusiva de General Kinematics, est\u00e1 dise\u00f1ada [&hellip;]<\/p>\n","protected":false},"featured_media":23576,"comment_status":"closed","ping_status":"closed","template":"","meta":{"_acf_changed":false,"om_disable_all_campaigns":false,"ep_exclude_from_search":false},"product_brand":[],"product_cat":[1839],"product_tag":[],"class_list":{"0":"post-38843","1":"product","2":"type-product","3":"status-publish","4":"has-post-thumbnail","6":"product_cat-soluciones-de-fundicion-y-metalcasting","8":"first","9":"instock","10":"taxable","11":"shipping-taxable","12":"product-type-simple"},"acf":[],"yoast_head":"<!-- This site is optimized with the Yoast SEO plugin v27.2 - https:\/\/yoast.com\/product\/yoast-seo-wordpress\/ -->\n<title>Cintas transportadoras vibratorias SYNCRO-SHEAR\u00ae | General Kinematics<\/title>\n<meta name=\"robots\" content=\"index, follow, max-snippet:-1, max-image-preview:large, max-video-preview:-1\" \/>\n<link rel=\"canonical\" href=\"https:\/\/www.generalkinematics.com\/es\/producto\/syncro-shear-vibratory-conveyors-2\/\" \/>\n<meta property=\"og:locale\" content=\"es_ES\" \/>\n<meta property=\"og:type\" content=\"article\" \/>\n<meta property=\"og:title\" content=\"Cintas transportadoras vibratorias SYNCRO-SHEAR\u00ae | General Kinematics\" \/>\n<meta property=\"og:description\" content=\"Los osciladores de molinos bajos de General Kinematics est\u00e1n espec\u00edficamente dise\u00f1ados para resistir las condiciones severas presentes en las trituradoras autom\u00e1ticas de instalaci\u00f3n baja y otras aplicaciones extremadamente exigentes. Las bandejas de trabajo pesado resistentes al desgaste aguantan el impacto del material que cae, mientras que la transmisi\u00f3n SYNCRO-SHEAR\u00ae exclusiva de General Kinematics, est\u00e1 dise\u00f1ada [&hellip;]\" \/>\n<meta property=\"og:url\" content=\"https:\/\/www.generalkinematics.com\/es\/producto\/syncro-shear-vibratory-conveyors-2\/\" \/>\n<meta property=\"og:site_name\" content=\"General Kinematics\" \/>\n<meta property=\"article:publisher\" content=\"https:\/\/www.facebook.com\/generalkinematics\" \/>\n<meta property=\"article:modified_time\" content=\"2018-08-30T05:35:42+00:00\" \/>\n<meta property=\"og:image\" content=\"https:\/\/www.generalkinematics.com\/wp-content\/uploads\/2015\/07\/vibrating_conveyor_1.jpg\" \/>\n\t<meta property=\"og:image:width\" content=\"2296\" \/>\n\t<meta property=\"og:image:height\" content=\"633\" \/>\n\t<meta property=\"og:image:type\" content=\"image\/jpeg\" \/>\n<meta name=\"twitter:card\" content=\"summary_large_image\" \/>\n<meta name=\"twitter:site\" content=\"@gkvibrating\" \/>\n<meta name=\"twitter:label1\" content=\"Tiempo de lectura\" \/>\n\t<meta name=\"twitter:data1\" content=\"1 minuto\" \/>\n<!-- \/ Yoast SEO plugin. -->","yoast_head_json":{"title":"Cintas transportadoras vibratorias SYNCRO-SHEAR\u00ae | General Kinematics","robots":{"index":"index","follow":"follow","max-snippet":"max-snippet:-1","max-image-preview":"max-image-preview:large","max-video-preview":"max-video-preview:-1"},"canonical":"https:\/\/www.generalkinematics.com\/es\/producto\/syncro-shear-vibratory-conveyors-2\/","og_locale":"es_ES","og_type":"article","og_title":"Cintas transportadoras vibratorias SYNCRO-SHEAR\u00ae | General Kinematics","og_description":"Los osciladores de molinos bajos de General Kinematics est\u00e1n espec\u00edficamente dise\u00f1ados para resistir las condiciones severas presentes en las trituradoras autom\u00e1ticas de instalaci\u00f3n baja y otras aplicaciones extremadamente exigentes. Las bandejas de trabajo pesado resistentes al desgaste aguantan el impacto del material que cae, mientras que la transmisi\u00f3n SYNCRO-SHEAR\u00ae exclusiva de General Kinematics, est\u00e1 dise\u00f1ada [&hellip;]","og_url":"https:\/\/www.generalkinematics.com\/es\/producto\/syncro-shear-vibratory-conveyors-2\/","og_site_name":"General Kinematics","article_publisher":"https:\/\/www.facebook.com\/generalkinematics","article_modified_time":"2018-08-30T05:35:42+00:00","og_image":[{"width":2296,"height":633,"url":"https:\/\/www.generalkinematics.com\/wp-content\/uploads\/2015\/07\/vibrating_conveyor_1.jpg","type":"image\/jpeg"}],"twitter_card":"summary_large_image","twitter_site":"@gkvibrating","twitter_misc":{"Tiempo de lectura":"1 minuto"},"schema":{"@context":"https:\/\/schema.org","@graph":[{"@type":"WebPage","@id":"https:\/\/www.generalkinematics.com\/es\/producto\/syncro-shear-vibratory-conveyors-2\/","url":"https:\/\/www.generalkinematics.com\/es\/producto\/syncro-shear-vibratory-conveyors-2\/","name":"Cintas transportadoras vibratorias SYNCRO-SHEAR\u00ae | General Kinematics","isPartOf":{"@id":"https:\/\/www.generalkinematics.com\/es\/#website"},"primaryImageOfPage":{"@id":"https:\/\/www.generalkinematics.com\/es\/producto\/syncro-shear-vibratory-conveyors-2\/#primaryimage"},"image":{"@id":"https:\/\/www.generalkinematics.com\/es\/producto\/syncro-shear-vibratory-conveyors-2\/#primaryimage"},"thumbnailUrl":"https:\/\/media.generalkinematics.com\/wp-content\/uploads\/2015\/07\/vibrating_conveyor_1.jpg","datePublished":"2015-07-29T15:41:51+00:00","dateModified":"2018-08-30T05:35:42+00:00","breadcrumb":{"@id":"https:\/\/www.generalkinematics.com\/es\/producto\/syncro-shear-vibratory-conveyors-2\/#breadcrumb"},"inLanguage":"es","potentialAction":[{"@type":"ReadAction","target":["https:\/\/www.generalkinematics.com\/es\/producto\/syncro-shear-vibratory-conveyors-2\/"]}]},{"@type":"ImageObject","inLanguage":"es","@id":"https:\/\/www.generalkinematics.com\/es\/producto\/syncro-shear-vibratory-conveyors-2\/#primaryimage","url":"https:\/\/media.generalkinematics.com\/wp-content\/uploads\/2015\/07\/vibrating_conveyor_1.jpg","contentUrl":"https:\/\/media.generalkinematics.com\/wp-content\/uploads\/2015\/07\/vibrating_conveyor_1.jpg","width":2296,"height":633,"caption":"general-kinematics-syncro-shear-conveyor"},{"@type":"BreadcrumbList","@id":"https:\/\/www.generalkinematics.com\/es\/producto\/syncro-shear-vibratory-conveyors-2\/#breadcrumb","itemListElement":[{"@type":"ListItem","position":1,"name":"GK Home","item":"https:\/\/www.generalkinematics.com\/es\/"},{"@type":"ListItem","position":2,"name":"Shop","item":"https:\/\/www.generalkinematics.com\/shop\/"},{"@type":"ListItem","position":3,"name":"Cintas transportadoras vibratorias SYNCRO-SHEAR\u00ae"}]},{"@type":"WebSite","@id":"https:\/\/www.generalkinematics.com\/es\/#website","url":"https:\/\/www.generalkinematics.com\/es\/","name":"General Kinematics","description":"","publisher":{"@id":"https:\/\/www.generalkinematics.com\/es\/#organization"},"potentialAction":[{"@type":"SearchAction","target":{"@type":"EntryPoint","urlTemplate":"https:\/\/www.generalkinematics.com\/es\/?s={search_term_string}"},"query-input":{"@type":"PropertyValueSpecification","valueRequired":true,"valueName":"search_term_string"}}],"inLanguage":"es"},{"@type":"Organization","@id":"https:\/\/www.generalkinematics.com\/es\/#organization","name":"General Kinematics","url":"https:\/\/www.generalkinematics.com\/es\/","logo":{"@type":"ImageObject","inLanguage":"es","@id":"https:\/\/www.generalkinematics.com\/es\/#\/schema\/logo\/image\/","url":"https:\/\/media.generalkinematics.com\/wp-content\/uploads\/2018\/03\/logo.png","contentUrl":"https:\/\/media.generalkinematics.com\/wp-content\/uploads\/2018\/03\/logo.png","width":313,"height":100,"caption":"General Kinematics"},"image":{"@id":"https:\/\/www.generalkinematics.com\/es\/#\/schema\/logo\/image\/"},"sameAs":["https:\/\/www.facebook.com\/generalkinematics","https:\/\/x.com\/gkvibrating"]}]}},"_links":{"self":[{"href":"https:\/\/www.generalkinematics.com\/es\/wp-json\/wp\/v2\/product\/38843","targetHints":{"allow":["GET"]}}],"collection":[{"href":"https:\/\/www.generalkinematics.com\/es\/wp-json\/wp\/v2\/product"}],"about":[{"href":"https:\/\/www.generalkinematics.com\/es\/wp-json\/wp\/v2\/types\/product"}],"replies":[{"embeddable":true,"href":"https:\/\/www.generalkinematics.com\/es\/wp-json\/wp\/v2\/comments?post=38843"}],"wp:featuredmedia":[{"embeddable":true,"href":"https:\/\/www.generalkinematics.com\/es\/wp-json\/wp\/v2\/media\/23576"}],"wp:attachment":[{"href":"https:\/\/www.generalkinematics.com\/es\/wp-json\/wp\/v2\/media?parent=38843"}],"wp:term":[{"taxonomy":"product_brand","embeddable":true,"href":"https:\/\/www.generalkinematics.com\/es\/wp-json\/wp\/v2\/product_brand?post=38843"},{"taxonomy":"product_cat","embeddable":true,"href":"https:\/\/www.generalkinematics.com\/es\/wp-json\/wp\/v2\/product_cat?post=38843"},{"taxonomy":"product_tag","embeddable":true,"href":"https:\/\/www.generalkinematics.com\/es\/wp-json\/wp\/v2\/product_tag?post=38843"}],"curies":[{"name":"wp","href":"https:\/\/api.w.org\/{rel}","templated":true}]}}