{"id":38849,"date":"2015-07-30T02:33:36","date_gmt":"2015-07-30T07:33:36","guid":{"rendered":"https:\/\/www.generalkinematics.com\/product\/alimentadores-vibratorios-para-mount-ii\/"},"modified":"2019-07-12T16:57:02","modified_gmt":"2019-07-12T21:57:02","slug":"alimentadores-vibratorios-para-mount-ii-gk","status":"publish","type":"product","link":"https:\/\/www.generalkinematics.com\/es\/producto\/alimentadores-vibratorios-para-mount-ii-gk\/","title":{"rendered":"Alimentadores vibratorios PARA-MOUNT II\u00ae"},"content":{"rendered":"<p>Su desempe\u00f1o comprobado y el funcionamiento libre de mantenimiento hacen de los <strong>alimentadores vibratorios PARA-MOUNT II\u00ae<\/strong> la primera elecci\u00f3n de alimentadores vibratorios para las aplicaciones m\u00e1s exigentes. Los alimentadores vibratorios PARA-MOUNT II\u00ae en configuraciones de fuerza fija o variable utilizan un sistema de <strong><span style=\"font-weight: 400;\">doble masa<\/span><\/strong>\u00a0subresonante. La masa A (el excitador) energiza la masa B (el conjunto de la cubierta) a trav\u00e9s de resortes de bobina dise\u00f1ados con precisi\u00f3n. Solo se necesitan peque\u00f1as cantidades de energ\u00eda para mantener la energ\u00eda natural almacenada y liberada por el sistema de resorte. Esto se traduce en una mayor capacidad de alimentaci\u00f3n, reducci\u00f3n de los costos de energ\u00eda, confiabilidad excepcional y facilidad de mantenimiento. Los alimentadores vibratorios PARA-MOUNT II\u00ae realizan m\u00e1s trabajo con menos energ\u00eda, gracias a nuestro dise\u00f1o de <strong><span style=\"font-weight: 400;\">doble masa<\/span><\/strong> y la frecuencia natural. Bien sea que est\u00e9 cargando un alimentador o midiendo la arena o realizando piezas fundidas, cada alimentador vibratorio est\u00e1 dise\u00f1ado espec\u00edficamente para mejorar su proceso.<\/p>\n<h2>Caracter\u00edsticas:<\/h2>\n<ul>\n<li>La transmisi\u00f3n vibratoria de doble masa puede dise\u00f1arse con motores de baja potencia instalados en la base o de brida en c doble.<\/li>\n<li>Estos sistemas tienen una construcci\u00f3n simple que resiste el trabajo ultrapesado y est\u00e1n dise\u00f1ados para prestar muchos a\u00f1os de servicio sin que se presenten problemas.<\/li>\n<li>El dise\u00f1o de frecuencia natural subresonante de doble masa es autocompensatorio para mantener autom\u00e1ticamente la velocidad de alimentaci\u00f3n constante cuando var\u00eda la carga y se realizan cambios de material.<\/li>\n<li>Ahorro significativo de energ\u00eda anual frente a los dise\u00f1os de fuerza bruta o directa.<\/li>\n<li>Dise\u00f1ados para que tengan poco mantenimiento y proporcionen un funcionamiento continuo.<\/li>\n<li>El dise\u00f1o para trabajo ultrapesado resiste piezas pesadas y materiales abrasivos.<\/li>\n<\/ul>\n","protected":false},"excerpt":{"rendered":"<p>Su desempe\u00f1o comprobado y el funcionamiento libre de mantenimiento hacen de los alimentadores vibratorios PARA-MOUNT II\u00ae la primera elecci\u00f3n de alimentadores vibratorios para las aplicaciones m\u00e1s exigentes. Los alimentadores vibratorios PARA-MOUNT II\u00ae en configuraciones de fuerza fija o variable utilizan un sistema de doble masa\u00a0subresonante. La masa A (el excitador) energiza la masa B (el [&hellip;]<\/p>\n","protected":false},"featured_media":35729,"comment_status":"closed","ping_status":"closed","template":"","meta":{"_acf_changed":false,"om_disable_all_campaigns":false,"ep_exclude_from_search":false},"product_brand":[],"product_cat":[1867,1862],"product_tag":[],"class_list":{"0":"post-38849","1":"product","2":"type-product","3":"status-publish","4":"has-post-thumbnail","6":"casestudytag-feeder-es","7":"product_cat-alimentadores-vibratorios-mineria-y-soluciones-minerales","8":"product_cat-mineria-y-soluciones-mierales","10":"first","11":"instock","12":"taxable","13":"shipping-taxable","14":"product-type-simple"},"acf":[],"yoast_head":"<!-- This site is optimized with the Yoast SEO plugin v27.2 - https:\/\/yoast.com\/product\/yoast-seo-wordpress\/ -->\n<title>Alimentadores vibratorios PARA-MOUNT II\u00ae | General Kinematics<\/title>\n<meta name=\"robots\" content=\"index, follow, max-snippet:-1, max-image-preview:large, max-video-preview:-1\" \/>\n<link rel=\"canonical\" href=\"https:\/\/www.generalkinematics.com\/es\/producto\/alimentadores-vibratorios-para-mount-ii-gk\/\" \/>\n<meta property=\"og:locale\" content=\"es_ES\" \/>\n<meta property=\"og:type\" content=\"article\" \/>\n<meta property=\"og:title\" content=\"Alimentadores vibratorios PARA-MOUNT II\u00ae | General Kinematics\" \/>\n<meta property=\"og:description\" content=\"Su desempe\u00f1o comprobado y el funcionamiento libre de mantenimiento hacen de los alimentadores vibratorios PARA-MOUNT II\u00ae la primera elecci\u00f3n de alimentadores vibratorios para las aplicaciones m\u00e1s exigentes. Los alimentadores vibratorios PARA-MOUNT II\u00ae en configuraciones de fuerza fija o variable utilizan un sistema de doble masa\u00a0subresonante. La masa A (el excitador) energiza la masa B (el [&hellip;]\" \/>\n<meta property=\"og:url\" content=\"https:\/\/www.generalkinematics.com\/es\/producto\/alimentadores-vibratorios-para-mount-ii-gk\/\" \/>\n<meta property=\"og:site_name\" content=\"General Kinematics\" \/>\n<meta property=\"article:publisher\" content=\"https:\/\/www.facebook.com\/generalkinematics\" \/>\n<meta property=\"article:modified_time\" content=\"2019-07-12T21:57:02+00:00\" \/>\n<meta property=\"og:image\" content=\"https:\/\/media.generalkinematics.com\/wp-content\/uploads\/2015\/07\/paramount-I.jpg\" \/>\n\t<meta property=\"og:image:width\" content=\"2560\" \/>\n\t<meta property=\"og:image:height\" content=\"1495\" \/>\n\t<meta property=\"og:image:type\" content=\"image\/jpeg\" \/>\n<meta name=\"twitter:card\" content=\"summary_large_image\" \/>\n<meta name=\"twitter:site\" content=\"@gkvibrating\" \/>\n<meta name=\"twitter:label1\" content=\"Tiempo de lectura\" \/>\n\t<meta name=\"twitter:data1\" content=\"2 minutos\" \/>\n<!-- \/ Yoast SEO plugin. -->","yoast_head_json":{"title":"Alimentadores vibratorios PARA-MOUNT II\u00ae | General Kinematics","robots":{"index":"index","follow":"follow","max-snippet":"max-snippet:-1","max-image-preview":"max-image-preview:large","max-video-preview":"max-video-preview:-1"},"canonical":"https:\/\/www.generalkinematics.com\/es\/producto\/alimentadores-vibratorios-para-mount-ii-gk\/","og_locale":"es_ES","og_type":"article","og_title":"Alimentadores vibratorios PARA-MOUNT II\u00ae | General Kinematics","og_description":"Su desempe\u00f1o comprobado y el funcionamiento libre de mantenimiento hacen de los alimentadores vibratorios PARA-MOUNT II\u00ae la primera elecci\u00f3n de alimentadores vibratorios para las aplicaciones m\u00e1s exigentes. Los alimentadores vibratorios PARA-MOUNT II\u00ae en configuraciones de fuerza fija o variable utilizan un sistema de doble masa\u00a0subresonante. La masa A (el excitador) energiza la masa B (el [&hellip;]","og_url":"https:\/\/www.generalkinematics.com\/es\/producto\/alimentadores-vibratorios-para-mount-ii-gk\/","og_site_name":"General Kinematics","article_publisher":"https:\/\/www.facebook.com\/generalkinematics","article_modified_time":"2019-07-12T21:57:02+00:00","og_image":[{"width":2560,"height":1495,"url":"https:\/\/media.generalkinematics.com\/wp-content\/uploads\/2015\/07\/paramount-I.jpg","type":"image\/jpeg"}],"twitter_card":"summary_large_image","twitter_site":"@gkvibrating","twitter_misc":{"Tiempo de lectura":"2 minutos"},"schema":{"@context":"https:\/\/schema.org","@graph":[{"@type":"WebPage","@id":"https:\/\/www.generalkinematics.com\/es\/producto\/alimentadores-vibratorios-para-mount-ii-gk\/","url":"https:\/\/www.generalkinematics.com\/es\/producto\/alimentadores-vibratorios-para-mount-ii-gk\/","name":"Alimentadores vibratorios PARA-MOUNT II\u00ae | General Kinematics","isPartOf":{"@id":"https:\/\/www.generalkinematics.com\/es\/#website"},"primaryImageOfPage":{"@id":"https:\/\/www.generalkinematics.com\/es\/producto\/alimentadores-vibratorios-para-mount-ii-gk\/#primaryimage"},"image":{"@id":"https:\/\/www.generalkinematics.com\/es\/producto\/alimentadores-vibratorios-para-mount-ii-gk\/#primaryimage"},"thumbnailUrl":"https:\/\/media.generalkinematics.com\/wp-content\/uploads\/2015\/07\/paramount-I.jpg","datePublished":"2015-07-30T07:33:36+00:00","dateModified":"2019-07-12T21:57:02+00:00","breadcrumb":{"@id":"https:\/\/www.generalkinematics.com\/es\/producto\/alimentadores-vibratorios-para-mount-ii-gk\/#breadcrumb"},"inLanguage":"es","potentialAction":[{"@type":"ReadAction","target":["https:\/\/www.generalkinematics.com\/es\/producto\/alimentadores-vibratorios-para-mount-ii-gk\/"]}]},{"@type":"ImageObject","inLanguage":"es","@id":"https:\/\/www.generalkinematics.com\/es\/producto\/alimentadores-vibratorios-para-mount-ii-gk\/#primaryimage","url":"https:\/\/media.generalkinematics.com\/wp-content\/uploads\/2015\/07\/paramount-I.jpg","contentUrl":"https:\/\/media.generalkinematics.com\/wp-content\/uploads\/2015\/07\/paramount-I.jpg","width":2500,"height":1460,"caption":"Paramount Feeder"},{"@type":"BreadcrumbList","@id":"https:\/\/www.generalkinematics.com\/es\/producto\/alimentadores-vibratorios-para-mount-ii-gk\/#breadcrumb","itemListElement":[{"@type":"ListItem","position":1,"name":"GK Home","item":"https:\/\/www.generalkinematics.com\/es\/"},{"@type":"ListItem","position":2,"name":"Shop","item":"https:\/\/www.generalkinematics.com\/shop\/"},{"@type":"ListItem","position":3,"name":"Alimentadores vibratorios PARA-MOUNT II\u00ae"}]},{"@type":"WebSite","@id":"https:\/\/www.generalkinematics.com\/es\/#website","url":"https:\/\/www.generalkinematics.com\/es\/","name":"General Kinematics","description":"","publisher":{"@id":"https:\/\/www.generalkinematics.com\/es\/#organization"},"potentialAction":[{"@type":"SearchAction","target":{"@type":"EntryPoint","urlTemplate":"https:\/\/www.generalkinematics.com\/es\/?s={search_term_string}"},"query-input":{"@type":"PropertyValueSpecification","valueRequired":true,"valueName":"search_term_string"}}],"inLanguage":"es"},{"@type":"Organization","@id":"https:\/\/www.generalkinematics.com\/es\/#organization","name":"General Kinematics","url":"https:\/\/www.generalkinematics.com\/es\/","logo":{"@type":"ImageObject","inLanguage":"es","@id":"https:\/\/www.generalkinematics.com\/es\/#\/schema\/logo\/image\/","url":"https:\/\/media.generalkinematics.com\/wp-content\/uploads\/2018\/03\/logo.png","contentUrl":"https:\/\/media.generalkinematics.com\/wp-content\/uploads\/2018\/03\/logo.png","width":313,"height":100,"caption":"General Kinematics"},"image":{"@id":"https:\/\/www.generalkinematics.com\/es\/#\/schema\/logo\/image\/"},"sameAs":["https:\/\/www.facebook.com\/generalkinematics","https:\/\/x.com\/gkvibrating"]}]}},"_links":{"self":[{"href":"https:\/\/www.generalkinematics.com\/es\/wp-json\/wp\/v2\/product\/38849","targetHints":{"allow":["GET"]}}],"collection":[{"href":"https:\/\/www.generalkinematics.com\/es\/wp-json\/wp\/v2\/product"}],"about":[{"href":"https:\/\/www.generalkinematics.com\/es\/wp-json\/wp\/v2\/types\/product"}],"replies":[{"embeddable":true,"href":"https:\/\/www.generalkinematics.com\/es\/wp-json\/wp\/v2\/comments?post=38849"}],"wp:featuredmedia":[{"embeddable":true,"href":"https:\/\/www.generalkinematics.com\/es\/wp-json\/wp\/v2\/media\/35729"}],"wp:attachment":[{"href":"https:\/\/www.generalkinematics.com\/es\/wp-json\/wp\/v2\/media?parent=38849"}],"wp:term":[{"taxonomy":"product_brand","embeddable":true,"href":"https:\/\/www.generalkinematics.com\/es\/wp-json\/wp\/v2\/product_brand?post=38849"},{"taxonomy":"product_cat","embeddable":true,"href":"https:\/\/www.generalkinematics.com\/es\/wp-json\/wp\/v2\/product_cat?post=38849"},{"taxonomy":"product_tag","embeddable":true,"href":"https:\/\/www.generalkinematics.com\/es\/wp-json\/wp\/v2\/product_tag?post=38849"}],"curies":[{"name":"wp","href":"https:\/\/api.w.org\/{rel}","templated":true}]}}