{"id":38859,"date":"2015-07-30T02:46:09","date_gmt":"2015-07-30T07:46:09","guid":{"rendered":"https:\/\/www.generalkinematics.com\/product\/maquina-vibratoria-de-recuperacion-de-arena-por-lotes-vibra-mill\/"},"modified":"2019-08-30T09:56:09","modified_gmt":"2019-08-30T14:56:09","slug":"maquina-vibratoria-de-recuperacion-de-arena-por-lotes-vibra-mill","status":"publish","type":"product","link":"https:\/\/www.generalkinematics.com\/es\/producto\/maquina-vibratoria-de-recuperacion-de-arena-por-lotes-vibra-mill\/","title":{"rendered":"M\u00e1quina vibratoria de recuperaci\u00f3n de arena por lotes VIBRA-MILL\u00ae"},"content":{"rendered":"<p><u><strong>Sacude, agita, vibra, voltea y desgasta por abrasi\u00f3n terrones de hasta 4 pies a un tama\u00f1o de grano de malla de menos 20. Autom\u00e1ticamente.<\/strong><\/u><\/p>\n<p>El <strong>molino de recuperaci\u00f3n VIBRA-MILL\u00ae<\/strong> ha sido probado en muchos talleres de fundici\u00f3n como un molino de atrici\u00f3n total y como un preacondicionador de arena. Suele eliminar la necesidad de utilizar equipos y sistemas de mayor tama\u00f1o y m\u00e1s costosos, adem\u00e1s de mejorar en t\u00e9rminos reales los \u00edndices de producci\u00f3n. Y, la eficiencia de la m\u00e1quina de recuperaci\u00f3n de arena VIBRA-MILL\u00ae reduce en gran medida la adquisici\u00f3n de arena nueva.<\/p>\n<p><u><strong>Construcci\u00f3n<\/strong><\/u><\/p>\n<p>Instalada en resortes de aislamiento de bobina de acero de baja tensi\u00f3n para minimizar la vibraci\u00f3n del suelo, la unidad VIBRA-MILL\u00ae se caracteriza por tener un dise\u00f1o de tubo abierto que elimina los problemas de mantenimiento y operaci\u00f3n que son inherentes en las unidades de varias cubiertas. Con el dise\u00f1o est\u00e1ndar de la unidad VIBRA-MILL\u00ae de GK, no es necesario limpiar el tubo en forma manual.<\/p>\n<p>Compacto en lo que corresponde al dise\u00f1o, el modelo VIBRA-MILL\u00ae de mayor tama\u00f1o ocupa un poco menos de 81 pies cuadrados de superficie \u00fatil. Se puede incorporar f\u00e1cilmente a la mayor\u00eda de los sistemas existentes para mejorar la producci\u00f3n y ahorrar m\u00e1s dinero.<\/p>\n<p><u><strong>Capacidad<\/strong><\/u><\/p>\n<p>Se pueden mantener \u00edndices de producci\u00f3n de hasta veinte toneladas por hora, adem\u00e1s de reducir una mezcla normal de terrones y arena al tama\u00f1o de grano original.<\/p>\n<p><u><strong>Tama\u00f1o del grano final<\/strong><\/u><\/p>\n<p>Los terrones se reducen a la malla menos 20 con la distribuci\u00f3n del tama\u00f1o original y la reducci\u00f3n correspondiente en el L.O.I. Con la adici\u00f3n correcta de arena nueva, el material recuperado es limpio y queda listo para la producci\u00f3n de nuevos moldes sin atrici\u00f3n ulterior.<\/p>\n<p><u><strong>Capacidad de separaci\u00f3n<\/strong><\/u><\/p>\n<p>Para asegurar que la arena quede limpia, el material atrapado, por ejemplo, metales, cer\u00e1mica, cables, etc., se transporta y descarga a trav\u00e9s de una compuerta neum\u00e1tica en un extremo de la unidad.<\/p>\n<p>En el extremo opuesto, la arena fina pasa a trav\u00e9s de un escape de barrido con aire donde se elimina el material org\u00e1nico fino y a trav\u00e9s de una criba de clasificaci\u00f3n por tama\u00f1o final tambi\u00e9n se realiza la separaci\u00f3n de part\u00edculas cer\u00e1micas y met\u00e1licas.<\/p>\n<p><u><strong>Nivel bajo de ruido<\/strong><\/u><\/p>\n<p>El funcionamiento silencioso y suave de la unidad VIBRA-MILL\u00ae cumple con las especificaciones sobre ruido m\u00e1s exigentes del sector.<\/p>\n<p><u><strong>Sistema de transmisi\u00f3n<\/strong><\/u><\/p>\n<p>El sistema de transmisi\u00f3n es una unidad en t\u00e1ndem de transmisiones aut\u00f3nomas motorizadas de entre 2 y 7 \u00bd hp. Cada una, depende del modelo de la unidad VIBRA-MILL\u00ae. Las transmisiones crean la acci\u00f3n vibratoria necesaria para procesar los terrones de arena en el tama\u00f1o de grano original. Los motores est\u00e1n especialmente construidos para desempe\u00f1ar su funci\u00f3n vibratoria y se caracterizan por un dise\u00f1o a prueba de polvo y totalmente sellado. Se puede acceder f\u00e1cilmente a las transmisiones para realizar los trabajos de reparaci\u00f3n y mantenimiento.<\/p>\n<p>En los modelos est\u00e1ndar de las unidades VIBRA-MILL\u00ae, se usa una tercera transmisi\u00f3n durante el ciclo de descarga de residuos para producir una acci\u00f3n inversa de transporte y limpiar la criba primaria. En el caso de los dise\u00f1os de las unidades VIBRA-MILL\u00ae de alta energ\u00eda, la limpieza debe completarse en forma manual.<\/p>\n<p>La transmisi\u00f3n motorizada, confiable y simplificada y el f\u00e1cil acceso contribuyen al funcionamiento libre de problemas de los equipos VIBRA-MILL\u00ae.<\/p>\n<p><u><strong>No solo para arena<\/strong><\/u><\/p>\n<p>La m\u00e1quina de recuperaci\u00f3n VIBRA-MILL\u00ae es un equipo verdaderamente vers\u00e1til. De hecho, hay muchas industrias en las que la acci\u00f3n de rotaci\u00f3n y atrici\u00f3n puede agregarse al ciclo de procesamiento, para acelerar la producci\u00f3n y reducir los costos. Por ejemplo, la industria de metal de chatarra utiliza las unidades VIBRA-MILL\u00ae para procesar las piezas de metal antes del briqueteado. Los talleres de fundici\u00f3n tambi\u00e9n utilizan las unidades VIBRA-MILL\u00ae para la recuperaci\u00f3n de materiales no ferrosos como aluminio, bronce, lat\u00f3n y aleaciones especiales.<\/p>\n<p><a href=\"https:\/\/www.generalkinematics.com\/es\/contactar-a-general-kinematics\/\" target=\"_blank\">P\u00f3ngase en contacto con su representante de General Kinematics <\/a>para obtener informaci\u00f3n sobre la forma como las unidades VIBRA-MILL\u00ae de GK pueden contribuir en su trabajo para mejorar la rentabilidad de la producci\u00f3n.<\/p>\n<h2>Caracter\u00edsticas:<\/h2>\n<ul>\n<li>Motores vibratorios especiales de servicio para incrementar el tiempo de funcionamiento.<\/li>\n<li>Varias opciones de alimentaci\u00f3n seg\u00fan la aplicaci\u00f3n.<\/li>\n<li>\u00cdndices de recuperaci\u00f3n de alta capacidad.<\/li>\n<li>Dise\u00f1o de tubo simple y abierto para facilitar la descarga.<\/li>\n<li>Cubierta \u00fanica a prueba de atascos.<\/li>\n<li>Permite retirar las part\u00edculas finas.<\/li>\n<\/ul>\n","protected":false},"excerpt":{"rendered":"<p>Sacude, agita, vibra, voltea y desgasta por abrasi\u00f3n terrones de hasta 4 pies a un tama\u00f1o de grano de malla de menos 20. Autom\u00e1ticamente. El molino de recuperaci\u00f3n VIBRA-MILL\u00ae ha sido probado en muchos talleres de fundici\u00f3n como un molino de atrici\u00f3n total y como un preacondicionador de arena. Suele eliminar la necesidad de utilizar [&hellip;]<\/p>\n","protected":false},"featured_media":25220,"comment_status":"closed","ping_status":"closed","template":"","meta":{"_acf_changed":false,"om_disable_all_campaigns":false,"ep_exclude_from_search":false},"product_brand":[],"product_cat":[1819],"product_tag":[],"class_list":{"0":"post-38859","1":"product","2":"type-product","3":"status-publish","4":"has-post-thumbnail","6":"product_cat-controles-y-monitoreo","8":"first","9":"instock","10":"taxable","11":"shipping-taxable","12":"product-type-simple"},"acf":[],"yoast_head":"<!-- This site is optimized with the Yoast SEO plugin v27.2 - https:\/\/yoast.com\/product\/yoast-seo-wordpress\/ -->\n<title>M\u00e1quina vibratoria de recuperaci\u00f3n de arena por lotes VIBRA-MILL\u00ae | General Kinematics<\/title>\n<meta name=\"robots\" content=\"index, follow, max-snippet:-1, max-image-preview:large, max-video-preview:-1\" \/>\n<link rel=\"canonical\" href=\"https:\/\/www.generalkinematics.com\/es\/producto\/maquina-vibratoria-de-recuperacion-de-arena-por-lotes-vibra-mill\/\" \/>\n<meta property=\"og:locale\" content=\"es_ES\" \/>\n<meta property=\"og:type\" content=\"article\" \/>\n<meta property=\"og:title\" content=\"M\u00e1quina vibratoria de recuperaci\u00f3n de arena por lotes VIBRA-MILL\u00ae | General Kinematics\" \/>\n<meta property=\"og:description\" content=\"Sacude, agita, vibra, voltea y desgasta por abrasi\u00f3n terrones de hasta 4 pies a un tama\u00f1o de grano de malla de menos 20. Autom\u00e1ticamente. El molino de recuperaci\u00f3n VIBRA-MILL\u00ae ha sido probado en muchos talleres de fundici\u00f3n como un molino de atrici\u00f3n total y como un preacondicionador de arena. Suele eliminar la necesidad de utilizar [&hellip;]\" \/>\n<meta property=\"og:url\" content=\"https:\/\/www.generalkinematics.com\/es\/producto\/maquina-vibratoria-de-recuperacion-de-arena-por-lotes-vibra-mill\/\" \/>\n<meta property=\"og:site_name\" content=\"General Kinematics\" \/>\n<meta property=\"article:publisher\" content=\"https:\/\/www.facebook.com\/generalkinematics\" \/>\n<meta property=\"article:modified_time\" content=\"2019-08-30T14:56:09+00:00\" \/>\n<meta property=\"og:image\" content=\"https:\/\/media.generalkinematics.com\/wp-content\/uploads\/2015\/07\/Vibra-Mill-Reclaimer.jpg\" \/>\n\t<meta property=\"og:image:width\" content=\"2823\" \/>\n\t<meta property=\"og:image:height\" content=\"1936\" \/>\n\t<meta property=\"og:image:type\" content=\"image\/jpeg\" \/>\n<meta name=\"twitter:card\" content=\"summary_large_image\" \/>\n<meta name=\"twitter:site\" content=\"@gkvibrating\" \/>\n<meta name=\"twitter:label1\" content=\"Tiempo de lectura\" \/>\n\t<meta name=\"twitter:data1\" content=\"4 minutos\" \/>\n<!-- \/ Yoast SEO plugin. -->","yoast_head_json":{"title":"M\u00e1quina vibratoria de recuperaci\u00f3n de arena por lotes VIBRA-MILL\u00ae | General Kinematics","robots":{"index":"index","follow":"follow","max-snippet":"max-snippet:-1","max-image-preview":"max-image-preview:large","max-video-preview":"max-video-preview:-1"},"canonical":"https:\/\/www.generalkinematics.com\/es\/producto\/maquina-vibratoria-de-recuperacion-de-arena-por-lotes-vibra-mill\/","og_locale":"es_ES","og_type":"article","og_title":"M\u00e1quina vibratoria de recuperaci\u00f3n de arena por lotes VIBRA-MILL\u00ae | General Kinematics","og_description":"Sacude, agita, vibra, voltea y desgasta por abrasi\u00f3n terrones de hasta 4 pies a un tama\u00f1o de grano de malla de menos 20. Autom\u00e1ticamente. El molino de recuperaci\u00f3n VIBRA-MILL\u00ae ha sido probado en muchos talleres de fundici\u00f3n como un molino de atrici\u00f3n total y como un preacondicionador de arena. Suele eliminar la necesidad de utilizar [&hellip;]","og_url":"https:\/\/www.generalkinematics.com\/es\/producto\/maquina-vibratoria-de-recuperacion-de-arena-por-lotes-vibra-mill\/","og_site_name":"General Kinematics","article_publisher":"https:\/\/www.facebook.com\/generalkinematics","article_modified_time":"2019-08-30T14:56:09+00:00","og_image":[{"width":2823,"height":1936,"url":"https:\/\/media.generalkinematics.com\/wp-content\/uploads\/2015\/07\/Vibra-Mill-Reclaimer.jpg","type":"image\/jpeg"}],"twitter_card":"summary_large_image","twitter_site":"@gkvibrating","twitter_misc":{"Tiempo de lectura":"4 minutos"},"schema":{"@context":"https:\/\/schema.org","@graph":[{"@type":"WebPage","@id":"https:\/\/www.generalkinematics.com\/es\/producto\/maquina-vibratoria-de-recuperacion-de-arena-por-lotes-vibra-mill\/","url":"https:\/\/www.generalkinematics.com\/es\/producto\/maquina-vibratoria-de-recuperacion-de-arena-por-lotes-vibra-mill\/","name":"M\u00e1quina vibratoria de recuperaci\u00f3n de arena por lotes VIBRA-MILL\u00ae | General Kinematics","isPartOf":{"@id":"https:\/\/www.generalkinematics.com\/es\/#website"},"primaryImageOfPage":{"@id":"https:\/\/www.generalkinematics.com\/es\/producto\/maquina-vibratoria-de-recuperacion-de-arena-por-lotes-vibra-mill\/#primaryimage"},"image":{"@id":"https:\/\/www.generalkinematics.com\/es\/producto\/maquina-vibratoria-de-recuperacion-de-arena-por-lotes-vibra-mill\/#primaryimage"},"thumbnailUrl":"https:\/\/media.generalkinematics.com\/wp-content\/uploads\/2015\/07\/Vibra-Mill-Reclaimer.jpg","datePublished":"2015-07-30T07:46:09+00:00","dateModified":"2019-08-30T14:56:09+00:00","breadcrumb":{"@id":"https:\/\/www.generalkinematics.com\/es\/producto\/maquina-vibratoria-de-recuperacion-de-arena-por-lotes-vibra-mill\/#breadcrumb"},"inLanguage":"es","potentialAction":[{"@type":"ReadAction","target":["https:\/\/www.generalkinematics.com\/es\/producto\/maquina-vibratoria-de-recuperacion-de-arena-por-lotes-vibra-mill\/"]}]},{"@type":"ImageObject","inLanguage":"es","@id":"https:\/\/www.generalkinematics.com\/es\/producto\/maquina-vibratoria-de-recuperacion-de-arena-por-lotes-vibra-mill\/#primaryimage","url":"https:\/\/media.generalkinematics.com\/wp-content\/uploads\/2015\/07\/Vibra-Mill-Reclaimer.jpg","contentUrl":"https:\/\/media.generalkinematics.com\/wp-content\/uploads\/2015\/07\/Vibra-Mill-Reclaimer.jpg","width":2000,"height":1371,"caption":"general-kinematics-vibra-mill-reclaimer"},{"@type":"BreadcrumbList","@id":"https:\/\/www.generalkinematics.com\/es\/producto\/maquina-vibratoria-de-recuperacion-de-arena-por-lotes-vibra-mill\/#breadcrumb","itemListElement":[{"@type":"ListItem","position":1,"name":"GK Home","item":"https:\/\/www.generalkinematics.com\/es\/"},{"@type":"ListItem","position":2,"name":"Shop","item":"https:\/\/www.generalkinematics.com\/shop\/"},{"@type":"ListItem","position":3,"name":"M\u00e1quina vibratoria de recuperaci\u00f3n de arena por lotes VIBRA-MILL\u00ae"}]},{"@type":"WebSite","@id":"https:\/\/www.generalkinematics.com\/es\/#website","url":"https:\/\/www.generalkinematics.com\/es\/","name":"General Kinematics","description":"","publisher":{"@id":"https:\/\/www.generalkinematics.com\/es\/#organization"},"potentialAction":[{"@type":"SearchAction","target":{"@type":"EntryPoint","urlTemplate":"https:\/\/www.generalkinematics.com\/es\/?s={search_term_string}"},"query-input":{"@type":"PropertyValueSpecification","valueRequired":true,"valueName":"search_term_string"}}],"inLanguage":"es"},{"@type":"Organization","@id":"https:\/\/www.generalkinematics.com\/es\/#organization","name":"General Kinematics","url":"https:\/\/www.generalkinematics.com\/es\/","logo":{"@type":"ImageObject","inLanguage":"es","@id":"https:\/\/www.generalkinematics.com\/es\/#\/schema\/logo\/image\/","url":"https:\/\/media.generalkinematics.com\/wp-content\/uploads\/2018\/03\/logo.png","contentUrl":"https:\/\/media.generalkinematics.com\/wp-content\/uploads\/2018\/03\/logo.png","width":313,"height":100,"caption":"General Kinematics"},"image":{"@id":"https:\/\/www.generalkinematics.com\/es\/#\/schema\/logo\/image\/"},"sameAs":["https:\/\/www.facebook.com\/generalkinematics","https:\/\/x.com\/gkvibrating"]}]}},"_links":{"self":[{"href":"https:\/\/www.generalkinematics.com\/es\/wp-json\/wp\/v2\/product\/38859","targetHints":{"allow":["GET"]}}],"collection":[{"href":"https:\/\/www.generalkinematics.com\/es\/wp-json\/wp\/v2\/product"}],"about":[{"href":"https:\/\/www.generalkinematics.com\/es\/wp-json\/wp\/v2\/types\/product"}],"replies":[{"embeddable":true,"href":"https:\/\/www.generalkinematics.com\/es\/wp-json\/wp\/v2\/comments?post=38859"}],"wp:featuredmedia":[{"embeddable":true,"href":"https:\/\/www.generalkinematics.com\/es\/wp-json\/wp\/v2\/media\/25220"}],"wp:attachment":[{"href":"https:\/\/www.generalkinematics.com\/es\/wp-json\/wp\/v2\/media?parent=38859"}],"wp:term":[{"taxonomy":"product_brand","embeddable":true,"href":"https:\/\/www.generalkinematics.com\/es\/wp-json\/wp\/v2\/product_brand?post=38859"},{"taxonomy":"product_cat","embeddable":true,"href":"https:\/\/www.generalkinematics.com\/es\/wp-json\/wp\/v2\/product_cat?post=38859"},{"taxonomy":"product_tag","embeddable":true,"href":"https:\/\/www.generalkinematics.com\/es\/wp-json\/wp\/v2\/product_tag?post=38859"}],"curies":[{"name":"wp","href":"https:\/\/api.w.org\/{rel}","templated":true}]}}