{"id":39370,"date":"2015-09-24T12:17:19","date_gmt":"2015-09-24T17:17:19","guid":{"rendered":"https:\/\/www.generalkinematics.com\/product\/alimentador-de-medicion-de-residuos-asr\/"},"modified":"2018-08-30T22:59:01","modified_gmt":"2018-08-31T03:59:01","slug":"alimentador-de-medicion-de-residuos-asr","status":"publish","type":"product","link":"https:\/\/www.generalkinematics.com\/es\/producto\/alimentador-de-medicion-de-residuos-asr\/","title":{"rendered":"Alimentador de medici\u00f3n de residuos ASR"},"content":{"rendered":"<p>Realimente aguas abajo sus residuos de fragmentaci\u00f3n de veh\u00edculos (ASR, por sus siglas en ingl\u00e9s) con el <strong>alimentador de medici\u00f3n de residuos ASR<\/strong> de General Kinematics. Su enorme capacidad permite un tiempo m\u00e1ximo de resonancia entre las cargas. La bandeja ensanchada, los lados profundos y una descarga controlada permiten utilizar las funciones de medici\u00f3n. Combinado con un ciclo de realimentaci\u00f3n para un VFD, le permite tener el control m\u00e1ximo de la velocidad de alimentaci\u00f3n de sus residuos ASR.<\/p>\n<h2>Caracter\u00edsticas:<\/h2>\n<ul>\n<li>Gran capacidad.<\/li>\n<li>Control de VFD para una velocidad de alimentaci\u00f3n medida y constante.<\/li>\n<li>Dise\u00f1o de doble masa, reducir al m\u00ednimo los requisitos de caballaje.<\/li>\n<\/ul>\n","protected":false},"excerpt":{"rendered":"<p>Realimente aguas abajo sus residuos de fragmentaci\u00f3n de veh\u00edculos (ASR, por sus siglas en ingl\u00e9s) con el alimentador de medici\u00f3n de residuos ASR de General Kinematics. Su enorme capacidad permite un tiempo m\u00e1ximo de resonancia entre las cargas. La bandeja ensanchada, los lados profundos y una descarga controlada permiten utilizar las funciones de medici\u00f3n. Combinado [&hellip;]<\/p>\n","protected":false},"featured_media":24728,"comment_status":"closed","ping_status":"closed","template":"","meta":{"_acf_changed":false,"om_disable_all_campaigns":false,"ep_exclude_from_search":false},"product_brand":[],"product_cat":[1876,1655],"product_tag":[],"class_list":{"0":"post-39370","1":"product","2":"type-product","3":"status-publish","4":"has-post-thumbnail","6":"casestudytag-asr-es","7":"product_cat-equipo-de-procesamiento-de-desechos","8":"product_cat-soluciones-de-reciclaje","10":"first","11":"instock","12":"taxable","13":"shipping-taxable","14":"product-type-simple"},"acf":[],"yoast_head":"<!-- This site is optimized with the Yoast SEO plugin v27.2 - https:\/\/yoast.com\/product\/yoast-seo-wordpress\/ -->\n<title>Alimentador de medici\u00f3n de residuos ASR | General Kinematics<\/title>\n<meta name=\"robots\" content=\"index, follow, max-snippet:-1, max-image-preview:large, max-video-preview:-1\" \/>\n<link rel=\"canonical\" href=\"https:\/\/www.generalkinematics.com\/es\/producto\/alimentador-de-medicion-de-residuos-asr\/\" \/>\n<meta property=\"og:locale\" content=\"es_ES\" \/>\n<meta property=\"og:type\" content=\"article\" \/>\n<meta property=\"og:title\" content=\"Alimentador de medici\u00f3n de residuos ASR | General Kinematics\" \/>\n<meta property=\"og:description\" content=\"Realimente aguas abajo sus residuos de fragmentaci\u00f3n de veh\u00edculos (ASR, por sus siglas en ingl\u00e9s) con el alimentador de medici\u00f3n de residuos ASR de General Kinematics. Su enorme capacidad permite un tiempo m\u00e1ximo de resonancia entre las cargas. La bandeja ensanchada, los lados profundos y una descarga controlada permiten utilizar las funciones de medici\u00f3n. Combinado [&hellip;]\" \/>\n<meta property=\"og:url\" content=\"https:\/\/www.generalkinematics.com\/es\/producto\/alimentador-de-medicion-de-residuos-asr\/\" \/>\n<meta property=\"og:site_name\" content=\"General Kinematics\" \/>\n<meta property=\"article:publisher\" content=\"https:\/\/www.facebook.com\/generalkinematics\" \/>\n<meta property=\"article:modified_time\" content=\"2018-08-31T03:59:01+00:00\" \/>\n<meta property=\"og:image\" content=\"https:\/\/media.generalkinematics.com\/wp-content\/uploads\/2015\/09\/C-9984-01-002.jpg\" \/>\n\t<meta property=\"og:image:width\" content=\"2048\" \/>\n\t<meta property=\"og:image:height\" content=\"1536\" \/>\n\t<meta property=\"og:image:type\" content=\"image\/jpeg\" \/>\n<meta name=\"twitter:card\" content=\"summary_large_image\" \/>\n<meta name=\"twitter:site\" content=\"@gkvibrating\" \/>\n<meta name=\"twitter:label1\" content=\"Tiempo de lectura\" \/>\n\t<meta name=\"twitter:data1\" content=\"1 minuto\" \/>\n<!-- \/ Yoast SEO plugin. -->","yoast_head_json":{"title":"Alimentador de medici\u00f3n de residuos ASR | General Kinematics","robots":{"index":"index","follow":"follow","max-snippet":"max-snippet:-1","max-image-preview":"max-image-preview:large","max-video-preview":"max-video-preview:-1"},"canonical":"https:\/\/www.generalkinematics.com\/es\/producto\/alimentador-de-medicion-de-residuos-asr\/","og_locale":"es_ES","og_type":"article","og_title":"Alimentador de medici\u00f3n de residuos ASR | General Kinematics","og_description":"Realimente aguas abajo sus residuos de fragmentaci\u00f3n de veh\u00edculos (ASR, por sus siglas en ingl\u00e9s) con el alimentador de medici\u00f3n de residuos ASR de General Kinematics. Su enorme capacidad permite un tiempo m\u00e1ximo de resonancia entre las cargas. La bandeja ensanchada, los lados profundos y una descarga controlada permiten utilizar las funciones de medici\u00f3n. Combinado [&hellip;]","og_url":"https:\/\/www.generalkinematics.com\/es\/producto\/alimentador-de-medicion-de-residuos-asr\/","og_site_name":"General Kinematics","article_publisher":"https:\/\/www.facebook.com\/generalkinematics","article_modified_time":"2018-08-31T03:59:01+00:00","og_image":[{"width":2048,"height":1536,"url":"https:\/\/media.generalkinematics.com\/wp-content\/uploads\/2015\/09\/C-9984-01-002.jpg","type":"image\/jpeg"}],"twitter_card":"summary_large_image","twitter_site":"@gkvibrating","twitter_misc":{"Tiempo de lectura":"1 minuto"},"schema":{"@context":"https:\/\/schema.org","@graph":[{"@type":"WebPage","@id":"https:\/\/www.generalkinematics.com\/es\/producto\/alimentador-de-medicion-de-residuos-asr\/","url":"https:\/\/www.generalkinematics.com\/es\/producto\/alimentador-de-medicion-de-residuos-asr\/","name":"Alimentador de medici\u00f3n de residuos ASR | General Kinematics","isPartOf":{"@id":"https:\/\/www.generalkinematics.com\/es\/#website"},"primaryImageOfPage":{"@id":"https:\/\/www.generalkinematics.com\/es\/producto\/alimentador-de-medicion-de-residuos-asr\/#primaryimage"},"image":{"@id":"https:\/\/www.generalkinematics.com\/es\/producto\/alimentador-de-medicion-de-residuos-asr\/#primaryimage"},"thumbnailUrl":"https:\/\/media.generalkinematics.com\/wp-content\/uploads\/2015\/09\/C-9984-01-002.jpg","datePublished":"2015-09-24T17:17:19+00:00","dateModified":"2018-08-31T03:59:01+00:00","breadcrumb":{"@id":"https:\/\/www.generalkinematics.com\/es\/producto\/alimentador-de-medicion-de-residuos-asr\/#breadcrumb"},"inLanguage":"es","potentialAction":[{"@type":"ReadAction","target":["https:\/\/www.generalkinematics.com\/es\/producto\/alimentador-de-medicion-de-residuos-asr\/"]}]},{"@type":"ImageObject","inLanguage":"es","@id":"https:\/\/www.generalkinematics.com\/es\/producto\/alimentador-de-medicion-de-residuos-asr\/#primaryimage","url":"https:\/\/media.generalkinematics.com\/wp-content\/uploads\/2015\/09\/C-9984-01-002.jpg","contentUrl":"https:\/\/media.generalkinematics.com\/wp-content\/uploads\/2015\/09\/C-9984-01-002.jpg","width":2048,"height":1536,"caption":"general-kinematics-asr-metering-feeder"},{"@type":"BreadcrumbList","@id":"https:\/\/www.generalkinematics.com\/es\/producto\/alimentador-de-medicion-de-residuos-asr\/#breadcrumb","itemListElement":[{"@type":"ListItem","position":1,"name":"GK Home","item":"https:\/\/www.generalkinematics.com\/es\/"},{"@type":"ListItem","position":2,"name":"Shop","item":"https:\/\/www.generalkinematics.com\/shop\/"},{"@type":"ListItem","position":3,"name":"Alimentador de medici\u00f3n de residuos ASR"}]},{"@type":"WebSite","@id":"https:\/\/www.generalkinematics.com\/es\/#website","url":"https:\/\/www.generalkinematics.com\/es\/","name":"General Kinematics","description":"","publisher":{"@id":"https:\/\/www.generalkinematics.com\/es\/#organization"},"potentialAction":[{"@type":"SearchAction","target":{"@type":"EntryPoint","urlTemplate":"https:\/\/www.generalkinematics.com\/es\/?s={search_term_string}"},"query-input":{"@type":"PropertyValueSpecification","valueRequired":true,"valueName":"search_term_string"}}],"inLanguage":"es"},{"@type":"Organization","@id":"https:\/\/www.generalkinematics.com\/es\/#organization","name":"General Kinematics","url":"https:\/\/www.generalkinematics.com\/es\/","logo":{"@type":"ImageObject","inLanguage":"es","@id":"https:\/\/www.generalkinematics.com\/es\/#\/schema\/logo\/image\/","url":"https:\/\/media.generalkinematics.com\/wp-content\/uploads\/2018\/03\/logo.png","contentUrl":"https:\/\/media.generalkinematics.com\/wp-content\/uploads\/2018\/03\/logo.png","width":313,"height":100,"caption":"General Kinematics"},"image":{"@id":"https:\/\/www.generalkinematics.com\/es\/#\/schema\/logo\/image\/"},"sameAs":["https:\/\/www.facebook.com\/generalkinematics","https:\/\/x.com\/gkvibrating"]}]}},"_links":{"self":[{"href":"https:\/\/www.generalkinematics.com\/es\/wp-json\/wp\/v2\/product\/39370","targetHints":{"allow":["GET"]}}],"collection":[{"href":"https:\/\/www.generalkinematics.com\/es\/wp-json\/wp\/v2\/product"}],"about":[{"href":"https:\/\/www.generalkinematics.com\/es\/wp-json\/wp\/v2\/types\/product"}],"replies":[{"embeddable":true,"href":"https:\/\/www.generalkinematics.com\/es\/wp-json\/wp\/v2\/comments?post=39370"}],"wp:featuredmedia":[{"embeddable":true,"href":"https:\/\/www.generalkinematics.com\/es\/wp-json\/wp\/v2\/media\/24728"}],"wp:attachment":[{"href":"https:\/\/www.generalkinematics.com\/es\/wp-json\/wp\/v2\/media?parent=39370"}],"wp:term":[{"taxonomy":"product_brand","embeddable":true,"href":"https:\/\/www.generalkinematics.com\/es\/wp-json\/wp\/v2\/product_brand?post=39370"},{"taxonomy":"product_cat","embeddable":true,"href":"https:\/\/www.generalkinematics.com\/es\/wp-json\/wp\/v2\/product_cat?post=39370"},{"taxonomy":"product_tag","embeddable":true,"href":"https:\/\/www.generalkinematics.com\/es\/wp-json\/wp\/v2\/product_tag?post=39370"}],"curies":[{"name":"wp","href":"https:\/\/api.w.org\/{rel}","templated":true}]}}