{"id":39377,"date":"2015-09-28T11:11:11","date_gmt":"2015-09-28T16:11:11","guid":{"rendered":"https:\/\/www.generalkinematics.com\/product\/sistemas-de-clasificacion-de-metales-mezclados\/"},"modified":"2018-08-30T22:14:49","modified_gmt":"2018-08-31T03:14:49","slug":"sistemas-de-clasificacion-de-metales-mezclados","status":"publish","type":"product","link":"https:\/\/www.generalkinematics.com\/es\/producto\/sistemas-de-clasificacion-de-metales-mezclados\/","title":{"rendered":"Sistemas de clasificaci\u00f3n de metales mezclados"},"content":{"rendered":"<p>Los <strong>sistemas de clasificaci\u00f3n de metales mezclados<\/strong> de General Kinematics incorpora un basculador de caja y un alimentador vibratorio de medici\u00f3n que trabajan de manera conjunta con una cinta transportadora de clasificaci\u00f3n. La cinta transportadora de clasificaci\u00f3n de recorrido plano patentada de GK, reduce la fatiga del trabajador asociada con el ruido y la vibraci\u00f3n en instalaciones con cintas transportadoras comunes de transferencia. Esta cinta transportadora de clasificaci\u00f3n ha sido espec\u00edficamente dise\u00f1ada con un m\u00ednimo de recorrido vertical para funcionar con menor ruido y transportar material en varias l\u00edneas. El material se carga en la tolva y se mide uniformemente para la cinta transportadora de clasificaci\u00f3n donde los trabajadores pueden utilizar las l\u00edneas de la cinta transportadora para organizar los tipos de materiales. Sistemas como este permiten tener un ambiente de trabajo mejor para los empleados y recuperar m\u00e1s eficazmente los metales mezclados.<\/p>\n<h2>Caracter\u00edsticas:<\/h2>\n<ul>\n<li>Dise\u00f1o personalizado conforme a las configuraciones de sus cajas actuales.<\/li>\n<li>Alimentador de medici\u00f3n controlado por el operario.<\/li>\n<li>Disponibilidad de configuraciones de varias l\u00edneas por aplicaci\u00f3n.<\/li>\n<li>Acci\u00f3n suave de mezcla del material para reducir la fatiga del trabajador.<\/li>\n<\/ul>\n","protected":false},"excerpt":{"rendered":"<p>Los sistemas de clasificaci\u00f3n de metales mezclados de General Kinematics incorpora un basculador de caja y un alimentador vibratorio de medici\u00f3n que trabajan de manera conjunta con una cinta transportadora de clasificaci\u00f3n. La cinta transportadora de clasificaci\u00f3n de recorrido plano patentada de GK, reduce la fatiga del trabajador asociada con el ruido y la vibraci\u00f3n [&hellip;]<\/p>\n","protected":false},"featured_media":24808,"comment_status":"closed","ping_status":"closed","template":"","meta":{"_acf_changed":false,"om_disable_all_campaigns":false,"ep_exclude_from_search":false},"product_brand":[],"product_cat":[1876,1655,1868],"product_tag":[],"class_list":{"0":"post-39377","1":"product","2":"type-product","3":"status-publish","4":"has-post-thumbnail","6":"product_cat-equipo-de-procesamiento-de-desechos","7":"product_cat-soluciones-de-reciclaje","8":"product_cat-basura-electronica","10":"first","11":"instock","12":"taxable","13":"shipping-taxable","14":"product-type-simple"},"acf":[],"yoast_head":"<!-- This site is optimized with the Yoast SEO plugin v27.5 - https:\/\/yoast.com\/product\/yoast-seo-wordpress\/ -->\n<title>Sistemas de clasificaci\u00f3n de metales mezclados | General Kinematics<\/title>\n<meta name=\"robots\" content=\"index, follow, max-snippet:-1, max-image-preview:large, max-video-preview:-1\" \/>\n<link rel=\"canonical\" href=\"https:\/\/www.generalkinematics.com\/es\/producto\/sistemas-de-clasificacion-de-metales-mezclados\/\" \/>\n<meta property=\"og:locale\" content=\"es_ES\" \/>\n<meta property=\"og:type\" content=\"article\" \/>\n<meta property=\"og:title\" content=\"Sistemas de clasificaci\u00f3n de metales mezclados | General Kinematics\" \/>\n<meta property=\"og:description\" content=\"Los sistemas de clasificaci\u00f3n de metales mezclados de General Kinematics incorpora un basculador de caja y un alimentador vibratorio de medici\u00f3n que trabajan de manera conjunta con una cinta transportadora de clasificaci\u00f3n. La cinta transportadora de clasificaci\u00f3n de recorrido plano patentada de GK, reduce la fatiga del trabajador asociada con el ruido y la vibraci\u00f3n [&hellip;]\" \/>\n<meta property=\"og:url\" content=\"https:\/\/www.generalkinematics.com\/es\/producto\/sistemas-de-clasificacion-de-metales-mezclados\/\" \/>\n<meta property=\"og:site_name\" content=\"General Kinematics\" \/>\n<meta property=\"article:publisher\" content=\"https:\/\/www.facebook.com\/generalkinematics\" \/>\n<meta property=\"article:modified_time\" content=\"2018-08-31T03:14:49+00:00\" \/>\n<meta property=\"og:image\" content=\"https:\/\/media.generalkinematics.com\/wp-content\/uploads\/2015\/09\/End-of-lanes.jpg\" \/>\n\t<meta property=\"og:image:width\" content=\"1200\" \/>\n\t<meta property=\"og:image:height\" content=\"800\" \/>\n\t<meta property=\"og:image:type\" content=\"image\/jpeg\" \/>\n<meta name=\"twitter:card\" content=\"summary_large_image\" \/>\n<meta name=\"twitter:site\" content=\"@gkvibrating\" \/>\n<meta name=\"twitter:label1\" content=\"Tiempo de lectura\" \/>\n\t<meta name=\"twitter:data1\" content=\"1 minuto\" \/>\n<!-- \/ Yoast SEO plugin. -->","yoast_head_json":{"title":"Sistemas de clasificaci\u00f3n de metales mezclados | General Kinematics","robots":{"index":"index","follow":"follow","max-snippet":"max-snippet:-1","max-image-preview":"max-image-preview:large","max-video-preview":"max-video-preview:-1"},"canonical":"https:\/\/www.generalkinematics.com\/es\/producto\/sistemas-de-clasificacion-de-metales-mezclados\/","og_locale":"es_ES","og_type":"article","og_title":"Sistemas de clasificaci\u00f3n de metales mezclados | General Kinematics","og_description":"Los sistemas de clasificaci\u00f3n de metales mezclados de General Kinematics incorpora un basculador de caja y un alimentador vibratorio de medici\u00f3n que trabajan de manera conjunta con una cinta transportadora de clasificaci\u00f3n. La cinta transportadora de clasificaci\u00f3n de recorrido plano patentada de GK, reduce la fatiga del trabajador asociada con el ruido y la vibraci\u00f3n [&hellip;]","og_url":"https:\/\/www.generalkinematics.com\/es\/producto\/sistemas-de-clasificacion-de-metales-mezclados\/","og_site_name":"General Kinematics","article_publisher":"https:\/\/www.facebook.com\/generalkinematics","article_modified_time":"2018-08-31T03:14:49+00:00","og_image":[{"width":1200,"height":800,"url":"https:\/\/media.generalkinematics.com\/wp-content\/uploads\/2015\/09\/End-of-lanes.jpg","type":"image\/jpeg"}],"twitter_card":"summary_large_image","twitter_site":"@gkvibrating","twitter_misc":{"Tiempo de lectura":"1 minuto"},"schema":{"@context":"https:\/\/schema.org","@graph":[{"@type":"WebPage","@id":"https:\/\/www.generalkinematics.com\/es\/producto\/sistemas-de-clasificacion-de-metales-mezclados\/","url":"https:\/\/www.generalkinematics.com\/es\/producto\/sistemas-de-clasificacion-de-metales-mezclados\/","name":"Sistemas de clasificaci\u00f3n de metales mezclados | General Kinematics","isPartOf":{"@id":"https:\/\/www.generalkinematics.com\/es\/#website"},"primaryImageOfPage":{"@id":"https:\/\/www.generalkinematics.com\/es\/producto\/sistemas-de-clasificacion-de-metales-mezclados\/#primaryimage"},"image":{"@id":"https:\/\/www.generalkinematics.com\/es\/producto\/sistemas-de-clasificacion-de-metales-mezclados\/#primaryimage"},"thumbnailUrl":"https:\/\/media.generalkinematics.com\/wp-content\/uploads\/2015\/09\/End-of-lanes.jpg","datePublished":"2015-09-28T16:11:11+00:00","dateModified":"2018-08-31T03:14:49+00:00","breadcrumb":{"@id":"https:\/\/www.generalkinematics.com\/es\/producto\/sistemas-de-clasificacion-de-metales-mezclados\/#breadcrumb"},"inLanguage":"es","potentialAction":[{"@type":"ReadAction","target":["https:\/\/www.generalkinematics.com\/es\/producto\/sistemas-de-clasificacion-de-metales-mezclados\/"]}]},{"@type":"ImageObject","inLanguage":"es","@id":"https:\/\/www.generalkinematics.com\/es\/producto\/sistemas-de-clasificacion-de-metales-mezclados\/#primaryimage","url":"https:\/\/media.generalkinematics.com\/wp-content\/uploads\/2015\/09\/End-of-lanes.jpg","contentUrl":"https:\/\/media.generalkinematics.com\/wp-content\/uploads\/2015\/09\/End-of-lanes.jpg","width":1200,"height":800,"caption":"general-kinematics-end-of-lanes"},{"@type":"BreadcrumbList","@id":"https:\/\/www.generalkinematics.com\/es\/producto\/sistemas-de-clasificacion-de-metales-mezclados\/#breadcrumb","itemListElement":[{"@type":"ListItem","position":1,"name":"GK Home","item":"https:\/\/www.generalkinematics.com\/es\/"},{"@type":"ListItem","position":2,"name":"Shop","item":"https:\/\/www.generalkinematics.com\/shop\/"},{"@type":"ListItem","position":3,"name":"Sistemas de clasificaci\u00f3n de metales mezclados"}]},{"@type":"WebSite","@id":"https:\/\/www.generalkinematics.com\/es\/#website","url":"https:\/\/www.generalkinematics.com\/es\/","name":"General Kinematics","description":"","publisher":{"@id":"https:\/\/www.generalkinematics.com\/es\/#organization"},"potentialAction":[{"@type":"SearchAction","target":{"@type":"EntryPoint","urlTemplate":"https:\/\/www.generalkinematics.com\/es\/?s={search_term_string}"},"query-input":{"@type":"PropertyValueSpecification","valueRequired":true,"valueName":"search_term_string"}}],"inLanguage":"es"},{"@type":"Organization","@id":"https:\/\/www.generalkinematics.com\/es\/#organization","name":"General Kinematics","url":"https:\/\/www.generalkinematics.com\/es\/","logo":{"@type":"ImageObject","inLanguage":"es","@id":"https:\/\/www.generalkinematics.com\/es\/#\/schema\/logo\/image\/","url":"https:\/\/media.generalkinematics.com\/wp-content\/uploads\/2018\/03\/logo.png","contentUrl":"https:\/\/media.generalkinematics.com\/wp-content\/uploads\/2018\/03\/logo.png","width":313,"height":100,"caption":"General Kinematics"},"image":{"@id":"https:\/\/www.generalkinematics.com\/es\/#\/schema\/logo\/image\/"},"sameAs":["https:\/\/www.facebook.com\/generalkinematics","https:\/\/x.com\/gkvibrating"]}]}},"_links":{"self":[{"href":"https:\/\/www.generalkinematics.com\/es\/wp-json\/wp\/v2\/product\/39377","targetHints":{"allow":["GET"]}}],"collection":[{"href":"https:\/\/www.generalkinematics.com\/es\/wp-json\/wp\/v2\/product"}],"about":[{"href":"https:\/\/www.generalkinematics.com\/es\/wp-json\/wp\/v2\/types\/product"}],"replies":[{"embeddable":true,"href":"https:\/\/www.generalkinematics.com\/es\/wp-json\/wp\/v2\/comments?post=39377"}],"wp:featuredmedia":[{"embeddable":true,"href":"https:\/\/www.generalkinematics.com\/es\/wp-json\/wp\/v2\/media\/24808"}],"wp:attachment":[{"href":"https:\/\/www.generalkinematics.com\/es\/wp-json\/wp\/v2\/media?parent=39377"}],"wp:term":[{"taxonomy":"product_brand","embeddable":true,"href":"https:\/\/www.generalkinematics.com\/es\/wp-json\/wp\/v2\/product_brand?post=39377"},{"taxonomy":"product_cat","embeddable":true,"href":"https:\/\/www.generalkinematics.com\/es\/wp-json\/wp\/v2\/product_cat?post=39377"},{"taxonomy":"product_tag","embeddable":true,"href":"https:\/\/www.generalkinematics.com\/es\/wp-json\/wp\/v2\/product_tag?post=39377"}],"curies":[{"name":"wp","href":"https:\/\/api.w.org\/{rel}","templated":true}]}}