{"id":39383,"date":"2015-11-05T14:11:15","date_gmt":"2015-11-05T20:11:15","guid":{"rendered":"https:\/\/www.generalkinematics.com\/product\/finger-screen-para-wte\/"},"modified":"2018-08-30T23:05:17","modified_gmt":"2018-08-31T04:05:17","slug":"finger-screen-para-wte","status":"publish","type":"product","link":"https:\/\/www.generalkinematics.com\/es\/producto\/finger-screen-para-wte\/","title":{"rendered":"FINGER-SCREEN\u2122 para WTE"},"content":{"rendered":"<p>La unidad <strong>FINGER-SCREEN\u2122 de producci\u00f3n de energ\u00eda a base de desechos<\/strong> (WTE, por sus siglas en ingl\u00e9s) ha demostrado ser extremadamente eficiente en el procesamiento de cenizas h\u00famedas de fondo y el desbrozamiento de \u00abmateriales fibrosos\u00bb. La unidad vibratoria FINGER-SCREEN\u2122 de GK es un dise\u00f1o de doble masa y bajo caballaje con pocas piezas m\u00f3viles que permiten reducir el mantenimiento, maximizar el tiempo de funcionamiento y mejorar la confiabilidad de su desempe\u00f1o.<\/p>\n<p>Las cubiertas de barras FINGER-SCREEN\u2122 est\u00e1n dise\u00f1adas con un grado superior de resistencia al desgaste y durabilidad. El dise\u00f1o de las barras c\u00f3nicas junto con las superficies de salida \u00fanicas y las posiciones intercaladas ayudan a evitar el sobrepaso de material. La acci\u00f3n vibratoria esparce el material en la cubierta y, por consiguiente, se reduce la profundidad de la cama para maximizar la utilizaci\u00f3n del \u00e1rea de cribado. El grado de desempe\u00f1o del proceso de separaci\u00f3n se mejora ulteriormente a medida que el material cae libremente en cascada a trav\u00e9s de la cubierta con menos obstrucciones, atrapamiento o atarugamiento. El resultado: el flujo de material continuo y din\u00e1mico para mejorar y optimizar el proceso de separaci\u00f3n y clasificaci\u00f3n.<\/p>\n<p>Un dise\u00f1o comprobado para el sector de producci\u00f3n de energ\u00eda a base de desechos (WTE), las instalaciones de unidades FINGER-SCREEN\u2122 de GK aun siguen funcionando despu\u00e9s de m\u00e1s de 30 a\u00f1os de trabajo.<\/p>\n<h2>Caracter\u00edsticas:<\/h2>\n<ul>\n<li>El movimiento vibratorio esparce uniformemente el material para un m\u00e1ximo de eficiencia del proceso de separaci\u00f3n.<\/li>\n<li>Barras intercaladas que evitar el sobrepaso del material.<\/li>\n<li>Las barras c\u00f3nicas clasifican gradualmente y liberan el material atrapado.<\/li>\n<li>El flujo del material en cascada ayuda a separar el producto atrapado.<\/li>\n<li>La superficie \u00fanica de salida ayuda a eliminar atrapamientos y obstrucciones.<\/li>\n<li>Resortes reactivos de la bobina en acero galvanizado resistentes a la corrosi\u00f3n.<\/li>\n<li>La construcci\u00f3n modular de la cubierta permite sustituirla f\u00e1cilmente.<\/li>\n<li>Dise\u00f1adas a la medida del cliente para satisfacer sus requisitos espec\u00edficos.<\/li>\n<\/ul>\n","protected":false},"excerpt":{"rendered":"<p>La unidad FINGER-SCREEN\u2122 de producci\u00f3n de energ\u00eda a base de desechos (WTE, por sus siglas en ingl\u00e9s) ha demostrado ser extremadamente eficiente en el procesamiento de cenizas h\u00famedas de fondo y el desbrozamiento de \u00abmateriales fibrosos\u00bb. La unidad vibratoria FINGER-SCREEN\u2122 de GK es un dise\u00f1o de doble masa y bajo caballaje con pocas piezas m\u00f3viles [&hellip;]<\/p>\n","protected":false},"featured_media":29592,"comment_status":"closed","ping_status":"closed","template":"","meta":{"_acf_changed":false,"om_disable_all_campaigns":false,"ep_exclude_from_search":false},"product_brand":[],"product_cat":[1877,1654,1655,1656],"product_tag":[],"class_list":{"0":"post-39383","1":"product","2":"type-product","3":"status-publish","4":"has-post-thumbnail","6":"product_cat-equipo-de-residuos-energeticas","7":"product_cat-cribas-vibratorias","8":"product_cat-soluciones-de-reciclaje","9":"product_cat-tecnologia-de-pantalla-de-reciclaje","11":"first","12":"instock","13":"taxable","14":"shipping-taxable","15":"product-type-simple"},"acf":[],"yoast_head":"<!-- This site is optimized with the Yoast SEO plugin v27.2 - https:\/\/yoast.com\/product\/yoast-seo-wordpress\/ -->\n<title>FINGER-SCREEN\u2122 para WTE | General Kinematics<\/title>\n<meta name=\"robots\" content=\"index, follow, max-snippet:-1, max-image-preview:large, max-video-preview:-1\" \/>\n<link rel=\"canonical\" href=\"https:\/\/www.generalkinematics.com\/es\/producto\/finger-screen-para-wte\/\" \/>\n<meta property=\"og:locale\" content=\"es_ES\" \/>\n<meta property=\"og:type\" content=\"article\" \/>\n<meta property=\"og:title\" content=\"FINGER-SCREEN\u2122 para WTE | General Kinematics\" \/>\n<meta property=\"og:description\" content=\"La unidad FINGER-SCREEN\u2122 de producci\u00f3n de energ\u00eda a base de desechos (WTE, por sus siglas en ingl\u00e9s) ha demostrado ser extremadamente eficiente en el procesamiento de cenizas h\u00famedas de fondo y el desbrozamiento de \u00abmateriales fibrosos\u00bb. La unidad vibratoria FINGER-SCREEN\u2122 de GK es un dise\u00f1o de doble masa y bajo caballaje con pocas piezas m\u00f3viles [&hellip;]\" \/>\n<meta property=\"og:url\" content=\"https:\/\/www.generalkinematics.com\/es\/producto\/finger-screen-para-wte\/\" \/>\n<meta property=\"og:site_name\" content=\"General Kinematics\" \/>\n<meta property=\"article:publisher\" content=\"https:\/\/www.facebook.com\/generalkinematics\" \/>\n<meta property=\"article:modified_time\" content=\"2018-08-31T04:05:17+00:00\" \/>\n<meta property=\"og:image\" content=\"https:\/\/media.generalkinematics.com\/wp-content\/uploads\/2015\/11\/IMAG0398.jpg\" \/>\n\t<meta property=\"og:image:width\" content=\"3264\" \/>\n\t<meta property=\"og:image:height\" content=\"1952\" \/>\n\t<meta property=\"og:image:type\" content=\"image\/jpeg\" \/>\n<meta name=\"twitter:card\" content=\"summary_large_image\" \/>\n<meta name=\"twitter:site\" content=\"@gkvibrating\" \/>\n<meta name=\"twitter:label1\" content=\"Tiempo de lectura\" \/>\n\t<meta name=\"twitter:data1\" content=\"2 minutos\" \/>\n<!-- \/ Yoast SEO plugin. -->","yoast_head_json":{"title":"FINGER-SCREEN\u2122 para WTE | General Kinematics","robots":{"index":"index","follow":"follow","max-snippet":"max-snippet:-1","max-image-preview":"max-image-preview:large","max-video-preview":"max-video-preview:-1"},"canonical":"https:\/\/www.generalkinematics.com\/es\/producto\/finger-screen-para-wte\/","og_locale":"es_ES","og_type":"article","og_title":"FINGER-SCREEN\u2122 para WTE | General Kinematics","og_description":"La unidad FINGER-SCREEN\u2122 de producci\u00f3n de energ\u00eda a base de desechos (WTE, por sus siglas en ingl\u00e9s) ha demostrado ser extremadamente eficiente en el procesamiento de cenizas h\u00famedas de fondo y el desbrozamiento de \u00abmateriales fibrosos\u00bb. La unidad vibratoria FINGER-SCREEN\u2122 de GK es un dise\u00f1o de doble masa y bajo caballaje con pocas piezas m\u00f3viles [&hellip;]","og_url":"https:\/\/www.generalkinematics.com\/es\/producto\/finger-screen-para-wte\/","og_site_name":"General Kinematics","article_publisher":"https:\/\/www.facebook.com\/generalkinematics","article_modified_time":"2018-08-31T04:05:17+00:00","og_image":[{"width":3264,"height":1952,"url":"https:\/\/media.generalkinematics.com\/wp-content\/uploads\/2015\/11\/IMAG0398.jpg","type":"image\/jpeg"}],"twitter_card":"summary_large_image","twitter_site":"@gkvibrating","twitter_misc":{"Tiempo de lectura":"2 minutos"},"schema":{"@context":"https:\/\/schema.org","@graph":[{"@type":"WebPage","@id":"https:\/\/www.generalkinematics.com\/es\/producto\/finger-screen-para-wte\/","url":"https:\/\/www.generalkinematics.com\/es\/producto\/finger-screen-para-wte\/","name":"FINGER-SCREEN\u2122 para WTE | General Kinematics","isPartOf":{"@id":"https:\/\/www.generalkinematics.com\/es\/#website"},"primaryImageOfPage":{"@id":"https:\/\/www.generalkinematics.com\/es\/producto\/finger-screen-para-wte\/#primaryimage"},"image":{"@id":"https:\/\/www.generalkinematics.com\/es\/producto\/finger-screen-para-wte\/#primaryimage"},"thumbnailUrl":"https:\/\/media.generalkinematics.com\/wp-content\/uploads\/2015\/11\/IMAG0398.jpg","datePublished":"2015-11-05T20:11:15+00:00","dateModified":"2018-08-31T04:05:17+00:00","breadcrumb":{"@id":"https:\/\/www.generalkinematics.com\/es\/producto\/finger-screen-para-wte\/#breadcrumb"},"inLanguage":"es","potentialAction":[{"@type":"ReadAction","target":["https:\/\/www.generalkinematics.com\/es\/producto\/finger-screen-para-wte\/"]}]},{"@type":"ImageObject","inLanguage":"es","@id":"https:\/\/www.generalkinematics.com\/es\/producto\/finger-screen-para-wte\/#primaryimage","url":"https:\/\/media.generalkinematics.com\/wp-content\/uploads\/2015\/11\/IMAG0398.jpg","contentUrl":"https:\/\/media.generalkinematics.com\/wp-content\/uploads\/2015\/11\/IMAG0398.jpg","width":2500,"height":1495,"caption":"general-kinematics-screen"},{"@type":"BreadcrumbList","@id":"https:\/\/www.generalkinematics.com\/es\/producto\/finger-screen-para-wte\/#breadcrumb","itemListElement":[{"@type":"ListItem","position":1,"name":"GK Home","item":"https:\/\/www.generalkinematics.com\/es\/"},{"@type":"ListItem","position":2,"name":"Shop","item":"https:\/\/www.generalkinematics.com\/shop\/"},{"@type":"ListItem","position":3,"name":"FINGER-SCREEN\u2122 para WTE"}]},{"@type":"WebSite","@id":"https:\/\/www.generalkinematics.com\/es\/#website","url":"https:\/\/www.generalkinematics.com\/es\/","name":"General Kinematics","description":"","publisher":{"@id":"https:\/\/www.generalkinematics.com\/es\/#organization"},"potentialAction":[{"@type":"SearchAction","target":{"@type":"EntryPoint","urlTemplate":"https:\/\/www.generalkinematics.com\/es\/?s={search_term_string}"},"query-input":{"@type":"PropertyValueSpecification","valueRequired":true,"valueName":"search_term_string"}}],"inLanguage":"es"},{"@type":"Organization","@id":"https:\/\/www.generalkinematics.com\/es\/#organization","name":"General Kinematics","url":"https:\/\/www.generalkinematics.com\/es\/","logo":{"@type":"ImageObject","inLanguage":"es","@id":"https:\/\/www.generalkinematics.com\/es\/#\/schema\/logo\/image\/","url":"https:\/\/media.generalkinematics.com\/wp-content\/uploads\/2018\/03\/logo.png","contentUrl":"https:\/\/media.generalkinematics.com\/wp-content\/uploads\/2018\/03\/logo.png","width":313,"height":100,"caption":"General Kinematics"},"image":{"@id":"https:\/\/www.generalkinematics.com\/es\/#\/schema\/logo\/image\/"},"sameAs":["https:\/\/www.facebook.com\/generalkinematics","https:\/\/x.com\/gkvibrating"]}]}},"_links":{"self":[{"href":"https:\/\/www.generalkinematics.com\/es\/wp-json\/wp\/v2\/product\/39383","targetHints":{"allow":["GET"]}}],"collection":[{"href":"https:\/\/www.generalkinematics.com\/es\/wp-json\/wp\/v2\/product"}],"about":[{"href":"https:\/\/www.generalkinematics.com\/es\/wp-json\/wp\/v2\/types\/product"}],"replies":[{"embeddable":true,"href":"https:\/\/www.generalkinematics.com\/es\/wp-json\/wp\/v2\/comments?post=39383"}],"wp:featuredmedia":[{"embeddable":true,"href":"https:\/\/www.generalkinematics.com\/es\/wp-json\/wp\/v2\/media\/29592"}],"wp:attachment":[{"href":"https:\/\/www.generalkinematics.com\/es\/wp-json\/wp\/v2\/media?parent=39383"}],"wp:term":[{"taxonomy":"product_brand","embeddable":true,"href":"https:\/\/www.generalkinematics.com\/es\/wp-json\/wp\/v2\/product_brand?post=39383"},{"taxonomy":"product_cat","embeddable":true,"href":"https:\/\/www.generalkinematics.com\/es\/wp-json\/wp\/v2\/product_cat?post=39383"},{"taxonomy":"product_tag","embeddable":true,"href":"https:\/\/www.generalkinematics.com\/es\/wp-json\/wp\/v2\/product_tag?post=39383"}],"curies":[{"name":"wp","href":"https:\/\/api.w.org\/{rel}","templated":true}]}}