{"id":39390,"date":"2015-11-13T09:12:34","date_gmt":"2015-11-13T15:12:34","guid":{"rendered":"https:\/\/www.generalkinematics.com\/product\/alimentador-de-palanquillas-para-sistemas-de-induccion\/"},"modified":"2018-08-30T20:52:07","modified_gmt":"2018-08-31T01:52:07","slug":"sistemas-de-alimentacion-de-cubas","status":"publish","type":"product","link":"https:\/\/www.generalkinematics.com\/es\/producto\/sistemas-de-alimentacion-de-cubas\/","title":{"rendered":"Alimentador de palanquillas para sistemas de inducci\u00f3n"},"content":{"rendered":"<p>Los <strong>sistemas de alimentaci\u00f3n de cubas<\/strong> pueden recibir un lote de palanquillas, pesarlas y medir las en una cuba de alineaci\u00f3n circular. Las palanquillas se alinean e ingresan a un sistema de calentamiento por inducci\u00f3n continua. El movimiento vibratorio permite orientar las palanquillas.<\/p>\n","protected":false},"excerpt":{"rendered":"<p>Los sistemas de alimentaci\u00f3n de cubas pueden recibir un lote de palanquillas, pesarlas y medir las en una cuba de alineaci\u00f3n circular. Las palanquillas se alinean e ingresan a un sistema de calentamiento por inducci\u00f3n continua. El movimiento vibratorio permite orientar las palanquillas.<\/p>\n","protected":false},"featured_media":24924,"comment_status":"closed","ping_status":"closed","template":"","meta":{"_acf_changed":false,"om_disable_all_campaigns":false,"ep_exclude_from_search":false},"product_brand":[],"product_cat":[1842,1839],"product_tag":[],"class_list":{"0":"post-39390","1":"product","2":"type-product","3":"status-publish","4":"has-post-thumbnail","6":"product_cat-otras-soluciones","7":"product_cat-soluciones-de-fundicion-y-metalcasting","9":"first","10":"instock","11":"taxable","12":"shipping-taxable","13":"product-type-simple"},"acf":[],"yoast_head":"<!-- This site is optimized with the Yoast SEO plugin v27.5 - https:\/\/yoast.com\/product\/yoast-seo-wordpress\/ -->\n<title>Alimentador de palanquillas para sistemas de inducci\u00f3n | General Kinematics<\/title>\n<meta name=\"robots\" content=\"index, follow, max-snippet:-1, max-image-preview:large, max-video-preview:-1\" \/>\n<link rel=\"canonical\" href=\"https:\/\/www.generalkinematics.com\/es\/producto\/sistemas-de-alimentacion-de-cubas\/\" \/>\n<meta property=\"og:locale\" content=\"es_ES\" \/>\n<meta property=\"og:type\" content=\"article\" \/>\n<meta property=\"og:title\" content=\"Alimentador de palanquillas para sistemas de inducci\u00f3n | General Kinematics\" \/>\n<meta property=\"og:description\" content=\"Los sistemas de alimentaci\u00f3n de cubas pueden recibir un lote de palanquillas, pesarlas y medir las en una cuba de alineaci\u00f3n circular. Las palanquillas se alinean e ingresan a un sistema de calentamiento por inducci\u00f3n continua. El movimiento vibratorio permite orientar las palanquillas.\" \/>\n<meta property=\"og:url\" content=\"https:\/\/www.generalkinematics.com\/es\/producto\/sistemas-de-alimentacion-de-cubas\/\" \/>\n<meta property=\"og:site_name\" content=\"General Kinematics\" \/>\n<meta property=\"article:publisher\" content=\"https:\/\/www.facebook.com\/generalkinematics\" \/>\n<meta property=\"article:modified_time\" content=\"2018-08-31T01:52:07+00:00\" \/>\n<meta property=\"og:image\" content=\"https:\/\/media.generalkinematics.com\/wp-content\/uploads\/2015\/11\/DSC00033.jpg\" \/>\n\t<meta property=\"og:image:width\" content=\"1632\" \/>\n\t<meta property=\"og:image:height\" content=\"1224\" \/>\n\t<meta property=\"og:image:type\" content=\"image\/jpeg\" \/>\n<meta name=\"twitter:card\" content=\"summary_large_image\" \/>\n<meta name=\"twitter:site\" content=\"@gkvibrating\" \/>\n<!-- \/ Yoast SEO plugin. -->","yoast_head_json":{"title":"Alimentador de palanquillas para sistemas de inducci\u00f3n | General Kinematics","robots":{"index":"index","follow":"follow","max-snippet":"max-snippet:-1","max-image-preview":"max-image-preview:large","max-video-preview":"max-video-preview:-1"},"canonical":"https:\/\/www.generalkinematics.com\/es\/producto\/sistemas-de-alimentacion-de-cubas\/","og_locale":"es_ES","og_type":"article","og_title":"Alimentador de palanquillas para sistemas de inducci\u00f3n | General Kinematics","og_description":"Los sistemas de alimentaci\u00f3n de cubas pueden recibir un lote de palanquillas, pesarlas y medir las en una cuba de alineaci\u00f3n circular. Las palanquillas se alinean e ingresan a un sistema de calentamiento por inducci\u00f3n continua. El movimiento vibratorio permite orientar las palanquillas.","og_url":"https:\/\/www.generalkinematics.com\/es\/producto\/sistemas-de-alimentacion-de-cubas\/","og_site_name":"General Kinematics","article_publisher":"https:\/\/www.facebook.com\/generalkinematics","article_modified_time":"2018-08-31T01:52:07+00:00","og_image":[{"width":1632,"height":1224,"url":"https:\/\/media.generalkinematics.com\/wp-content\/uploads\/2015\/11\/DSC00033.jpg","type":"image\/jpeg"}],"twitter_card":"summary_large_image","twitter_site":"@gkvibrating","schema":{"@context":"https:\/\/schema.org","@graph":[{"@type":"WebPage","@id":"https:\/\/www.generalkinematics.com\/es\/producto\/sistemas-de-alimentacion-de-cubas\/","url":"https:\/\/www.generalkinematics.com\/es\/producto\/sistemas-de-alimentacion-de-cubas\/","name":"Alimentador de palanquillas para sistemas de inducci\u00f3n | General Kinematics","isPartOf":{"@id":"https:\/\/www.generalkinematics.com\/es\/#website"},"primaryImageOfPage":{"@id":"https:\/\/www.generalkinematics.com\/es\/producto\/sistemas-de-alimentacion-de-cubas\/#primaryimage"},"image":{"@id":"https:\/\/www.generalkinematics.com\/es\/producto\/sistemas-de-alimentacion-de-cubas\/#primaryimage"},"thumbnailUrl":"https:\/\/media.generalkinematics.com\/wp-content\/uploads\/2015\/11\/DSC00033.jpg","datePublished":"2015-11-13T15:12:34+00:00","dateModified":"2018-08-31T01:52:07+00:00","breadcrumb":{"@id":"https:\/\/www.generalkinematics.com\/es\/producto\/sistemas-de-alimentacion-de-cubas\/#breadcrumb"},"inLanguage":"es","potentialAction":[{"@type":"ReadAction","target":["https:\/\/www.generalkinematics.com\/es\/producto\/sistemas-de-alimentacion-de-cubas\/"]}]},{"@type":"ImageObject","inLanguage":"es","@id":"https:\/\/www.generalkinematics.com\/es\/producto\/sistemas-de-alimentacion-de-cubas\/#primaryimage","url":"https:\/\/media.generalkinematics.com\/wp-content\/uploads\/2015\/11\/DSC00033.jpg","contentUrl":"https:\/\/media.generalkinematics.com\/wp-content\/uploads\/2015\/11\/DSC00033.jpg","width":1632,"height":1224,"caption":"general-kinematics-bowl-feeder"},{"@type":"BreadcrumbList","@id":"https:\/\/www.generalkinematics.com\/es\/producto\/sistemas-de-alimentacion-de-cubas\/#breadcrumb","itemListElement":[{"@type":"ListItem","position":1,"name":"GK Home","item":"https:\/\/www.generalkinematics.com\/es\/"},{"@type":"ListItem","position":2,"name":"Shop","item":"https:\/\/www.generalkinematics.com\/shop\/"},{"@type":"ListItem","position":3,"name":"Alimentador de palanquillas para sistemas de inducci\u00f3n"}]},{"@type":"WebSite","@id":"https:\/\/www.generalkinematics.com\/es\/#website","url":"https:\/\/www.generalkinematics.com\/es\/","name":"General Kinematics","description":"","publisher":{"@id":"https:\/\/www.generalkinematics.com\/es\/#organization"},"potentialAction":[{"@type":"SearchAction","target":{"@type":"EntryPoint","urlTemplate":"https:\/\/www.generalkinematics.com\/es\/?s={search_term_string}"},"query-input":{"@type":"PropertyValueSpecification","valueRequired":true,"valueName":"search_term_string"}}],"inLanguage":"es"},{"@type":"Organization","@id":"https:\/\/www.generalkinematics.com\/es\/#organization","name":"General Kinematics","url":"https:\/\/www.generalkinematics.com\/es\/","logo":{"@type":"ImageObject","inLanguage":"es","@id":"https:\/\/www.generalkinematics.com\/es\/#\/schema\/logo\/image\/","url":"https:\/\/media.generalkinematics.com\/wp-content\/uploads\/2018\/03\/logo.png","contentUrl":"https:\/\/media.generalkinematics.com\/wp-content\/uploads\/2018\/03\/logo.png","width":313,"height":100,"caption":"General Kinematics"},"image":{"@id":"https:\/\/www.generalkinematics.com\/es\/#\/schema\/logo\/image\/"},"sameAs":["https:\/\/www.facebook.com\/generalkinematics","https:\/\/x.com\/gkvibrating"]}]}},"_links":{"self":[{"href":"https:\/\/www.generalkinematics.com\/es\/wp-json\/wp\/v2\/product\/39390","targetHints":{"allow":["GET"]}}],"collection":[{"href":"https:\/\/www.generalkinematics.com\/es\/wp-json\/wp\/v2\/product"}],"about":[{"href":"https:\/\/www.generalkinematics.com\/es\/wp-json\/wp\/v2\/types\/product"}],"replies":[{"embeddable":true,"href":"https:\/\/www.generalkinematics.com\/es\/wp-json\/wp\/v2\/comments?post=39390"}],"wp:featuredmedia":[{"embeddable":true,"href":"https:\/\/www.generalkinematics.com\/es\/wp-json\/wp\/v2\/media\/24924"}],"wp:attachment":[{"href":"https:\/\/www.generalkinematics.com\/es\/wp-json\/wp\/v2\/media?parent=39390"}],"wp:term":[{"taxonomy":"product_brand","embeddable":true,"href":"https:\/\/www.generalkinematics.com\/es\/wp-json\/wp\/v2\/product_brand?post=39390"},{"taxonomy":"product_cat","embeddable":true,"href":"https:\/\/www.generalkinematics.com\/es\/wp-json\/wp\/v2\/product_cat?post=39390"},{"taxonomy":"product_tag","embeddable":true,"href":"https:\/\/www.generalkinematics.com\/es\/wp-json\/wp\/v2\/product_tag?post=39390"}],"curies":[{"name":"wp","href":"https:\/\/api.w.org\/{rel}","templated":true}]}}