{"id":39440,"date":"2015-12-11T16:06:19","date_gmt":"2015-12-11T22:06:19","guid":{"rendered":"https:\/\/www.generalkinematics.com\/product\/estabilizadores-patas-de-balancin-ductiles-para-trabajo-ultrapesado-de-general-kinematics\/"},"modified":"2019-12-06T10:59:11","modified_gmt":"2019-12-06T16:59:11","slug":"estabilizadores-patas-de-balancin-ductiles","status":"publish","type":"product","link":"https:\/\/www.generalkinematics.com\/es\/producto\/estabilizadores-patas-de-balancin-ductiles\/","title":{"rendered":"Estabilizadores\/patas de balanc\u00edn d\u00factiles para trabajo ultrapesado de General Kinematics"},"content":{"rendered":"<p>Los <strong>estabilizadores\/patas de balanc\u00edn d\u00factiles<\/strong> patentados de GK utilizan el mismo concepto excepcional de dise\u00f1o de nuestro <a href=\"https:\/\/www.generalkinematics.com\/es\/producto\/estabilizadores-patas-de-balancin-de-aluminio-y-calidad-premium-de-general-kinematics\/\"><strong>estabilizador\/patas de balanc\u00edn de aluminio de calidad premium<\/strong><\/a>, pero son piezas fundidas de hierro d\u00factil resistente a la abrasi\u00f3n. Las innovadoras patas de balanc\u00edn d\u00factiles para trabajo extremadamente pesado de General Kinematics son las patas m\u00e1s resistentes que hay en el mercado. Utilizando la t\u00e9cnica comprobada de construcci\u00f3n de viga en I, las patas d\u00factiles de GK eliminan la deflexi\u00f3n vertical y horizontal propia de otras marcas de estabilizadores para un m\u00e1ximo de resistencia en las aplicaciones m\u00e1s exigentes.<\/p>\n<p><u><strong>\u00bfCu\u00e1ndo hay cambiar a los estabilizadores de acero?<\/strong><\/u><\/p>\n<p>\u00bfTiene una aplicaci\u00f3n en la que su m\u00e1quina est\u00e1 expuesta a los fosos llenos de arena, sustancias qu\u00edmicas y otras condiciones ambientales que en ocasiones suponen un reto para las aleaciones no ferrosas como el aluminio? Para estos casos excepcionales donde se dan estas condiciones, GK ahora ofrece los innovadores estabilizadores\/patas de balanc\u00edn de hierro d\u00factil para los equipos vibratorios de GK o de otras marcas. Los especialistas en piezas de GK trabajar\u00e1n con usted para suministrarle las patas que tienen el dise\u00f1o \u00f3ptimo y la informaci\u00f3n de ingenier\u00eda que le ayudar\u00e1 a instalar y reajustar su m\u00e1quina para garantizar su funcionamiento continuo conforme al dise\u00f1o original.<\/p>\n<p><u><strong>\u00bfQu\u00e9 hay que saber antes de cambiar a los estabilizadores de acero?<\/strong><\/u><\/p>\n<p>Debido al aumento de peso, los estabilizadores de hierro d\u00factil de GK, solo se recomiendan para los ambientes y condiciones de funcionamiento m\u00e1s dif\u00edciles. Cuando cambie a los estabilizadores d\u00factiles, consulte con el departamento de servicios de General Kinematics para obtener informaci\u00f3n sobre el reajuste y recalibraci\u00f3n de su unidad, porque estas patas afectan las caracter\u00edsticas de desempe\u00f1o de su m\u00e1quina. Para todas las otras aplicaciones, s\u00edrvase consultar la informaci\u00f3n de nuestras <a href=\"https:\/\/www.generalkinematics.com\/es\/producto\/estabilizadores-patas-de-balancin-de-aluminio-y-calidad-premium-de-general-kinematics\/\"><strong>patas para estabilizadores de aluminio<\/strong><\/a>. <a href=\"https:\/\/www.generalkinematics.com\/es\/24-7-365-repuestos-y-servicio-de-gk-siempre-alli-para-usted\/\">P\u00f3ngase en contacto con un especialista en piezas de componentes de GK<\/a>, para hablar sobre su aplicaci\u00f3n espec\u00edfica.<\/p>\n<p>&nbsp;<\/p>\n<h2>Estabilizadores\/patas de balanc\u00edn d\u00factiles de GK:<\/h2>\n<ul>\n<li class=\"products_headline2\">Resistentes a la abrasi\u00f3n<\/li>\n<li class=\"products_headline2\">Costos menores de funcionamiento<\/li>\n<li class=\"products_headline2\">Reducci\u00f3n del tiempo fuera de servicio<\/li>\n<li class=\"products_headline2\">Uso de bujes reemplazables<\/li>\n<li class=\"products_headline2\">Garant\u00eda de mantenimiento de la m\u00e1quina con el respaldo de la f\u00e1brica<\/li>\n<\/ul>\n<p><a href=\"https:\/\/www.generalkinematics.com\/es\/24-7-365-repuestos-y-servicio-de-gk-siempre-alli-para-usted\/\" target=\"_blank\" rel=\"noopener noreferrer\"><img decoding=\"async\" class=\"alignnone\" src=\"https:\/\/www.generalkinematics.com\/wp-content\/uploads\/images\/order-now.gif\" alt=\"Pida los estabilizadores\/patas de balanc\u00edn de GK\" width=\"200\" height=\"99\" border=\"0\" \/><\/a><\/p>\n<p class=\"bodytext14\"><strong>Estabilizadores de reemplazo para equipos de otras marcas<\/strong><\/p>\n<table border=\"1\" width=\"600\" cellspacing=\"0\" cellpadding=\"5\">\n<tbody>\n<tr class=\"bodytext14\">\n<td bgcolor=\"#F2F2F2\"><strong>Referencia de la pieza<\/strong><\/td>\n<td bgcolor=\"#F2F2F2\"><strong>Referencia de GK<\/strong><\/td>\n<td bgcolor=\"#F2F2F2\"><strong>Longitud del centro<\/strong><\/td>\n<td bgcolor=\"#F2F2F2\"><strong>Anchura<\/strong><\/td>\n<\/tr>\n<tr class=\"bodytext\">\n<td>CDC-2052 \/ DS-1400<\/td>\n<td>10-01-50-A (d\u00factil)<\/td>\n<td>14&#8243;<\/td>\n<td>3 1\/4&#8243;<\/td>\n<\/tr>\n<\/tbody>\n<\/table>\n","protected":false},"excerpt":{"rendered":"<p>Los estabilizadores\/patas de balanc\u00edn d\u00factiles patentados de GK utilizan el mismo concepto excepcional de dise\u00f1o de nuestro estabilizador\/patas de balanc\u00edn de aluminio de calidad premium, pero son piezas fundidas de hierro d\u00factil resistente a la abrasi\u00f3n. Las innovadoras patas de balanc\u00edn d\u00factiles para trabajo extremadamente pesado de General Kinematics son las patas m\u00e1s resistentes que [&hellip;]<\/p>\n","protected":false},"featured_media":26964,"comment_status":"closed","ping_status":"closed","template":"","meta":{"_acf_changed":false,"om_disable_all_campaigns":false,"ep_exclude_from_search":false},"product_brand":[],"product_cat":[1828],"product_tag":[],"class_list":{"0":"post-39440","1":"product","2":"type-product","3":"status-publish","4":"has-post-thumbnail","6":"product_cat-piezas-de-maquinas-vibratorios","8":"first","9":"instock","10":"taxable","11":"shipping-taxable","12":"product-type-simple"},"acf":[],"yoast_head":"<!-- This site is optimized with the Yoast SEO plugin v27.2 - https:\/\/yoast.com\/product\/yoast-seo-wordpress\/ -->\n<title>Estabilizadores\/patas de balanc\u00edn d\u00factiles para trabajo ultrapesado de General Kinematics | General Kinematics<\/title>\n<meta name=\"robots\" content=\"index, follow, max-snippet:-1, max-image-preview:large, max-video-preview:-1\" \/>\n<link rel=\"canonical\" href=\"https:\/\/www.generalkinematics.com\/es\/producto\/estabilizadores-patas-de-balancin-ductiles\/\" \/>\n<meta property=\"og:locale\" content=\"es_ES\" \/>\n<meta property=\"og:type\" content=\"article\" \/>\n<meta property=\"og:title\" content=\"Estabilizadores\/patas de balanc\u00edn d\u00factiles para trabajo ultrapesado de General Kinematics | General Kinematics\" \/>\n<meta property=\"og:description\" content=\"Los estabilizadores\/patas de balanc\u00edn d\u00factiles patentados de GK utilizan el mismo concepto excepcional de dise\u00f1o de nuestro estabilizador\/patas de balanc\u00edn de aluminio de calidad premium, pero son piezas fundidas de hierro d\u00factil resistente a la abrasi\u00f3n. Las innovadoras patas de balanc\u00edn d\u00factiles para trabajo extremadamente pesado de General Kinematics son las patas m\u00e1s resistentes que [&hellip;]\" \/>\n<meta property=\"og:url\" content=\"https:\/\/www.generalkinematics.com\/es\/producto\/estabilizadores-patas-de-balancin-ductiles\/\" \/>\n<meta property=\"og:site_name\" content=\"General Kinematics\" \/>\n<meta property=\"article:publisher\" content=\"https:\/\/www.facebook.com\/generalkinematics\" \/>\n<meta property=\"article:modified_time\" content=\"2019-12-06T16:59:11+00:00\" \/>\n<meta property=\"og:image\" content=\"https:\/\/media.generalkinematics.com\/wp-content\/uploads\/2015\/12\/ductile.png\" \/>\n\t<meta property=\"og:image:width\" content=\"400\" \/>\n\t<meta property=\"og:image:height\" content=\"400\" \/>\n\t<meta property=\"og:image:type\" content=\"image\/jpeg\" \/>\n<meta name=\"twitter:card\" content=\"summary_large_image\" \/>\n<meta name=\"twitter:site\" content=\"@gkvibrating\" \/>\n<meta name=\"twitter:label1\" content=\"Tiempo de lectura\" \/>\n\t<meta name=\"twitter:data1\" content=\"2 minutos\" \/>\n<!-- \/ Yoast SEO plugin. -->","yoast_head_json":{"title":"Estabilizadores\/patas de balanc\u00edn d\u00factiles para trabajo ultrapesado de General Kinematics | General Kinematics","robots":{"index":"index","follow":"follow","max-snippet":"max-snippet:-1","max-image-preview":"max-image-preview:large","max-video-preview":"max-video-preview:-1"},"canonical":"https:\/\/www.generalkinematics.com\/es\/producto\/estabilizadores-patas-de-balancin-ductiles\/","og_locale":"es_ES","og_type":"article","og_title":"Estabilizadores\/patas de balanc\u00edn d\u00factiles para trabajo ultrapesado de General Kinematics | General Kinematics","og_description":"Los estabilizadores\/patas de balanc\u00edn d\u00factiles patentados de GK utilizan el mismo concepto excepcional de dise\u00f1o de nuestro estabilizador\/patas de balanc\u00edn de aluminio de calidad premium, pero son piezas fundidas de hierro d\u00factil resistente a la abrasi\u00f3n. Las innovadoras patas de balanc\u00edn d\u00factiles para trabajo extremadamente pesado de General Kinematics son las patas m\u00e1s resistentes que [&hellip;]","og_url":"https:\/\/www.generalkinematics.com\/es\/producto\/estabilizadores-patas-de-balancin-ductiles\/","og_site_name":"General Kinematics","article_publisher":"https:\/\/www.facebook.com\/generalkinematics","article_modified_time":"2019-12-06T16:59:11+00:00","og_image":[{"width":400,"height":400,"url":"https:\/\/media.generalkinematics.com\/wp-content\/uploads\/2015\/12\/ductile.png","type":"image\/jpeg"}],"twitter_card":"summary_large_image","twitter_site":"@gkvibrating","twitter_misc":{"Tiempo de lectura":"2 minutos"},"schema":{"@context":"https:\/\/schema.org","@graph":[{"@type":"WebPage","@id":"https:\/\/www.generalkinematics.com\/es\/producto\/estabilizadores-patas-de-balancin-ductiles\/","url":"https:\/\/www.generalkinematics.com\/es\/producto\/estabilizadores-patas-de-balancin-ductiles\/","name":"Estabilizadores\/patas de balanc\u00edn d\u00factiles para trabajo ultrapesado de General Kinematics | General Kinematics","isPartOf":{"@id":"https:\/\/www.generalkinematics.com\/es\/#website"},"primaryImageOfPage":{"@id":"https:\/\/www.generalkinematics.com\/es\/producto\/estabilizadores-patas-de-balancin-ductiles\/#primaryimage"},"image":{"@id":"https:\/\/www.generalkinematics.com\/es\/producto\/estabilizadores-patas-de-balancin-ductiles\/#primaryimage"},"thumbnailUrl":"https:\/\/media.generalkinematics.com\/wp-content\/uploads\/2015\/12\/ductile.png","datePublished":"2015-12-11T22:06:19+00:00","dateModified":"2019-12-06T16:59:11+00:00","breadcrumb":{"@id":"https:\/\/www.generalkinematics.com\/es\/producto\/estabilizadores-patas-de-balancin-ductiles\/#breadcrumb"},"inLanguage":"es","potentialAction":[{"@type":"ReadAction","target":["https:\/\/www.generalkinematics.com\/es\/producto\/estabilizadores-patas-de-balancin-ductiles\/"]}]},{"@type":"ImageObject","inLanguage":"es","@id":"https:\/\/www.generalkinematics.com\/es\/producto\/estabilizadores-patas-de-balancin-ductiles\/#primaryimage","url":"https:\/\/media.generalkinematics.com\/wp-content\/uploads\/2015\/12\/ductile.png","contentUrl":"https:\/\/media.generalkinematics.com\/wp-content\/uploads\/2015\/12\/ductile.png","width":400,"height":400,"caption":"general-kinematics-ductile-rocker-leg"},{"@type":"BreadcrumbList","@id":"https:\/\/www.generalkinematics.com\/es\/producto\/estabilizadores-patas-de-balancin-ductiles\/#breadcrumb","itemListElement":[{"@type":"ListItem","position":1,"name":"GK Home","item":"https:\/\/www.generalkinematics.com\/es\/"},{"@type":"ListItem","position":2,"name":"Shop","item":"https:\/\/www.generalkinematics.com\/shop\/"},{"@type":"ListItem","position":3,"name":"Estabilizadores\/patas de balanc\u00edn d\u00factiles para trabajo ultrapesado de General Kinematics"}]},{"@type":"WebSite","@id":"https:\/\/www.generalkinematics.com\/es\/#website","url":"https:\/\/www.generalkinematics.com\/es\/","name":"General Kinematics","description":"","publisher":{"@id":"https:\/\/www.generalkinematics.com\/es\/#organization"},"potentialAction":[{"@type":"SearchAction","target":{"@type":"EntryPoint","urlTemplate":"https:\/\/www.generalkinematics.com\/es\/?s={search_term_string}"},"query-input":{"@type":"PropertyValueSpecification","valueRequired":true,"valueName":"search_term_string"}}],"inLanguage":"es"},{"@type":"Organization","@id":"https:\/\/www.generalkinematics.com\/es\/#organization","name":"General Kinematics","url":"https:\/\/www.generalkinematics.com\/es\/","logo":{"@type":"ImageObject","inLanguage":"es","@id":"https:\/\/www.generalkinematics.com\/es\/#\/schema\/logo\/image\/","url":"https:\/\/media.generalkinematics.com\/wp-content\/uploads\/2018\/03\/logo.png","contentUrl":"https:\/\/media.generalkinematics.com\/wp-content\/uploads\/2018\/03\/logo.png","width":313,"height":100,"caption":"General Kinematics"},"image":{"@id":"https:\/\/www.generalkinematics.com\/es\/#\/schema\/logo\/image\/"},"sameAs":["https:\/\/www.facebook.com\/generalkinematics","https:\/\/x.com\/gkvibrating"]}]}},"_links":{"self":[{"href":"https:\/\/www.generalkinematics.com\/es\/wp-json\/wp\/v2\/product\/39440","targetHints":{"allow":["GET"]}}],"collection":[{"href":"https:\/\/www.generalkinematics.com\/es\/wp-json\/wp\/v2\/product"}],"about":[{"href":"https:\/\/www.generalkinematics.com\/es\/wp-json\/wp\/v2\/types\/product"}],"replies":[{"embeddable":true,"href":"https:\/\/www.generalkinematics.com\/es\/wp-json\/wp\/v2\/comments?post=39440"}],"wp:featuredmedia":[{"embeddable":true,"href":"https:\/\/www.generalkinematics.com\/es\/wp-json\/wp\/v2\/media\/26964"}],"wp:attachment":[{"href":"https:\/\/www.generalkinematics.com\/es\/wp-json\/wp\/v2\/media?parent=39440"}],"wp:term":[{"taxonomy":"product_brand","embeddable":true,"href":"https:\/\/www.generalkinematics.com\/es\/wp-json\/wp\/v2\/product_brand?post=39440"},{"taxonomy":"product_cat","embeddable":true,"href":"https:\/\/www.generalkinematics.com\/es\/wp-json\/wp\/v2\/product_cat?post=39440"},{"taxonomy":"product_tag","embeddable":true,"href":"https:\/\/www.generalkinematics.com\/es\/wp-json\/wp\/v2\/product_tag?post=39440"}],"curies":[{"name":"wp","href":"https:\/\/api.w.org\/{rel}","templated":true}]}}