{"id":39465,"date":"2015-12-11T16:26:05","date_gmt":"2015-12-11T22:26:05","guid":{"rendered":"https:\/\/www.generalkinematics.com\/product\/estabilizadores-patas-de-balancin-de-aluminio-y-calidad-premium-de-general-kinematics\/"},"modified":"2019-02-06T13:26:25","modified_gmt":"2019-02-06T19:26:25","slug":"estabilizadores-patas-de-balancin-de-aluminio-y-calidad-premium-de-general-kinematics","status":"publish","type":"product","link":"https:\/\/www.generalkinematics.com\/es\/producto\/estabilizadores-patas-de-balancin-de-aluminio-y-calidad-premium-de-general-kinematics\/","title":{"rendered":"Estabilizadores\/patas de balanc\u00edn de aluminio y calidad premium de General Kinematics"},"content":{"rendered":"<p>\u00bfBusca mejorar el desempe\u00f1o de su equipo vibratorio? El reemplazo de las patas desgastadas del estabilizador puede ser una forma muy efectiva para incrementar la eficiencia de una unidad vibratoria. Al hacer esto, se reducen los costos de operaci\u00f3n y se produce un efecto positivo sobre el tiempo de funcionamiento disponible y se reduce el tiempo fuera de funcionamiento inesperado de su equipo.<\/p>\n<p>Los <strong>estabilizadores\/patas de balanc\u00edn de aluminio y calidad premium<\/strong> de General Kinematics exceden los grados de duraci\u00f3n y desempe\u00f1o de otros estabilizadores. Las propiedades naturales del aluminio dispersan r\u00e1pidamente el calor de los bujes de las patas, con lo que las patas de aluminio pueden funcionar a una temperatura que es 20 o m\u00e1s grados menor que la de las patas fabricadas en acero o fundidas. Esto es importante, porque se ha comprobado que la menor temperatura de las patas de aluminio incrementa significativamente la vida \u00fatil de los bujes frente a los bujes de las patas de acero. Este aumento de la vida \u00fatil de los bujes se traduce en un incremento del tiempo de funcionamiento y de la vida \u00fatil de los componentes y en la reducci\u00f3n de los costos de reparaci\u00f3n y, por consiguiente, en el aumento de la rentabilidad. Cuando sea necesario reemplazar los bujes, los bujes de los estabilizadores de GK se pueden reemplazar f\u00e1cilmente para ampliar la vida \u00fatil y reducir los costos generales de mantenimiento.<\/p>\n<p>GK produce actualmente estabilizadores\/patas de balanc\u00edn vibratorios para otras marcas de equipos vibratorios cuya lista se desglosa en las tablas siguientes. Si tiene un estabilizador que no aparece en la lista, \u00a1no hay problema! <a href=\"https:\/\/www.generalkinematics.com\/es\/contactar-a-general-kinematics\/\" target=\"_blank\">P\u00f3ngase en contacto con su especialista de piezas de GK<\/a>\u00a0y crearemos un estabilizador para su aplicaci\u00f3n que ofrezca mayor desempe\u00f1o y una vida \u00fatil m\u00e1s prolongada.<\/p>\n<p><u><strong>\u00a1P\u00f3nganos a prueba!<\/strong><\/u><\/p>\n<p><strong>\u00bfPor qu\u00e9 son mejores los estabilizadores de GK?<\/strong> <a href=\"https:\/\/www.generalkinematics.com\/es\/blog\/en-vivo-desde-el-laboratorio-prueba-de-vida-util-de-los-bujes-del-estabilizador\/\">Prueba de vida \u00fatil de los bujes<\/a> | <a href=\"https:\/\/www.generalkinematics.com\/blog\/what-are-you-really-bolting-into-your-gk-conveyor\/\">Comparaci\u00f3n de desempe\u00f1o de los estabilizadores<\/a><\/p>\n<p><u><strong>Testimonios de clientes<\/strong><\/u><\/p>\n<p class=\"redtext12\"><strong><em>\u201cAcabamos de recibir los estabilizadores de reemplazo para <img decoding=\"async\" src=\"https:\/\/www.generalkinematics.com\/wp-content\/uploads\/images\/CP10-01-51-A.jpg\" alt=\"Pata de balanc\u00edn del estabilizador de reemplazo\" width=\"100\" height=\"75\" align=\"right\" \/>nuestra cinta transportadora vibratoria que no es GK. Parece que son m\u00e1s resistentes que los originales y el tama\u00f1o es perfecto\u201d.<\/p>\n<p>\u2013 Charles Graves, VAE Nortrak<\/em><\/strong><\/p>\n<p>&nbsp;<\/p>\n<h2>Estabilizadores vibratorios de GK<\/h2>\n<ul>\n<li class=\"products_headline2\">Funcionamiento a menor temperatura<\/li>\n<li class=\"products_headline2\">Mayor vida \u00fatil de los bujes<\/li>\n<li class=\"products_headline2\">Mayor facilidad de instalaci\u00f3n<\/li>\n<li class=\"products_headline2\">Costos menores de funcionamiento<\/li>\n<li class=\"products_headline2\">Reducci\u00f3n del tiempo fuera de servicio<\/li>\n<li class=\"products_headline2\">Uso de bujes reemplazables<\/li>\n<li class=\"products_headline2\">Garant\u00eda de mantenimiento de la m\u00e1quina con el respaldo de la f\u00e1brica<\/li>\n<\/ul>\n<p>&nbsp;<\/p>\n<div class=\"cb-video-frame\"><\/div>\n<h2>Busque debajo su estabilizador:<\/h2>\n<div>\n<p class=\"bodytext14\"><strong>Estabilizadores de reemplazo para equipos de General Kinematics<\/strong><\/p>\n<table border=\"1\" width=\"600\" cellspacing=\"0\" cellpadding=\"5\">\n<tbody>\n<tr class=\"bodytext14\">\n<td class=\"bodytext14\" align=\"center\" bgcolor=\"#f2f2f2\" width=\"174\"><strong>Referencia de GK<\/strong><\/td>\n<td class=\"bodytext14\" align=\"center\" bgcolor=\"#f2f2f2\" width=\"152\"><strong>Longitud del centro<\/strong><\/td>\n<td align=\"center\" bgcolor=\"#f2f2f2\" width=\"74\"><strong>Anchura<\/strong><\/td>\n<td class=\"bodytext14\" align=\"center\" bgcolor=\"#f2f2f2\" width=\"150\"><\/td>\n<\/tr>\n<tr>\n<td align=\"center\"><span class=\"bodytext\">10-01-39-A<\/span><\/td>\n<td align=\"center\"><span class=\"bodytext\">11 1\/2\u2033<\/span><\/td>\n<td align=\"center\"><span class=\"bodytext\">3 1\/4\u2033<\/span><\/td>\n<td align=\"center\"><img decoding=\"async\" src=\"https:\/\/www.generalkinematics.com\/wp-content\/uploads\/images\/gkparts\/stabilizers\/10-01-39-A.jpg\" alt=\"10-01-39-A\" width=\"100\" height=\"75\" \/><\/td>\n<\/tr>\n<tr>\n<td align=\"center\"><span class=\"bodytext\">10-01-47-A<\/span><\/td>\n<td align=\"center\"><span class=\"bodytext\">7 1\/2\u2033<\/span><\/td>\n<td align=\"center\"><span class=\"bodytext\">2 1\/4\u2033<\/span><\/td>\n<td align=\"center\"><img decoding=\"async\" src=\"https:\/\/www.generalkinematics.com\/wp-content\/uploads\/images\/gkparts\/stabilizers\/10-01-47-A.jpg\" alt=\"10-01-47-A\" width=\"100\" height=\"75\" \/><\/td>\n<\/tr>\n<tr>\n<td align=\"center\"><span class=\"bodytext\">10-01-3012-A<\/span><\/td>\n<td align=\"center\"><span class=\"bodytext\">14\u2033<\/span><\/td>\n<td align=\"center\"><span class=\"bodytext\">6 1\/2\u2033<\/span><\/td>\n<td align=\"center\"><img decoding=\"async\" src=\"https:\/\/www.generalkinematics.com\/wp-content\/uploads\/images\/gkparts\/stabilizers\/10-01-3012-A.jpg\" alt=\"10-01-3012-A\" width=\"100\" height=\"75\" \/><\/td>\n<\/tr>\n<tr>\n<td align=\"center\"><span class=\"bodytext\">10-01-3002-A<\/span><\/td>\n<td align=\"center\"><span class=\"bodytext\">13\u2033<\/span><\/td>\n<td align=\"center\"><span class=\"bodytext\">8\u2033<\/span><\/td>\n<td align=\"center\"><img decoding=\"async\" src=\"https:\/\/www.generalkinematics.com\/wp-content\/uploads\/images\/gkparts\/stabilizers\/10-01-3002-A.jpg\" alt=\"10-01-3002-A\" width=\"100\" height=\"75\" \/><\/td>\n<\/tr>\n<tr>\n<td align=\"center\"><span class=\"bodytext\">10-01-42-A<\/span><\/td>\n<td align=\"center\"><span class=\"bodytext\">14\u2033<\/span><\/td>\n<td align=\"center\"><span class=\"bodytext\">3 1\/4\u2033<\/span><\/td>\n<td align=\"center\"><img decoding=\"async\" src=\"https:\/\/www.generalkinematics.com\/wp-content\/uploads\/images\/gkparts\/stabilizers\/10-01-42-A.jpg\" alt=\"10-01-42-A\" width=\"100\" height=\"75\" \/><\/td>\n<\/tr>\n<\/tbody>\n<\/table>\n<p>&nbsp;<\/p>\n<p class=\"bodytext14\"><strong><a id=\"comp_parts\" name=\"comp_parts\"><\/a>Estabilizadores de reemplazo para equipos de otras marcas<\/strong><\/p>\n<table border=\"1\" width=\"600\" cellspacing=\"0\" cellpadding=\"5\">\n<tbody>\n<tr class=\"bodytext14\">\n<td align=\"center\" bgcolor=\"#f2f2f2\" width=\"105\"><strong>Referencia<\/p>\n<p>N\u00famero de pieza<\/strong><\/td>\n<td align=\"center\" bgcolor=\"#f2f2f2\" width=\"102\"><strong>Referencia de GK<\/strong><\/td>\n<td align=\"center\" bgcolor=\"#f2f2f2\" width=\"103\"><strong>Longitud del centro<\/strong><\/td>\n<td align=\"center\" bgcolor=\"#f2f2f2\" width=\"74\"><strong>Anchura<\/strong><\/td>\n<td align=\"center\" bgcolor=\"#f2f2f2\" width=\"154\"><\/td>\n<\/tr>\n<tr>\n<td align=\"center\"><span class=\"bodytext\">Portador 110402<\/span><\/td>\n<td align=\"center\"><span class=\"bodytext\">CP10-01-51-A<\/span><\/td>\n<td align=\"center\"><span class=\"bodytext\">9 1\/2\u2033<\/span><\/td>\n<td align=\"center\"><span class=\"bodytext\">3 1\/4\u2033<\/span><\/td>\n<td align=\"center\"><img decoding=\"async\" src=\"https:\/\/www.generalkinematics.com\/wp-content\/uploads\/images\/gkparts\/stabilizers\/CP10-01-51-A.jpg\" alt=\"Estabilizador 110402\" width=\"100\" height=\"75\" \/><\/td>\n<\/tr>\n<tr>\n<td align=\"center\"><span class=\"bodytext\">Portador 110406<\/span><\/td>\n<td align=\"center\"><span class=\"bodytext\">CP10-01-53-A<\/span><\/td>\n<td align=\"center\"><span class=\"bodytext\">15 3\/4\u2033<\/span><\/td>\n<td align=\"center\"><span class=\"bodytext\">3 1\/4\u2033<\/span><\/td>\n<td align=\"center\"><img decoding=\"async\" src=\"https:\/\/www.generalkinematics.com\/wp-content\/uploads\/images\/gkparts\/stabilizers\/CP-10-01-53-A.jpg\" alt=\"Pata del estabilizador 110406\" width=\"100\" height=\"75\" \/><\/td>\n<\/tr>\n<tr>\n<td align=\"center\"><span class=\"bodytext\">Portador 110407<\/span><\/td>\n<td align=\"center\"><span class=\"bodytext\">CP10-01-55-A<\/span><\/td>\n<td align=\"center\"><span class=\"bodytext\">15 3\/4\u2033<\/span><\/td>\n<td align=\"center\"><span class=\"bodytext\">5 1\/2\u2033<\/span><\/td>\n<td align=\"center\"><img decoding=\"async\" src=\"https:\/\/www.generalkinematics.com\/wp-content\/uploads\/images\/gkparts\/stabilizers\/CP10-01-55-A.jpg\" alt=\"Pata de balanc\u00edn 110407\" width=\"100\" height=\"75\" \/><\/td>\n<\/tr>\n<tr>\n<td align=\"center\"><span class=\"bodytext\">Portador 110401<\/span><\/td>\n<td align=\"center\"><span class=\"bodytext\">CP10-01-57-A<\/span><\/td>\n<td align=\"center\"><span class=\"bodytext\">9 1\/2\u2033<\/span><\/td>\n<td align=\"center\"><span class=\"bodytext\">5 1\/2\u2033<\/span><\/td>\n<td align=\"center\"><img decoding=\"async\" src=\"https:\/\/www.generalkinematics.com\/wp-content\/uploads\/images\/gkparts\/stabilizers\/CP10-01-57-A.jpg\" alt=\"Brazo de balanc\u00edn 110401\" width=\"100\" height=\"75\" \/><\/td>\n<\/tr>\n<tr>\n<td align=\"center\"><span class=\"bodytext\">Portador 110412<\/span><\/td>\n<td align=\"center\"><span class=\"bodytext\">CP10-01-59-A<\/span><\/td>\n<td align=\"center\"><span class=\"bodytext\">18 3\/4\u2033<\/span><\/td>\n<td align=\"center\"><span class=\"bodytext\">5 1\/2\u2033<\/span><\/td>\n<td align=\"center\"><img decoding=\"async\" src=\"https:\/\/www.generalkinematics.com\/wp-content\/uploads\/images\/gkparts\/stabilizers\/CP10-01-59-A.jpg\" alt=\"Brazo de balanc\u00edn de estabilizador 110412\" width=\"100\" height=\"75\" \/><\/td>\n<\/tr>\n<tr class=\"bodytext\">\n<td align=\"center\">CDC-2052 \/ DS-1400<\/td>\n<td align=\"center\"><a href=\"https:\/\/www.generalkinematics.com\/es\/producto\/estabilizadores-patas-de-balancin-ductiles\/\">10-01-50-A (d\u00factil)<\/a><\/td>\n<td align=\"center\">14\u2033<\/td>\n<td align=\"center\">3 1\/4\u2033<\/td>\n<td align=\"center\"><img decoding=\"async\" src=\"https:\/\/www.generalkinematics.com\/wp-content\/uploads\/images\/gkparts\/stabilizers\/10-01-42-A.jpg\" alt=\"10-01-42-A\" width=\"100\" height=\"75\" \/><\/td>\n<\/tr>\n<\/tbody>\n<\/table>\n<\/div>\n<p>&nbsp;<\/p>\n<div><a href=\"https:\/\/www.generalkinematics.com\/es\/contactar-a-general-kinematics\/\"><img decoding=\"async\" src=\"https:\/\/www.generalkinematics.com\/wp-content\/uploads\/images\/order-now.gif\" alt=\"Pida los estabilizadores\/patas de balanc\u00edn de GK\" width=\"175\" height=\"87\" border=\"0\" \/><\/a><\/div>\n","protected":false},"excerpt":{"rendered":"<p>\u00bfBusca mejorar el desempe\u00f1o de su equipo vibratorio? El reemplazo de las patas desgastadas del estabilizador puede ser una forma muy efectiva para incrementar la eficiencia de una unidad vibratoria. Al hacer esto, se reducen los costos de operaci\u00f3n y se produce un efecto positivo sobre el tiempo de funcionamiento disponible y se reduce el [&hellip;]<\/p>\n","protected":false},"featured_media":26956,"comment_status":"closed","ping_status":"closed","template":"","meta":{"_acf_changed":false,"om_disable_all_campaigns":false,"ep_exclude_from_search":false},"product_brand":[],"product_cat":[1828],"product_tag":[],"class_list":{"0":"post-39465","1":"product","2":"type-product","3":"status-publish","4":"has-post-thumbnail","6":"product_cat-piezas-de-maquinas-vibratorios","8":"first","9":"instock","10":"taxable","11":"shipping-taxable","12":"product-type-simple"},"acf":[],"yoast_head":"<!-- This site is optimized with the Yoast SEO plugin v27.2 - https:\/\/yoast.com\/product\/yoast-seo-wordpress\/ -->\n<title>Estabilizadores\/patas de balanc\u00edn de aluminio y calidad premium de General Kinematics | General Kinematics<\/title>\n<meta name=\"robots\" content=\"index, follow, max-snippet:-1, max-image-preview:large, max-video-preview:-1\" \/>\n<link rel=\"canonical\" href=\"https:\/\/www.generalkinematics.com\/es\/producto\/estabilizadores-patas-de-balancin-de-aluminio-y-calidad-premium-de-general-kinematics\/\" \/>\n<meta property=\"og:locale\" content=\"es_ES\" \/>\n<meta property=\"og:type\" content=\"article\" \/>\n<meta property=\"og:title\" content=\"Estabilizadores\/patas de balanc\u00edn de aluminio y calidad premium de General Kinematics | General Kinematics\" \/>\n<meta property=\"og:description\" content=\"\u00bfBusca mejorar el desempe\u00f1o de su equipo vibratorio? El reemplazo de las patas desgastadas del estabilizador puede ser una forma muy efectiva para incrementar la eficiencia de una unidad vibratoria. Al hacer esto, se reducen los costos de operaci\u00f3n y se produce un efecto positivo sobre el tiempo de funcionamiento disponible y se reduce el [&hellip;]\" \/>\n<meta property=\"og:url\" content=\"https:\/\/www.generalkinematics.com\/es\/producto\/estabilizadores-patas-de-balancin-de-aluminio-y-calidad-premium-de-general-kinematics\/\" \/>\n<meta property=\"og:site_name\" content=\"General Kinematics\" \/>\n<meta property=\"article:publisher\" content=\"https:\/\/www.facebook.com\/generalkinematics\" \/>\n<meta property=\"article:modified_time\" content=\"2019-02-06T19:26:25+00:00\" \/>\n<meta property=\"og:image\" content=\"https:\/\/media.generalkinematics.com\/wp-content\/uploads\/2015\/12\/aluminum.png\" \/>\n\t<meta property=\"og:image:width\" content=\"400\" \/>\n\t<meta property=\"og:image:height\" content=\"400\" \/>\n\t<meta property=\"og:image:type\" content=\"image\/jpeg\" \/>\n<meta name=\"twitter:card\" content=\"summary_large_image\" \/>\n<meta name=\"twitter:site\" content=\"@gkvibrating\" \/>\n<meta name=\"twitter:label1\" content=\"Tiempo de lectura\" \/>\n\t<meta name=\"twitter:data1\" content=\"3 minutos\" \/>\n<!-- \/ Yoast SEO plugin. -->","yoast_head_json":{"title":"Estabilizadores\/patas de balanc\u00edn de aluminio y calidad premium de General Kinematics | General Kinematics","robots":{"index":"index","follow":"follow","max-snippet":"max-snippet:-1","max-image-preview":"max-image-preview:large","max-video-preview":"max-video-preview:-1"},"canonical":"https:\/\/www.generalkinematics.com\/es\/producto\/estabilizadores-patas-de-balancin-de-aluminio-y-calidad-premium-de-general-kinematics\/","og_locale":"es_ES","og_type":"article","og_title":"Estabilizadores\/patas de balanc\u00edn de aluminio y calidad premium de General Kinematics | General Kinematics","og_description":"\u00bfBusca mejorar el desempe\u00f1o de su equipo vibratorio? El reemplazo de las patas desgastadas del estabilizador puede ser una forma muy efectiva para incrementar la eficiencia de una unidad vibratoria. Al hacer esto, se reducen los costos de operaci\u00f3n y se produce un efecto positivo sobre el tiempo de funcionamiento disponible y se reduce el [&hellip;]","og_url":"https:\/\/www.generalkinematics.com\/es\/producto\/estabilizadores-patas-de-balancin-de-aluminio-y-calidad-premium-de-general-kinematics\/","og_site_name":"General Kinematics","article_publisher":"https:\/\/www.facebook.com\/generalkinematics","article_modified_time":"2019-02-06T19:26:25+00:00","og_image":[{"width":400,"height":400,"url":"https:\/\/media.generalkinematics.com\/wp-content\/uploads\/2015\/12\/aluminum.png","type":"image\/jpeg"}],"twitter_card":"summary_large_image","twitter_site":"@gkvibrating","twitter_misc":{"Tiempo de lectura":"3 minutos"},"schema":{"@context":"https:\/\/schema.org","@graph":[{"@type":"WebPage","@id":"https:\/\/www.generalkinematics.com\/es\/producto\/estabilizadores-patas-de-balancin-de-aluminio-y-calidad-premium-de-general-kinematics\/","url":"https:\/\/www.generalkinematics.com\/es\/producto\/estabilizadores-patas-de-balancin-de-aluminio-y-calidad-premium-de-general-kinematics\/","name":"Estabilizadores\/patas de balanc\u00edn de aluminio y calidad premium de General Kinematics | General Kinematics","isPartOf":{"@id":"https:\/\/www.generalkinematics.com\/es\/#website"},"primaryImageOfPage":{"@id":"https:\/\/www.generalkinematics.com\/es\/producto\/estabilizadores-patas-de-balancin-de-aluminio-y-calidad-premium-de-general-kinematics\/#primaryimage"},"image":{"@id":"https:\/\/www.generalkinematics.com\/es\/producto\/estabilizadores-patas-de-balancin-de-aluminio-y-calidad-premium-de-general-kinematics\/#primaryimage"},"thumbnailUrl":"https:\/\/media.generalkinematics.com\/wp-content\/uploads\/2015\/12\/aluminum.png","datePublished":"2015-12-11T22:26:05+00:00","dateModified":"2019-02-06T19:26:25+00:00","breadcrumb":{"@id":"https:\/\/www.generalkinematics.com\/es\/producto\/estabilizadores-patas-de-balancin-de-aluminio-y-calidad-premium-de-general-kinematics\/#breadcrumb"},"inLanguage":"es","potentialAction":[{"@type":"ReadAction","target":["https:\/\/www.generalkinematics.com\/es\/producto\/estabilizadores-patas-de-balancin-de-aluminio-y-calidad-premium-de-general-kinematics\/"]}]},{"@type":"ImageObject","inLanguage":"es","@id":"https:\/\/www.generalkinematics.com\/es\/producto\/estabilizadores-patas-de-balancin-de-aluminio-y-calidad-premium-de-general-kinematics\/#primaryimage","url":"https:\/\/media.generalkinematics.com\/wp-content\/uploads\/2015\/12\/aluminum.png","contentUrl":"https:\/\/media.generalkinematics.com\/wp-content\/uploads\/2015\/12\/aluminum.png","width":400,"height":400,"caption":"general-kinematics-rocker-leg"},{"@type":"BreadcrumbList","@id":"https:\/\/www.generalkinematics.com\/es\/producto\/estabilizadores-patas-de-balancin-de-aluminio-y-calidad-premium-de-general-kinematics\/#breadcrumb","itemListElement":[{"@type":"ListItem","position":1,"name":"GK Home","item":"https:\/\/www.generalkinematics.com\/es\/"},{"@type":"ListItem","position":2,"name":"Shop","item":"https:\/\/www.generalkinematics.com\/shop\/"},{"@type":"ListItem","position":3,"name":"Estabilizadores\/patas de balanc\u00edn de aluminio y calidad premium de General Kinematics"}]},{"@type":"WebSite","@id":"https:\/\/www.generalkinematics.com\/es\/#website","url":"https:\/\/www.generalkinematics.com\/es\/","name":"General Kinematics","description":"","publisher":{"@id":"https:\/\/www.generalkinematics.com\/es\/#organization"},"potentialAction":[{"@type":"SearchAction","target":{"@type":"EntryPoint","urlTemplate":"https:\/\/www.generalkinematics.com\/es\/?s={search_term_string}"},"query-input":{"@type":"PropertyValueSpecification","valueRequired":true,"valueName":"search_term_string"}}],"inLanguage":"es"},{"@type":"Organization","@id":"https:\/\/www.generalkinematics.com\/es\/#organization","name":"General Kinematics","url":"https:\/\/www.generalkinematics.com\/es\/","logo":{"@type":"ImageObject","inLanguage":"es","@id":"https:\/\/www.generalkinematics.com\/es\/#\/schema\/logo\/image\/","url":"https:\/\/media.generalkinematics.com\/wp-content\/uploads\/2018\/03\/logo.png","contentUrl":"https:\/\/media.generalkinematics.com\/wp-content\/uploads\/2018\/03\/logo.png","width":313,"height":100,"caption":"General Kinematics"},"image":{"@id":"https:\/\/www.generalkinematics.com\/es\/#\/schema\/logo\/image\/"},"sameAs":["https:\/\/www.facebook.com\/generalkinematics","https:\/\/x.com\/gkvibrating"]}]}},"_links":{"self":[{"href":"https:\/\/www.generalkinematics.com\/es\/wp-json\/wp\/v2\/product\/39465","targetHints":{"allow":["GET"]}}],"collection":[{"href":"https:\/\/www.generalkinematics.com\/es\/wp-json\/wp\/v2\/product"}],"about":[{"href":"https:\/\/www.generalkinematics.com\/es\/wp-json\/wp\/v2\/types\/product"}],"replies":[{"embeddable":true,"href":"https:\/\/www.generalkinematics.com\/es\/wp-json\/wp\/v2\/comments?post=39465"}],"wp:featuredmedia":[{"embeddable":true,"href":"https:\/\/www.generalkinematics.com\/es\/wp-json\/wp\/v2\/media\/26956"}],"wp:attachment":[{"href":"https:\/\/www.generalkinematics.com\/es\/wp-json\/wp\/v2\/media?parent=39465"}],"wp:term":[{"taxonomy":"product_brand","embeddable":true,"href":"https:\/\/www.generalkinematics.com\/es\/wp-json\/wp\/v2\/product_brand?post=39465"},{"taxonomy":"product_cat","embeddable":true,"href":"https:\/\/www.generalkinematics.com\/es\/wp-json\/wp\/v2\/product_cat?post=39465"},{"taxonomy":"product_tag","embeddable":true,"href":"https:\/\/www.generalkinematics.com\/es\/wp-json\/wp\/v2\/product_tag?post=39465"}],"curies":[{"name":"wp","href":"https:\/\/api.w.org\/{rel}","templated":true}]}}