{"id":39479,"date":"2015-12-11T16:42:06","date_gmt":"2015-12-11T22:42:06","guid":{"rendered":"https:\/\/www.generalkinematics.com\/product\/rfq-de-estabilizador-pata-de-balancin-personalizado\/"},"modified":"2018-08-30T23:35:37","modified_gmt":"2018-08-31T04:35:37","slug":"rfq-de-estabilizador-pata-de-balancin-personalizado","status":"publish","type":"product","link":"https:\/\/www.generalkinematics.com\/es\/producto\/rfq-de-estabilizador-pata-de-balancin-personalizado\/","title":{"rendered":"RFQ de estabilizador\/pata de balanc\u00edn personalizado"},"content":{"rendered":"<p>Hoy d\u00eda, debemos enfrentar los costos cada vez m\u00e1s altos de la energ\u00eda. Por consiguiente, muchas organizaciones buscan las formas para mejorar la eficiencia operativa de sus equipos de producci\u00f3n. Una forma en particular es garantizar que su equipo vibratorio funcione de manera correcta y confiable para maximizar la transportabilidad y el procesamiento de sus productos.<\/p>\n<p>El reemplazo de las patas desgastadas del estabilizador puede ser una forma muy efectiva para incrementar la eficiencia de una unidad vibratoria. Al hacer esto, se reducen los costos de operaci\u00f3n y se produce un efecto positivo sobre el tiempo de funcionamiento disponible y se reduce el tiempo fuera de funcionamiento inesperado de su equipo.<\/p>\n<p>GK puede suministrarle los estabilizadores que necesita construidos en aluminio o acero.<\/p>\n","protected":false},"excerpt":{"rendered":"<p>Hoy d\u00eda, debemos enfrentar los costos cada vez m\u00e1s altos de la energ\u00eda. Por consiguiente, muchas organizaciones buscan las formas para mejorar la eficiencia operativa de sus equipos de producci\u00f3n. Una forma en particular es garantizar que su equipo vibratorio funcione de manera correcta y confiable para maximizar la transportabilidad y el procesamiento de sus [&hellip;]<\/p>\n","protected":false},"featured_media":27336,"comment_status":"closed","ping_status":"closed","template":"","meta":{"_acf_changed":false,"om_disable_all_campaigns":false,"ep_exclude_from_search":false},"product_brand":[],"product_cat":[1826,1828],"product_tag":[],"class_list":{"0":"post-39479","1":"product","2":"type-product","3":"status-publish","4":"has-post-thumbnail","6":"product_cat-equipo-no-gk","7":"product_cat-piezas-de-maquinas-vibratorios","9":"first","10":"instock","11":"taxable","12":"shipping-taxable","13":"product-type-simple"},"acf":[],"yoast_head":"<!-- This site is optimized with the Yoast SEO plugin v27.2 - https:\/\/yoast.com\/product\/yoast-seo-wordpress\/ -->\n<title>RFQ de estabilizador\/pata de balanc\u00edn personalizado | General Kinematics<\/title>\n<meta name=\"robots\" content=\"index, follow, max-snippet:-1, max-image-preview:large, max-video-preview:-1\" \/>\n<link rel=\"canonical\" href=\"https:\/\/www.generalkinematics.com\/es\/producto\/rfq-de-estabilizador-pata-de-balancin-personalizado\/\" \/>\n<meta property=\"og:locale\" content=\"es_ES\" \/>\n<meta property=\"og:type\" content=\"article\" \/>\n<meta property=\"og:title\" content=\"RFQ de estabilizador\/pata de balanc\u00edn personalizado | General Kinematics\" \/>\n<meta property=\"og:description\" content=\"Hoy d\u00eda, debemos enfrentar los costos cada vez m\u00e1s altos de la energ\u00eda. Por consiguiente, muchas organizaciones buscan las formas para mejorar la eficiencia operativa de sus equipos de producci\u00f3n. Una forma en particular es garantizar que su equipo vibratorio funcione de manera correcta y confiable para maximizar la transportabilidad y el procesamiento de sus [&hellip;]\" \/>\n<meta property=\"og:url\" content=\"https:\/\/www.generalkinematics.com\/es\/producto\/rfq-de-estabilizador-pata-de-balancin-personalizado\/\" \/>\n<meta property=\"og:site_name\" content=\"General Kinematics\" \/>\n<meta property=\"article:publisher\" content=\"https:\/\/www.facebook.com\/generalkinematics\" \/>\n<meta property=\"article:modified_time\" content=\"2018-08-31T04:35:37+00:00\" \/>\n<meta property=\"og:image\" content=\"https:\/\/media.generalkinematics.com\/wp-content\/uploads\/2015\/07\/stabilizers-11.jpg\" \/>\n\t<meta property=\"og:image:width\" content=\"800\" \/>\n\t<meta property=\"og:image:height\" content=\"360\" \/>\n\t<meta property=\"og:image:type\" content=\"image\/jpeg\" \/>\n<meta name=\"twitter:card\" content=\"summary_large_image\" \/>\n<meta name=\"twitter:site\" content=\"@gkvibrating\" \/>\n<meta name=\"twitter:label1\" content=\"Tiempo de lectura\" \/>\n\t<meta name=\"twitter:data1\" content=\"1 minuto\" \/>\n<!-- \/ Yoast SEO plugin. -->","yoast_head_json":{"title":"RFQ de estabilizador\/pata de balanc\u00edn personalizado | General Kinematics","robots":{"index":"index","follow":"follow","max-snippet":"max-snippet:-1","max-image-preview":"max-image-preview:large","max-video-preview":"max-video-preview:-1"},"canonical":"https:\/\/www.generalkinematics.com\/es\/producto\/rfq-de-estabilizador-pata-de-balancin-personalizado\/","og_locale":"es_ES","og_type":"article","og_title":"RFQ de estabilizador\/pata de balanc\u00edn personalizado | General Kinematics","og_description":"Hoy d\u00eda, debemos enfrentar los costos cada vez m\u00e1s altos de la energ\u00eda. Por consiguiente, muchas organizaciones buscan las formas para mejorar la eficiencia operativa de sus equipos de producci\u00f3n. Una forma en particular es garantizar que su equipo vibratorio funcione de manera correcta y confiable para maximizar la transportabilidad y el procesamiento de sus [&hellip;]","og_url":"https:\/\/www.generalkinematics.com\/es\/producto\/rfq-de-estabilizador-pata-de-balancin-personalizado\/","og_site_name":"General Kinematics","article_publisher":"https:\/\/www.facebook.com\/generalkinematics","article_modified_time":"2018-08-31T04:35:37+00:00","og_image":[{"width":800,"height":360,"type":"image\/jpeg","url":"https:\/\/media.generalkinematics.com\/wp-content\/uploads\/2015\/07\/stabilizers-11.jpg"}],"twitter_card":"summary_large_image","twitter_site":"@gkvibrating","twitter_misc":{"Tiempo de lectura":"1 minuto"},"schema":{"@context":"https:\/\/schema.org","@graph":[{"@type":"WebPage","@id":"https:\/\/www.generalkinematics.com\/es\/producto\/rfq-de-estabilizador-pata-de-balancin-personalizado\/","url":"https:\/\/www.generalkinematics.com\/es\/producto\/rfq-de-estabilizador-pata-de-balancin-personalizado\/","name":"RFQ de estabilizador\/pata de balanc\u00edn personalizado | General Kinematics","isPartOf":{"@id":"https:\/\/www.generalkinematics.com\/es\/#website"},"primaryImageOfPage":{"@id":"https:\/\/www.generalkinematics.com\/es\/producto\/rfq-de-estabilizador-pata-de-balancin-personalizado\/#primaryimage"},"image":{"@id":"https:\/\/www.generalkinematics.com\/es\/producto\/rfq-de-estabilizador-pata-de-balancin-personalizado\/#primaryimage"},"thumbnailUrl":"https:\/\/media.generalkinematics.com\/wp-content\/uploads\/2015\/07\/stabilizers-11.jpg","datePublished":"2015-12-11T22:42:06+00:00","dateModified":"2018-08-31T04:35:37+00:00","breadcrumb":{"@id":"https:\/\/www.generalkinematics.com\/es\/producto\/rfq-de-estabilizador-pata-de-balancin-personalizado\/#breadcrumb"},"inLanguage":"es","potentialAction":[{"@type":"ReadAction","target":["https:\/\/www.generalkinematics.com\/es\/producto\/rfq-de-estabilizador-pata-de-balancin-personalizado\/"]}]},{"@type":"ImageObject","inLanguage":"es","@id":"https:\/\/www.generalkinematics.com\/es\/producto\/rfq-de-estabilizador-pata-de-balancin-personalizado\/#primaryimage","url":"https:\/\/media.generalkinematics.com\/wp-content\/uploads\/2015\/07\/stabilizers-11.jpg","contentUrl":"https:\/\/media.generalkinematics.com\/wp-content\/uploads\/2015\/07\/stabilizers-11.jpg","width":800,"height":360},{"@type":"BreadcrumbList","@id":"https:\/\/www.generalkinematics.com\/es\/producto\/rfq-de-estabilizador-pata-de-balancin-personalizado\/#breadcrumb","itemListElement":[{"@type":"ListItem","position":1,"name":"GK Home","item":"https:\/\/www.generalkinematics.com\/es\/"},{"@type":"ListItem","position":2,"name":"Shop","item":"https:\/\/www.generalkinematics.com\/shop\/"},{"@type":"ListItem","position":3,"name":"RFQ de estabilizador\/pata de balanc\u00edn personalizado"}]},{"@type":"WebSite","@id":"https:\/\/www.generalkinematics.com\/es\/#website","url":"https:\/\/www.generalkinematics.com\/es\/","name":"General Kinematics","description":"","publisher":{"@id":"https:\/\/www.generalkinematics.com\/es\/#organization"},"potentialAction":[{"@type":"SearchAction","target":{"@type":"EntryPoint","urlTemplate":"https:\/\/www.generalkinematics.com\/es\/?s={search_term_string}"},"query-input":{"@type":"PropertyValueSpecification","valueRequired":true,"valueName":"search_term_string"}}],"inLanguage":"es"},{"@type":"Organization","@id":"https:\/\/www.generalkinematics.com\/es\/#organization","name":"General Kinematics","url":"https:\/\/www.generalkinematics.com\/es\/","logo":{"@type":"ImageObject","inLanguage":"es","@id":"https:\/\/www.generalkinematics.com\/es\/#\/schema\/logo\/image\/","url":"https:\/\/media.generalkinematics.com\/wp-content\/uploads\/2018\/03\/logo.png","contentUrl":"https:\/\/media.generalkinematics.com\/wp-content\/uploads\/2018\/03\/logo.png","width":313,"height":100,"caption":"General Kinematics"},"image":{"@id":"https:\/\/www.generalkinematics.com\/es\/#\/schema\/logo\/image\/"},"sameAs":["https:\/\/www.facebook.com\/generalkinematics","https:\/\/x.com\/gkvibrating"]}]}},"_links":{"self":[{"href":"https:\/\/www.generalkinematics.com\/es\/wp-json\/wp\/v2\/product\/39479","targetHints":{"allow":["GET"]}}],"collection":[{"href":"https:\/\/www.generalkinematics.com\/es\/wp-json\/wp\/v2\/product"}],"about":[{"href":"https:\/\/www.generalkinematics.com\/es\/wp-json\/wp\/v2\/types\/product"}],"replies":[{"embeddable":true,"href":"https:\/\/www.generalkinematics.com\/es\/wp-json\/wp\/v2\/comments?post=39479"}],"wp:featuredmedia":[{"embeddable":true,"href":"https:\/\/www.generalkinematics.com\/es\/wp-json\/wp\/v2\/media\/27336"}],"wp:attachment":[{"href":"https:\/\/www.generalkinematics.com\/es\/wp-json\/wp\/v2\/media?parent=39479"}],"wp:term":[{"taxonomy":"product_brand","embeddable":true,"href":"https:\/\/www.generalkinematics.com\/es\/wp-json\/wp\/v2\/product_brand?post=39479"},{"taxonomy":"product_cat","embeddable":true,"href":"https:\/\/www.generalkinematics.com\/es\/wp-json\/wp\/v2\/product_cat?post=39479"},{"taxonomy":"product_tag","embeddable":true,"href":"https:\/\/www.generalkinematics.com\/es\/wp-json\/wp\/v2\/product_tag?post=39479"}],"curies":[{"name":"wp","href":"https:\/\/api.w.org\/{rel}","templated":true}]}}