{"id":39491,"date":"2015-12-14T08:40:02","date_gmt":"2015-12-14T14:40:02","guid":{"rendered":"https:\/\/www.generalkinematics.com\/product\/motores-dobles-para-desmoldeadoras-de-cara-c-vsr-de-gk\/"},"modified":"2019-12-16T20:11:13","modified_gmt":"2019-12-17T02:11:13","slug":"motores-dobles-para-desmoldeadoras","status":"publish","type":"product","link":"https:\/\/www.generalkinematics.com\/es\/producto\/motores-dobles-para-desmoldeadoras\/","title":{"rendered":"Motores dobles para desmoldeadoras de cara C VSR de GK"},"content":{"rendered":"<p>Los \u00a0<strong>motores dobles para desmoldeadoras de cara C homologados para servicios vibratorios (VSR, por sus siglas en ingl\u00e9s)<\/strong> de General Kinematics est\u00e1n dise\u00f1ados para resistir las fuerzas de gravedad considerables de los equipos vibratorios de doble masa, que son en gran medida mayores que las presentes en las aplicaciones vibratorias t\u00edpicas de fuerza bruta.<\/p>\n<p>Esta \u00faltima generaci\u00f3n de motores para desmoldeadoras vibratorias VSR de GK es el producto de una evoluci\u00f3n de 50 a\u00f1os de experiencia en el dise\u00f1o de equipos y componentes vibratorios para resistir las aplicaciones m\u00e1s exigentes. Los avances importantes en las \u00e1reas de ingenier\u00eda, mecanizaci\u00f3n, realizaci\u00f3n de pruebas del ciclo de vida y tecnolog\u00eda, han dado origen al motor para desmoldeadoras m\u00e1s confiable disponible en el mercado para aplicaciones vibratorias.<\/p>\n<p>&nbsp;<\/p>\n<h2>Caracter\u00edsticas:<\/h2>\n<ul>\n<li class=\"bodytext\">Recubrimiento ep\u00f3xico interno\/externo resistente a la corrosi\u00f3n para funcionar en condiciones de trabajo severas en los ambientes vibratorios m\u00e1s dif\u00edciles.<\/li>\n<li class=\"bodytext\">Piezas fundidas de aleaci\u00f3n especial para resistir las fuerzas de gravedad extremas producidas en los equipos vibratorios de doble masa.<\/li>\n<li class=\"bodytext\">R\u00e1pido incremento del n\u00famero de RPM para un puesta en marcha confiable y uniforme.<\/li>\n<\/ul>\n<p><a href=\"https:\/\/www.generalkinematics.com\/es\/contactar-a-general-kinematics\/\">P\u00f3ngase en contacto con el especialista de piezas para componentes de GK<\/a>\u00a0para obtener m\u00e1s informaci\u00f3n sobre estos motores, reparaciones y mantenimiento.<\/p>\n","protected":false},"excerpt":{"rendered":"<p>Los \u00a0motores dobles para desmoldeadoras de cara C homologados para servicios vibratorios (VSR, por sus siglas en ingl\u00e9s) de General Kinematics est\u00e1n dise\u00f1ados para resistir las fuerzas de gravedad considerables de los equipos vibratorios de doble masa, que son en gran medida mayores que las presentes en las aplicaciones vibratorias t\u00edpicas de fuerza bruta. Esta [&hellip;]<\/p>\n","protected":false},"featured_media":27008,"comment_status":"closed","ping_status":"closed","template":"","meta":{"_acf_changed":false,"om_disable_all_campaigns":false,"ep_exclude_from_search":false},"product_brand":[],"product_cat":[1821],"product_tag":[],"class_list":{"0":"post-39491","1":"product","2":"type-product","3":"status-publish","4":"has-post-thumbnail","6":"product_cat-motores-vibratorios-gk","8":"first","9":"instock","10":"taxable","11":"shipping-taxable","12":"product-type-simple"},"acf":[],"yoast_head":"<!-- This site is optimized with the Yoast SEO plugin v27.2 - https:\/\/yoast.com\/product\/yoast-seo-wordpress\/ -->\n<title>Motores dobles para desmoldeadoras de cara C VSR de GK | General Kinematics<\/title>\n<meta name=\"robots\" content=\"index, follow, max-snippet:-1, max-image-preview:large, max-video-preview:-1\" \/>\n<link rel=\"canonical\" href=\"https:\/\/www.generalkinematics.com\/es\/producto\/motores-dobles-para-desmoldeadoras\/\" \/>\n<meta property=\"og:locale\" content=\"es_ES\" \/>\n<meta property=\"og:type\" content=\"article\" \/>\n<meta property=\"og:title\" content=\"Motores dobles para desmoldeadoras de cara C VSR de GK | General Kinematics\" \/>\n<meta property=\"og:description\" content=\"Los \u00a0motores dobles para desmoldeadoras de cara C homologados para servicios vibratorios (VSR, por sus siglas en ingl\u00e9s) de General Kinematics est\u00e1n dise\u00f1ados para resistir las fuerzas de gravedad considerables de los equipos vibratorios de doble masa, que son en gran medida mayores que las presentes en las aplicaciones vibratorias t\u00edpicas de fuerza bruta. Esta [&hellip;]\" \/>\n<meta property=\"og:url\" content=\"https:\/\/www.generalkinematics.com\/es\/producto\/motores-dobles-para-desmoldeadoras\/\" \/>\n<meta property=\"og:site_name\" content=\"General Kinematics\" \/>\n<meta property=\"article:publisher\" content=\"https:\/\/www.facebook.com\/generalkinematics\" \/>\n<meta property=\"article:modified_time\" content=\"2019-12-17T02:11:13+00:00\" \/>\n<meta property=\"og:image\" content=\"https:\/\/media.generalkinematics.com\/wp-content\/uploads\/2015\/12\/c-faced.png\" \/>\n\t<meta property=\"og:image:width\" content=\"400\" \/>\n\t<meta property=\"og:image:height\" content=\"400\" \/>\n\t<meta property=\"og:image:type\" content=\"image\/jpeg\" \/>\n<meta name=\"twitter:card\" content=\"summary_large_image\" \/>\n<meta name=\"twitter:site\" content=\"@gkvibrating\" \/>\n<meta name=\"twitter:label1\" content=\"Tiempo de lectura\" \/>\n\t<meta name=\"twitter:data1\" content=\"1 minuto\" \/>\n<!-- \/ Yoast SEO plugin. -->","yoast_head_json":{"title":"Motores dobles para desmoldeadoras de cara C VSR de GK | General Kinematics","robots":{"index":"index","follow":"follow","max-snippet":"max-snippet:-1","max-image-preview":"max-image-preview:large","max-video-preview":"max-video-preview:-1"},"canonical":"https:\/\/www.generalkinematics.com\/es\/producto\/motores-dobles-para-desmoldeadoras\/","og_locale":"es_ES","og_type":"article","og_title":"Motores dobles para desmoldeadoras de cara C VSR de GK | General Kinematics","og_description":"Los \u00a0motores dobles para desmoldeadoras de cara C homologados para servicios vibratorios (VSR, por sus siglas en ingl\u00e9s) de General Kinematics est\u00e1n dise\u00f1ados para resistir las fuerzas de gravedad considerables de los equipos vibratorios de doble masa, que son en gran medida mayores que las presentes en las aplicaciones vibratorias t\u00edpicas de fuerza bruta. Esta [&hellip;]","og_url":"https:\/\/www.generalkinematics.com\/es\/producto\/motores-dobles-para-desmoldeadoras\/","og_site_name":"General Kinematics","article_publisher":"https:\/\/www.facebook.com\/generalkinematics","article_modified_time":"2019-12-17T02:11:13+00:00","og_image":[{"width":400,"height":400,"url":"https:\/\/media.generalkinematics.com\/wp-content\/uploads\/2015\/12\/c-faced.png","type":"image\/jpeg"}],"twitter_card":"summary_large_image","twitter_site":"@gkvibrating","twitter_misc":{"Tiempo de lectura":"1 minuto"},"schema":{"@context":"https:\/\/schema.org","@graph":[{"@type":"WebPage","@id":"https:\/\/www.generalkinematics.com\/es\/producto\/motores-dobles-para-desmoldeadoras\/","url":"https:\/\/www.generalkinematics.com\/es\/producto\/motores-dobles-para-desmoldeadoras\/","name":"Motores dobles para desmoldeadoras de cara C VSR de GK | General Kinematics","isPartOf":{"@id":"https:\/\/www.generalkinematics.com\/es\/#website"},"primaryImageOfPage":{"@id":"https:\/\/www.generalkinematics.com\/es\/producto\/motores-dobles-para-desmoldeadoras\/#primaryimage"},"image":{"@id":"https:\/\/www.generalkinematics.com\/es\/producto\/motores-dobles-para-desmoldeadoras\/#primaryimage"},"thumbnailUrl":"https:\/\/media.generalkinematics.com\/wp-content\/uploads\/2015\/12\/c-faced.png","datePublished":"2015-12-14T14:40:02+00:00","dateModified":"2019-12-17T02:11:13+00:00","breadcrumb":{"@id":"https:\/\/www.generalkinematics.com\/es\/producto\/motores-dobles-para-desmoldeadoras\/#breadcrumb"},"inLanguage":"es","potentialAction":[{"@type":"ReadAction","target":["https:\/\/www.generalkinematics.com\/es\/producto\/motores-dobles-para-desmoldeadoras\/"]}]},{"@type":"ImageObject","inLanguage":"es","@id":"https:\/\/www.generalkinematics.com\/es\/producto\/motores-dobles-para-desmoldeadoras\/#primaryimage","url":"https:\/\/media.generalkinematics.com\/wp-content\/uploads\/2015\/12\/c-faced.png","contentUrl":"https:\/\/media.generalkinematics.com\/wp-content\/uploads\/2015\/12\/c-faced.png","width":400,"height":400,"caption":"general-kinematics-c-faced-motor"},{"@type":"BreadcrumbList","@id":"https:\/\/www.generalkinematics.com\/es\/producto\/motores-dobles-para-desmoldeadoras\/#breadcrumb","itemListElement":[{"@type":"ListItem","position":1,"name":"GK Home","item":"https:\/\/www.generalkinematics.com\/es\/"},{"@type":"ListItem","position":2,"name":"Shop","item":"https:\/\/www.generalkinematics.com\/shop\/"},{"@type":"ListItem","position":3,"name":"Motores dobles para desmoldeadoras de cara C VSR de GK"}]},{"@type":"WebSite","@id":"https:\/\/www.generalkinematics.com\/es\/#website","url":"https:\/\/www.generalkinematics.com\/es\/","name":"General Kinematics","description":"","publisher":{"@id":"https:\/\/www.generalkinematics.com\/es\/#organization"},"potentialAction":[{"@type":"SearchAction","target":{"@type":"EntryPoint","urlTemplate":"https:\/\/www.generalkinematics.com\/es\/?s={search_term_string}"},"query-input":{"@type":"PropertyValueSpecification","valueRequired":true,"valueName":"search_term_string"}}],"inLanguage":"es"},{"@type":"Organization","@id":"https:\/\/www.generalkinematics.com\/es\/#organization","name":"General Kinematics","url":"https:\/\/www.generalkinematics.com\/es\/","logo":{"@type":"ImageObject","inLanguage":"es","@id":"https:\/\/www.generalkinematics.com\/es\/#\/schema\/logo\/image\/","url":"https:\/\/media.generalkinematics.com\/wp-content\/uploads\/2018\/03\/logo.png","contentUrl":"https:\/\/media.generalkinematics.com\/wp-content\/uploads\/2018\/03\/logo.png","width":313,"height":100,"caption":"General Kinematics"},"image":{"@id":"https:\/\/www.generalkinematics.com\/es\/#\/schema\/logo\/image\/"},"sameAs":["https:\/\/www.facebook.com\/generalkinematics","https:\/\/x.com\/gkvibrating"]}]}},"_links":{"self":[{"href":"https:\/\/www.generalkinematics.com\/es\/wp-json\/wp\/v2\/product\/39491","targetHints":{"allow":["GET"]}}],"collection":[{"href":"https:\/\/www.generalkinematics.com\/es\/wp-json\/wp\/v2\/product"}],"about":[{"href":"https:\/\/www.generalkinematics.com\/es\/wp-json\/wp\/v2\/types\/product"}],"replies":[{"embeddable":true,"href":"https:\/\/www.generalkinematics.com\/es\/wp-json\/wp\/v2\/comments?post=39491"}],"wp:featuredmedia":[{"embeddable":true,"href":"https:\/\/www.generalkinematics.com\/es\/wp-json\/wp\/v2\/media\/27008"}],"wp:attachment":[{"href":"https:\/\/www.generalkinematics.com\/es\/wp-json\/wp\/v2\/media?parent=39491"}],"wp:term":[{"taxonomy":"product_brand","embeddable":true,"href":"https:\/\/www.generalkinematics.com\/es\/wp-json\/wp\/v2\/product_brand?post=39491"},{"taxonomy":"product_cat","embeddable":true,"href":"https:\/\/www.generalkinematics.com\/es\/wp-json\/wp\/v2\/product_cat?post=39491"},{"taxonomy":"product_tag","embeddable":true,"href":"https:\/\/www.generalkinematics.com\/es\/wp-json\/wp\/v2\/product_tag?post=39491"}],"curies":[{"name":"wp","href":"https:\/\/api.w.org\/{rel}","templated":true}]}}