{"id":39501,"date":"2015-12-14T08:55:04","date_gmt":"2015-12-14T14:55:04","guid":{"rendered":"https:\/\/www.generalkinematics.com\/product\/motores-vibratorios-instalados-sobre-pies\/"},"modified":"2019-12-16T20:38:26","modified_gmt":"2019-12-17T02:38:26","slug":"motores-vibratorios-instalados-sobre-pies","status":"publish","type":"product","link":"https:\/\/www.generalkinematics.com\/es\/producto\/motores-vibratorios-instalados-sobre-pies\/","title":{"rendered":"Motores vibratorios instalados sobre pies"},"content":{"rendered":"<p><u><strong>Motores Italvibras\/Martin<\/strong><\/u><\/p>\n<p>General Kinematics se ha asociado con Italvibras para ofrecerle los mejores motores vibratorios disponibles en el mercado. GK tiene en stock una amplia selecci\u00f3n de motores vibratorios para desmoldeadoras Italvibras MVSI, IM, CD y CDX para mantener sus equipos en buen estado y funcionamiento. \u00bfTiene un antiguo motor Martin\/Italvibras que debe reconstruirse? GK ofrece servicios de reconstrucci\u00f3n para renovar su inventario de motores vibratorios existentes conforme a las especificaciones de la f\u00e1brica.<\/p>\n<p><u><strong>Motores Invicta<\/strong><\/u><\/p>\n<p>General Kinematics ofrece una amplia selecci\u00f3n de vibradores el\u00e9ctricos Invicta para su uso en diferentes aplicaciones y ambientes vibratorios. GK tambi\u00e9n presta servicios de reparaci\u00f3n para los motores vibratorios Invicta. <a href=\"https:\/\/www.generalkinematics.com\/es\/contactar-a-general-kinematics\/\">P\u00f3ngase en contacto con el especialista de piezas para componentes de GK<\/a>\u00a0para obtener m\u00e1s informaci\u00f3n sobre motores, reparaciones y mantenimiento.<\/p>\n<p>Italvibras, Martin e Invicta son marcas comerciales de sus respectivos fabricantes, que no est\u00e1n afiliados con General Kinematics.<\/p>\n","protected":false},"excerpt":{"rendered":"<p>Motores Italvibras\/Martin General Kinematics se ha asociado con Italvibras para ofrecerle los mejores motores vibratorios disponibles en el mercado. GK tiene en stock una amplia selecci\u00f3n de motores vibratorios para desmoldeadoras Italvibras MVSI, IM, CD y CDX para mantener sus equipos en buen estado y funcionamiento. \u00bfTiene un antiguo motor Martin\/Italvibras que debe reconstruirse? GK [&hellip;]<\/p>\n","protected":false},"featured_media":27004,"comment_status":"closed","ping_status":"closed","template":"","meta":{"_acf_changed":false,"om_disable_all_campaigns":false,"ep_exclude_from_search":false},"product_brand":[],"product_cat":[1821],"product_tag":[],"class_list":{"0":"post-39501","1":"product","2":"type-product","3":"status-publish","4":"has-post-thumbnail","6":"product_cat-motores-vibratorios-gk","8":"first","9":"instock","10":"taxable","11":"shipping-taxable","12":"product-type-simple"},"acf":[],"yoast_head":"<!-- This site is optimized with the Yoast SEO plugin v27.2 - https:\/\/yoast.com\/product\/yoast-seo-wordpress\/ -->\n<title>Motores vibratorios instalados sobre pies | General Kinematics<\/title>\n<meta name=\"robots\" content=\"index, follow, max-snippet:-1, max-image-preview:large, max-video-preview:-1\" \/>\n<link rel=\"canonical\" href=\"https:\/\/www.generalkinematics.com\/es\/producto\/motores-vibratorios-instalados-sobre-pies\/\" \/>\n<meta property=\"og:locale\" content=\"es_ES\" \/>\n<meta property=\"og:type\" content=\"article\" \/>\n<meta property=\"og:title\" content=\"Motores vibratorios instalados sobre pies | General Kinematics\" \/>\n<meta property=\"og:description\" content=\"Motores Italvibras\/Martin General Kinematics se ha asociado con Italvibras para ofrecerle los mejores motores vibratorios disponibles en el mercado. GK tiene en stock una amplia selecci\u00f3n de motores vibratorios para desmoldeadoras Italvibras MVSI, IM, CD y CDX para mantener sus equipos en buen estado y funcionamiento. \u00bfTiene un antiguo motor Martin\/Italvibras que debe reconstruirse? GK [&hellip;]\" \/>\n<meta property=\"og:url\" content=\"https:\/\/www.generalkinematics.com\/es\/producto\/motores-vibratorios-instalados-sobre-pies\/\" \/>\n<meta property=\"og:site_name\" content=\"General Kinematics\" \/>\n<meta property=\"article:publisher\" content=\"https:\/\/www.facebook.com\/generalkinematics\" \/>\n<meta property=\"article:modified_time\" content=\"2019-12-17T02:38:26+00:00\" \/>\n<meta property=\"og:image\" content=\"https:\/\/media.generalkinematics.com\/wp-content\/uploads\/2015\/12\/foot-mounted2.png\" \/>\n\t<meta property=\"og:image:width\" content=\"400\" \/>\n\t<meta property=\"og:image:height\" content=\"400\" \/>\n\t<meta property=\"og:image:type\" content=\"image\/jpeg\" \/>\n<meta name=\"twitter:card\" content=\"summary_large_image\" \/>\n<meta name=\"twitter:site\" content=\"@gkvibrating\" \/>\n<meta name=\"twitter:label1\" content=\"Tiempo de lectura\" \/>\n\t<meta name=\"twitter:data1\" content=\"1 minuto\" \/>\n<!-- \/ Yoast SEO plugin. -->","yoast_head_json":{"title":"Motores vibratorios instalados sobre pies | General Kinematics","robots":{"index":"index","follow":"follow","max-snippet":"max-snippet:-1","max-image-preview":"max-image-preview:large","max-video-preview":"max-video-preview:-1"},"canonical":"https:\/\/www.generalkinematics.com\/es\/producto\/motores-vibratorios-instalados-sobre-pies\/","og_locale":"es_ES","og_type":"article","og_title":"Motores vibratorios instalados sobre pies | General Kinematics","og_description":"Motores Italvibras\/Martin General Kinematics se ha asociado con Italvibras para ofrecerle los mejores motores vibratorios disponibles en el mercado. GK tiene en stock una amplia selecci\u00f3n de motores vibratorios para desmoldeadoras Italvibras MVSI, IM, CD y CDX para mantener sus equipos en buen estado y funcionamiento. \u00bfTiene un antiguo motor Martin\/Italvibras que debe reconstruirse? GK [&hellip;]","og_url":"https:\/\/www.generalkinematics.com\/es\/producto\/motores-vibratorios-instalados-sobre-pies\/","og_site_name":"General Kinematics","article_publisher":"https:\/\/www.facebook.com\/generalkinematics","article_modified_time":"2019-12-17T02:38:26+00:00","og_image":[{"width":400,"height":400,"url":"https:\/\/media.generalkinematics.com\/wp-content\/uploads\/2015\/12\/foot-mounted2.png","type":"image\/jpeg"}],"twitter_card":"summary_large_image","twitter_site":"@gkvibrating","twitter_misc":{"Tiempo de lectura":"1 minuto"},"schema":{"@context":"https:\/\/schema.org","@graph":[{"@type":"WebPage","@id":"https:\/\/www.generalkinematics.com\/es\/producto\/motores-vibratorios-instalados-sobre-pies\/","url":"https:\/\/www.generalkinematics.com\/es\/producto\/motores-vibratorios-instalados-sobre-pies\/","name":"Motores vibratorios instalados sobre pies | General Kinematics","isPartOf":{"@id":"https:\/\/www.generalkinematics.com\/es\/#website"},"primaryImageOfPage":{"@id":"https:\/\/www.generalkinematics.com\/es\/producto\/motores-vibratorios-instalados-sobre-pies\/#primaryimage"},"image":{"@id":"https:\/\/www.generalkinematics.com\/es\/producto\/motores-vibratorios-instalados-sobre-pies\/#primaryimage"},"thumbnailUrl":"https:\/\/media.generalkinematics.com\/wp-content\/uploads\/2015\/12\/foot-mounted2.png","datePublished":"2015-12-14T14:55:04+00:00","dateModified":"2019-12-17T02:38:26+00:00","breadcrumb":{"@id":"https:\/\/www.generalkinematics.com\/es\/producto\/motores-vibratorios-instalados-sobre-pies\/#breadcrumb"},"inLanguage":"es","potentialAction":[{"@type":"ReadAction","target":["https:\/\/www.generalkinematics.com\/es\/producto\/motores-vibratorios-instalados-sobre-pies\/"]}]},{"@type":"ImageObject","inLanguage":"es","@id":"https:\/\/www.generalkinematics.com\/es\/producto\/motores-vibratorios-instalados-sobre-pies\/#primaryimage","url":"https:\/\/media.generalkinematics.com\/wp-content\/uploads\/2015\/12\/foot-mounted2.png","contentUrl":"https:\/\/media.generalkinematics.com\/wp-content\/uploads\/2015\/12\/foot-mounted2.png","width":400,"height":400,"caption":"general-kinematics-foot-mounted-motor"},{"@type":"BreadcrumbList","@id":"https:\/\/www.generalkinematics.com\/es\/producto\/motores-vibratorios-instalados-sobre-pies\/#breadcrumb","itemListElement":[{"@type":"ListItem","position":1,"name":"GK Home","item":"https:\/\/www.generalkinematics.com\/es\/"},{"@type":"ListItem","position":2,"name":"Shop","item":"https:\/\/www.generalkinematics.com\/shop\/"},{"@type":"ListItem","position":3,"name":"Motores vibratorios instalados sobre pies"}]},{"@type":"WebSite","@id":"https:\/\/www.generalkinematics.com\/es\/#website","url":"https:\/\/www.generalkinematics.com\/es\/","name":"General Kinematics","description":"","publisher":{"@id":"https:\/\/www.generalkinematics.com\/es\/#organization"},"potentialAction":[{"@type":"SearchAction","target":{"@type":"EntryPoint","urlTemplate":"https:\/\/www.generalkinematics.com\/es\/?s={search_term_string}"},"query-input":{"@type":"PropertyValueSpecification","valueRequired":true,"valueName":"search_term_string"}}],"inLanguage":"es"},{"@type":"Organization","@id":"https:\/\/www.generalkinematics.com\/es\/#organization","name":"General Kinematics","url":"https:\/\/www.generalkinematics.com\/es\/","logo":{"@type":"ImageObject","inLanguage":"es","@id":"https:\/\/www.generalkinematics.com\/es\/#\/schema\/logo\/image\/","url":"https:\/\/media.generalkinematics.com\/wp-content\/uploads\/2018\/03\/logo.png","contentUrl":"https:\/\/media.generalkinematics.com\/wp-content\/uploads\/2018\/03\/logo.png","width":313,"height":100,"caption":"General Kinematics"},"image":{"@id":"https:\/\/www.generalkinematics.com\/es\/#\/schema\/logo\/image\/"},"sameAs":["https:\/\/www.facebook.com\/generalkinematics","https:\/\/x.com\/gkvibrating"]}]}},"_links":{"self":[{"href":"https:\/\/www.generalkinematics.com\/es\/wp-json\/wp\/v2\/product\/39501","targetHints":{"allow":["GET"]}}],"collection":[{"href":"https:\/\/www.generalkinematics.com\/es\/wp-json\/wp\/v2\/product"}],"about":[{"href":"https:\/\/www.generalkinematics.com\/es\/wp-json\/wp\/v2\/types\/product"}],"replies":[{"embeddable":true,"href":"https:\/\/www.generalkinematics.com\/es\/wp-json\/wp\/v2\/comments?post=39501"}],"wp:featuredmedia":[{"embeddable":true,"href":"https:\/\/www.generalkinematics.com\/es\/wp-json\/wp\/v2\/media\/27004"}],"wp:attachment":[{"href":"https:\/\/www.generalkinematics.com\/es\/wp-json\/wp\/v2\/media?parent=39501"}],"wp:term":[{"taxonomy":"product_brand","embeddable":true,"href":"https:\/\/www.generalkinematics.com\/es\/wp-json\/wp\/v2\/product_brand?post=39501"},{"taxonomy":"product_cat","embeddable":true,"href":"https:\/\/www.generalkinematics.com\/es\/wp-json\/wp\/v2\/product_cat?post=39501"},{"taxonomy":"product_tag","embeddable":true,"href":"https:\/\/www.generalkinematics.com\/es\/wp-json\/wp\/v2\/product_tag?post=39501"}],"curies":[{"name":"wp","href":"https:\/\/api.w.org\/{rel}","templated":true}]}}