{"id":39520,"date":"2015-12-14T09:41:26","date_gmt":"2015-12-14T15:41:26","guid":{"rendered":"https:\/\/www.generalkinematics.com\/product\/monitoreo-de-un-solo-canal\/"},"modified":"2018-08-30T23:53:16","modified_gmt":"2018-08-31T04:53:16","slug":"monitoreo-de-un-solo-canal","status":"publish","type":"product","link":"https:\/\/www.generalkinematics.com\/es\/producto\/monitoreo-de-un-solo-canal\/","title":{"rendered":"Monitoreo de un solo canal"},"content":{"rendered":"<p>El <strong>monitor de recorrido de un solo canal<\/strong> recibe la se\u00f1al an\u00e1loga de un transmisor de vibraci\u00f3n y, posteriormente, muestra de manera continua el recorrido, a medida que monitorea el recorrido frente a los l\u00edmites inferior o superior. Si se excede cualquiera de los l\u00edmites durante un tiempo ajustable, el monitor de recorrido indica una alarma. La alarma puede conectarse con el equipo de control existente y puede restablecerse mediante se\u00f1ales locales o remotas.<\/p>\n","protected":false},"excerpt":{"rendered":"<p>El monitor de recorrido de un solo canal recibe la se\u00f1al an\u00e1loga de un transmisor de vibraci\u00f3n y, posteriormente, muestra de manera continua el recorrido, a medida que monitorea el recorrido frente a los l\u00edmites inferior o superior. Si se excede cualquiera de los l\u00edmites durante un tiempo ajustable, el monitor de recorrido indica una [&hellip;]<\/p>\n","protected":false},"featured_media":27228,"comment_status":"closed","ping_status":"closed","template":"","meta":{"_acf_changed":false,"om_disable_all_campaigns":false,"ep_exclude_from_search":false},"product_brand":[],"product_cat":[1819],"product_tag":[],"class_list":{"0":"post-39520","1":"product","2":"type-product","3":"status-publish","4":"has-post-thumbnail","6":"product_cat-controles-y-monitoreo","8":"first","9":"instock","10":"taxable","11":"shipping-taxable","12":"product-type-simple"},"acf":[],"yoast_head":"<!-- This site is optimized with the Yoast SEO plugin v27.2 - https:\/\/yoast.com\/product\/yoast-seo-wordpress\/ -->\n<title>Monitoreo de un solo canal | General Kinematics<\/title>\n<meta name=\"robots\" content=\"index, follow, max-snippet:-1, max-image-preview:large, max-video-preview:-1\" \/>\n<link rel=\"canonical\" href=\"https:\/\/www.generalkinematics.com\/es\/producto\/monitoreo-de-un-solo-canal\/\" \/>\n<meta property=\"og:locale\" content=\"es_ES\" \/>\n<meta property=\"og:type\" content=\"article\" \/>\n<meta property=\"og:title\" content=\"Monitoreo de un solo canal | General Kinematics\" \/>\n<meta property=\"og:description\" content=\"El monitor de recorrido de un solo canal recibe la se\u00f1al an\u00e1loga de un transmisor de vibraci\u00f3n y, posteriormente, muestra de manera continua el recorrido, a medida que monitorea el recorrido frente a los l\u00edmites inferior o superior. Si se excede cualquiera de los l\u00edmites durante un tiempo ajustable, el monitor de recorrido indica una [&hellip;]\" \/>\n<meta property=\"og:url\" content=\"https:\/\/www.generalkinematics.com\/es\/producto\/monitoreo-de-un-solo-canal\/\" \/>\n<meta property=\"og:site_name\" content=\"General Kinematics\" \/>\n<meta property=\"article:publisher\" content=\"https:\/\/www.facebook.com\/generalkinematics\" \/>\n<meta property=\"article:modified_time\" content=\"2018-08-31T04:53:16+00:00\" \/>\n<meta property=\"og:image\" content=\"https:\/\/media.generalkinematics.com\/wp-content\/uploads\/2015\/12\/stroke-monitor1.png\" \/>\n\t<meta property=\"og:image:width\" content=\"400\" \/>\n\t<meta property=\"og:image:height\" content=\"400\" \/>\n\t<meta property=\"og:image:type\" content=\"image\/jpeg\" \/>\n<meta name=\"twitter:card\" content=\"summary_large_image\" \/>\n<meta name=\"twitter:site\" content=\"@gkvibrating\" \/>\n<!-- \/ Yoast SEO plugin. -->","yoast_head_json":{"title":"Monitoreo de un solo canal | General Kinematics","robots":{"index":"index","follow":"follow","max-snippet":"max-snippet:-1","max-image-preview":"max-image-preview:large","max-video-preview":"max-video-preview:-1"},"canonical":"https:\/\/www.generalkinematics.com\/es\/producto\/monitoreo-de-un-solo-canal\/","og_locale":"es_ES","og_type":"article","og_title":"Monitoreo de un solo canal | General Kinematics","og_description":"El monitor de recorrido de un solo canal recibe la se\u00f1al an\u00e1loga de un transmisor de vibraci\u00f3n y, posteriormente, muestra de manera continua el recorrido, a medida que monitorea el recorrido frente a los l\u00edmites inferior o superior. Si se excede cualquiera de los l\u00edmites durante un tiempo ajustable, el monitor de recorrido indica una [&hellip;]","og_url":"https:\/\/www.generalkinematics.com\/es\/producto\/monitoreo-de-un-solo-canal\/","og_site_name":"General Kinematics","article_publisher":"https:\/\/www.facebook.com\/generalkinematics","article_modified_time":"2018-08-31T04:53:16+00:00","og_image":[{"width":400,"height":400,"url":"https:\/\/media.generalkinematics.com\/wp-content\/uploads\/2015\/12\/stroke-monitor1.png","type":"image\/jpeg"}],"twitter_card":"summary_large_image","twitter_site":"@gkvibrating","schema":{"@context":"https:\/\/schema.org","@graph":[{"@type":"WebPage","@id":"https:\/\/www.generalkinematics.com\/es\/producto\/monitoreo-de-un-solo-canal\/","url":"https:\/\/www.generalkinematics.com\/es\/producto\/monitoreo-de-un-solo-canal\/","name":"Monitoreo de un solo canal | General Kinematics","isPartOf":{"@id":"https:\/\/www.generalkinematics.com\/es\/#website"},"primaryImageOfPage":{"@id":"https:\/\/www.generalkinematics.com\/es\/producto\/monitoreo-de-un-solo-canal\/#primaryimage"},"image":{"@id":"https:\/\/www.generalkinematics.com\/es\/producto\/monitoreo-de-un-solo-canal\/#primaryimage"},"thumbnailUrl":"https:\/\/media.generalkinematics.com\/wp-content\/uploads\/2015\/12\/stroke-monitor1.png","datePublished":"2015-12-14T15:41:26+00:00","dateModified":"2018-08-31T04:53:16+00:00","breadcrumb":{"@id":"https:\/\/www.generalkinematics.com\/es\/producto\/monitoreo-de-un-solo-canal\/#breadcrumb"},"inLanguage":"es","potentialAction":[{"@type":"ReadAction","target":["https:\/\/www.generalkinematics.com\/es\/producto\/monitoreo-de-un-solo-canal\/"]}]},{"@type":"ImageObject","inLanguage":"es","@id":"https:\/\/www.generalkinematics.com\/es\/producto\/monitoreo-de-un-solo-canal\/#primaryimage","url":"https:\/\/media.generalkinematics.com\/wp-content\/uploads\/2015\/12\/stroke-monitor1.png","contentUrl":"https:\/\/media.generalkinematics.com\/wp-content\/uploads\/2015\/12\/stroke-monitor1.png","width":400,"height":400,"caption":"general-kinematics-stroke-monitor"},{"@type":"BreadcrumbList","@id":"https:\/\/www.generalkinematics.com\/es\/producto\/monitoreo-de-un-solo-canal\/#breadcrumb","itemListElement":[{"@type":"ListItem","position":1,"name":"GK Home","item":"https:\/\/www.generalkinematics.com\/es\/"},{"@type":"ListItem","position":2,"name":"Shop","item":"https:\/\/www.generalkinematics.com\/shop\/"},{"@type":"ListItem","position":3,"name":"Monitoreo de un solo canal"}]},{"@type":"WebSite","@id":"https:\/\/www.generalkinematics.com\/es\/#website","url":"https:\/\/www.generalkinematics.com\/es\/","name":"General Kinematics","description":"","publisher":{"@id":"https:\/\/www.generalkinematics.com\/es\/#organization"},"potentialAction":[{"@type":"SearchAction","target":{"@type":"EntryPoint","urlTemplate":"https:\/\/www.generalkinematics.com\/es\/?s={search_term_string}"},"query-input":{"@type":"PropertyValueSpecification","valueRequired":true,"valueName":"search_term_string"}}],"inLanguage":"es"},{"@type":"Organization","@id":"https:\/\/www.generalkinematics.com\/es\/#organization","name":"General Kinematics","url":"https:\/\/www.generalkinematics.com\/es\/","logo":{"@type":"ImageObject","inLanguage":"es","@id":"https:\/\/www.generalkinematics.com\/es\/#\/schema\/logo\/image\/","url":"https:\/\/media.generalkinematics.com\/wp-content\/uploads\/2018\/03\/logo.png","contentUrl":"https:\/\/media.generalkinematics.com\/wp-content\/uploads\/2018\/03\/logo.png","width":313,"height":100,"caption":"General Kinematics"},"image":{"@id":"https:\/\/www.generalkinematics.com\/es\/#\/schema\/logo\/image\/"},"sameAs":["https:\/\/www.facebook.com\/generalkinematics","https:\/\/x.com\/gkvibrating"]}]}},"_links":{"self":[{"href":"https:\/\/www.generalkinematics.com\/es\/wp-json\/wp\/v2\/product\/39520","targetHints":{"allow":["GET"]}}],"collection":[{"href":"https:\/\/www.generalkinematics.com\/es\/wp-json\/wp\/v2\/product"}],"about":[{"href":"https:\/\/www.generalkinematics.com\/es\/wp-json\/wp\/v2\/types\/product"}],"replies":[{"embeddable":true,"href":"https:\/\/www.generalkinematics.com\/es\/wp-json\/wp\/v2\/comments?post=39520"}],"wp:featuredmedia":[{"embeddable":true,"href":"https:\/\/www.generalkinematics.com\/es\/wp-json\/wp\/v2\/media\/27228"}],"wp:attachment":[{"href":"https:\/\/www.generalkinematics.com\/es\/wp-json\/wp\/v2\/media?parent=39520"}],"wp:term":[{"taxonomy":"product_brand","embeddable":true,"href":"https:\/\/www.generalkinematics.com\/es\/wp-json\/wp\/v2\/product_brand?post=39520"},{"taxonomy":"product_cat","embeddable":true,"href":"https:\/\/www.generalkinematics.com\/es\/wp-json\/wp\/v2\/product_cat?post=39520"},{"taxonomy":"product_tag","embeddable":true,"href":"https:\/\/www.generalkinematics.com\/es\/wp-json\/wp\/v2\/product_tag?post=39520"}],"curies":[{"name":"wp","href":"https:\/\/api.w.org\/{rel}","templated":true}]}}