{"id":39559,"date":"2015-12-14T09:46:51","date_gmt":"2015-12-14T15:46:51","guid":{"rendered":"https:\/\/www.generalkinematics.com\/product\/velocitrol\/"},"modified":"2018-08-30T23:50:56","modified_gmt":"2018-08-31T04:50:56","slug":"el-velocitrol","status":"publish","type":"product","link":"https:\/\/www.generalkinematics.com\/es\/producto\/el-velocitrol\/","title":{"rendered":"VELOCITROL"},"content":{"rendered":"<p>El <strong>Velocitrol<\/strong> es un sistema completo que se usa para detectar, visualizar y controlar la velocidad de equipos vibratorios. Este sistema est\u00e1 compuesto por un aceler\u00f3metro industrial, un par de transmisores de vibraci\u00f3n y la pantalla y unidad de control basadas en un computador.<\/p>\n<p>El Velocitrol es un controlador basado en el PLC que recibe las se\u00f1ales de dos transmisores de vibraci\u00f3n. El Velocitrol muestra la velocidad actual y ajusta una se\u00f1al de entre 4 y 20 mA para una transmisi\u00f3n de frecuencia variable con el fin de mantener una velocidad constante.<\/p>\n<p>El Velocitrol puede alternar entre dos puntos de ajuste de velocidad, que pueden dispararse mediante temporizadores internos regulables o mediante el cierre de un contacto en seco externo. El Velocitrol muestra de manera continua el recorrido y lo monitorea frente a los l\u00edmites inferior o superior.<\/p>\n<p>Si se excede cualquiera de los l\u00edmites durante un tiempo ajustable, el monitor de recorrido indica una alarma. Las alarmas pueden conectarse a un equipo de control existente mediante rel\u00e9s de contacto en seco. Todos los puntos de ajuste pueden regularse mediante la interfaz del operador situado al frente del Velocitrol.<\/p>\n","protected":false},"excerpt":{"rendered":"<p>El Velocitrol es un sistema completo que se usa para detectar, visualizar y controlar la velocidad de equipos vibratorios. Este sistema est\u00e1 compuesto por un aceler\u00f3metro industrial, un par de transmisores de vibraci\u00f3n y la pantalla y unidad de control basadas en un computador. El Velocitrol es un controlador basado en el PLC que recibe [&hellip;]<\/p>\n","protected":false},"featured_media":27032,"comment_status":"closed","ping_status":"closed","template":"","meta":{"_acf_changed":false,"om_disable_all_campaigns":false,"ep_exclude_from_search":false},"product_brand":[],"product_cat":[1819],"product_tag":[],"class_list":{"0":"post-39559","1":"product","2":"type-product","3":"status-publish","4":"has-post-thumbnail","6":"product_cat-controles-y-monitoreo","8":"first","9":"instock","10":"taxable","11":"shipping-taxable","12":"product-type-simple"},"acf":[],"yoast_head":"<!-- This site is optimized with the Yoast SEO plugin v27.2 - https:\/\/yoast.com\/product\/yoast-seo-wordpress\/ -->\n<title>VELOCITROL | General Kinematics<\/title>\n<meta name=\"robots\" content=\"index, follow, max-snippet:-1, max-image-preview:large, max-video-preview:-1\" \/>\n<link rel=\"canonical\" href=\"https:\/\/www.generalkinematics.com\/es\/producto\/el-velocitrol\/\" \/>\n<meta property=\"og:locale\" content=\"es_ES\" \/>\n<meta property=\"og:type\" content=\"article\" \/>\n<meta property=\"og:title\" content=\"VELOCITROL | General Kinematics\" \/>\n<meta property=\"og:description\" content=\"El Velocitrol es un sistema completo que se usa para detectar, visualizar y controlar la velocidad de equipos vibratorios. Este sistema est\u00e1 compuesto por un aceler\u00f3metro industrial, un par de transmisores de vibraci\u00f3n y la pantalla y unidad de control basadas en un computador. El Velocitrol es un controlador basado en el PLC que recibe [&hellip;]\" \/>\n<meta property=\"og:url\" content=\"https:\/\/www.generalkinematics.com\/es\/producto\/el-velocitrol\/\" \/>\n<meta property=\"og:site_name\" content=\"General Kinematics\" \/>\n<meta property=\"article:publisher\" content=\"https:\/\/www.facebook.com\/generalkinematics\" \/>\n<meta property=\"article:modified_time\" content=\"2018-08-31T04:50:56+00:00\" \/>\n<meta property=\"og:image\" content=\"https:\/\/media.generalkinematics.com\/wp-content\/uploads\/2015\/12\/velocitrol.png\" \/>\n\t<meta property=\"og:image:width\" content=\"400\" \/>\n\t<meta property=\"og:image:height\" content=\"400\" \/>\n\t<meta property=\"og:image:type\" content=\"image\/jpeg\" \/>\n<meta name=\"twitter:card\" content=\"summary_large_image\" \/>\n<meta name=\"twitter:site\" content=\"@gkvibrating\" \/>\n<meta name=\"twitter:label1\" content=\"Tiempo de lectura\" \/>\n\t<meta name=\"twitter:data1\" content=\"1 minuto\" \/>\n<!-- \/ Yoast SEO plugin. -->","yoast_head_json":{"title":"VELOCITROL | General Kinematics","robots":{"index":"index","follow":"follow","max-snippet":"max-snippet:-1","max-image-preview":"max-image-preview:large","max-video-preview":"max-video-preview:-1"},"canonical":"https:\/\/www.generalkinematics.com\/es\/producto\/el-velocitrol\/","og_locale":"es_ES","og_type":"article","og_title":"VELOCITROL | General Kinematics","og_description":"El Velocitrol es un sistema completo que se usa para detectar, visualizar y controlar la velocidad de equipos vibratorios. Este sistema est\u00e1 compuesto por un aceler\u00f3metro industrial, un par de transmisores de vibraci\u00f3n y la pantalla y unidad de control basadas en un computador. El Velocitrol es un controlador basado en el PLC que recibe [&hellip;]","og_url":"https:\/\/www.generalkinematics.com\/es\/producto\/el-velocitrol\/","og_site_name":"General Kinematics","article_publisher":"https:\/\/www.facebook.com\/generalkinematics","article_modified_time":"2018-08-31T04:50:56+00:00","og_image":[{"width":400,"height":400,"url":"https:\/\/media.generalkinematics.com\/wp-content\/uploads\/2015\/12\/velocitrol.png","type":"image\/jpeg"}],"twitter_card":"summary_large_image","twitter_site":"@gkvibrating","twitter_misc":{"Tiempo de lectura":"1 minuto"},"schema":{"@context":"https:\/\/schema.org","@graph":[{"@type":"WebPage","@id":"https:\/\/www.generalkinematics.com\/es\/producto\/el-velocitrol\/","url":"https:\/\/www.generalkinematics.com\/es\/producto\/el-velocitrol\/","name":"VELOCITROL | General Kinematics","isPartOf":{"@id":"https:\/\/www.generalkinematics.com\/es\/#website"},"primaryImageOfPage":{"@id":"https:\/\/www.generalkinematics.com\/es\/producto\/el-velocitrol\/#primaryimage"},"image":{"@id":"https:\/\/www.generalkinematics.com\/es\/producto\/el-velocitrol\/#primaryimage"},"thumbnailUrl":"https:\/\/media.generalkinematics.com\/wp-content\/uploads\/2015\/12\/velocitrol.png","datePublished":"2015-12-14T15:46:51+00:00","dateModified":"2018-08-31T04:50:56+00:00","breadcrumb":{"@id":"https:\/\/www.generalkinematics.com\/es\/producto\/el-velocitrol\/#breadcrumb"},"inLanguage":"es","potentialAction":[{"@type":"ReadAction","target":["https:\/\/www.generalkinematics.com\/es\/producto\/el-velocitrol\/"]}]},{"@type":"ImageObject","inLanguage":"es","@id":"https:\/\/www.generalkinematics.com\/es\/producto\/el-velocitrol\/#primaryimage","url":"https:\/\/media.generalkinematics.com\/wp-content\/uploads\/2015\/12\/velocitrol.png","contentUrl":"https:\/\/media.generalkinematics.com\/wp-content\/uploads\/2015\/12\/velocitrol.png","width":400,"height":400,"caption":"general-kinematics-velocitrol"},{"@type":"BreadcrumbList","@id":"https:\/\/www.generalkinematics.com\/es\/producto\/el-velocitrol\/#breadcrumb","itemListElement":[{"@type":"ListItem","position":1,"name":"GK Home","item":"https:\/\/www.generalkinematics.com\/es\/"},{"@type":"ListItem","position":2,"name":"Shop","item":"https:\/\/www.generalkinematics.com\/shop\/"},{"@type":"ListItem","position":3,"name":"VELOCITROL"}]},{"@type":"WebSite","@id":"https:\/\/www.generalkinematics.com\/es\/#website","url":"https:\/\/www.generalkinematics.com\/es\/","name":"General Kinematics","description":"","publisher":{"@id":"https:\/\/www.generalkinematics.com\/es\/#organization"},"potentialAction":[{"@type":"SearchAction","target":{"@type":"EntryPoint","urlTemplate":"https:\/\/www.generalkinematics.com\/es\/?s={search_term_string}"},"query-input":{"@type":"PropertyValueSpecification","valueRequired":true,"valueName":"search_term_string"}}],"inLanguage":"es"},{"@type":"Organization","@id":"https:\/\/www.generalkinematics.com\/es\/#organization","name":"General Kinematics","url":"https:\/\/www.generalkinematics.com\/es\/","logo":{"@type":"ImageObject","inLanguage":"es","@id":"https:\/\/www.generalkinematics.com\/es\/#\/schema\/logo\/image\/","url":"https:\/\/media.generalkinematics.com\/wp-content\/uploads\/2018\/03\/logo.png","contentUrl":"https:\/\/media.generalkinematics.com\/wp-content\/uploads\/2018\/03\/logo.png","width":313,"height":100,"caption":"General Kinematics"},"image":{"@id":"https:\/\/www.generalkinematics.com\/es\/#\/schema\/logo\/image\/"},"sameAs":["https:\/\/www.facebook.com\/generalkinematics","https:\/\/x.com\/gkvibrating"]}]}},"_links":{"self":[{"href":"https:\/\/www.generalkinematics.com\/es\/wp-json\/wp\/v2\/product\/39559","targetHints":{"allow":["GET"]}}],"collection":[{"href":"https:\/\/www.generalkinematics.com\/es\/wp-json\/wp\/v2\/product"}],"about":[{"href":"https:\/\/www.generalkinematics.com\/es\/wp-json\/wp\/v2\/types\/product"}],"replies":[{"embeddable":true,"href":"https:\/\/www.generalkinematics.com\/es\/wp-json\/wp\/v2\/comments?post=39559"}],"wp:featuredmedia":[{"embeddable":true,"href":"https:\/\/www.generalkinematics.com\/es\/wp-json\/wp\/v2\/media\/27032"}],"wp:attachment":[{"href":"https:\/\/www.generalkinematics.com\/es\/wp-json\/wp\/v2\/media?parent=39559"}],"wp:term":[{"taxonomy":"product_brand","embeddable":true,"href":"https:\/\/www.generalkinematics.com\/es\/wp-json\/wp\/v2\/product_brand?post=39559"},{"taxonomy":"product_cat","embeddable":true,"href":"https:\/\/www.generalkinematics.com\/es\/wp-json\/wp\/v2\/product_cat?post=39559"},{"taxonomy":"product_tag","embeddable":true,"href":"https:\/\/www.generalkinematics.com\/es\/wp-json\/wp\/v2\/product_tag?post=39559"}],"curies":[{"name":"wp","href":"https:\/\/api.w.org\/{rel}","templated":true}]}}