{"id":39583,"date":"2015-12-14T09:49:12","date_gmt":"2015-12-14T15:49:12","guid":{"rendered":"https:\/\/www.generalkinematics.com\/product\/transmision-de-vector-variable-v2\/"},"modified":"2018-08-30T23:50:27","modified_gmt":"2018-08-31T04:50:27","slug":"transmision-de-vector-variable-v2","status":"publish","type":"product","link":"https:\/\/www.generalkinematics.com\/es\/producto\/transmision-de-vector-variable-v2\/","title":{"rendered":"TRANSMISI\u00d3N DE VECTOR VARIABLE V2"},"content":{"rendered":"<p>Dise\u00f1ada para funcionar con equipos vibratorios de transmisi\u00f3n de fuerza bruta\/directa con varios motores en l\u00ednea, el sistema de control de <strong>transmisi\u00f3n de vector variable V2<\/strong> permite al usuario ajustar f\u00e1cilmente el tiempo de retenci\u00f3n o la velocidad de la cinta transportadora variando la acci\u00f3n vibratoria de la unidad vibratoria.<\/p>\n<p>La transmisi\u00f3n de vector variable V2 de General Kinematics le permite ajustar el tiempo de retenci\u00f3n del material con solo presionar un bot\u00f3n. El sistema de control f\u00e1cil de operar de la unidad V2 utiliza un sistema de medici\u00f3n basado en vectores para monitorear y mantener el \u00e1ngulo de transporte apropiado para su proceso, adem\u00e1s de la posibilidad de ajustar la velocidad de desplazamiento para optimizar el tiempo de retenci\u00f3n del material.<\/p>\n","protected":false},"excerpt":{"rendered":"<p>Dise\u00f1ada para funcionar con equipos vibratorios de transmisi\u00f3n de fuerza bruta\/directa con varios motores en l\u00ednea, el sistema de control de transmisi\u00f3n de vector variable V2 permite al usuario ajustar f\u00e1cilmente el tiempo de retenci\u00f3n o la velocidad de la cinta transportadora variando la acci\u00f3n vibratoria de la unidad vibratoria. La transmisi\u00f3n de vector variable [&hellip;]<\/p>\n","protected":false},"featured_media":27028,"comment_status":"closed","ping_status":"closed","template":"","meta":{"_acf_changed":false,"om_disable_all_campaigns":false,"ep_exclude_from_search":false},"product_brand":[],"product_cat":[1819],"product_tag":[],"class_list":{"0":"post-39583","1":"product","2":"type-product","3":"status-publish","4":"has-post-thumbnail","6":"product_cat-controles-y-monitoreo","8":"first","9":"instock","10":"taxable","11":"shipping-taxable","12":"product-type-simple"},"acf":[],"yoast_head":"<!-- This site is optimized with the Yoast SEO plugin v27.2 - https:\/\/yoast.com\/product\/yoast-seo-wordpress\/ -->\n<title>TRANSMISI\u00d3N DE VECTOR VARIABLE V2 | General Kinematics<\/title>\n<meta name=\"robots\" content=\"index, follow, max-snippet:-1, max-image-preview:large, max-video-preview:-1\" \/>\n<link rel=\"canonical\" href=\"https:\/\/www.generalkinematics.com\/es\/producto\/transmision-de-vector-variable-v2\/\" \/>\n<meta property=\"og:locale\" content=\"es_ES\" \/>\n<meta property=\"og:type\" content=\"article\" \/>\n<meta property=\"og:title\" content=\"TRANSMISI\u00d3N DE VECTOR VARIABLE V2 | General Kinematics\" \/>\n<meta property=\"og:description\" content=\"Dise\u00f1ada para funcionar con equipos vibratorios de transmisi\u00f3n de fuerza bruta\/directa con varios motores en l\u00ednea, el sistema de control de transmisi\u00f3n de vector variable V2 permite al usuario ajustar f\u00e1cilmente el tiempo de retenci\u00f3n o la velocidad de la cinta transportadora variando la acci\u00f3n vibratoria de la unidad vibratoria. La transmisi\u00f3n de vector variable [&hellip;]\" \/>\n<meta property=\"og:url\" content=\"https:\/\/www.generalkinematics.com\/es\/producto\/transmision-de-vector-variable-v2\/\" \/>\n<meta property=\"og:site_name\" content=\"General Kinematics\" \/>\n<meta property=\"article:publisher\" content=\"https:\/\/www.facebook.com\/generalkinematics\" \/>\n<meta property=\"article:modified_time\" content=\"2018-08-31T04:50:27+00:00\" \/>\n<meta property=\"og:image\" content=\"https:\/\/media.generalkinematics.com\/wp-content\/uploads\/2015\/12\/v2drive.png\" \/>\n\t<meta property=\"og:image:width\" content=\"400\" \/>\n\t<meta property=\"og:image:height\" content=\"400\" \/>\n\t<meta property=\"og:image:type\" content=\"image\/jpeg\" \/>\n<meta name=\"twitter:card\" content=\"summary_large_image\" \/>\n<meta name=\"twitter:site\" content=\"@gkvibrating\" \/>\n<meta name=\"twitter:label1\" content=\"Tiempo de lectura\" \/>\n\t<meta name=\"twitter:data1\" content=\"1 minuto\" \/>\n<!-- \/ Yoast SEO plugin. -->","yoast_head_json":{"title":"TRANSMISI\u00d3N DE VECTOR VARIABLE V2 | General Kinematics","robots":{"index":"index","follow":"follow","max-snippet":"max-snippet:-1","max-image-preview":"max-image-preview:large","max-video-preview":"max-video-preview:-1"},"canonical":"https:\/\/www.generalkinematics.com\/es\/producto\/transmision-de-vector-variable-v2\/","og_locale":"es_ES","og_type":"article","og_title":"TRANSMISI\u00d3N DE VECTOR VARIABLE V2 | General Kinematics","og_description":"Dise\u00f1ada para funcionar con equipos vibratorios de transmisi\u00f3n de fuerza bruta\/directa con varios motores en l\u00ednea, el sistema de control de transmisi\u00f3n de vector variable V2 permite al usuario ajustar f\u00e1cilmente el tiempo de retenci\u00f3n o la velocidad de la cinta transportadora variando la acci\u00f3n vibratoria de la unidad vibratoria. La transmisi\u00f3n de vector variable [&hellip;]","og_url":"https:\/\/www.generalkinematics.com\/es\/producto\/transmision-de-vector-variable-v2\/","og_site_name":"General Kinematics","article_publisher":"https:\/\/www.facebook.com\/generalkinematics","article_modified_time":"2018-08-31T04:50:27+00:00","og_image":[{"width":400,"height":400,"url":"https:\/\/media.generalkinematics.com\/wp-content\/uploads\/2015\/12\/v2drive.png","type":"image\/jpeg"}],"twitter_card":"summary_large_image","twitter_site":"@gkvibrating","twitter_misc":{"Tiempo de lectura":"1 minuto"},"schema":{"@context":"https:\/\/schema.org","@graph":[{"@type":"WebPage","@id":"https:\/\/www.generalkinematics.com\/es\/producto\/transmision-de-vector-variable-v2\/","url":"https:\/\/www.generalkinematics.com\/es\/producto\/transmision-de-vector-variable-v2\/","name":"TRANSMISI\u00d3N DE VECTOR VARIABLE V2 | General Kinematics","isPartOf":{"@id":"https:\/\/www.generalkinematics.com\/es\/#website"},"primaryImageOfPage":{"@id":"https:\/\/www.generalkinematics.com\/es\/producto\/transmision-de-vector-variable-v2\/#primaryimage"},"image":{"@id":"https:\/\/www.generalkinematics.com\/es\/producto\/transmision-de-vector-variable-v2\/#primaryimage"},"thumbnailUrl":"https:\/\/media.generalkinematics.com\/wp-content\/uploads\/2015\/12\/v2drive.png","datePublished":"2015-12-14T15:49:12+00:00","dateModified":"2018-08-31T04:50:27+00:00","breadcrumb":{"@id":"https:\/\/www.generalkinematics.com\/es\/producto\/transmision-de-vector-variable-v2\/#breadcrumb"},"inLanguage":"es","potentialAction":[{"@type":"ReadAction","target":["https:\/\/www.generalkinematics.com\/es\/producto\/transmision-de-vector-variable-v2\/"]}]},{"@type":"ImageObject","inLanguage":"es","@id":"https:\/\/www.generalkinematics.com\/es\/producto\/transmision-de-vector-variable-v2\/#primaryimage","url":"https:\/\/media.generalkinematics.com\/wp-content\/uploads\/2015\/12\/v2drive.png","contentUrl":"https:\/\/media.generalkinematics.com\/wp-content\/uploads\/2015\/12\/v2drive.png","width":400,"height":400,"caption":"general-kinematics-v2-drive"},{"@type":"BreadcrumbList","@id":"https:\/\/www.generalkinematics.com\/es\/producto\/transmision-de-vector-variable-v2\/#breadcrumb","itemListElement":[{"@type":"ListItem","position":1,"name":"GK Home","item":"https:\/\/www.generalkinematics.com\/es\/"},{"@type":"ListItem","position":2,"name":"Shop","item":"https:\/\/www.generalkinematics.com\/shop\/"},{"@type":"ListItem","position":3,"name":"TRANSMISI\u00d3N DE VECTOR VARIABLE V2"}]},{"@type":"WebSite","@id":"https:\/\/www.generalkinematics.com\/es\/#website","url":"https:\/\/www.generalkinematics.com\/es\/","name":"General Kinematics","description":"","publisher":{"@id":"https:\/\/www.generalkinematics.com\/es\/#organization"},"potentialAction":[{"@type":"SearchAction","target":{"@type":"EntryPoint","urlTemplate":"https:\/\/www.generalkinematics.com\/es\/?s={search_term_string}"},"query-input":{"@type":"PropertyValueSpecification","valueRequired":true,"valueName":"search_term_string"}}],"inLanguage":"es"},{"@type":"Organization","@id":"https:\/\/www.generalkinematics.com\/es\/#organization","name":"General Kinematics","url":"https:\/\/www.generalkinematics.com\/es\/","logo":{"@type":"ImageObject","inLanguage":"es","@id":"https:\/\/www.generalkinematics.com\/es\/#\/schema\/logo\/image\/","url":"https:\/\/media.generalkinematics.com\/wp-content\/uploads\/2018\/03\/logo.png","contentUrl":"https:\/\/media.generalkinematics.com\/wp-content\/uploads\/2018\/03\/logo.png","width":313,"height":100,"caption":"General Kinematics"},"image":{"@id":"https:\/\/www.generalkinematics.com\/es\/#\/schema\/logo\/image\/"},"sameAs":["https:\/\/www.facebook.com\/generalkinematics","https:\/\/x.com\/gkvibrating"]}]}},"_links":{"self":[{"href":"https:\/\/www.generalkinematics.com\/es\/wp-json\/wp\/v2\/product\/39583","targetHints":{"allow":["GET"]}}],"collection":[{"href":"https:\/\/www.generalkinematics.com\/es\/wp-json\/wp\/v2\/product"}],"about":[{"href":"https:\/\/www.generalkinematics.com\/es\/wp-json\/wp\/v2\/types\/product"}],"replies":[{"embeddable":true,"href":"https:\/\/www.generalkinematics.com\/es\/wp-json\/wp\/v2\/comments?post=39583"}],"wp:featuredmedia":[{"embeddable":true,"href":"https:\/\/www.generalkinematics.com\/es\/wp-json\/wp\/v2\/media\/27028"}],"wp:attachment":[{"href":"https:\/\/www.generalkinematics.com\/es\/wp-json\/wp\/v2\/media?parent=39583"}],"wp:term":[{"taxonomy":"product_brand","embeddable":true,"href":"https:\/\/www.generalkinematics.com\/es\/wp-json\/wp\/v2\/product_brand?post=39583"},{"taxonomy":"product_cat","embeddable":true,"href":"https:\/\/www.generalkinematics.com\/es\/wp-json\/wp\/v2\/product_cat?post=39583"},{"taxonomy":"product_tag","embeddable":true,"href":"https:\/\/www.generalkinematics.com\/es\/wp-json\/wp\/v2\/product_tag?post=39583"}],"curies":[{"name":"wp","href":"https:\/\/api.w.org\/{rel}","templated":true}]}}