{"id":40017,"date":"2015-12-14T09:55:19","date_gmt":"2015-12-14T15:55:19","guid":{"rendered":"https:\/\/www.generalkinematics.com\/product\/sensor-digital-de-movimiento\/"},"modified":"2018-08-30T23:51:58","modified_gmt":"2018-08-31T04:51:58","slug":"sensor-digital-de-movimiento","status":"publish","type":"product","link":"https:\/\/www.generalkinematics.com\/es\/producto\/sensor-digital-de-movimiento\/","title":{"rendered":"Sensor digital de movimiento"},"content":{"rendered":"<p>Si no cre\u00eda que pudieran mejorarse los equipos\u2026 Ahora con la tecnolog\u00eda de punta de GK \u2013 el <strong>interruptor detector de movimiento<\/strong> \u2013 lo hemos logrado. Este nuevo detector interruptor de movimiento es el reemplazo directo de los sensores de movimiento con interruptor de mercurio, y est\u00e1 disponible en dos opciones:<\/p>\n<ul>\n<li>Sensor digital de movimiento (reemplaza a la referencia #10-07-166-01 de GK)<\/li>\n<li>Sensor digital de movimiento con soporte de montaje (reemplaza a la referencia #10-07-166-A-KIT de GK)<\/li>\n<\/ul>\n<p>&nbsp;<\/p>\n<h2>Caracter\u00edsticas:<\/h2>\n<ul>\n<li>Este detector interruptor de movimiento dura m\u00e1s que cualquier detector de movimiento anterior<\/li>\n<li>El aceler\u00f3metro digital ofrece una mayor capacidad de detecci\u00f3n y se puede montar m\u00e1s f\u00e1cilmente<\/li>\n<li>La mayor sensibilidad complementa la habilidad para utilizarlo en m\u00e1quinas que tienen frecuencias mayores y recorrido menor<\/li>\n<li>El interruptor se activa al llegar al umbral y permanece en modo de falla (contacto cerrado):\n<ul>\n<li style=\"list-style-type: none;\">\n<ul>\n<li>hasta que el recorrido de la unidad disminuye por debajo del umbral (el contacto se abre)<\/li>\n<li>hasta que la unidad se desconecta (el contacto permanece abierto)<\/li>\n<\/ul>\n<\/li>\n<\/ul>\n<\/li>\n<li>El nuevo cable desconectable puede reemplazarse sin tener que quitar o reemplazar el interruptor mismo<\/li>\n<\/ul>\n","protected":false},"excerpt":{"rendered":"<p>Si no cre\u00eda que pudieran mejorarse los equipos\u2026 Ahora con la tecnolog\u00eda de punta de GK \u2013 el interruptor detector de movimiento \u2013 lo hemos logrado. Este nuevo detector interruptor de movimiento es el reemplazo directo de los sensores de movimiento con interruptor de mercurio, y est\u00e1 disponible en dos opciones: Sensor digital de movimiento [&hellip;]<\/p>\n","protected":false},"featured_media":27024,"comment_status":"closed","ping_status":"closed","template":"","meta":{"_acf_changed":false,"om_disable_all_campaigns":false,"ep_exclude_from_search":false},"product_brand":[],"product_cat":[1819,1818],"product_tag":[],"class_list":{"0":"post-40017","1":"product","2":"type-product","3":"status-publish","4":"has-post-thumbnail","6":"product_cat-controles-y-monitoreo","7":"product_cat-gkparts-com-es","9":"first","10":"instock","11":"taxable","12":"shipping-taxable","13":"product-type-simple"},"acf":[],"yoast_head":"<!-- This site is optimized with the Yoast SEO plugin v27.2 - https:\/\/yoast.com\/product\/yoast-seo-wordpress\/ -->\n<title>Sensor digital de movimiento | General Kinematics<\/title>\n<meta name=\"robots\" content=\"index, follow, max-snippet:-1, max-image-preview:large, max-video-preview:-1\" \/>\n<link rel=\"canonical\" href=\"https:\/\/www.generalkinematics.com\/es\/producto\/sensor-digital-de-movimiento\/\" \/>\n<meta property=\"og:locale\" content=\"es_ES\" \/>\n<meta property=\"og:type\" content=\"article\" \/>\n<meta property=\"og:title\" content=\"Sensor digital de movimiento | General Kinematics\" \/>\n<meta property=\"og:description\" content=\"Si no cre\u00eda que pudieran mejorarse los equipos\u2026 Ahora con la tecnolog\u00eda de punta de GK \u2013 el interruptor detector de movimiento \u2013 lo hemos logrado. Este nuevo detector interruptor de movimiento es el reemplazo directo de los sensores de movimiento con interruptor de mercurio, y est\u00e1 disponible en dos opciones: Sensor digital de movimiento [&hellip;]\" \/>\n<meta property=\"og:url\" content=\"https:\/\/www.generalkinematics.com\/es\/producto\/sensor-digital-de-movimiento\/\" \/>\n<meta property=\"og:site_name\" content=\"General Kinematics\" \/>\n<meta property=\"article:publisher\" content=\"https:\/\/www.facebook.com\/generalkinematics\" \/>\n<meta property=\"article:modified_time\" content=\"2018-08-31T04:51:58+00:00\" \/>\n<meta property=\"og:image\" content=\"https:\/\/media.generalkinematics.com\/wp-content\/uploads\/2015\/12\/motion-switch.png\" \/>\n\t<meta property=\"og:image:width\" content=\"400\" \/>\n\t<meta property=\"og:image:height\" content=\"400\" \/>\n\t<meta property=\"og:image:type\" content=\"image\/jpeg\" \/>\n<meta name=\"twitter:card\" content=\"summary_large_image\" \/>\n<meta name=\"twitter:site\" content=\"@gkvibrating\" \/>\n<meta name=\"twitter:label1\" content=\"Tiempo de lectura\" \/>\n\t<meta name=\"twitter:data1\" content=\"1 minuto\" \/>\n<!-- \/ Yoast SEO plugin. -->","yoast_head_json":{"title":"Sensor digital de movimiento | General Kinematics","robots":{"index":"index","follow":"follow","max-snippet":"max-snippet:-1","max-image-preview":"max-image-preview:large","max-video-preview":"max-video-preview:-1"},"canonical":"https:\/\/www.generalkinematics.com\/es\/producto\/sensor-digital-de-movimiento\/","og_locale":"es_ES","og_type":"article","og_title":"Sensor digital de movimiento | General Kinematics","og_description":"Si no cre\u00eda que pudieran mejorarse los equipos\u2026 Ahora con la tecnolog\u00eda de punta de GK \u2013 el interruptor detector de movimiento \u2013 lo hemos logrado. Este nuevo detector interruptor de movimiento es el reemplazo directo de los sensores de movimiento con interruptor de mercurio, y est\u00e1 disponible en dos opciones: Sensor digital de movimiento [&hellip;]","og_url":"https:\/\/www.generalkinematics.com\/es\/producto\/sensor-digital-de-movimiento\/","og_site_name":"General Kinematics","article_publisher":"https:\/\/www.facebook.com\/generalkinematics","article_modified_time":"2018-08-31T04:51:58+00:00","og_image":[{"width":400,"height":400,"url":"https:\/\/media.generalkinematics.com\/wp-content\/uploads\/2015\/12\/motion-switch.png","type":"image\/jpeg"}],"twitter_card":"summary_large_image","twitter_site":"@gkvibrating","twitter_misc":{"Tiempo de lectura":"1 minuto"},"schema":{"@context":"https:\/\/schema.org","@graph":[{"@type":"WebPage","@id":"https:\/\/www.generalkinematics.com\/es\/producto\/sensor-digital-de-movimiento\/","url":"https:\/\/www.generalkinematics.com\/es\/producto\/sensor-digital-de-movimiento\/","name":"Sensor digital de movimiento | General Kinematics","isPartOf":{"@id":"https:\/\/www.generalkinematics.com\/es\/#website"},"primaryImageOfPage":{"@id":"https:\/\/www.generalkinematics.com\/es\/producto\/sensor-digital-de-movimiento\/#primaryimage"},"image":{"@id":"https:\/\/www.generalkinematics.com\/es\/producto\/sensor-digital-de-movimiento\/#primaryimage"},"thumbnailUrl":"https:\/\/media.generalkinematics.com\/wp-content\/uploads\/2015\/12\/motion-switch.png","datePublished":"2015-12-14T15:55:19+00:00","dateModified":"2018-08-31T04:51:58+00:00","breadcrumb":{"@id":"https:\/\/www.generalkinematics.com\/es\/producto\/sensor-digital-de-movimiento\/#breadcrumb"},"inLanguage":"es","potentialAction":[{"@type":"ReadAction","target":["https:\/\/www.generalkinematics.com\/es\/producto\/sensor-digital-de-movimiento\/"]}]},{"@type":"ImageObject","inLanguage":"es","@id":"https:\/\/www.generalkinematics.com\/es\/producto\/sensor-digital-de-movimiento\/#primaryimage","url":"https:\/\/media.generalkinematics.com\/wp-content\/uploads\/2015\/12\/motion-switch.png","contentUrl":"https:\/\/media.generalkinematics.com\/wp-content\/uploads\/2015\/12\/motion-switch.png","width":400,"height":400,"caption":"general-kinematics-motion-switch"},{"@type":"BreadcrumbList","@id":"https:\/\/www.generalkinematics.com\/es\/producto\/sensor-digital-de-movimiento\/#breadcrumb","itemListElement":[{"@type":"ListItem","position":1,"name":"GK Home","item":"https:\/\/www.generalkinematics.com\/es\/"},{"@type":"ListItem","position":2,"name":"Shop","item":"https:\/\/www.generalkinematics.com\/shop\/"},{"@type":"ListItem","position":3,"name":"Sensor digital de movimiento"}]},{"@type":"WebSite","@id":"https:\/\/www.generalkinematics.com\/es\/#website","url":"https:\/\/www.generalkinematics.com\/es\/","name":"General Kinematics","description":"","publisher":{"@id":"https:\/\/www.generalkinematics.com\/es\/#organization"},"potentialAction":[{"@type":"SearchAction","target":{"@type":"EntryPoint","urlTemplate":"https:\/\/www.generalkinematics.com\/es\/?s={search_term_string}"},"query-input":{"@type":"PropertyValueSpecification","valueRequired":true,"valueName":"search_term_string"}}],"inLanguage":"es"},{"@type":"Organization","@id":"https:\/\/www.generalkinematics.com\/es\/#organization","name":"General Kinematics","url":"https:\/\/www.generalkinematics.com\/es\/","logo":{"@type":"ImageObject","inLanguage":"es","@id":"https:\/\/www.generalkinematics.com\/es\/#\/schema\/logo\/image\/","url":"https:\/\/media.generalkinematics.com\/wp-content\/uploads\/2018\/03\/logo.png","contentUrl":"https:\/\/media.generalkinematics.com\/wp-content\/uploads\/2018\/03\/logo.png","width":313,"height":100,"caption":"General Kinematics"},"image":{"@id":"https:\/\/www.generalkinematics.com\/es\/#\/schema\/logo\/image\/"},"sameAs":["https:\/\/www.facebook.com\/generalkinematics","https:\/\/x.com\/gkvibrating"]}]}},"_links":{"self":[{"href":"https:\/\/www.generalkinematics.com\/es\/wp-json\/wp\/v2\/product\/40017","targetHints":{"allow":["GET"]}}],"collection":[{"href":"https:\/\/www.generalkinematics.com\/es\/wp-json\/wp\/v2\/product"}],"about":[{"href":"https:\/\/www.generalkinematics.com\/es\/wp-json\/wp\/v2\/types\/product"}],"replies":[{"embeddable":true,"href":"https:\/\/www.generalkinematics.com\/es\/wp-json\/wp\/v2\/comments?post=40017"}],"wp:featuredmedia":[{"embeddable":true,"href":"https:\/\/www.generalkinematics.com\/es\/wp-json\/wp\/v2\/media\/27024"}],"wp:attachment":[{"href":"https:\/\/www.generalkinematics.com\/es\/wp-json\/wp\/v2\/media?parent=40017"}],"wp:term":[{"taxonomy":"product_brand","embeddable":true,"href":"https:\/\/www.generalkinematics.com\/es\/wp-json\/wp\/v2\/product_brand?post=40017"},{"taxonomy":"product_cat","embeddable":true,"href":"https:\/\/www.generalkinematics.com\/es\/wp-json\/wp\/v2\/product_cat?post=40017"},{"taxonomy":"product_tag","embeddable":true,"href":"https:\/\/www.generalkinematics.com\/es\/wp-json\/wp\/v2\/product_tag?post=40017"}],"curies":[{"name":"wp","href":"https:\/\/api.w.org\/{rel}","templated":true}]}}