{"id":40021,"date":"2015-12-14T09:59:00","date_gmt":"2015-12-14T15:59:00","guid":{"rendered":"https:\/\/www.generalkinematics.com\/product\/ruedas-de-fuerza-variable-vf\/"},"modified":"2018-08-30T23:52:24","modified_gmt":"2018-08-31T04:52:24","slug":"ruedas-de-fuerza-variable-vf","status":"publish","type":"product","link":"https:\/\/www.generalkinematics.com\/es\/producto\/ruedas-de-fuerza-variable-vf\/","title":{"rendered":"Ruedas de fuerza variable (VF)"},"content":{"rendered":"<p>Las <strong>ruedas de fuerza variable (VF)<\/strong> exclusivas de General Kinematics, permiten utilizar velocidades de alimentaci\u00f3n infinitamente variables, permitiendo alcanzar hasta un 100% de rechazos. Esto se logra variando la fuerza de excitaci\u00f3n de la transmisi\u00f3n mediante el cambio instant\u00e1neo de los contrapesos interiores controlados de forma neum\u00e1tica.\u00a0El control de fuerza variable permite \u201cdetener y reanudar\u201d\u00a0la alimentaci\u00f3n, incluso a velocidades m\u00ednimas. Esta ruedas responden con precisi\u00f3n a las balanzas de la cinta transportadora, las celdas de carga y otras se\u00f1ales de realimentaci\u00f3n para un control preciso de alimentaci\u00f3n proporcional.<\/p>\n<p>Las ruedas de fuerza variable de General Kinematics se instalan en nuestros motores vibratorios especiales utilizando un eje extendido doble. Nuestras ruedas de fuerza variable requieren una fuente de aire de \u00a080 PSI para poder controlarlas. Debido a que las ruedas utilizan un sistema de extremo cerrado, no consumen aire. Puede calcular una demanda de 1 CFM por activador de alimentador.<\/p>\n<p>Las ruedas de fuerza variable pueden controlarse en forma neum\u00e1tica o mediante un sistema hidr\u00e1ulico. Ambos sistemas se ofrecen en nuestra caja de control neum\u00e1tica de operaci\u00f3n manual, o a trav\u00e9s de la bomba hidr\u00e1ulica y nuestro sistema autom\u00e1tico electroneum\u00e1tico o de control hidr\u00e1ulico. Nuestros sistemas autom\u00e1ticos est\u00e1n dise\u00f1ados para recibir una se\u00f1al de 4 a 20 MADC, desde un punto remoto, y la convierten a una fuente de alimentaci\u00f3n neum\u00e1tica de entre 0 y 80 PSI o hidr\u00e1ulica para las ruedas de fuerza variable, a trav\u00e9s del control PLC del cliente, interactuando con la balanza de la cinta transportadora aguas abajo.<\/p>\n","protected":false},"excerpt":{"rendered":"<p>Las ruedas de fuerza variable (VF) exclusivas de General Kinematics, permiten utilizar velocidades de alimentaci\u00f3n infinitamente variables, permitiendo alcanzar hasta un 100% de rechazos. Esto se logra variando la fuerza de excitaci\u00f3n de la transmisi\u00f3n mediante el cambio instant\u00e1neo de los contrapesos interiores controlados de forma neum\u00e1tica.\u00a0El control de fuerza variable permite \u201cdetener y reanudar\u201d\u00a0la [&hellip;]<\/p>\n","protected":false},"featured_media":26164,"comment_status":"closed","ping_status":"closed","template":"","meta":{"_acf_changed":false,"om_disable_all_campaigns":false,"ep_exclude_from_search":false},"product_brand":[],"product_cat":[1819],"product_tag":[],"class_list":{"0":"post-40021","1":"product","2":"type-product","3":"status-publish","4":"has-post-thumbnail","6":"product_cat-controles-y-monitoreo","8":"first","9":"instock","10":"taxable","11":"shipping-taxable","12":"product-type-simple"},"acf":[],"yoast_head":"<!-- This site is optimized with the Yoast SEO plugin v27.2 - https:\/\/yoast.com\/product\/yoast-seo-wordpress\/ -->\n<title>Ruedas de fuerza variable (VF) | General Kinematics<\/title>\n<meta name=\"robots\" content=\"index, follow, max-snippet:-1, max-image-preview:large, max-video-preview:-1\" \/>\n<link rel=\"canonical\" href=\"https:\/\/www.generalkinematics.com\/es\/producto\/ruedas-de-fuerza-variable-vf\/\" \/>\n<meta property=\"og:locale\" content=\"es_ES\" \/>\n<meta property=\"og:type\" content=\"article\" \/>\n<meta property=\"og:title\" content=\"Ruedas de fuerza variable (VF) | General Kinematics\" \/>\n<meta property=\"og:description\" content=\"Las ruedas de fuerza variable (VF) exclusivas de General Kinematics, permiten utilizar velocidades de alimentaci\u00f3n infinitamente variables, permitiendo alcanzar hasta un 100% de rechazos. Esto se logra variando la fuerza de excitaci\u00f3n de la transmisi\u00f3n mediante el cambio instant\u00e1neo de los contrapesos interiores controlados de forma neum\u00e1tica.\u00a0El control de fuerza variable permite \u201cdetener y reanudar\u201d\u00a0la [&hellip;]\" \/>\n<meta property=\"og:url\" content=\"https:\/\/www.generalkinematics.com\/es\/producto\/ruedas-de-fuerza-variable-vf\/\" \/>\n<meta property=\"og:site_name\" content=\"General Kinematics\" \/>\n<meta property=\"article:publisher\" content=\"https:\/\/www.facebook.com\/generalkinematics\" \/>\n<meta property=\"article:modified_time\" content=\"2018-08-31T04:52:24+00:00\" \/>\n<meta property=\"og:image\" content=\"https:\/\/media.generalkinematics.com\/wp-content\/uploads\/2015\/10\/variable-force-feeder1.jpg\" \/>\n\t<meta property=\"og:image:width\" content=\"2500\" \/>\n\t<meta property=\"og:image:height\" content=\"1875\" \/>\n\t<meta property=\"og:image:type\" content=\"image\/jpeg\" \/>\n<meta name=\"twitter:card\" content=\"summary_large_image\" \/>\n<meta name=\"twitter:site\" content=\"@gkvibrating\" \/>\n<meta name=\"twitter:label1\" content=\"Tiempo de lectura\" \/>\n\t<meta name=\"twitter:data1\" content=\"1 minuto\" \/>\n<!-- \/ Yoast SEO plugin. -->","yoast_head_json":{"title":"Ruedas de fuerza variable (VF) | General Kinematics","robots":{"index":"index","follow":"follow","max-snippet":"max-snippet:-1","max-image-preview":"max-image-preview:large","max-video-preview":"max-video-preview:-1"},"canonical":"https:\/\/www.generalkinematics.com\/es\/producto\/ruedas-de-fuerza-variable-vf\/","og_locale":"es_ES","og_type":"article","og_title":"Ruedas de fuerza variable (VF) | General Kinematics","og_description":"Las ruedas de fuerza variable (VF) exclusivas de General Kinematics, permiten utilizar velocidades de alimentaci\u00f3n infinitamente variables, permitiendo alcanzar hasta un 100% de rechazos. Esto se logra variando la fuerza de excitaci\u00f3n de la transmisi\u00f3n mediante el cambio instant\u00e1neo de los contrapesos interiores controlados de forma neum\u00e1tica.\u00a0El control de fuerza variable permite \u201cdetener y reanudar\u201d\u00a0la [&hellip;]","og_url":"https:\/\/www.generalkinematics.com\/es\/producto\/ruedas-de-fuerza-variable-vf\/","og_site_name":"General Kinematics","article_publisher":"https:\/\/www.facebook.com\/generalkinematics","article_modified_time":"2018-08-31T04:52:24+00:00","og_image":[{"width":2500,"height":1875,"url":"https:\/\/media.generalkinematics.com\/wp-content\/uploads\/2015\/10\/variable-force-feeder1.jpg","type":"image\/jpeg"}],"twitter_card":"summary_large_image","twitter_site":"@gkvibrating","twitter_misc":{"Tiempo de lectura":"1 minuto"},"schema":{"@context":"https:\/\/schema.org","@graph":[{"@type":"WebPage","@id":"https:\/\/www.generalkinematics.com\/es\/producto\/ruedas-de-fuerza-variable-vf\/","url":"https:\/\/www.generalkinematics.com\/es\/producto\/ruedas-de-fuerza-variable-vf\/","name":"Ruedas de fuerza variable (VF) | General Kinematics","isPartOf":{"@id":"https:\/\/www.generalkinematics.com\/es\/#website"},"primaryImageOfPage":{"@id":"https:\/\/www.generalkinematics.com\/es\/producto\/ruedas-de-fuerza-variable-vf\/#primaryimage"},"image":{"@id":"https:\/\/www.generalkinematics.com\/es\/producto\/ruedas-de-fuerza-variable-vf\/#primaryimage"},"thumbnailUrl":"https:\/\/media.generalkinematics.com\/wp-content\/uploads\/2015\/10\/variable-force-feeder1.jpg","datePublished":"2015-12-14T15:59:00+00:00","dateModified":"2018-08-31T04:52:24+00:00","breadcrumb":{"@id":"https:\/\/www.generalkinematics.com\/es\/producto\/ruedas-de-fuerza-variable-vf\/#breadcrumb"},"inLanguage":"es","potentialAction":[{"@type":"ReadAction","target":["https:\/\/www.generalkinematics.com\/es\/producto\/ruedas-de-fuerza-variable-vf\/"]}]},{"@type":"ImageObject","inLanguage":"es","@id":"https:\/\/www.generalkinematics.com\/es\/producto\/ruedas-de-fuerza-variable-vf\/#primaryimage","url":"https:\/\/media.generalkinematics.com\/wp-content\/uploads\/2015\/10\/variable-force-feeder1.jpg","contentUrl":"https:\/\/media.generalkinematics.com\/wp-content\/uploads\/2015\/10\/variable-force-feeder1.jpg","width":2500,"height":1875,"caption":"general-kinematics-variable-force-feeder"},{"@type":"BreadcrumbList","@id":"https:\/\/www.generalkinematics.com\/es\/producto\/ruedas-de-fuerza-variable-vf\/#breadcrumb","itemListElement":[{"@type":"ListItem","position":1,"name":"GK Home","item":"https:\/\/www.generalkinematics.com\/es\/"},{"@type":"ListItem","position":2,"name":"Shop","item":"https:\/\/www.generalkinematics.com\/shop\/"},{"@type":"ListItem","position":3,"name":"Ruedas de fuerza variable (VF)"}]},{"@type":"WebSite","@id":"https:\/\/www.generalkinematics.com\/es\/#website","url":"https:\/\/www.generalkinematics.com\/es\/","name":"General Kinematics","description":"","publisher":{"@id":"https:\/\/www.generalkinematics.com\/es\/#organization"},"potentialAction":[{"@type":"SearchAction","target":{"@type":"EntryPoint","urlTemplate":"https:\/\/www.generalkinematics.com\/es\/?s={search_term_string}"},"query-input":{"@type":"PropertyValueSpecification","valueRequired":true,"valueName":"search_term_string"}}],"inLanguage":"es"},{"@type":"Organization","@id":"https:\/\/www.generalkinematics.com\/es\/#organization","name":"General Kinematics","url":"https:\/\/www.generalkinematics.com\/es\/","logo":{"@type":"ImageObject","inLanguage":"es","@id":"https:\/\/www.generalkinematics.com\/es\/#\/schema\/logo\/image\/","url":"https:\/\/media.generalkinematics.com\/wp-content\/uploads\/2018\/03\/logo.png","contentUrl":"https:\/\/media.generalkinematics.com\/wp-content\/uploads\/2018\/03\/logo.png","width":313,"height":100,"caption":"General Kinematics"},"image":{"@id":"https:\/\/www.generalkinematics.com\/es\/#\/schema\/logo\/image\/"},"sameAs":["https:\/\/www.facebook.com\/generalkinematics","https:\/\/x.com\/gkvibrating"]}]}},"_links":{"self":[{"href":"https:\/\/www.generalkinematics.com\/es\/wp-json\/wp\/v2\/product\/40021","targetHints":{"allow":["GET"]}}],"collection":[{"href":"https:\/\/www.generalkinematics.com\/es\/wp-json\/wp\/v2\/product"}],"about":[{"href":"https:\/\/www.generalkinematics.com\/es\/wp-json\/wp\/v2\/types\/product"}],"replies":[{"embeddable":true,"href":"https:\/\/www.generalkinematics.com\/es\/wp-json\/wp\/v2\/comments?post=40021"}],"wp:featuredmedia":[{"embeddable":true,"href":"https:\/\/www.generalkinematics.com\/es\/wp-json\/wp\/v2\/media\/26164"}],"wp:attachment":[{"href":"https:\/\/www.generalkinematics.com\/es\/wp-json\/wp\/v2\/media?parent=40021"}],"wp:term":[{"taxonomy":"product_brand","embeddable":true,"href":"https:\/\/www.generalkinematics.com\/es\/wp-json\/wp\/v2\/product_brand?post=40021"},{"taxonomy":"product_cat","embeddable":true,"href":"https:\/\/www.generalkinematics.com\/es\/wp-json\/wp\/v2\/product_cat?post=40021"},{"taxonomy":"product_tag","embeddable":true,"href":"https:\/\/www.generalkinematics.com\/es\/wp-json\/wp\/v2\/product_tag?post=40021"}],"curies":[{"name":"wp","href":"https:\/\/api.w.org\/{rel}","templated":true}]}}