{"id":40025,"date":"2015-12-14T10:02:33","date_gmt":"2015-12-14T16:02:33","guid":{"rendered":"https:\/\/www.generalkinematics.com\/product\/caja-de-control-electroneumatico\/"},"modified":"2018-08-30T23:53:35","modified_gmt":"2018-08-31T04:53:35","slug":"caja-de-control-electroneumatico","status":"publish","type":"product","link":"https:\/\/www.generalkinematics.com\/es\/producto\/caja-de-control-electroneumatico\/","title":{"rendered":"Caja de control electroneum\u00e1tico"},"content":{"rendered":"<p>Las <strong>cajas de control electroneum\u00e1tico<\/strong> de GK han sido mejoradas con los \u00faltimos avances tecnol\u00f3gicos para controlar los sistemas de ruedas de fuerza variable (VF) de GK.<\/p>\n<p>&nbsp;<\/p>\n<h2>Las opciones incluyen:<\/h2>\n<ul>\n<li>Operaci\u00f3n manual.<\/li>\n<li>Operaci\u00f3n autom\u00e1tica.<\/li>\n<li>Salidas que le permiten integrarse a los sistemas de control existentes.<\/li>\n<li>Salida variable para el ajuste preciso de la velocidad de alimentaci\u00f3n y el recorrido.<\/li>\n<\/ul>\n","protected":false},"excerpt":{"rendered":"<p>Las cajas de control electroneum\u00e1tico de GK han sido mejoradas con los \u00faltimos avances tecnol\u00f3gicos para controlar los sistemas de ruedas de fuerza variable (VF) de GK. &nbsp; Las opciones incluyen: Operaci\u00f3n manual. Operaci\u00f3n autom\u00e1tica. Salidas que le permiten integrarse a los sistemas de control existentes. Salida variable para el ajuste preciso de la velocidad [&hellip;]<\/p>\n","protected":false},"featured_media":27012,"comment_status":"closed","ping_status":"closed","template":"","meta":{"_acf_changed":false,"om_disable_all_campaigns":false,"ep_exclude_from_search":false},"product_brand":[],"product_cat":[1819],"product_tag":[],"class_list":{"0":"post-40025","1":"product","2":"type-product","3":"status-publish","4":"has-post-thumbnail","6":"product_cat-controles-y-monitoreo","8":"first","9":"instock","10":"taxable","11":"shipping-taxable","12":"product-type-simple"},"acf":[],"yoast_head":"<!-- This site is optimized with the Yoast SEO plugin v27.2 - https:\/\/yoast.com\/product\/yoast-seo-wordpress\/ -->\n<title>Caja de control electroneum\u00e1tico | General Kinematics<\/title>\n<meta name=\"robots\" content=\"index, follow, max-snippet:-1, max-image-preview:large, max-video-preview:-1\" \/>\n<link rel=\"canonical\" href=\"https:\/\/www.generalkinematics.com\/es\/producto\/caja-de-control-electroneumatico\/\" \/>\n<meta property=\"og:locale\" content=\"es_ES\" \/>\n<meta property=\"og:type\" content=\"article\" \/>\n<meta property=\"og:title\" content=\"Caja de control electroneum\u00e1tico | General Kinematics\" \/>\n<meta property=\"og:description\" content=\"Las cajas de control electroneum\u00e1tico de GK han sido mejoradas con los \u00faltimos avances tecnol\u00f3gicos para controlar los sistemas de ruedas de fuerza variable (VF) de GK. &nbsp; Las opciones incluyen: Operaci\u00f3n manual. Operaci\u00f3n autom\u00e1tica. Salidas que le permiten integrarse a los sistemas de control existentes. Salida variable para el ajuste preciso de la velocidad [&hellip;]\" \/>\n<meta property=\"og:url\" content=\"https:\/\/www.generalkinematics.com\/es\/producto\/caja-de-control-electroneumatico\/\" \/>\n<meta property=\"og:site_name\" content=\"General Kinematics\" \/>\n<meta property=\"article:publisher\" content=\"https:\/\/www.facebook.com\/generalkinematics\" \/>\n<meta property=\"article:modified_time\" content=\"2018-08-31T04:53:35+00:00\" \/>\n<meta property=\"og:image\" content=\"https:\/\/media.generalkinematics.com\/wp-content\/uploads\/2015\/12\/airbox1.png\" \/>\n\t<meta property=\"og:image:width\" content=\"400\" \/>\n\t<meta property=\"og:image:height\" content=\"400\" \/>\n\t<meta property=\"og:image:type\" content=\"image\/jpeg\" \/>\n<meta name=\"twitter:card\" content=\"summary_large_image\" \/>\n<meta name=\"twitter:site\" content=\"@gkvibrating\" \/>\n<!-- \/ Yoast SEO plugin. -->","yoast_head_json":{"title":"Caja de control electroneum\u00e1tico | General Kinematics","robots":{"index":"index","follow":"follow","max-snippet":"max-snippet:-1","max-image-preview":"max-image-preview:large","max-video-preview":"max-video-preview:-1"},"canonical":"https:\/\/www.generalkinematics.com\/es\/producto\/caja-de-control-electroneumatico\/","og_locale":"es_ES","og_type":"article","og_title":"Caja de control electroneum\u00e1tico | General Kinematics","og_description":"Las cajas de control electroneum\u00e1tico de GK han sido mejoradas con los \u00faltimos avances tecnol\u00f3gicos para controlar los sistemas de ruedas de fuerza variable (VF) de GK. &nbsp; Las opciones incluyen: Operaci\u00f3n manual. Operaci\u00f3n autom\u00e1tica. Salidas que le permiten integrarse a los sistemas de control existentes. Salida variable para el ajuste preciso de la velocidad [&hellip;]","og_url":"https:\/\/www.generalkinematics.com\/es\/producto\/caja-de-control-electroneumatico\/","og_site_name":"General Kinematics","article_publisher":"https:\/\/www.facebook.com\/generalkinematics","article_modified_time":"2018-08-31T04:53:35+00:00","og_image":[{"width":400,"height":400,"url":"https:\/\/media.generalkinematics.com\/wp-content\/uploads\/2015\/12\/airbox1.png","type":"image\/jpeg"}],"twitter_card":"summary_large_image","twitter_site":"@gkvibrating","schema":{"@context":"https:\/\/schema.org","@graph":[{"@type":"WebPage","@id":"https:\/\/www.generalkinematics.com\/es\/producto\/caja-de-control-electroneumatico\/","url":"https:\/\/www.generalkinematics.com\/es\/producto\/caja-de-control-electroneumatico\/","name":"Caja de control electroneum\u00e1tico | General Kinematics","isPartOf":{"@id":"https:\/\/www.generalkinematics.com\/es\/#website"},"primaryImageOfPage":{"@id":"https:\/\/www.generalkinematics.com\/es\/producto\/caja-de-control-electroneumatico\/#primaryimage"},"image":{"@id":"https:\/\/www.generalkinematics.com\/es\/producto\/caja-de-control-electroneumatico\/#primaryimage"},"thumbnailUrl":"https:\/\/media.generalkinematics.com\/wp-content\/uploads\/2015\/12\/airbox1.png","datePublished":"2015-12-14T16:02:33+00:00","dateModified":"2018-08-31T04:53:35+00:00","breadcrumb":{"@id":"https:\/\/www.generalkinematics.com\/es\/producto\/caja-de-control-electroneumatico\/#breadcrumb"},"inLanguage":"es","potentialAction":[{"@type":"ReadAction","target":["https:\/\/www.generalkinematics.com\/es\/producto\/caja-de-control-electroneumatico\/"]}]},{"@type":"ImageObject","inLanguage":"es","@id":"https:\/\/www.generalkinematics.com\/es\/producto\/caja-de-control-electroneumatico\/#primaryimage","url":"https:\/\/media.generalkinematics.com\/wp-content\/uploads\/2015\/12\/airbox1.png","contentUrl":"https:\/\/media.generalkinematics.com\/wp-content\/uploads\/2015\/12\/airbox1.png","width":400,"height":400,"caption":"general-kinematics-control-box"},{"@type":"BreadcrumbList","@id":"https:\/\/www.generalkinematics.com\/es\/producto\/caja-de-control-electroneumatico\/#breadcrumb","itemListElement":[{"@type":"ListItem","position":1,"name":"GK Home","item":"https:\/\/www.generalkinematics.com\/es\/"},{"@type":"ListItem","position":2,"name":"Shop","item":"https:\/\/www.generalkinematics.com\/shop\/"},{"@type":"ListItem","position":3,"name":"Caja de control electroneum\u00e1tico"}]},{"@type":"WebSite","@id":"https:\/\/www.generalkinematics.com\/es\/#website","url":"https:\/\/www.generalkinematics.com\/es\/","name":"General Kinematics","description":"","publisher":{"@id":"https:\/\/www.generalkinematics.com\/es\/#organization"},"potentialAction":[{"@type":"SearchAction","target":{"@type":"EntryPoint","urlTemplate":"https:\/\/www.generalkinematics.com\/es\/?s={search_term_string}"},"query-input":{"@type":"PropertyValueSpecification","valueRequired":true,"valueName":"search_term_string"}}],"inLanguage":"es"},{"@type":"Organization","@id":"https:\/\/www.generalkinematics.com\/es\/#organization","name":"General Kinematics","url":"https:\/\/www.generalkinematics.com\/es\/","logo":{"@type":"ImageObject","inLanguage":"es","@id":"https:\/\/www.generalkinematics.com\/es\/#\/schema\/logo\/image\/","url":"https:\/\/media.generalkinematics.com\/wp-content\/uploads\/2018\/03\/logo.png","contentUrl":"https:\/\/media.generalkinematics.com\/wp-content\/uploads\/2018\/03\/logo.png","width":313,"height":100,"caption":"General Kinematics"},"image":{"@id":"https:\/\/www.generalkinematics.com\/es\/#\/schema\/logo\/image\/"},"sameAs":["https:\/\/www.facebook.com\/generalkinematics","https:\/\/x.com\/gkvibrating"]}]}},"_links":{"self":[{"href":"https:\/\/www.generalkinematics.com\/es\/wp-json\/wp\/v2\/product\/40025","targetHints":{"allow":["GET"]}}],"collection":[{"href":"https:\/\/www.generalkinematics.com\/es\/wp-json\/wp\/v2\/product"}],"about":[{"href":"https:\/\/www.generalkinematics.com\/es\/wp-json\/wp\/v2\/types\/product"}],"replies":[{"embeddable":true,"href":"https:\/\/www.generalkinematics.com\/es\/wp-json\/wp\/v2\/comments?post=40025"}],"wp:featuredmedia":[{"embeddable":true,"href":"https:\/\/www.generalkinematics.com\/es\/wp-json\/wp\/v2\/media\/27012"}],"wp:attachment":[{"href":"https:\/\/www.generalkinematics.com\/es\/wp-json\/wp\/v2\/media?parent=40025"}],"wp:term":[{"taxonomy":"product_brand","embeddable":true,"href":"https:\/\/www.generalkinematics.com\/es\/wp-json\/wp\/v2\/product_brand?post=40025"},{"taxonomy":"product_cat","embeddable":true,"href":"https:\/\/www.generalkinematics.com\/es\/wp-json\/wp\/v2\/product_cat?post=40025"},{"taxonomy":"product_tag","embeddable":true,"href":"https:\/\/www.generalkinematics.com\/es\/wp-json\/wp\/v2\/product_tag?post=40025"}],"curies":[{"name":"wp","href":"https:\/\/api.w.org\/{rel}","templated":true}]}}