{"id":40036,"date":"2015-12-14T10:17:07","date_gmt":"2015-12-14T16:17:07","guid":{"rendered":"https:\/\/www.generalkinematics.com\/product\/componentes-de-reemplazo\/"},"modified":"2025-06-19T14:27:20","modified_gmt":"2025-06-19T19:27:20","slug":"componentes-de-reemplazo","status":"publish","type":"product","link":"https:\/\/www.generalkinematics.com\/es\/producto\/componentes-de-reemplazo\/","title":{"rendered":"Componentes de reemplazo"},"content":{"rendered":"<p>Desde simples componentes a m\u00e1quinas completas, los <strong>componentes de GK<\/strong> son piezas sin iguales en t\u00e9rminos de calidad, idoneidad y desempe\u00f1o. El dise\u00f1o, la ingenier\u00eda y la tecnolog\u00eda de producci\u00f3n de punta han hecho de General Kinematics un l\u00edder mundial de renombre en la fabricaci\u00f3n de equipos de procesamiento de aleaciones, carb\u00f3n y acero inoxidable. Nuestro compromiso con la prestaci\u00f3n de servicios de calidad superior, respaldados por t\u00e9cnicos capaces y metalisteros experimentados, garantizan la elaboraci\u00f3n de componentes de la m\u00e1s alta calidad.<\/p>\n<p>&nbsp;<\/p>\n<h2>Servicios prestados:<\/h2>\n<ul>\n<li class=\"bodytext14\">Adaptaci\u00f3n y soldadura de componentes por parte de nuestros A.W.S. T\u00e9cnicos certificados en fabricaci\u00f3n.<\/li>\n<li class=\"bodytext14\">Plegadora de 1.000 toneladas para la conformaci\u00f3n de materiales pesados.<\/li>\n<li class=\"bodytext14\">Tablas de plasma h\u00famedo o seco para el corte preciso de materiales.<\/li>\n<li class=\"bodytext14\">Montaje de m\u00e1quinas, pintura, instalaci\u00f3n del sistema el\u00e9ctrico, tuber\u00eda hidr\u00e1ulica y otras operaciones de montaje.<\/li>\n<\/ul>\n<p>&nbsp;<\/p>\n<h2>Otros servicios ofrecidos:<\/h2>\n<ul>\n<li class=\"bodytext14\">Aserradura<\/li>\n<li class=\"bodytext14\">Cizallamiento de placas y l\u00e1minas<\/li>\n<li class=\"bodytext14\">Perforaci\u00f3n y taladrado<\/li>\n<li class=\"bodytext14\">Reconstrucci\u00f3n de maquinaria<\/li>\n<\/ul>\n","protected":false},"excerpt":{"rendered":"<p>Desde simples componentes a m\u00e1quinas completas, los componentes de GK son piezas sin iguales en t\u00e9rminos de calidad, idoneidad y desempe\u00f1o. El dise\u00f1o, la ingenier\u00eda y la tecnolog\u00eda de producci\u00f3n de punta han hecho de General Kinematics un l\u00edder mundial de renombre en la fabricaci\u00f3n de equipos de procesamiento de aleaciones, carb\u00f3n y acero inoxidable. [&hellip;]<\/p>\n","protected":false},"featured_media":25528,"comment_status":"closed","ping_status":"closed","template":"","meta":{"_acf_changed":false,"om_disable_all_campaigns":false,"ep_exclude_from_search":false},"product_brand":[],"product_cat":[1820],"product_tag":[],"class_list":{"0":"post-40036","1":"product","2":"type-product","3":"status-publish","4":"has-post-thumbnail","6":"product_cat-fabricaciones","8":"first","9":"instock","10":"taxable","11":"shipping-taxable","12":"product-type-simple"},"acf":[],"yoast_head":"<!-- This site is optimized with the Yoast SEO plugin v27.2 - https:\/\/yoast.com\/product\/yoast-seo-wordpress\/ -->\n<title>Componentes de reemplazo | General Kinematics<\/title>\n<meta name=\"robots\" content=\"index, follow, max-snippet:-1, max-image-preview:large, max-video-preview:-1\" \/>\n<link rel=\"canonical\" href=\"https:\/\/www.generalkinematics.com\/es\/producto\/componentes-de-reemplazo\/\" \/>\n<meta property=\"og:locale\" content=\"es_ES\" \/>\n<meta property=\"og:type\" content=\"article\" \/>\n<meta property=\"og:title\" content=\"Componentes de reemplazo | General Kinematics\" \/>\n<meta property=\"og:description\" content=\"Desde simples componentes a m\u00e1quinas completas, los componentes de GK son piezas sin iguales en t\u00e9rminos de calidad, idoneidad y desempe\u00f1o. El dise\u00f1o, la ingenier\u00eda y la tecnolog\u00eda de producci\u00f3n de punta han hecho de General Kinematics un l\u00edder mundial de renombre en la fabricaci\u00f3n de equipos de procesamiento de aleaciones, carb\u00f3n y acero inoxidable. [&hellip;]\" \/>\n<meta property=\"og:url\" content=\"https:\/\/www.generalkinematics.com\/es\/producto\/componentes-de-reemplazo\/\" \/>\n<meta property=\"og:site_name\" content=\"General Kinematics\" \/>\n<meta property=\"article:publisher\" content=\"https:\/\/www.facebook.com\/generalkinematics\" \/>\n<meta property=\"article:modified_time\" content=\"2025-06-19T19:27:20+00:00\" \/>\n<meta property=\"og:image\" content=\"https:\/\/media.generalkinematics.com\/wp-content\/uploads\/2015\/12\/1477435_10151703163316782_1560888878_n.jpg\" \/>\n\t<meta property=\"og:image:width\" content=\"960\" \/>\n\t<meta property=\"og:image:height\" content=\"960\" \/>\n\t<meta property=\"og:image:type\" content=\"image\/jpeg\" \/>\n<meta name=\"twitter:card\" content=\"summary_large_image\" \/>\n<meta name=\"twitter:site\" content=\"@gkvibrating\" \/>\n<meta name=\"twitter:label1\" content=\"Tiempo de lectura\" \/>\n\t<meta name=\"twitter:data1\" content=\"1 minuto\" \/>\n<!-- \/ Yoast SEO plugin. -->","yoast_head_json":{"title":"Componentes de reemplazo | General Kinematics","robots":{"index":"index","follow":"follow","max-snippet":"max-snippet:-1","max-image-preview":"max-image-preview:large","max-video-preview":"max-video-preview:-1"},"canonical":"https:\/\/www.generalkinematics.com\/es\/producto\/componentes-de-reemplazo\/","og_locale":"es_ES","og_type":"article","og_title":"Componentes de reemplazo | General Kinematics","og_description":"Desde simples componentes a m\u00e1quinas completas, los componentes de GK son piezas sin iguales en t\u00e9rminos de calidad, idoneidad y desempe\u00f1o. El dise\u00f1o, la ingenier\u00eda y la tecnolog\u00eda de producci\u00f3n de punta han hecho de General Kinematics un l\u00edder mundial de renombre en la fabricaci\u00f3n de equipos de procesamiento de aleaciones, carb\u00f3n y acero inoxidable. [&hellip;]","og_url":"https:\/\/www.generalkinematics.com\/es\/producto\/componentes-de-reemplazo\/","og_site_name":"General Kinematics","article_publisher":"https:\/\/www.facebook.com\/generalkinematics","article_modified_time":"2025-06-19T19:27:20+00:00","og_image":[{"width":960,"height":960,"url":"https:\/\/media.generalkinematics.com\/wp-content\/uploads\/2015\/12\/1477435_10151703163316782_1560888878_n.jpg","type":"image\/jpeg"}],"twitter_card":"summary_large_image","twitter_site":"@gkvibrating","twitter_misc":{"Tiempo de lectura":"1 minuto"},"schema":{"@context":"https:\/\/schema.org","@graph":[{"@type":"WebPage","@id":"https:\/\/www.generalkinematics.com\/es\/producto\/componentes-de-reemplazo\/","url":"https:\/\/www.generalkinematics.com\/es\/producto\/componentes-de-reemplazo\/","name":"Componentes de reemplazo | General Kinematics","isPartOf":{"@id":"https:\/\/www.generalkinematics.com\/es\/#website"},"primaryImageOfPage":{"@id":"https:\/\/www.generalkinematics.com\/es\/producto\/componentes-de-reemplazo\/#primaryimage"},"image":{"@id":"https:\/\/www.generalkinematics.com\/es\/producto\/componentes-de-reemplazo\/#primaryimage"},"thumbnailUrl":"https:\/\/media.generalkinematics.com\/wp-content\/uploads\/2015\/12\/1477435_10151703163316782_1560888878_n.jpg","datePublished":"2015-12-14T16:17:07+00:00","dateModified":"2025-06-19T19:27:20+00:00","breadcrumb":{"@id":"https:\/\/www.generalkinematics.com\/es\/producto\/componentes-de-reemplazo\/#breadcrumb"},"inLanguage":"es","potentialAction":[{"@type":"ReadAction","target":["https:\/\/www.generalkinematics.com\/es\/producto\/componentes-de-reemplazo\/"]}]},{"@type":"ImageObject","inLanguage":"es","@id":"https:\/\/www.generalkinematics.com\/es\/producto\/componentes-de-reemplazo\/#primaryimage","url":"https:\/\/media.generalkinematics.com\/wp-content\/uploads\/2015\/12\/1477435_10151703163316782_1560888878_n.jpg","contentUrl":"https:\/\/media.generalkinematics.com\/wp-content\/uploads\/2015\/12\/1477435_10151703163316782_1560888878_n.jpg","width":960,"height":960,"caption":"general-kinematics-fabrication"},{"@type":"BreadcrumbList","@id":"https:\/\/www.generalkinematics.com\/es\/producto\/componentes-de-reemplazo\/#breadcrumb","itemListElement":[{"@type":"ListItem","position":1,"name":"GK Home","item":"https:\/\/www.generalkinematics.com\/es\/"},{"@type":"ListItem","position":2,"name":"Shop","item":"https:\/\/www.generalkinematics.com\/shop\/"},{"@type":"ListItem","position":3,"name":"Componentes de reemplazo"}]},{"@type":"WebSite","@id":"https:\/\/www.generalkinematics.com\/es\/#website","url":"https:\/\/www.generalkinematics.com\/es\/","name":"General Kinematics","description":"","publisher":{"@id":"https:\/\/www.generalkinematics.com\/es\/#organization"},"potentialAction":[{"@type":"SearchAction","target":{"@type":"EntryPoint","urlTemplate":"https:\/\/www.generalkinematics.com\/es\/?s={search_term_string}"},"query-input":{"@type":"PropertyValueSpecification","valueRequired":true,"valueName":"search_term_string"}}],"inLanguage":"es"},{"@type":"Organization","@id":"https:\/\/www.generalkinematics.com\/es\/#organization","name":"General Kinematics","url":"https:\/\/www.generalkinematics.com\/es\/","logo":{"@type":"ImageObject","inLanguage":"es","@id":"https:\/\/www.generalkinematics.com\/es\/#\/schema\/logo\/image\/","url":"https:\/\/media.generalkinematics.com\/wp-content\/uploads\/2018\/03\/logo.png","contentUrl":"https:\/\/media.generalkinematics.com\/wp-content\/uploads\/2018\/03\/logo.png","width":313,"height":100,"caption":"General Kinematics"},"image":{"@id":"https:\/\/www.generalkinematics.com\/es\/#\/schema\/logo\/image\/"},"sameAs":["https:\/\/www.facebook.com\/generalkinematics","https:\/\/x.com\/gkvibrating"]}]}},"_links":{"self":[{"href":"https:\/\/www.generalkinematics.com\/es\/wp-json\/wp\/v2\/product\/40036","targetHints":{"allow":["GET"]}}],"collection":[{"href":"https:\/\/www.generalkinematics.com\/es\/wp-json\/wp\/v2\/product"}],"about":[{"href":"https:\/\/www.generalkinematics.com\/es\/wp-json\/wp\/v2\/types\/product"}],"replies":[{"embeddable":true,"href":"https:\/\/www.generalkinematics.com\/es\/wp-json\/wp\/v2\/comments?post=40036"}],"wp:featuredmedia":[{"embeddable":true,"href":"https:\/\/www.generalkinematics.com\/es\/wp-json\/wp\/v2\/media\/25528"}],"wp:attachment":[{"href":"https:\/\/www.generalkinematics.com\/es\/wp-json\/wp\/v2\/media?parent=40036"}],"wp:term":[{"taxonomy":"product_brand","embeddable":true,"href":"https:\/\/www.generalkinematics.com\/es\/wp-json\/wp\/v2\/product_brand?post=40036"},{"taxonomy":"product_cat","embeddable":true,"href":"https:\/\/www.generalkinematics.com\/es\/wp-json\/wp\/v2\/product_cat?post=40036"},{"taxonomy":"product_tag","embeddable":true,"href":"https:\/\/www.generalkinematics.com\/es\/wp-json\/wp\/v2\/product_tag?post=40036"}],"curies":[{"name":"wp","href":"https:\/\/api.w.org\/{rel}","templated":true}]}}