{"id":40044,"date":"2015-12-14T10:31:03","date_gmt":"2015-12-14T16:31:03","guid":{"rendered":"https:\/\/www.generalkinematics.com\/product\/ruedas-dentadas-cadenas-y-mucho-mas\/"},"modified":"2020-05-18T15:08:33","modified_gmt":"2020-05-18T20:08:33","slug":"sistema-de-revestimiento","status":"publish","type":"product","link":"https:\/\/www.generalkinematics.com\/es\/producto\/sistema-de-revestimiento\/","title":{"rendered":"Ruedas dentadas, cadenas y mucho m\u00e1s"},"content":{"rendered":"<p><u><strong>Cuerpos\/revestimientos de tambor LOCK-TITE\u2122<\/strong><\/u><\/p>\n<p>Modernice su tambor rotatorio existente con el <strong>sistema de revestimiento LOCK-TITE\u2122<\/strong> de GK. Nuestro dise\u00f1o simple es m\u00e1s f\u00e1cil de mantener e incluso sustituir con mayor facilidad. Los conjuntos completos de cuerpos de tambor con nuestro innovador sistema de revestimiento est\u00e1n disponibles a la medida de la estructura de su transmisi\u00f3n existente. <a href=\"https:\/\/www.generalkinematics.com\/es\/producto\/revestimientos-de-tambores-rotatorios\/\">Haga clic aqu\u00ed para obtener m\u00e1s informaci\u00f3n.<\/a><\/p>\n<p><u><strong>Ruedas de mu\u00f1\u00f3n<\/strong><\/u><\/p>\n<p>Forjadas con acero de alta resistencia, la ruedas de mu\u00f1\u00f3n de GK est\u00e1n dise\u00f1adas para prestar una vida \u00fatil prolongada. Bien sean peque\u00f1as o grandes, GK dispone de ruedas personalizadas para la mayor\u00eda de las aplicaciones rotatorias.<\/p>\n<p><u><strong>Ruedas dentadas y cadenas<\/strong><\/u><\/p>\n<p>General Kinematics trabaja con los principales proveedores de cadenas para ofrecer a la industria conjuntos de cadenas y ruedas dentadas para tambores rotatorios de la mejor calidad.<\/p>\n<p><u><strong>Conjuntos de rodamientos<\/strong><\/u><\/p>\n<p>General Kinematics usa los mejores rodamientos disponibles en todos nuestros equipos y \u00a1usted puede hacer lo mismo! Ll\u00e1menos y tenga a la mano la referencia de su rodamiento para obtener informaci\u00f3n sobre la forma como puede cambiar por cojinetes de primera calidad de GK.<\/p>\n<p><u><strong>Servicios de reconstrucci\u00f3n<\/strong><\/u><\/p>\n<p>Env\u00edenos su tambor y d\u00e9jenos reconstruirlo. GK reconstruye su m\u00e1quina existente, la moderniza con el <strong>sistema de revestimiento LOCK-TITE\u2122<\/strong>\u00a0de GK y los componentes de la transmisi\u00f3n de GK para mejorar el mantenimiento y la vida \u00fatil de sus equipos.<\/p>\n","protected":false},"excerpt":{"rendered":"<p>Cuerpos\/revestimientos de tambor LOCK-TITE\u2122 Modernice su tambor rotatorio existente con el sistema de revestimiento LOCK-TITE\u2122 de GK. Nuestro dise\u00f1o simple es m\u00e1s f\u00e1cil de mantener e incluso sustituir con mayor facilidad. Los conjuntos completos de cuerpos de tambor con nuestro innovador sistema de revestimiento est\u00e1n disponibles a la medida de la estructura de su transmisi\u00f3n [&hellip;]<\/p>\n","protected":false},"featured_media":27064,"comment_status":"closed","ping_status":"closed","template":"","meta":{"_acf_changed":false,"om_disable_all_campaigns":false,"ep_exclude_from_search":false},"product_brand":[],"product_cat":[1827],"product_tag":[],"class_list":{"0":"post-40044","1":"product","2":"type-product","3":"status-publish","4":"has-post-thumbnail","6":"product_cat-piezas-y-componentes-rotativos","8":"first","9":"instock","10":"taxable","11":"shipping-taxable","12":"product-type-simple"},"acf":[],"yoast_head":"<!-- This site is optimized with the Yoast SEO plugin v27.2 - https:\/\/yoast.com\/product\/yoast-seo-wordpress\/ -->\n<title>Ruedas dentadas, cadenas y mucho m\u00e1s | General Kinematics<\/title>\n<meta name=\"robots\" content=\"index, follow, max-snippet:-1, max-image-preview:large, max-video-preview:-1\" \/>\n<link rel=\"canonical\" href=\"https:\/\/www.generalkinematics.com\/es\/producto\/sistema-de-revestimiento\/\" \/>\n<meta property=\"og:locale\" content=\"es_ES\" \/>\n<meta property=\"og:type\" content=\"article\" \/>\n<meta property=\"og:title\" content=\"Ruedas dentadas, cadenas y mucho m\u00e1s | General Kinematics\" \/>\n<meta property=\"og:description\" content=\"Cuerpos\/revestimientos de tambor LOCK-TITE\u2122 Modernice su tambor rotatorio existente con el sistema de revestimiento LOCK-TITE\u2122 de GK. Nuestro dise\u00f1o simple es m\u00e1s f\u00e1cil de mantener e incluso sustituir con mayor facilidad. Los conjuntos completos de cuerpos de tambor con nuestro innovador sistema de revestimiento est\u00e1n disponibles a la medida de la estructura de su transmisi\u00f3n [&hellip;]\" \/>\n<meta property=\"og:url\" content=\"https:\/\/www.generalkinematics.com\/es\/producto\/sistema-de-revestimiento\/\" \/>\n<meta property=\"og:site_name\" content=\"General Kinematics\" \/>\n<meta property=\"article:publisher\" content=\"https:\/\/www.facebook.com\/generalkinematics\" \/>\n<meta property=\"article:modified_time\" content=\"2020-05-18T20:08:33+00:00\" \/>\n<meta property=\"og:image\" content=\"https:\/\/media.generalkinematics.com\/wp-content\/uploads\/2015\/12\/drive-components.png\" \/>\n\t<meta property=\"og:image:width\" content=\"400\" \/>\n\t<meta property=\"og:image:height\" content=\"400\" \/>\n\t<meta property=\"og:image:type\" content=\"image\/jpeg\" \/>\n<meta name=\"twitter:card\" content=\"summary_large_image\" \/>\n<meta name=\"twitter:site\" content=\"@gkvibrating\" \/>\n<meta name=\"twitter:label1\" content=\"Tiempo de lectura\" \/>\n\t<meta name=\"twitter:data1\" content=\"1 minuto\" \/>\n<!-- \/ Yoast SEO plugin. -->","yoast_head_json":{"title":"Ruedas dentadas, cadenas y mucho m\u00e1s | General Kinematics","robots":{"index":"index","follow":"follow","max-snippet":"max-snippet:-1","max-image-preview":"max-image-preview:large","max-video-preview":"max-video-preview:-1"},"canonical":"https:\/\/www.generalkinematics.com\/es\/producto\/sistema-de-revestimiento\/","og_locale":"es_ES","og_type":"article","og_title":"Ruedas dentadas, cadenas y mucho m\u00e1s | General Kinematics","og_description":"Cuerpos\/revestimientos de tambor LOCK-TITE\u2122 Modernice su tambor rotatorio existente con el sistema de revestimiento LOCK-TITE\u2122 de GK. Nuestro dise\u00f1o simple es m\u00e1s f\u00e1cil de mantener e incluso sustituir con mayor facilidad. Los conjuntos completos de cuerpos de tambor con nuestro innovador sistema de revestimiento est\u00e1n disponibles a la medida de la estructura de su transmisi\u00f3n [&hellip;]","og_url":"https:\/\/www.generalkinematics.com\/es\/producto\/sistema-de-revestimiento\/","og_site_name":"General Kinematics","article_publisher":"https:\/\/www.facebook.com\/generalkinematics","article_modified_time":"2020-05-18T20:08:33+00:00","og_image":[{"width":400,"height":400,"url":"https:\/\/media.generalkinematics.com\/wp-content\/uploads\/2015\/12\/drive-components.png","type":"image\/jpeg"}],"twitter_card":"summary_large_image","twitter_site":"@gkvibrating","twitter_misc":{"Tiempo de lectura":"1 minuto"},"schema":{"@context":"https:\/\/schema.org","@graph":[{"@type":"WebPage","@id":"https:\/\/www.generalkinematics.com\/es\/producto\/sistema-de-revestimiento\/","url":"https:\/\/www.generalkinematics.com\/es\/producto\/sistema-de-revestimiento\/","name":"Ruedas dentadas, cadenas y mucho m\u00e1s | General Kinematics","isPartOf":{"@id":"https:\/\/www.generalkinematics.com\/es\/#website"},"primaryImageOfPage":{"@id":"https:\/\/www.generalkinematics.com\/es\/producto\/sistema-de-revestimiento\/#primaryimage"},"image":{"@id":"https:\/\/www.generalkinematics.com\/es\/producto\/sistema-de-revestimiento\/#primaryimage"},"thumbnailUrl":"https:\/\/media.generalkinematics.com\/wp-content\/uploads\/2015\/12\/drive-components.png","datePublished":"2015-12-14T16:31:03+00:00","dateModified":"2020-05-18T20:08:33+00:00","breadcrumb":{"@id":"https:\/\/www.generalkinematics.com\/es\/producto\/sistema-de-revestimiento\/#breadcrumb"},"inLanguage":"es","potentialAction":[{"@type":"ReadAction","target":["https:\/\/www.generalkinematics.com\/es\/producto\/sistema-de-revestimiento\/"]}]},{"@type":"ImageObject","inLanguage":"es","@id":"https:\/\/www.generalkinematics.com\/es\/producto\/sistema-de-revestimiento\/#primaryimage","url":"https:\/\/media.generalkinematics.com\/wp-content\/uploads\/2015\/12\/drive-components.png","contentUrl":"https:\/\/media.generalkinematics.com\/wp-content\/uploads\/2015\/12\/drive-components.png","width":400,"height":400,"caption":"general-kinematics-drive-components"},{"@type":"BreadcrumbList","@id":"https:\/\/www.generalkinematics.com\/es\/producto\/sistema-de-revestimiento\/#breadcrumb","itemListElement":[{"@type":"ListItem","position":1,"name":"GK Home","item":"https:\/\/www.generalkinematics.com\/es\/"},{"@type":"ListItem","position":2,"name":"Shop","item":"https:\/\/www.generalkinematics.com\/shop\/"},{"@type":"ListItem","position":3,"name":"Ruedas dentadas, cadenas y mucho m\u00e1s"}]},{"@type":"WebSite","@id":"https:\/\/www.generalkinematics.com\/es\/#website","url":"https:\/\/www.generalkinematics.com\/es\/","name":"General Kinematics","description":"","publisher":{"@id":"https:\/\/www.generalkinematics.com\/es\/#organization"},"potentialAction":[{"@type":"SearchAction","target":{"@type":"EntryPoint","urlTemplate":"https:\/\/www.generalkinematics.com\/es\/?s={search_term_string}"},"query-input":{"@type":"PropertyValueSpecification","valueRequired":true,"valueName":"search_term_string"}}],"inLanguage":"es"},{"@type":"Organization","@id":"https:\/\/www.generalkinematics.com\/es\/#organization","name":"General Kinematics","url":"https:\/\/www.generalkinematics.com\/es\/","logo":{"@type":"ImageObject","inLanguage":"es","@id":"https:\/\/www.generalkinematics.com\/es\/#\/schema\/logo\/image\/","url":"https:\/\/media.generalkinematics.com\/wp-content\/uploads\/2018\/03\/logo.png","contentUrl":"https:\/\/media.generalkinematics.com\/wp-content\/uploads\/2018\/03\/logo.png","width":313,"height":100,"caption":"General Kinematics"},"image":{"@id":"https:\/\/www.generalkinematics.com\/es\/#\/schema\/logo\/image\/"},"sameAs":["https:\/\/www.facebook.com\/generalkinematics","https:\/\/x.com\/gkvibrating"]}]}},"_links":{"self":[{"href":"https:\/\/www.generalkinematics.com\/es\/wp-json\/wp\/v2\/product\/40044","targetHints":{"allow":["GET"]}}],"collection":[{"href":"https:\/\/www.generalkinematics.com\/es\/wp-json\/wp\/v2\/product"}],"about":[{"href":"https:\/\/www.generalkinematics.com\/es\/wp-json\/wp\/v2\/types\/product"}],"replies":[{"embeddable":true,"href":"https:\/\/www.generalkinematics.com\/es\/wp-json\/wp\/v2\/comments?post=40044"}],"wp:featuredmedia":[{"embeddable":true,"href":"https:\/\/www.generalkinematics.com\/es\/wp-json\/wp\/v2\/media\/27064"}],"wp:attachment":[{"href":"https:\/\/www.generalkinematics.com\/es\/wp-json\/wp\/v2\/media?parent=40044"}],"wp:term":[{"taxonomy":"product_brand","embeddable":true,"href":"https:\/\/www.generalkinematics.com\/es\/wp-json\/wp\/v2\/product_brand?post=40044"},{"taxonomy":"product_cat","embeddable":true,"href":"https:\/\/www.generalkinematics.com\/es\/wp-json\/wp\/v2\/product_cat?post=40044"},{"taxonomy":"product_tag","embeddable":true,"href":"https:\/\/www.generalkinematics.com\/es\/wp-json\/wp\/v2\/product_tag?post=40044"}],"curies":[{"name":"wp","href":"https:\/\/api.w.org\/{rel}","templated":true}]}}