{"id":40051,"date":"2015-12-14T11:18:19","date_gmt":"2015-12-14T17:18:19","guid":{"rendered":"https:\/\/www.generalkinematics.com\/product\/patas-para-estabilizadores-de-aluminio-para-equipos-no-gk\/"},"modified":"2022-12-07T14:49:38","modified_gmt":"2022-12-07T20:49:38","slug":"patas-para-estabilizadores-de-aluminio-para-equipos-no-gk","status":"publish","type":"product","link":"https:\/\/www.generalkinematics.com\/es\/producto\/patas-para-estabilizadores-de-aluminio-para-equipos-no-gk\/","title":{"rendered":"Patas para estabilizadores de aluminio para equipos no GK"},"content":{"rendered":"<p><u><strong>Patas para estabilizadores de aluminio<\/strong><\/u><\/p>\n<p>Los estabilizadores de General Kinematics gozan del reconocimiento en toda la industria por su desempe\u00f1o y confiabilidad excepcionales. Incorpore este grado de desempe\u00f1o a sus equipos vibratorios de otras marcas con la nueva l\u00ednea de estabilizadores de aluminio fundido, d\u00factiles y fabricados en acero.<\/p>\n<p>\u00bfSu estabilizador no aparece en la lista? <a href=\"https:\/\/www.generalkinematics.com\/es\/producto\/rfq-de-estabilizador-pata-de-balancin-personalizado\/\">Pida aqu\u00ed un estabilizador personalizado.<\/a><\/p>\n<p>&nbsp;<\/p>\n<h2>Estabilizadores de reemplazo para equipos de otras marcas<\/h2>\n<table border=\"1\" width=\"600\" cellspacing=\"0\" cellpadding=\"5\">\n<tbody>\n<tr class=\"bodytext14\">\n<td align=\"center\" bgcolor=\"#F2F2F2\" width=\"80\"><strong>Referencia de la pieza<\/strong><\/td>\n<td align=\"center\" bgcolor=\"#F2F2F2\" width=\"127\"><strong>Referencia de GK<\/strong><\/td>\n<td align=\"center\" bgcolor=\"#F2F2F2\" width=\"103\"><strong>Longitud del centro<\/strong><\/td>\n<td align=\"center\" bgcolor=\"#F2F2F2\" width=\"74\"><strong>Anchura<\/strong><\/td>\n<td align=\"center\" bgcolor=\"#F2F2F2\" width=\"154\"><\/td>\n<\/tr>\n<tr>\n<td align=\"center\"><span class=\"bodytext\">110402<\/span><\/td>\n<td align=\"center\"><span class=\"bodytext\">CP10-01-51-A<\/span><\/td>\n<td align=\"center\"><span class=\"bodytext\">9 1\/2\u2033<\/span><\/td>\n<td align=\"center\"><span class=\"bodytext\">3 1\/4\u2033<\/span><\/td>\n<td align=\"center\"><img decoding=\"async\" src=\"https:\/\/www.generalkinematics.com\/wp-content\/uploads\/images\/gkparts\/stabilizers\/CP10-01-51-A.jpg\" alt=\"Estabilizador 110402\" width=\"100\" height=\"75\" \/><\/td>\n<\/tr>\n<tr>\n<td align=\"center\"><span class=\"bodytext\">110406<\/span><\/td>\n<td align=\"center\"><span class=\"bodytext\">CP10-01-53-A<\/span><\/td>\n<td align=\"center\"><span class=\"bodytext\">15 3\/4\u2033<\/span><\/td>\n<td align=\"center\"><span class=\"bodytext\">3 1\/4\u2033<\/span><\/td>\n<td align=\"center\"><img decoding=\"async\" src=\"https:\/\/www.generalkinematics.com\/wp-content\/uploads\/images\/gkparts\/stabilizers\/CP-10-01-53-A.jpg\" alt=\"Pata del estabilizador 110406\" width=\"100\" height=\"75\" \/><\/td>\n<\/tr>\n<tr>\n<td align=\"center\"><span class=\"bodytext\">110407<\/span><\/td>\n<td align=\"center\"><span class=\"bodytext\">CP10-01-55-A<\/span><\/td>\n<td align=\"center\"><span class=\"bodytext\">15 3\/4\u2033<\/span><\/td>\n<td align=\"center\"><span class=\"bodytext\">5 1\/2\u2033<\/span><\/td>\n<td align=\"center\"><img decoding=\"async\" src=\"https:\/\/www.generalkinematics.com\/wp-content\/uploads\/images\/gkparts\/stabilizers\/CP10-01-55-A.jpg\" alt=\"Pata de balanc\u00edn 110407\" width=\"100\" height=\"75\" \/><\/td>\n<\/tr>\n<tr>\n<td align=\"center\"><span class=\"bodytext\">110401<\/span><\/td>\n<td align=\"center\"><span class=\"bodytext\">CP10-01-57-A<\/span><\/td>\n<td align=\"center\"><span class=\"bodytext\">9 1\/2\u2033<\/span><\/td>\n<td align=\"center\"><span class=\"bodytext\">5 1\/2\u2033<\/span><\/td>\n<td align=\"center\"><img decoding=\"async\" src=\"https:\/\/www.generalkinematics.com\/wp-content\/uploads\/images\/gkparts\/stabilizers\/CP10-01-57-A.jpg\" alt=\"Brazo de balanc\u00edn 110401\" width=\"100\" height=\"75\" \/><\/td>\n<\/tr>\n<tr>\n<td align=\"center\"><span class=\"bodytext\">110412<\/span><\/td>\n<td align=\"center\"><span class=\"bodytext\">CP10-01-59-A<\/span><\/td>\n<td align=\"center\"><span class=\"bodytext\">18 3\/4\u2033<\/span><\/td>\n<td align=\"center\"><span class=\"bodytext\">5 1\/2\u2033<\/span><\/td>\n<td align=\"center\"><img decoding=\"async\" src=\"https:\/\/www.generalkinematics.com\/wp-content\/uploads\/images\/gkparts\/stabilizers\/CP10-01-59-A.jpg\" alt=\"Brazo de balanc\u00edn de estabilizador 110412\" width=\"100\" height=\"75\" \/><\/td>\n<\/tr>\n<tr class=\"bodytext\">\n<td align=\"center\">CDC-2052 \/ DS-1400<\/td>\n<td align=\"center\"><a href=\"https:\/\/www.generalkinematics.com\/es\/producto\/estabilizadores-patas-de-balancin-ductiles\/\">10-01-50-A (d\u00factil)<\/a><\/td>\n<td align=\"center\">14\u2033<\/td>\n<td align=\"center\">3 1\/4\u2033<\/td>\n<td align=\"center\"><img decoding=\"async\" src=\"https:\/\/www.generalkinematics.com\/wp-content\/uploads\/images\/gkparts\/stabilizers\/10-01-42-A.jpg\" alt=\"10-01-42-A\" width=\"100\" height=\"75\" data-pin-nopin=\"true\" \/><\/td>\n<\/tr>\n<\/tbody>\n<\/table>\n","protected":false},"excerpt":{"rendered":"<p>Patas para estabilizadores de aluminio Los estabilizadores de General Kinematics gozan del reconocimiento en toda la industria por su desempe\u00f1o y confiabilidad excepcionales. Incorpore este grado de desempe\u00f1o a sus equipos vibratorios de otras marcas con la nueva l\u00ednea de estabilizadores de aluminio fundido, d\u00factiles y fabricados en acero. \u00bfSu estabilizador no aparece en la [&hellip;]<\/p>\n","protected":false},"featured_media":27332,"comment_status":"closed","ping_status":"closed","template":"","meta":{"_acf_changed":false,"om_disable_all_campaigns":false,"ep_exclude_from_search":false},"product_brand":[],"product_cat":[1826],"product_tag":[],"class_list":{"0":"post-40051","1":"product","2":"type-product","3":"status-publish","4":"has-post-thumbnail","6":"product_cat-equipo-no-gk","8":"first","9":"instock","10":"taxable","11":"shipping-taxable","12":"product-type-simple"},"acf":[],"yoast_head":"<!-- This site is optimized with the Yoast SEO plugin v27.2 - https:\/\/yoast.com\/product\/yoast-seo-wordpress\/ -->\n<title>Patas para estabilizadores de aluminio para equipos no GK | General Kinematics<\/title>\n<meta name=\"robots\" content=\"index, follow, max-snippet:-1, max-image-preview:large, max-video-preview:-1\" \/>\n<link rel=\"canonical\" href=\"https:\/\/www.generalkinematics.com\/es\/producto\/patas-para-estabilizadores-de-aluminio-para-equipos-no-gk\/\" \/>\n<meta property=\"og:locale\" content=\"es_ES\" \/>\n<meta property=\"og:type\" content=\"article\" \/>\n<meta property=\"og:title\" content=\"Patas para estabilizadores de aluminio para equipos no GK | General Kinematics\" \/>\n<meta property=\"og:description\" content=\"Patas para estabilizadores de aluminio Los estabilizadores de General Kinematics gozan del reconocimiento en toda la industria por su desempe\u00f1o y confiabilidad excepcionales. Incorpore este grado de desempe\u00f1o a sus equipos vibratorios de otras marcas con la nueva l\u00ednea de estabilizadores de aluminio fundido, d\u00factiles y fabricados en acero. \u00bfSu estabilizador no aparece en la [&hellip;]\" \/>\n<meta property=\"og:url\" content=\"https:\/\/www.generalkinematics.com\/es\/producto\/patas-para-estabilizadores-de-aluminio-para-equipos-no-gk\/\" \/>\n<meta property=\"og:site_name\" content=\"General Kinematics\" \/>\n<meta property=\"article:publisher\" content=\"https:\/\/www.facebook.com\/generalkinematics\" \/>\n<meta property=\"article:modified_time\" content=\"2022-12-07T20:49:38+00:00\" \/>\n<meta property=\"og:image\" content=\"https:\/\/media.generalkinematics.com\/wp-content\/uploads\/2015\/12\/stabilizer-btn.png\" \/>\n\t<meta property=\"og:image:width\" content=\"400\" \/>\n\t<meta property=\"og:image:height\" content=\"400\" \/>\n\t<meta property=\"og:image:type\" content=\"image\/jpeg\" \/>\n<meta name=\"twitter:card\" content=\"summary_large_image\" \/>\n<meta name=\"twitter:site\" content=\"@gkvibrating\" \/>\n<meta name=\"twitter:label1\" content=\"Tiempo de lectura\" \/>\n\t<meta name=\"twitter:data1\" content=\"1 minuto\" \/>\n<!-- \/ Yoast SEO plugin. -->","yoast_head_json":{"title":"Patas para estabilizadores de aluminio para equipos no GK | General Kinematics","robots":{"index":"index","follow":"follow","max-snippet":"max-snippet:-1","max-image-preview":"max-image-preview:large","max-video-preview":"max-video-preview:-1"},"canonical":"https:\/\/www.generalkinematics.com\/es\/producto\/patas-para-estabilizadores-de-aluminio-para-equipos-no-gk\/","og_locale":"es_ES","og_type":"article","og_title":"Patas para estabilizadores de aluminio para equipos no GK | General Kinematics","og_description":"Patas para estabilizadores de aluminio Los estabilizadores de General Kinematics gozan del reconocimiento en toda la industria por su desempe\u00f1o y confiabilidad excepcionales. Incorpore este grado de desempe\u00f1o a sus equipos vibratorios de otras marcas con la nueva l\u00ednea de estabilizadores de aluminio fundido, d\u00factiles y fabricados en acero. \u00bfSu estabilizador no aparece en la [&hellip;]","og_url":"https:\/\/www.generalkinematics.com\/es\/producto\/patas-para-estabilizadores-de-aluminio-para-equipos-no-gk\/","og_site_name":"General Kinematics","article_publisher":"https:\/\/www.facebook.com\/generalkinematics","article_modified_time":"2022-12-07T20:49:38+00:00","og_image":[{"width":400,"height":400,"url":"https:\/\/media.generalkinematics.com\/wp-content\/uploads\/2015\/12\/stabilizer-btn.png","type":"image\/jpeg"}],"twitter_card":"summary_large_image","twitter_site":"@gkvibrating","twitter_misc":{"Tiempo de lectura":"1 minuto"},"schema":{"@context":"https:\/\/schema.org","@graph":[{"@type":"WebPage","@id":"https:\/\/www.generalkinematics.com\/es\/producto\/patas-para-estabilizadores-de-aluminio-para-equipos-no-gk\/","url":"https:\/\/www.generalkinematics.com\/es\/producto\/patas-para-estabilizadores-de-aluminio-para-equipos-no-gk\/","name":"Patas para estabilizadores de aluminio para equipos no GK | General Kinematics","isPartOf":{"@id":"https:\/\/www.generalkinematics.com\/es\/#website"},"primaryImageOfPage":{"@id":"https:\/\/www.generalkinematics.com\/es\/producto\/patas-para-estabilizadores-de-aluminio-para-equipos-no-gk\/#primaryimage"},"image":{"@id":"https:\/\/www.generalkinematics.com\/es\/producto\/patas-para-estabilizadores-de-aluminio-para-equipos-no-gk\/#primaryimage"},"thumbnailUrl":"https:\/\/media.generalkinematics.com\/wp-content\/uploads\/2015\/12\/stabilizer-btn.png","datePublished":"2015-12-14T17:18:19+00:00","dateModified":"2022-12-07T20:49:38+00:00","breadcrumb":{"@id":"https:\/\/www.generalkinematics.com\/es\/producto\/patas-para-estabilizadores-de-aluminio-para-equipos-no-gk\/#breadcrumb"},"inLanguage":"es","potentialAction":[{"@type":"ReadAction","target":["https:\/\/www.generalkinematics.com\/es\/producto\/patas-para-estabilizadores-de-aluminio-para-equipos-no-gk\/"]}]},{"@type":"ImageObject","inLanguage":"es","@id":"https:\/\/www.generalkinematics.com\/es\/producto\/patas-para-estabilizadores-de-aluminio-para-equipos-no-gk\/#primaryimage","url":"https:\/\/media.generalkinematics.com\/wp-content\/uploads\/2015\/12\/stabilizer-btn.png","contentUrl":"https:\/\/media.generalkinematics.com\/wp-content\/uploads\/2015\/12\/stabilizer-btn.png","width":400,"height":400,"caption":"general-kinematics-stabilizers"},{"@type":"BreadcrumbList","@id":"https:\/\/www.generalkinematics.com\/es\/producto\/patas-para-estabilizadores-de-aluminio-para-equipos-no-gk\/#breadcrumb","itemListElement":[{"@type":"ListItem","position":1,"name":"GK Home","item":"https:\/\/www.generalkinematics.com\/es\/"},{"@type":"ListItem","position":2,"name":"Shop","item":"https:\/\/www.generalkinematics.com\/shop\/"},{"@type":"ListItem","position":3,"name":"Patas para estabilizadores de aluminio para equipos no GK"}]},{"@type":"WebSite","@id":"https:\/\/www.generalkinematics.com\/es\/#website","url":"https:\/\/www.generalkinematics.com\/es\/","name":"General Kinematics","description":"","publisher":{"@id":"https:\/\/www.generalkinematics.com\/es\/#organization"},"potentialAction":[{"@type":"SearchAction","target":{"@type":"EntryPoint","urlTemplate":"https:\/\/www.generalkinematics.com\/es\/?s={search_term_string}"},"query-input":{"@type":"PropertyValueSpecification","valueRequired":true,"valueName":"search_term_string"}}],"inLanguage":"es"},{"@type":"Organization","@id":"https:\/\/www.generalkinematics.com\/es\/#organization","name":"General Kinematics","url":"https:\/\/www.generalkinematics.com\/es\/","logo":{"@type":"ImageObject","inLanguage":"es","@id":"https:\/\/www.generalkinematics.com\/es\/#\/schema\/logo\/image\/","url":"https:\/\/media.generalkinematics.com\/wp-content\/uploads\/2018\/03\/logo.png","contentUrl":"https:\/\/media.generalkinematics.com\/wp-content\/uploads\/2018\/03\/logo.png","width":313,"height":100,"caption":"General Kinematics"},"image":{"@id":"https:\/\/www.generalkinematics.com\/es\/#\/schema\/logo\/image\/"},"sameAs":["https:\/\/www.facebook.com\/generalkinematics","https:\/\/x.com\/gkvibrating"]}]}},"_links":{"self":[{"href":"https:\/\/www.generalkinematics.com\/es\/wp-json\/wp\/v2\/product\/40051","targetHints":{"allow":["GET"]}}],"collection":[{"href":"https:\/\/www.generalkinematics.com\/es\/wp-json\/wp\/v2\/product"}],"about":[{"href":"https:\/\/www.generalkinematics.com\/es\/wp-json\/wp\/v2\/types\/product"}],"replies":[{"embeddable":true,"href":"https:\/\/www.generalkinematics.com\/es\/wp-json\/wp\/v2\/comments?post=40051"}],"wp:featuredmedia":[{"embeddable":true,"href":"https:\/\/www.generalkinematics.com\/es\/wp-json\/wp\/v2\/media\/27332"}],"wp:attachment":[{"href":"https:\/\/www.generalkinematics.com\/es\/wp-json\/wp\/v2\/media?parent=40051"}],"wp:term":[{"taxonomy":"product_brand","embeddable":true,"href":"https:\/\/www.generalkinematics.com\/es\/wp-json\/wp\/v2\/product_brand?post=40051"},{"taxonomy":"product_cat","embeddable":true,"href":"https:\/\/www.generalkinematics.com\/es\/wp-json\/wp\/v2\/product_cat?post=40051"},{"taxonomy":"product_tag","embeddable":true,"href":"https:\/\/www.generalkinematics.com\/es\/wp-json\/wp\/v2\/product_tag?post=40051"}],"curies":[{"name":"wp","href":"https:\/\/api.w.org\/{rel}","templated":true}]}}