{"id":40055,"date":"2015-12-14T11:50:18","date_gmt":"2015-12-14T17:50:18","guid":{"rendered":"https:\/\/www.generalkinematics.com\/product\/tablillas-de-fibra-de-vidrio-resortes-para-equipos-no-gk\/"},"modified":"2018-08-30T23:45:12","modified_gmt":"2018-08-31T04:45:12","slug":"tablillas-de-fibra-de-vidrio-resortes-para-equipos-no-gk","status":"publish","type":"product","link":"https:\/\/www.generalkinematics.com\/es\/producto\/tablillas-de-fibra-de-vidrio-resortes-para-equipos-no-gk\/","title":{"rendered":"Tablillas de fibra de vidrio\/resortes para equipos no GK"},"content":{"rendered":"<p>GK puede producir tablillas personalizadas para la mayor\u00eda de las marcas de equipos vibratorios. Los kits incluyen a las tablillas, los separadores y los componentes f\u00edsicos. Cont\u00e1ctenos con las dimensiones y las cantidades espec\u00edficas para obtener una <a href=\"https:\/\/www.generalkinematics.com\/es\/24-7-365-repuestos-y-servicio-de-gk-siempre-alli-para-usted\/\">cotizaci\u00f3n<\/a>.<\/p>\n<p>&nbsp;<\/p>\n<h2>Referencias de piezas para equipos no GK:<\/h2>\n<p>Los siguientes son algunos de los tama\u00f1os de las tablillas vibratorias que podemos suministrar para reparar su m\u00e1quina no GK existente. \u00bfNo aparece la tablilla que coincide con sus dimensiones? Ll\u00e1menos y podemos cortar una tablilla a la medida conforme a sus requisitos.<\/p>\n<table border=\"1\" cellspacing=\"0\" cellpadding=\"0\">\n<colgroup>\n<col width=\"152\" \/>\n<col width=\"125\" \/>\n<col width=\"123\" \/>\n<col span=\"2\" width=\"109\" \/><\/colgroup>\n<tbody>\n<tr>\n<td align=\"center\" bgcolor=\"#FFFF00\" width=\"152\"><strong>Compa\u00f1\u00eda<\/strong><\/td>\n<td align=\"center\" bgcolor=\"#FFFF00\" width=\"125\"><strong>Referencia<\/strong><\/td>\n<td align=\"center\" bgcolor=\"#FFFF00\" width=\"123\"><strong>Longitud<\/strong><\/td>\n<td align=\"center\" bgcolor=\"#FFFF00\" width=\"109\"><strong>Calibre<\/strong><\/td>\n<td align=\"center\" bgcolor=\"#FFFF00\" width=\"109\"><strong>Anchura<\/strong><\/td>\n<\/tr>\n<tr>\n<td align=\"center\">Allen Machinery<\/td>\n<td align=\"center\">D2986113<\/td>\n<td align=\"center\">9\u2033<\/td>\n<td align=\"center\">1\/4\u2033<\/td>\n<td align=\"center\">3\u2033<\/td>\n<\/tr>\n<tr>\n<td align=\"center\">Carrier<\/td>\n<td align=\"center\">20022<\/td>\n<td align=\"center\">10 1\/2\u2033<\/td>\n<td align=\"center\">1\/4\u2033<\/td>\n<td align=\"center\">5 1\/2\u2033<\/td>\n<\/tr>\n<tr>\n<td align=\"center\">Carrier<\/td>\n<td align=\"center\">20044<\/td>\n<td align=\"center\">10 1\/2\u2033<\/td>\n<td align=\"center\">1\/4\u2033<\/td>\n<td align=\"center\">5 1\/2\u2033<\/td>\n<\/tr>\n<tr>\n<td align=\"center\">Carrier<\/td>\n<td align=\"center\">20521<\/td>\n<td align=\"center\">10 1\/2\u2033<\/td>\n<td align=\"center\">,17\u2033<\/td>\n<td align=\"center\">5 1\/2\u2033<\/td>\n<\/tr>\n<tr>\n<td align=\"center\">Carrier<\/td>\n<td align=\"center\">20521-A<\/td>\n<td align=\"center\">10 1\/2\u2033<\/td>\n<td align=\"center\">,16\u2033<\/td>\n<td align=\"center\">5 1\/2\u2033<\/td>\n<\/tr>\n<tr>\n<td align=\"center\">Carrier<\/td>\n<td align=\"center\">20521-AG<\/td>\n<td align=\"center\">Lo mismo que 20521-A con las empaquetaduras SYNTHANE<\/td>\n<td align=\"center\"><\/td>\n<td align=\"center\"><\/td>\n<\/tr>\n<tr>\n<td align=\"center\">Carrier<\/td>\n<td align=\"center\">20621-G<\/td>\n<td align=\"center\">Lo mismo que 20521 con las empaquetaduras SYNTHANE<\/td>\n<td align=\"center\"><\/td>\n<td align=\"center\"><\/td>\n<\/tr>\n<tr>\n<td align=\"center\">Carrier<\/td>\n<td align=\"center\">21013<\/td>\n<td align=\"center\">19\u2033<\/td>\n<td align=\"center\">5\/16\u2033<\/td>\n<td align=\"center\">5 1\/2\u2033<\/td>\n<\/tr>\n<tr>\n<td align=\"center\">Carrier<\/td>\n<td align=\"center\">21019<\/td>\n<td align=\"center\">19\u2033<\/td>\n<td align=\"center\">,43\u2033<\/td>\n<td align=\"center\">5 1\/2\u2033<\/td>\n<\/tr>\n<tr>\n<td align=\"center\">Carrier<\/td>\n<td align=\"center\">21020<\/td>\n<td align=\"center\">19\u2033<\/td>\n<td align=\"center\">,43\u2033<\/td>\n<td align=\"center\">5 1\/2\u2033<\/td>\n<\/tr>\n<tr>\n<td align=\"center\">Carrier<\/td>\n<td align=\"center\">22050<\/td>\n<td align=\"center\">19\u2033<\/td>\n<td align=\"center\">5\/16\u2033<\/td>\n<td align=\"center\">2\u2033<\/td>\n<\/tr>\n<tr>\n<td align=\"center\">Carrier<\/td>\n<td align=\"center\">22065<\/td>\n<td align=\"center\">Lo mismo que 22050 pero para temperaturas altas<\/td>\n<td align=\"center\"><\/td>\n<td align=\"center\"><\/td>\n<\/tr>\n<tr>\n<td align=\"center\">Carrier<\/td>\n<td align=\"center\">22194<\/td>\n<td align=\"center\">19\u2033<\/td>\n<td align=\"center\">5\/16\u2033<\/td>\n<td align=\"center\">3\u2033<\/td>\n<\/tr>\n<tr>\n<td align=\"center\">Carrier<\/td>\n<td align=\"center\">22195<\/td>\n<td align=\"center\">Lo mismo que 22194 pero para temperaturas altas<\/td>\n<td align=\"center\"><\/td>\n<td align=\"center\"><\/td>\n<\/tr>\n<tr>\n<td align=\"center\">Carrier<\/td>\n<td align=\"center\">22196<\/td>\n<td align=\"center\">19\u2033<\/td>\n<td align=\"center\">,43\u2033<\/td>\n<td align=\"center\">2\u2033<\/td>\n<\/tr>\n<tr>\n<td align=\"center\">Carrier<\/td>\n<td align=\"center\">22051<\/td>\n<td align=\"center\">19\u2033<\/td>\n<td align=\"center\">1\/8\u2033<\/td>\n<td align=\"center\">2\u2033<\/td>\n<\/tr>\n<tr>\n<td align=\"center\">Carrier<\/td>\n<td align=\"center\">22051-A<\/td>\n<td align=\"center\">Lo mismo que 22051 pero con empaquetaduras<\/td>\n<td align=\"center\"><\/td>\n<td align=\"center\"><\/td>\n<\/tr>\n<tr>\n<td align=\"center\">Carrier<\/td>\n<td align=\"center\">22051-B<\/td>\n<td align=\"center\">19\u2033<\/td>\n<td align=\"center\">1\/8\u2033<\/td>\n<td align=\"center\">2\u2033<\/td>\n<\/tr>\n<tr>\n<td align=\"center\">Carrier<\/td>\n<td align=\"center\">22051-C<\/td>\n<td align=\"center\">Lo mismo que 22051-B pero con empaquetaduras<\/td>\n<td align=\"center\"><\/td>\n<td align=\"center\"><\/td>\n<\/tr>\n<tr>\n<td align=\"center\">Carrier<\/td>\n<td align=\"center\">22094<\/td>\n<td align=\"center\">19\u2033<\/td>\n<td align=\"center\">1\/8\u2033<\/td>\n<td align=\"center\">3\u2033<\/td>\n<\/tr>\n<tr>\n<td align=\"center\">Carrier<\/td>\n<td align=\"center\">22094-A<\/td>\n<td align=\"center\">Lo mismo que la anterior pero con empaquetaduras<\/td>\n<td align=\"center\"><\/td>\n<td align=\"center\"><\/td>\n<\/tr>\n<tr>\n<td align=\"center\">Carrier<\/td>\n<td align=\"center\"><\/td>\n<td align=\"center\">19 1\/2\u2033<\/td>\n<td align=\"center\">0,435<\/td>\n<td align=\"center\">5 1\/2\u2033<\/td>\n<\/tr>\n<tr>\n<td align=\"center\">FMC<\/td>\n<td align=\"center\">298-145-1<\/td>\n<td align=\"center\"><\/td>\n<td align=\"center\"><\/td>\n<td align=\"center\"><\/td>\n<\/tr>\n<tr>\n<td align=\"center\">FMC<\/td>\n<td align=\"center\">700178<\/td>\n<td align=\"center\">13 3\/4\u2033<\/td>\n<td align=\"center\">1\/4\u2033<\/td>\n<td align=\"center\">6\u2033<\/td>\n<\/tr>\n<tr>\n<td align=\"center\">Jeffrey<\/td>\n<td align=\"center\">608551 (LMV)<\/td>\n<td align=\"center\">9 1\/2\u2033<\/td>\n<td align=\"center\">0,22<\/td>\n<td align=\"center\">5\u2033<\/td>\n<\/tr>\n<tr>\n<td align=\"center\">Jeffrey<\/td>\n<td align=\"center\">609220 (mmv)<\/td>\n<td align=\"center\">17 1\/2\u2033<\/td>\n<td align=\"center\">7\/16\u2033<\/td>\n<td align=\"center\">5 1\/\u201d<\/td>\n<\/tr>\n<tr>\n<td align=\"center\">Jeffrey<\/td>\n<td align=\"center\">609226 (hmv)<\/td>\n<td align=\"center\">22\u2033<\/td>\n<td align=\"center\">,72\u2033<\/td>\n<td align=\"center\">5 1\/2\u2033<\/td>\n<\/tr>\n<tr>\n<td align=\"center\">M\u00e1quina y cinta transportadora<\/td>\n<td align=\"center\"><\/td>\n<td align=\"center\">13\u2033<\/td>\n<td align=\"center\">,27\u2033<\/td>\n<td align=\"center\">3\u2033<\/td>\n<\/tr>\n<tr>\n<td align=\"center\">M\u00e1quina y cinta transportadora<\/td>\n<td align=\"center\"><\/td>\n<td align=\"center\">13\u2033<\/td>\n<td align=\"center\">,27\u2033<\/td>\n<td align=\"center\">2\u2033<\/td>\n<\/tr>\n<tr>\n<td align=\"center\">M\u00e1quina y cinta transportadora<\/td>\n<td align=\"center\"><\/td>\n<td align=\"center\">7 3\/4\u2033<\/td>\n<td align=\"center\">1\/4\u2033<\/td>\n<td align=\"center\">2\u2033<\/td>\n<\/tr>\n<\/tbody>\n<\/table>\n","protected":false},"excerpt":{"rendered":"<p>GK puede producir tablillas personalizadas para la mayor\u00eda de las marcas de equipos vibratorios. Los kits incluyen a las tablillas, los separadores y los componentes f\u00edsicos. Cont\u00e1ctenos con las dimensiones y las cantidades espec\u00edficas para obtener una cotizaci\u00f3n. &nbsp; Referencias de piezas para equipos no GK: Los siguientes son algunos de los tama\u00f1os de las [&hellip;]<\/p>\n","protected":false},"featured_media":27328,"comment_status":"closed","ping_status":"closed","template":"","meta":{"_acf_changed":false,"om_disable_all_campaigns":false,"ep_exclude_from_search":false},"product_brand":[],"product_cat":[1826],"product_tag":[],"class_list":{"0":"post-40055","1":"product","2":"type-product","3":"status-publish","4":"has-post-thumbnail","6":"product_cat-equipo-no-gk","8":"first","9":"instock","10":"taxable","11":"shipping-taxable","12":"product-type-simple"},"acf":[],"yoast_head":"<!-- This site is optimized with the Yoast SEO plugin v27.2 - https:\/\/yoast.com\/product\/yoast-seo-wordpress\/ -->\n<title>Tablillas de fibra de vidrio\/resortes para equipos no GK | General Kinematics<\/title>\n<meta name=\"robots\" content=\"index, follow, max-snippet:-1, max-image-preview:large, max-video-preview:-1\" \/>\n<link rel=\"canonical\" href=\"https:\/\/www.generalkinematics.com\/es\/producto\/tablillas-de-fibra-de-vidrio-resortes-para-equipos-no-gk\/\" \/>\n<meta property=\"og:locale\" content=\"es_ES\" \/>\n<meta property=\"og:type\" content=\"article\" \/>\n<meta property=\"og:title\" content=\"Tablillas de fibra de vidrio\/resortes para equipos no GK | General Kinematics\" \/>\n<meta property=\"og:description\" content=\"GK puede producir tablillas personalizadas para la mayor\u00eda de las marcas de equipos vibratorios. Los kits incluyen a las tablillas, los separadores y los componentes f\u00edsicos. Cont\u00e1ctenos con las dimensiones y las cantidades espec\u00edficas para obtener una cotizaci\u00f3n. &nbsp; Referencias de piezas para equipos no GK: Los siguientes son algunos de los tama\u00f1os de las [&hellip;]\" \/>\n<meta property=\"og:url\" content=\"https:\/\/www.generalkinematics.com\/es\/producto\/tablillas-de-fibra-de-vidrio-resortes-para-equipos-no-gk\/\" \/>\n<meta property=\"og:site_name\" content=\"General Kinematics\" \/>\n<meta property=\"article:publisher\" content=\"https:\/\/www.facebook.com\/generalkinematics\" \/>\n<meta property=\"article:modified_time\" content=\"2018-08-31T04:45:12+00:00\" \/>\n<meta property=\"og:image\" content=\"https:\/\/media.generalkinematics.com\/wp-content\/uploads\/2015\/12\/slats1.png\" \/>\n\t<meta property=\"og:image:width\" content=\"400\" \/>\n\t<meta property=\"og:image:height\" content=\"400\" \/>\n\t<meta property=\"og:image:type\" content=\"image\/jpeg\" \/>\n<meta name=\"twitter:card\" content=\"summary_large_image\" \/>\n<meta name=\"twitter:site\" content=\"@gkvibrating\" \/>\n<meta name=\"twitter:label1\" content=\"Tiempo de lectura\" \/>\n\t<meta name=\"twitter:data1\" content=\"1 minuto\" \/>\n<!-- \/ Yoast SEO plugin. -->","yoast_head_json":{"title":"Tablillas de fibra de vidrio\/resortes para equipos no GK | General Kinematics","robots":{"index":"index","follow":"follow","max-snippet":"max-snippet:-1","max-image-preview":"max-image-preview:large","max-video-preview":"max-video-preview:-1"},"canonical":"https:\/\/www.generalkinematics.com\/es\/producto\/tablillas-de-fibra-de-vidrio-resortes-para-equipos-no-gk\/","og_locale":"es_ES","og_type":"article","og_title":"Tablillas de fibra de vidrio\/resortes para equipos no GK | General Kinematics","og_description":"GK puede producir tablillas personalizadas para la mayor\u00eda de las marcas de equipos vibratorios. Los kits incluyen a las tablillas, los separadores y los componentes f\u00edsicos. Cont\u00e1ctenos con las dimensiones y las cantidades espec\u00edficas para obtener una cotizaci\u00f3n. &nbsp; Referencias de piezas para equipos no GK: Los siguientes son algunos de los tama\u00f1os de las [&hellip;]","og_url":"https:\/\/www.generalkinematics.com\/es\/producto\/tablillas-de-fibra-de-vidrio-resortes-para-equipos-no-gk\/","og_site_name":"General Kinematics","article_publisher":"https:\/\/www.facebook.com\/generalkinematics","article_modified_time":"2018-08-31T04:45:12+00:00","og_image":[{"width":400,"height":400,"url":"https:\/\/media.generalkinematics.com\/wp-content\/uploads\/2015\/12\/slats1.png","type":"image\/jpeg"}],"twitter_card":"summary_large_image","twitter_site":"@gkvibrating","twitter_misc":{"Tiempo de lectura":"1 minuto"},"schema":{"@context":"https:\/\/schema.org","@graph":[{"@type":"WebPage","@id":"https:\/\/www.generalkinematics.com\/es\/producto\/tablillas-de-fibra-de-vidrio-resortes-para-equipos-no-gk\/","url":"https:\/\/www.generalkinematics.com\/es\/producto\/tablillas-de-fibra-de-vidrio-resortes-para-equipos-no-gk\/","name":"Tablillas de fibra de vidrio\/resortes para equipos no GK | General Kinematics","isPartOf":{"@id":"https:\/\/www.generalkinematics.com\/es\/#website"},"primaryImageOfPage":{"@id":"https:\/\/www.generalkinematics.com\/es\/producto\/tablillas-de-fibra-de-vidrio-resortes-para-equipos-no-gk\/#primaryimage"},"image":{"@id":"https:\/\/www.generalkinematics.com\/es\/producto\/tablillas-de-fibra-de-vidrio-resortes-para-equipos-no-gk\/#primaryimage"},"thumbnailUrl":"https:\/\/media.generalkinematics.com\/wp-content\/uploads\/2015\/12\/slats1.png","datePublished":"2015-12-14T17:50:18+00:00","dateModified":"2018-08-31T04:45:12+00:00","breadcrumb":{"@id":"https:\/\/www.generalkinematics.com\/es\/producto\/tablillas-de-fibra-de-vidrio-resortes-para-equipos-no-gk\/#breadcrumb"},"inLanguage":"es","potentialAction":[{"@type":"ReadAction","target":["https:\/\/www.generalkinematics.com\/es\/producto\/tablillas-de-fibra-de-vidrio-resortes-para-equipos-no-gk\/"]}]},{"@type":"ImageObject","inLanguage":"es","@id":"https:\/\/www.generalkinematics.com\/es\/producto\/tablillas-de-fibra-de-vidrio-resortes-para-equipos-no-gk\/#primaryimage","url":"https:\/\/media.generalkinematics.com\/wp-content\/uploads\/2015\/12\/slats1.png","contentUrl":"https:\/\/media.generalkinematics.com\/wp-content\/uploads\/2015\/12\/slats1.png","width":400,"height":400,"caption":"general-kinematics-slats"},{"@type":"BreadcrumbList","@id":"https:\/\/www.generalkinematics.com\/es\/producto\/tablillas-de-fibra-de-vidrio-resortes-para-equipos-no-gk\/#breadcrumb","itemListElement":[{"@type":"ListItem","position":1,"name":"GK Home","item":"https:\/\/www.generalkinematics.com\/es\/"},{"@type":"ListItem","position":2,"name":"Shop","item":"https:\/\/www.generalkinematics.com\/shop\/"},{"@type":"ListItem","position":3,"name":"Tablillas de fibra de vidrio\/resortes para equipos no GK"}]},{"@type":"WebSite","@id":"https:\/\/www.generalkinematics.com\/es\/#website","url":"https:\/\/www.generalkinematics.com\/es\/","name":"General Kinematics","description":"","publisher":{"@id":"https:\/\/www.generalkinematics.com\/es\/#organization"},"potentialAction":[{"@type":"SearchAction","target":{"@type":"EntryPoint","urlTemplate":"https:\/\/www.generalkinematics.com\/es\/?s={search_term_string}"},"query-input":{"@type":"PropertyValueSpecification","valueRequired":true,"valueName":"search_term_string"}}],"inLanguage":"es"},{"@type":"Organization","@id":"https:\/\/www.generalkinematics.com\/es\/#organization","name":"General Kinematics","url":"https:\/\/www.generalkinematics.com\/es\/","logo":{"@type":"ImageObject","inLanguage":"es","@id":"https:\/\/www.generalkinematics.com\/es\/#\/schema\/logo\/image\/","url":"https:\/\/media.generalkinematics.com\/wp-content\/uploads\/2018\/03\/logo.png","contentUrl":"https:\/\/media.generalkinematics.com\/wp-content\/uploads\/2018\/03\/logo.png","width":313,"height":100,"caption":"General Kinematics"},"image":{"@id":"https:\/\/www.generalkinematics.com\/es\/#\/schema\/logo\/image\/"},"sameAs":["https:\/\/www.facebook.com\/generalkinematics","https:\/\/x.com\/gkvibrating"]}]}},"_links":{"self":[{"href":"https:\/\/www.generalkinematics.com\/es\/wp-json\/wp\/v2\/product\/40055","targetHints":{"allow":["GET"]}}],"collection":[{"href":"https:\/\/www.generalkinematics.com\/es\/wp-json\/wp\/v2\/product"}],"about":[{"href":"https:\/\/www.generalkinematics.com\/es\/wp-json\/wp\/v2\/types\/product"}],"replies":[{"embeddable":true,"href":"https:\/\/www.generalkinematics.com\/es\/wp-json\/wp\/v2\/comments?post=40055"}],"wp:featuredmedia":[{"embeddable":true,"href":"https:\/\/www.generalkinematics.com\/es\/wp-json\/wp\/v2\/media\/27328"}],"wp:attachment":[{"href":"https:\/\/www.generalkinematics.com\/es\/wp-json\/wp\/v2\/media?parent=40055"}],"wp:term":[{"taxonomy":"product_brand","embeddable":true,"href":"https:\/\/www.generalkinematics.com\/es\/wp-json\/wp\/v2\/product_brand?post=40055"},{"taxonomy":"product_cat","embeddable":true,"href":"https:\/\/www.generalkinematics.com\/es\/wp-json\/wp\/v2\/product_cat?post=40055"},{"taxonomy":"product_tag","embeddable":true,"href":"https:\/\/www.generalkinematics.com\/es\/wp-json\/wp\/v2\/product_tag?post=40055"}],"curies":[{"name":"wp","href":"https:\/\/api.w.org\/{rel}","templated":true}]}}