{"id":40063,"date":"2015-12-14T11:52:08","date_gmt":"2015-12-14T17:52:08","guid":{"rendered":"https:\/\/www.generalkinematics.com\/product\/resortes-de-aislamiento-y-resortes-reactivos-para-equipos-no-gk\/"},"modified":"2018-08-30T23:44:09","modified_gmt":"2018-08-31T04:44:09","slug":"resortes-de-aislamiento-y-resortes-reactivos-para-equipos-no-gk","status":"publish","type":"product","link":"https:\/\/www.generalkinematics.com\/es\/producto\/resortes-de-aislamiento-y-resortes-reactivos-para-equipos-no-gk\/","title":{"rendered":"Resortes de aislamiento y resortes reactivos para equipos no GK"},"content":{"rendered":"<p>GK ofrece muchos tipos diferentes de resortes reactivos y de aislamiento para sus equipos vibratorios. La siguiente es una descripci\u00f3n de los diferentes tipos de resortes que ofrece General Kinematics. Para obtener informaci\u00f3n sobre un resorte de reemplazo espec\u00edfico para su unidad vibratoria, s\u00edrvase tener a la mano la marca, la referencia del modelo, las dimensiones del resorte y el valor nominal del resorte cuando se ponga en contacto con GK.<\/p>\n<p>Cont\u00e1ctenos con las dimensiones y las cantidades espec\u00edficas para obtener una <a href=\"https:\/\/www.generalkinematics.com\/es\/24-7-365-repuestos-y-servicio-de-gk-siempre-alli-para-usted\/\">cotizaci\u00f3n<\/a>.<\/p>\n<table border=\"1\" width=\"700\" cellspacing=\"0\" cellpadding=\"0\" align=\"center\">\n<tbody>\n<tr>\n<td class=\"bodytext14\" align=\"left\" valign=\"top\" bgcolor=\"#D6D6D6\" width=\"138\"><strong>Tipo<\/strong><\/td>\n<td class=\"bodytext14\" align=\"left\" valign=\"top\" bgcolor=\"#D6D6D6\" width=\"140\"><strong>Descripci\u00f3n<\/strong><\/td>\n<td class=\"bodytext14\" align=\"left\" valign=\"top\" bgcolor=\"#D6D6D6\" width=\"115\"><\/td>\n<\/tr>\n<tr class=\"bodytext\">\n<td align=\"left\" valign=\"top\">Resortes reactivos de bobina<\/td>\n<td align=\"left\" valign=\"top\">Resorte de bobina montado en el bucle de doble anilla se usa entre el excitador y el cuerpo de la m\u00e1quina en el equipo vibratorio.<\/td>\n<td align=\"center\" valign=\"top\"><img decoding=\"async\" src=\"https:\/\/www.generalkinematics.com\/wp-content\/uploads\/images\/gkparts\/coil_reactor_spring.jpg\" alt=\"Resorte reactivo de bobina para equipo vibratorio\" width=\"80\" height=\"111\" data-pin-nopin=\"true\" \/><\/td>\n<\/tr>\n<tr class=\"bodytext\">\n<td align=\"left\" valign=\"top\">Resortes de transmisi\u00f3n de bobina<\/td>\n<td align=\"left\" valign=\"top\">Resorte de bobina montado en el bucle de doble anilla se usa entre el soporte de la transmisi\u00f3n y el brazo exc\u00e9ntrico de las transmisiones de los equipos vibratorios.<\/td>\n<td align=\"center\" valign=\"top\"><img decoding=\"async\" src=\"https:\/\/www.generalkinematics.com\/wp-content\/uploads\/images\/gkparts\/coil_drive_spring.jpg\" alt=\"Resorte de transmisi\u00f3n de bobina para equipo vibratorio\" width=\"80\" height=\"111\" \/><\/td>\n<\/tr>\n<tr class=\"bodytext\">\n<td align=\"left\" valign=\"top\">Resortes de aislamiento de bobina<\/td>\n<td align=\"left\" valign=\"top\">Resorte de bobina usado entre el equipo de acero de soporte y el equipo vibratorio para aislar la transmisi\u00f3n de la vibraci\u00f3n al suelo. Disponible en bucle de doble anilla o de montaje plano est\u00e1ndar, seg\u00fan su m\u00e1quina y aplicaci\u00f3n.<\/td>\n<td align=\"center\" valign=\"top\"><img decoding=\"async\" src=\"https:\/\/www.generalkinematics.com\/wp-content\/uploads\/images\/gkparts\/coil_isolation_spring.jpg\" alt=\"Resorte de aislamiento de bobina para equipo vibratorio\" width=\"80\" height=\"111\" data-pin-nopin=\"true\" \/><\/td>\n<\/tr>\n<tr class=\"bodytext\">\n<td align=\"left\" valign=\"top\">Resortes \u201cMarshmellow\u201d de caucho<\/td>\n<td align=\"left\" valign=\"top\">Resortes de caucho usados entre el equipo de acero de soporte y el equipo vibratorio para aislar la transmisi\u00f3n de la vibraci\u00f3n al suelo. Disponibles en varios tama\u00f1os y rigideces el\u00e1sticas seg\u00fan su aplicaci\u00f3n.<\/td>\n<td align=\"center\" valign=\"top\"><img decoding=\"async\" src=\"https:\/\/www.generalkinematics.com\/wp-content\/uploads\/images\/gkparts\/rubber_isolation_spring.jpg\" alt=\"Resorte de aislamiento de caucho para equipo vibratorio\" width=\"80\" height=\"111\" data-pin-nopin=\"true\" \/><\/td>\n<\/tr>\n<\/tbody>\n<\/table>\n","protected":false},"excerpt":{"rendered":"<p>GK ofrece muchos tipos diferentes de resortes reactivos y de aislamiento para sus equipos vibratorios. La siguiente es una descripci\u00f3n de los diferentes tipos de resortes que ofrece General Kinematics. Para obtener informaci\u00f3n sobre un resorte de reemplazo espec\u00edfico para su unidad vibratoria, s\u00edrvase tener a la mano la marca, la referencia del modelo, las [&hellip;]<\/p>\n","protected":false},"featured_media":27340,"comment_status":"closed","ping_status":"closed","template":"","meta":{"_acf_changed":false,"om_disable_all_campaigns":false,"ep_exclude_from_search":false},"product_brand":[],"product_cat":[1826],"product_tag":[],"class_list":{"0":"post-40063","1":"product","2":"type-product","3":"status-publish","4":"has-post-thumbnail","6":"product_cat-equipo-no-gk","8":"first","9":"instock","10":"taxable","11":"shipping-taxable","12":"product-type-simple"},"acf":[],"yoast_head":"<!-- This site is optimized with the Yoast SEO plugin v27.2 - https:\/\/yoast.com\/product\/yoast-seo-wordpress\/ -->\n<title>Resortes de aislamiento y resortes reactivos para equipos no GK | General Kinematics<\/title>\n<meta name=\"robots\" content=\"index, follow, max-snippet:-1, max-image-preview:large, max-video-preview:-1\" \/>\n<link rel=\"canonical\" href=\"https:\/\/www.generalkinematics.com\/es\/producto\/resortes-de-aislamiento-y-resortes-reactivos-para-equipos-no-gk\/\" \/>\n<meta property=\"og:locale\" content=\"es_ES\" \/>\n<meta property=\"og:type\" content=\"article\" \/>\n<meta property=\"og:title\" content=\"Resortes de aislamiento y resortes reactivos para equipos no GK | General Kinematics\" \/>\n<meta property=\"og:description\" content=\"GK ofrece muchos tipos diferentes de resortes reactivos y de aislamiento para sus equipos vibratorios. La siguiente es una descripci\u00f3n de los diferentes tipos de resortes que ofrece General Kinematics. Para obtener informaci\u00f3n sobre un resorte de reemplazo espec\u00edfico para su unidad vibratoria, s\u00edrvase tener a la mano la marca, la referencia del modelo, las [&hellip;]\" \/>\n<meta property=\"og:url\" content=\"https:\/\/www.generalkinematics.com\/es\/producto\/resortes-de-aislamiento-y-resortes-reactivos-para-equipos-no-gk\/\" \/>\n<meta property=\"og:site_name\" content=\"General Kinematics\" \/>\n<meta property=\"article:publisher\" content=\"https:\/\/www.facebook.com\/generalkinematics\" \/>\n<meta property=\"article:modified_time\" content=\"2018-08-31T04:44:09+00:00\" \/>\n<meta property=\"og:image\" content=\"https:\/\/www.generalkinematics.com\/wp-content\/uploads\/2015\/12\/springs.png\" \/>\n\t<meta property=\"og:image:width\" content=\"400\" \/>\n\t<meta property=\"og:image:height\" content=\"400\" \/>\n\t<meta property=\"og:image:type\" content=\"image\/jpeg\" \/>\n<meta name=\"twitter:card\" content=\"summary_large_image\" \/>\n<meta name=\"twitter:site\" content=\"@gkvibrating\" \/>\n<meta name=\"twitter:label1\" content=\"Tiempo de lectura\" \/>\n\t<meta name=\"twitter:data1\" content=\"1 minuto\" \/>\n<!-- \/ Yoast SEO plugin. -->","yoast_head_json":{"title":"Resortes de aislamiento y resortes reactivos para equipos no GK | General Kinematics","robots":{"index":"index","follow":"follow","max-snippet":"max-snippet:-1","max-image-preview":"max-image-preview:large","max-video-preview":"max-video-preview:-1"},"canonical":"https:\/\/www.generalkinematics.com\/es\/producto\/resortes-de-aislamiento-y-resortes-reactivos-para-equipos-no-gk\/","og_locale":"es_ES","og_type":"article","og_title":"Resortes de aislamiento y resortes reactivos para equipos no GK | General Kinematics","og_description":"GK ofrece muchos tipos diferentes de resortes reactivos y de aislamiento para sus equipos vibratorios. La siguiente es una descripci\u00f3n de los diferentes tipos de resortes que ofrece General Kinematics. Para obtener informaci\u00f3n sobre un resorte de reemplazo espec\u00edfico para su unidad vibratoria, s\u00edrvase tener a la mano la marca, la referencia del modelo, las [&hellip;]","og_url":"https:\/\/www.generalkinematics.com\/es\/producto\/resortes-de-aislamiento-y-resortes-reactivos-para-equipos-no-gk\/","og_site_name":"General Kinematics","article_publisher":"https:\/\/www.facebook.com\/generalkinematics","article_modified_time":"2018-08-31T04:44:09+00:00","og_image":[{"width":400,"height":400,"url":"https:\/\/www.generalkinematics.com\/wp-content\/uploads\/2015\/12\/springs.png","type":"image\/jpeg"}],"twitter_card":"summary_large_image","twitter_site":"@gkvibrating","twitter_misc":{"Tiempo de lectura":"1 minuto"},"schema":{"@context":"https:\/\/schema.org","@graph":[{"@type":"WebPage","@id":"https:\/\/www.generalkinematics.com\/es\/producto\/resortes-de-aislamiento-y-resortes-reactivos-para-equipos-no-gk\/","url":"https:\/\/www.generalkinematics.com\/es\/producto\/resortes-de-aislamiento-y-resortes-reactivos-para-equipos-no-gk\/","name":"Resortes de aislamiento y resortes reactivos para equipos no GK | General Kinematics","isPartOf":{"@id":"https:\/\/www.generalkinematics.com\/es\/#website"},"primaryImageOfPage":{"@id":"https:\/\/www.generalkinematics.com\/es\/producto\/resortes-de-aislamiento-y-resortes-reactivos-para-equipos-no-gk\/#primaryimage"},"image":{"@id":"https:\/\/www.generalkinematics.com\/es\/producto\/resortes-de-aislamiento-y-resortes-reactivos-para-equipos-no-gk\/#primaryimage"},"thumbnailUrl":"https:\/\/media.generalkinematics.com\/wp-content\/uploads\/2015\/12\/springs.png","datePublished":"2015-12-14T17:52:08+00:00","dateModified":"2018-08-31T04:44:09+00:00","breadcrumb":{"@id":"https:\/\/www.generalkinematics.com\/es\/producto\/resortes-de-aislamiento-y-resortes-reactivos-para-equipos-no-gk\/#breadcrumb"},"inLanguage":"es","potentialAction":[{"@type":"ReadAction","target":["https:\/\/www.generalkinematics.com\/es\/producto\/resortes-de-aislamiento-y-resortes-reactivos-para-equipos-no-gk\/"]}]},{"@type":"ImageObject","inLanguage":"es","@id":"https:\/\/www.generalkinematics.com\/es\/producto\/resortes-de-aislamiento-y-resortes-reactivos-para-equipos-no-gk\/#primaryimage","url":"https:\/\/media.generalkinematics.com\/wp-content\/uploads\/2015\/12\/springs.png","contentUrl":"https:\/\/media.generalkinematics.com\/wp-content\/uploads\/2015\/12\/springs.png","width":400,"height":400,"caption":"general-kinematics-spring"},{"@type":"BreadcrumbList","@id":"https:\/\/www.generalkinematics.com\/es\/producto\/resortes-de-aislamiento-y-resortes-reactivos-para-equipos-no-gk\/#breadcrumb","itemListElement":[{"@type":"ListItem","position":1,"name":"GK Home","item":"https:\/\/www.generalkinematics.com\/es\/"},{"@type":"ListItem","position":2,"name":"Shop","item":"https:\/\/www.generalkinematics.com\/shop\/"},{"@type":"ListItem","position":3,"name":"Resortes de aislamiento y resortes reactivos para equipos no GK"}]},{"@type":"WebSite","@id":"https:\/\/www.generalkinematics.com\/es\/#website","url":"https:\/\/www.generalkinematics.com\/es\/","name":"General Kinematics","description":"","publisher":{"@id":"https:\/\/www.generalkinematics.com\/es\/#organization"},"potentialAction":[{"@type":"SearchAction","target":{"@type":"EntryPoint","urlTemplate":"https:\/\/www.generalkinematics.com\/es\/?s={search_term_string}"},"query-input":{"@type":"PropertyValueSpecification","valueRequired":true,"valueName":"search_term_string"}}],"inLanguage":"es"},{"@type":"Organization","@id":"https:\/\/www.generalkinematics.com\/es\/#organization","name":"General Kinematics","url":"https:\/\/www.generalkinematics.com\/es\/","logo":{"@type":"ImageObject","inLanguage":"es","@id":"https:\/\/www.generalkinematics.com\/es\/#\/schema\/logo\/image\/","url":"https:\/\/media.generalkinematics.com\/wp-content\/uploads\/2018\/03\/logo.png","contentUrl":"https:\/\/media.generalkinematics.com\/wp-content\/uploads\/2018\/03\/logo.png","width":313,"height":100,"caption":"General Kinematics"},"image":{"@id":"https:\/\/www.generalkinematics.com\/es\/#\/schema\/logo\/image\/"},"sameAs":["https:\/\/www.facebook.com\/generalkinematics","https:\/\/x.com\/gkvibrating"]}]}},"_links":{"self":[{"href":"https:\/\/www.generalkinematics.com\/es\/wp-json\/wp\/v2\/product\/40063","targetHints":{"allow":["GET"]}}],"collection":[{"href":"https:\/\/www.generalkinematics.com\/es\/wp-json\/wp\/v2\/product"}],"about":[{"href":"https:\/\/www.generalkinematics.com\/es\/wp-json\/wp\/v2\/types\/product"}],"replies":[{"embeddable":true,"href":"https:\/\/www.generalkinematics.com\/es\/wp-json\/wp\/v2\/comments?post=40063"}],"wp:featuredmedia":[{"embeddable":true,"href":"https:\/\/www.generalkinematics.com\/es\/wp-json\/wp\/v2\/media\/27340"}],"wp:attachment":[{"href":"https:\/\/www.generalkinematics.com\/es\/wp-json\/wp\/v2\/media?parent=40063"}],"wp:term":[{"taxonomy":"product_brand","embeddable":true,"href":"https:\/\/www.generalkinematics.com\/es\/wp-json\/wp\/v2\/product_brand?post=40063"},{"taxonomy":"product_cat","embeddable":true,"href":"https:\/\/www.generalkinematics.com\/es\/wp-json\/wp\/v2\/product_cat?post=40063"},{"taxonomy":"product_tag","embeddable":true,"href":"https:\/\/www.generalkinematics.com\/es\/wp-json\/wp\/v2\/product_tag?post=40063"}],"curies":[{"name":"wp","href":"https:\/\/api.w.org\/{rel}","templated":true}]}}