{"id":40074,"date":"2015-12-14T12:04:59","date_gmt":"2015-12-14T18:04:59","guid":{"rendered":"https:\/\/www.generalkinematics.com\/product\/seminarios-de-mantenimiento-vibratory-101\/"},"modified":"2019-10-01T15:40:08","modified_gmt":"2019-10-01T20:40:08","slug":"seminarios-de-mantenimiento-vibratory-101","status":"publish","type":"product","link":"https:\/\/www.generalkinematics.com\/es\/producto\/seminarios-de-mantenimiento-vibratory-101\/","title":{"rendered":"Seminarios de mantenimiento VIBRATORY 101\u2122"},"content":{"rendered":"<div id=\"wrapperHeader\">\u00a0El compromiso de General Kinematics con el \u00e9xito de nuestros clientes se mantiene incluso despu\u00e9s de la venta del equipo. GK ofrece a sus clientes una amplia variedad de cursos de capacitaci\u00f3n personalizados para satisfacer las necesidades de sus clientes. Con d\u00e9cadas de experiencia en el sector y actividades de campo, nuestros instructores est\u00e1n entre los especialistas m\u00e1s conocedores del mundo en equipos vibratorios. Inicie su capacitaci\u00f3n con nuestro seminario <strong>GRATUITO\u00a0VIBRATORY 101\u2122<\/strong> cuyo contenido es una introducci\u00f3n a la tecnolog\u00eda vibratoria dirigida a usted y su personal. El resultado de este curso es la comprensi\u00f3n s\u00f3lida de las bases de los equipos vibratorios que se utilizar\u00e1n para mejorar el trabajo de sus centros de operaci\u00f3n.<\/div>\n","protected":false},"excerpt":{"rendered":"<p>\u00a0El compromiso de General Kinematics con el \u00e9xito de nuestros clientes se mantiene incluso despu\u00e9s de la venta del equipo. GK ofrece a sus clientes una amplia variedad de cursos de capacitaci\u00f3n personalizados para satisfacer las necesidades de sus clientes. Con d\u00e9cadas de experiencia en el sector y actividades de campo, nuestros instructores est\u00e1n entre [&hellip;]<\/p>\n","protected":false},"featured_media":28148,"comment_status":"closed","ping_status":"closed","template":"","meta":{"_acf_changed":false,"om_disable_all_campaigns":false,"ep_exclude_from_search":false},"product_brand":[],"product_cat":[1824,1823],"product_tag":[],"class_list":{"0":"post-40074","1":"product","2":"type-product","3":"status-publish","4":"has-post-thumbnail","6":"product_cat-entrenamiento-vibratorio","7":"product_cat-seminario-gratuito","9":"first","10":"instock","11":"taxable","12":"shipping-taxable","13":"product-type-simple"},"acf":[],"yoast_head":"<!-- This site is optimized with the Yoast SEO plugin v27.2 - https:\/\/yoast.com\/product\/yoast-seo-wordpress\/ -->\n<title>Seminarios de mantenimiento VIBRATORY 101\u2122 | General Kinematics<\/title>\n<meta name=\"robots\" content=\"index, follow, max-snippet:-1, max-image-preview:large, max-video-preview:-1\" \/>\n<link rel=\"canonical\" href=\"https:\/\/www.generalkinematics.com\/es\/producto\/seminarios-de-mantenimiento-vibratory-101\/\" \/>\n<meta property=\"og:locale\" content=\"es_ES\" \/>\n<meta property=\"og:type\" content=\"article\" \/>\n<meta property=\"og:title\" content=\"Seminarios de mantenimiento VIBRATORY 101\u2122 | General Kinematics\" \/>\n<meta property=\"og:description\" content=\"\u00a0El compromiso de General Kinematics con el \u00e9xito de nuestros clientes se mantiene incluso despu\u00e9s de la venta del equipo. GK ofrece a sus clientes una amplia variedad de cursos de capacitaci\u00f3n personalizados para satisfacer las necesidades de sus clientes. Con d\u00e9cadas de experiencia en el sector y actividades de campo, nuestros instructores est\u00e1n entre [&hellip;]\" \/>\n<meta property=\"og:url\" content=\"https:\/\/www.generalkinematics.com\/es\/producto\/seminarios-de-mantenimiento-vibratory-101\/\" \/>\n<meta property=\"og:site_name\" content=\"General Kinematics\" \/>\n<meta property=\"article:publisher\" content=\"https:\/\/www.facebook.com\/generalkinematics\" \/>\n<meta property=\"article:modified_time\" content=\"2019-10-01T20:40:08+00:00\" \/>\n<meta property=\"og:image\" content=\"https:\/\/media.generalkinematics.com\/wp-content\/uploads\/2015\/12\/spring-square.png\" \/>\n\t<meta property=\"og:image:width\" content=\"680\" \/>\n\t<meta property=\"og:image:height\" content=\"680\" \/>\n\t<meta property=\"og:image:type\" content=\"image\/jpeg\" \/>\n<meta name=\"twitter:card\" content=\"summary_large_image\" \/>\n<meta name=\"twitter:site\" content=\"@gkvibrating\" \/>\n<meta name=\"twitter:label1\" content=\"Tiempo de lectura\" \/>\n\t<meta name=\"twitter:data1\" content=\"1 minuto\" \/>\n<!-- \/ Yoast SEO plugin. -->","yoast_head_json":{"title":"Seminarios de mantenimiento VIBRATORY 101\u2122 | General Kinematics","robots":{"index":"index","follow":"follow","max-snippet":"max-snippet:-1","max-image-preview":"max-image-preview:large","max-video-preview":"max-video-preview:-1"},"canonical":"https:\/\/www.generalkinematics.com\/es\/producto\/seminarios-de-mantenimiento-vibratory-101\/","og_locale":"es_ES","og_type":"article","og_title":"Seminarios de mantenimiento VIBRATORY 101\u2122 | General Kinematics","og_description":"\u00a0El compromiso de General Kinematics con el \u00e9xito de nuestros clientes se mantiene incluso despu\u00e9s de la venta del equipo. GK ofrece a sus clientes una amplia variedad de cursos de capacitaci\u00f3n personalizados para satisfacer las necesidades de sus clientes. Con d\u00e9cadas de experiencia en el sector y actividades de campo, nuestros instructores est\u00e1n entre [&hellip;]","og_url":"https:\/\/www.generalkinematics.com\/es\/producto\/seminarios-de-mantenimiento-vibratory-101\/","og_site_name":"General Kinematics","article_publisher":"https:\/\/www.facebook.com\/generalkinematics","article_modified_time":"2019-10-01T20:40:08+00:00","og_image":[{"width":680,"height":680,"url":"https:\/\/media.generalkinematics.com\/wp-content\/uploads\/2015\/12\/spring-square.png","type":"image\/jpeg"}],"twitter_card":"summary_large_image","twitter_site":"@gkvibrating","twitter_misc":{"Tiempo de lectura":"1 minuto"},"schema":{"@context":"https:\/\/schema.org","@graph":[{"@type":"WebPage","@id":"https:\/\/www.generalkinematics.com\/es\/producto\/seminarios-de-mantenimiento-vibratory-101\/","url":"https:\/\/www.generalkinematics.com\/es\/producto\/seminarios-de-mantenimiento-vibratory-101\/","name":"Seminarios de mantenimiento VIBRATORY 101\u2122 | General Kinematics","isPartOf":{"@id":"https:\/\/www.generalkinematics.com\/es\/#website"},"primaryImageOfPage":{"@id":"https:\/\/www.generalkinematics.com\/es\/producto\/seminarios-de-mantenimiento-vibratory-101\/#primaryimage"},"image":{"@id":"https:\/\/www.generalkinematics.com\/es\/producto\/seminarios-de-mantenimiento-vibratory-101\/#primaryimage"},"thumbnailUrl":"https:\/\/media.generalkinematics.com\/wp-content\/uploads\/2015\/07\/IMG_8058small.jpg","datePublished":"2015-12-14T18:04:59+00:00","dateModified":"2019-10-01T20:40:08+00:00","breadcrumb":{"@id":"https:\/\/www.generalkinematics.com\/es\/producto\/seminarios-de-mantenimiento-vibratory-101\/#breadcrumb"},"inLanguage":"es","potentialAction":[{"@type":"ReadAction","target":["https:\/\/www.generalkinematics.com\/es\/producto\/seminarios-de-mantenimiento-vibratory-101\/"]}]},{"@type":"ImageObject","inLanguage":"es","@id":"https:\/\/www.generalkinematics.com\/es\/producto\/seminarios-de-mantenimiento-vibratory-101\/#primaryimage","url":"https:\/\/media.generalkinematics.com\/wp-content\/uploads\/2015\/07\/IMG_8058small.jpg","contentUrl":"https:\/\/media.generalkinematics.com\/wp-content\/uploads\/2015\/07\/IMG_8058small.jpg","width":1200,"height":800},{"@type":"BreadcrumbList","@id":"https:\/\/www.generalkinematics.com\/es\/producto\/seminarios-de-mantenimiento-vibratory-101\/#breadcrumb","itemListElement":[{"@type":"ListItem","position":1,"name":"GK Home","item":"https:\/\/www.generalkinematics.com\/es\/"},{"@type":"ListItem","position":2,"name":"Shop","item":"https:\/\/www.generalkinematics.com\/shop\/"},{"@type":"ListItem","position":3,"name":"Seminarios de mantenimiento VIBRATORY 101\u2122"}]},{"@type":"WebSite","@id":"https:\/\/www.generalkinematics.com\/es\/#website","url":"https:\/\/www.generalkinematics.com\/es\/","name":"General Kinematics","description":"","publisher":{"@id":"https:\/\/www.generalkinematics.com\/es\/#organization"},"potentialAction":[{"@type":"SearchAction","target":{"@type":"EntryPoint","urlTemplate":"https:\/\/www.generalkinematics.com\/es\/?s={search_term_string}"},"query-input":{"@type":"PropertyValueSpecification","valueRequired":true,"valueName":"search_term_string"}}],"inLanguage":"es"},{"@type":"Organization","@id":"https:\/\/www.generalkinematics.com\/es\/#organization","name":"General Kinematics","url":"https:\/\/www.generalkinematics.com\/es\/","logo":{"@type":"ImageObject","inLanguage":"es","@id":"https:\/\/www.generalkinematics.com\/es\/#\/schema\/logo\/image\/","url":"https:\/\/media.generalkinematics.com\/wp-content\/uploads\/2018\/03\/logo.png","contentUrl":"https:\/\/media.generalkinematics.com\/wp-content\/uploads\/2018\/03\/logo.png","width":313,"height":100,"caption":"General Kinematics"},"image":{"@id":"https:\/\/www.generalkinematics.com\/es\/#\/schema\/logo\/image\/"},"sameAs":["https:\/\/www.facebook.com\/generalkinematics","https:\/\/x.com\/gkvibrating"]}]}},"_links":{"self":[{"href":"https:\/\/www.generalkinematics.com\/es\/wp-json\/wp\/v2\/product\/40074","targetHints":{"allow":["GET"]}}],"collection":[{"href":"https:\/\/www.generalkinematics.com\/es\/wp-json\/wp\/v2\/product"}],"about":[{"href":"https:\/\/www.generalkinematics.com\/es\/wp-json\/wp\/v2\/types\/product"}],"replies":[{"embeddable":true,"href":"https:\/\/www.generalkinematics.com\/es\/wp-json\/wp\/v2\/comments?post=40074"}],"wp:featuredmedia":[{"embeddable":true,"href":"https:\/\/www.generalkinematics.com\/es\/wp-json\/wp\/v2\/media\/28148"}],"wp:attachment":[{"href":"https:\/\/www.generalkinematics.com\/es\/wp-json\/wp\/v2\/media?parent=40074"}],"wp:term":[{"taxonomy":"product_brand","embeddable":true,"href":"https:\/\/www.generalkinematics.com\/es\/wp-json\/wp\/v2\/product_brand?post=40074"},{"taxonomy":"product_cat","embeddable":true,"href":"https:\/\/www.generalkinematics.com\/es\/wp-json\/wp\/v2\/product_cat?post=40074"},{"taxonomy":"product_tag","embeddable":true,"href":"https:\/\/www.generalkinematics.com\/es\/wp-json\/wp\/v2\/product_tag?post=40074"}],"curies":[{"name":"wp","href":"https:\/\/api.w.org\/{rel}","templated":true}]}}