{"id":40105,"date":"2015-12-14T12:07:32","date_gmt":"2015-12-14T18:07:32","guid":{"rendered":"https:\/\/www.generalkinematics.com\/product\/seminarios-de-mantenimiento-de-equipos\/"},"modified":"2018-08-30T23:15:16","modified_gmt":"2018-08-31T04:15:16","slug":"seminarios-de-mantenimiento-de-equipos","status":"publish","type":"product","link":"https:\/\/www.generalkinematics.com\/es\/producto\/seminarios-de-mantenimiento-de-equipos\/","title":{"rendered":"Seminarios de mantenimiento de equipos"},"content":{"rendered":"<p>Si quiere conocer de primera mano la mejor forma de mantener sus equipos vibratorios, el seminario de mantenimiento de equipos vibratorios de General Kinematics es la opci\u00f3n a escoger. Este curso de capacitaci\u00f3n in situ le ense\u00f1ar\u00e1 a su personal de mantenimiento la forma id\u00f3nea para mantener sus equipos vibratorios. Los temas cubiertos por lo general incluyen:<\/p>\n<ul>\n<li>Capacitaci\u00f3n impartida en su sede (tambi\u00e9n puede combinarse con una inspecci\u00f3n pagada)<\/li>\n<li>Gu\u00edas\/procedimientos para el mantenimiento adecuado<\/li>\n<li>Formas para detectar y reparar problemas asociados con su equipo<\/li>\n<li>Capacitaci\u00f3n de operarios<\/li>\n<li>Inspecci\u00f3n\/soluci\u00f3n de problemas de equipos vibratorios no GK<\/li>\n<li>Teor\u00eda b\u00e1sica de los conceptos vibratorios y c\u00f3mo se relaciona con los equipos vibratorios de su instalaci\u00f3n<\/li>\n<\/ul>\n<p>Cada presentaci\u00f3n de capacitaci\u00f3n in situ se elabora conforme a las necesidades de su instalaci\u00f3n. Como parte de nuestra visita y para personalizar nuestra presentaci\u00f3n, hacemos un estudio de sus equipos instalados, de los informes de inspecci\u00f3n actuales y pasadas y abordamos los temas espec\u00edficos que puedan preocuparle.<\/p>\n<p><em><span style=\"text-decoration: underline;\">Los mejores t\u00e9cnicos del sector<\/span><\/em><\/p>\n<p>La prioridad principal de General Kinematics es garantizar que nuestra maquinaria cumpla con las expectativas de nuestros clientes. Todos nuestros representantes de servicios de campo poseen cualificaciones \u00fanicas para la prestaci\u00f3n de servicios de asistencia t\u00e9cnica para sus equipos vibratorios y rotatorios. Todo el equipo del \u00e1rea de servicio t\u00e9cnico de GK recibe constantemente capacitaci\u00f3n especializada en:<\/p>\n<ul>\n<li>Teor\u00eda de la vibraci\u00f3n<\/li>\n<li>Sincronizaci\u00f3n de m\u00e1quinas<\/li>\n<li>An\u00e1lisis de fallas<\/li>\n<li>Salud y seguridad<\/li>\n<li>Asistencia para la modificaci\u00f3n de equipos vibratorios<\/li>\n<li>Inspecci\u00f3n an\u00e1lisis de vibraci\u00f3n<\/li>\n<\/ul>\n","protected":false},"excerpt":{"rendered":"<p>Si quiere conocer de primera mano la mejor forma de mantener sus equipos vibratorios, el seminario de mantenimiento de equipos vibratorios de General Kinematics es la opci\u00f3n a escoger. Este curso de capacitaci\u00f3n in situ le ense\u00f1ar\u00e1 a su personal de mantenimiento la forma id\u00f3nea para mantener sus equipos vibratorios. Los temas cubiertos por lo [&hellip;]<\/p>\n","protected":false},"featured_media":28184,"comment_status":"closed","ping_status":"closed","template":"","meta":{"_acf_changed":false,"om_disable_all_campaigns":false,"ep_exclude_from_search":false},"product_brand":[],"product_cat":[1824],"product_tag":[],"class_list":{"0":"post-40105","1":"product","2":"type-product","3":"status-publish","4":"has-post-thumbnail","6":"product_cat-entrenamiento-vibratorio","8":"first","9":"instock","10":"taxable","11":"shipping-taxable","12":"product-type-simple"},"acf":[],"yoast_head":"<!-- This site is optimized with the Yoast SEO plugin v27.2 - https:\/\/yoast.com\/product\/yoast-seo-wordpress\/ -->\n<title>Seminarios de mantenimiento de equipos | General Kinematics<\/title>\n<meta name=\"robots\" content=\"index, follow, max-snippet:-1, max-image-preview:large, max-video-preview:-1\" \/>\n<link rel=\"canonical\" href=\"https:\/\/www.generalkinematics.com\/es\/producto\/seminarios-de-mantenimiento-de-equipos\/\" \/>\n<meta property=\"og:locale\" content=\"es_ES\" \/>\n<meta property=\"og:type\" content=\"article\" \/>\n<meta property=\"og:title\" content=\"Seminarios de mantenimiento de equipos | General Kinematics\" \/>\n<meta property=\"og:description\" content=\"Si quiere conocer de primera mano la mejor forma de mantener sus equipos vibratorios, el seminario de mantenimiento de equipos vibratorios de General Kinematics es la opci\u00f3n a escoger. Este curso de capacitaci\u00f3n in situ le ense\u00f1ar\u00e1 a su personal de mantenimiento la forma id\u00f3nea para mantener sus equipos vibratorios. Los temas cubiertos por lo [&hellip;]\" \/>\n<meta property=\"og:url\" content=\"https:\/\/www.generalkinematics.com\/es\/producto\/seminarios-de-mantenimiento-de-equipos\/\" \/>\n<meta property=\"og:site_name\" content=\"General Kinematics\" \/>\n<meta property=\"article:publisher\" content=\"https:\/\/www.facebook.com\/generalkinematics\" \/>\n<meta property=\"article:modified_time\" content=\"2018-08-31T04:15:16+00:00\" \/>\n<meta property=\"og:image\" content=\"https:\/\/media.generalkinematics.com\/wp-content\/uploads\/2015\/07\/Jeff-Simpson-instructs-in-2012-003.jpg\" \/>\n\t<meta property=\"og:image:width\" content=\"3264\" \/>\n\t<meta property=\"og:image:height\" content=\"2448\" \/>\n\t<meta property=\"og:image:type\" content=\"image\/jpeg\" \/>\n<meta name=\"twitter:card\" content=\"summary_large_image\" \/>\n<meta name=\"twitter:site\" content=\"@gkvibrating\" \/>\n<meta name=\"twitter:label1\" content=\"Tiempo de lectura\" \/>\n\t<meta name=\"twitter:data1\" content=\"1 minuto\" \/>\n<!-- \/ Yoast SEO plugin. -->","yoast_head_json":{"title":"Seminarios de mantenimiento de equipos | General Kinematics","robots":{"index":"index","follow":"follow","max-snippet":"max-snippet:-1","max-image-preview":"max-image-preview:large","max-video-preview":"max-video-preview:-1"},"canonical":"https:\/\/www.generalkinematics.com\/es\/producto\/seminarios-de-mantenimiento-de-equipos\/","og_locale":"es_ES","og_type":"article","og_title":"Seminarios de mantenimiento de equipos | General Kinematics","og_description":"Si quiere conocer de primera mano la mejor forma de mantener sus equipos vibratorios, el seminario de mantenimiento de equipos vibratorios de General Kinematics es la opci\u00f3n a escoger. Este curso de capacitaci\u00f3n in situ le ense\u00f1ar\u00e1 a su personal de mantenimiento la forma id\u00f3nea para mantener sus equipos vibratorios. Los temas cubiertos por lo [&hellip;]","og_url":"https:\/\/www.generalkinematics.com\/es\/producto\/seminarios-de-mantenimiento-de-equipos\/","og_site_name":"General Kinematics","article_publisher":"https:\/\/www.facebook.com\/generalkinematics","article_modified_time":"2018-08-31T04:15:16+00:00","og_image":[{"width":3264,"height":2448,"url":"https:\/\/media.generalkinematics.com\/wp-content\/uploads\/2015\/07\/Jeff-Simpson-instructs-in-2012-003.jpg","type":"image\/jpeg"}],"twitter_card":"summary_large_image","twitter_site":"@gkvibrating","twitter_misc":{"Tiempo de lectura":"1 minuto"},"schema":{"@context":"https:\/\/schema.org","@graph":[{"@type":"WebPage","@id":"https:\/\/www.generalkinematics.com\/es\/producto\/seminarios-de-mantenimiento-de-equipos\/","url":"https:\/\/www.generalkinematics.com\/es\/producto\/seminarios-de-mantenimiento-de-equipos\/","name":"Seminarios de mantenimiento de equipos | General Kinematics","isPartOf":{"@id":"https:\/\/www.generalkinematics.com\/es\/#website"},"primaryImageOfPage":{"@id":"https:\/\/www.generalkinematics.com\/es\/producto\/seminarios-de-mantenimiento-de-equipos\/#primaryimage"},"image":{"@id":"https:\/\/www.generalkinematics.com\/es\/producto\/seminarios-de-mantenimiento-de-equipos\/#primaryimage"},"thumbnailUrl":"https:\/\/media.generalkinematics.com\/wp-content\/uploads\/2015\/07\/Jeff-Simpson-instructs-in-2012-003.jpg","datePublished":"2015-12-14T18:07:32+00:00","dateModified":"2018-08-31T04:15:16+00:00","breadcrumb":{"@id":"https:\/\/www.generalkinematics.com\/es\/producto\/seminarios-de-mantenimiento-de-equipos\/#breadcrumb"},"inLanguage":"es","potentialAction":[{"@type":"ReadAction","target":["https:\/\/www.generalkinematics.com\/es\/producto\/seminarios-de-mantenimiento-de-equipos\/"]}]},{"@type":"ImageObject","inLanguage":"es","@id":"https:\/\/www.generalkinematics.com\/es\/producto\/seminarios-de-mantenimiento-de-equipos\/#primaryimage","url":"https:\/\/media.generalkinematics.com\/wp-content\/uploads\/2015\/07\/Jeff-Simpson-instructs-in-2012-003.jpg","contentUrl":"https:\/\/media.generalkinematics.com\/wp-content\/uploads\/2015\/07\/Jeff-Simpson-instructs-in-2012-003.jpg","width":2500,"height":1875,"caption":"general-kinematics-vib-101"},{"@type":"BreadcrumbList","@id":"https:\/\/www.generalkinematics.com\/es\/producto\/seminarios-de-mantenimiento-de-equipos\/#breadcrumb","itemListElement":[{"@type":"ListItem","position":1,"name":"GK Home","item":"https:\/\/www.generalkinematics.com\/es\/"},{"@type":"ListItem","position":2,"name":"Shop","item":"https:\/\/www.generalkinematics.com\/shop\/"},{"@type":"ListItem","position":3,"name":"Seminarios de mantenimiento de equipos"}]},{"@type":"WebSite","@id":"https:\/\/www.generalkinematics.com\/es\/#website","url":"https:\/\/www.generalkinematics.com\/es\/","name":"General Kinematics","description":"","publisher":{"@id":"https:\/\/www.generalkinematics.com\/es\/#organization"},"potentialAction":[{"@type":"SearchAction","target":{"@type":"EntryPoint","urlTemplate":"https:\/\/www.generalkinematics.com\/es\/?s={search_term_string}"},"query-input":{"@type":"PropertyValueSpecification","valueRequired":true,"valueName":"search_term_string"}}],"inLanguage":"es"},{"@type":"Organization","@id":"https:\/\/www.generalkinematics.com\/es\/#organization","name":"General Kinematics","url":"https:\/\/www.generalkinematics.com\/es\/","logo":{"@type":"ImageObject","inLanguage":"es","@id":"https:\/\/www.generalkinematics.com\/es\/#\/schema\/logo\/image\/","url":"https:\/\/media.generalkinematics.com\/wp-content\/uploads\/2018\/03\/logo.png","contentUrl":"https:\/\/media.generalkinematics.com\/wp-content\/uploads\/2018\/03\/logo.png","width":313,"height":100,"caption":"General Kinematics"},"image":{"@id":"https:\/\/www.generalkinematics.com\/es\/#\/schema\/logo\/image\/"},"sameAs":["https:\/\/www.facebook.com\/generalkinematics","https:\/\/x.com\/gkvibrating"]}]}},"_links":{"self":[{"href":"https:\/\/www.generalkinematics.com\/es\/wp-json\/wp\/v2\/product\/40105","targetHints":{"allow":["GET"]}}],"collection":[{"href":"https:\/\/www.generalkinematics.com\/es\/wp-json\/wp\/v2\/product"}],"about":[{"href":"https:\/\/www.generalkinematics.com\/es\/wp-json\/wp\/v2\/types\/product"}],"replies":[{"embeddable":true,"href":"https:\/\/www.generalkinematics.com\/es\/wp-json\/wp\/v2\/comments?post=40105"}],"wp:featuredmedia":[{"embeddable":true,"href":"https:\/\/www.generalkinematics.com\/es\/wp-json\/wp\/v2\/media\/28184"}],"wp:attachment":[{"href":"https:\/\/www.generalkinematics.com\/es\/wp-json\/wp\/v2\/media?parent=40105"}],"wp:term":[{"taxonomy":"product_brand","embeddable":true,"href":"https:\/\/www.generalkinematics.com\/es\/wp-json\/wp\/v2\/product_brand?post=40105"},{"taxonomy":"product_cat","embeddable":true,"href":"https:\/\/www.generalkinematics.com\/es\/wp-json\/wp\/v2\/product_cat?post=40105"},{"taxonomy":"product_tag","embeddable":true,"href":"https:\/\/www.generalkinematics.com\/es\/wp-json\/wp\/v2\/product_tag?post=40105"}],"curies":[{"name":"wp","href":"https:\/\/api.w.org\/{rel}","templated":true}]}}