{"id":40116,"date":"2015-12-14T12:18:05","date_gmt":"2015-12-14T18:18:05","guid":{"rendered":"https:\/\/www.generalkinematics.com\/product\/servicios-de-asesoria-para-administracion-de-proyectos-instalacion-in-situ-reparacion\/"},"modified":"2018-08-30T23:12:59","modified_gmt":"2018-08-31T04:12:59","slug":"instalacion-in-situ","status":"publish","type":"product","link":"https:\/\/www.generalkinematics.com\/es\/producto\/instalacion-in-situ\/","title":{"rendered":"Servicios de asesor\u00eda para Administraci\u00f3n de proyectos\/Instalaci\u00f3n in situ\/Reparaci\u00f3n"},"content":{"rendered":"<p>\u00bfHa pedido un sistema pero no sabe c\u00f3mo instalarlo? \u00bfNecesita un especialista capacitado para acondicionar o instalar una nueva m\u00e1quina? Deje en manos de GK la supervisi\u00f3n de la instalaci\u00f3n y puesta en servicio de su pr\u00f3ximo proyecto de bienes de capital. Los t\u00e9cnicos de servicio de campo de GK saben m\u00e1s que tecnolog\u00eda vibratoria, tienen a\u00f1os de experiencia pr\u00e1ctica en la instalaci\u00f3n de m\u00e1quinas, construcci\u00f3n de instalaciones y puesta en marcha de sistemas. Adem\u00e1s, usted tiene la seguridad de que su inversi\u00f3n ser\u00e1 instalada y utilizada correctamente desde el inicio. <a href=\"https:\/\/www.generalkinematics.com\/es\/24-7-365-repuestos-y-servicio-de-gk-siempre-alli-para-usted\/\">Cont\u00e1ctenos para solicitar m\u00e1s informaci\u00f3n o una cotizaci\u00f3n.<\/a><\/p>\n","protected":false},"excerpt":{"rendered":"<p>\u00bfHa pedido un sistema pero no sabe c\u00f3mo instalarlo? \u00bfNecesita un especialista capacitado para acondicionar o instalar una nueva m\u00e1quina? Deje en manos de GK la supervisi\u00f3n de la instalaci\u00f3n y puesta en servicio de su pr\u00f3ximo proyecto de bienes de capital. Los t\u00e9cnicos de servicio de campo de GK saben m\u00e1s que tecnolog\u00eda vibratoria, [&hellip;]<\/p>\n","protected":false},"featured_media":28128,"comment_status":"closed","ping_status":"closed","template":"","meta":{"_acf_changed":false,"om_disable_all_campaigns":false,"ep_exclude_from_search":false},"product_brand":[],"product_cat":[1824,1822],"product_tag":[],"class_list":{"0":"post-40116","1":"product","2":"type-product","3":"status-publish","4":"has-post-thumbnail","6":"product_cat-entrenamiento-vibratorio","7":"product_cat-servicio-de-campo-principal-de-gk","9":"first","10":"instock","11":"taxable","12":"shipping-taxable","13":"product-type-simple"},"acf":[],"yoast_head":"<!-- This site is optimized with the Yoast SEO plugin v27.2 - https:\/\/yoast.com\/product\/yoast-seo-wordpress\/ -->\n<title>Servicios de asesor\u00eda para Administraci\u00f3n de proyectos\/Instalaci\u00f3n in situ\/Reparaci\u00f3n | General Kinematics<\/title>\n<meta name=\"robots\" content=\"index, follow, max-snippet:-1, max-image-preview:large, max-video-preview:-1\" \/>\n<link rel=\"canonical\" href=\"https:\/\/www.generalkinematics.com\/es\/producto\/instalacion-in-situ\/\" \/>\n<meta property=\"og:locale\" content=\"es_ES\" \/>\n<meta property=\"og:type\" content=\"article\" \/>\n<meta property=\"og:title\" content=\"Servicios de asesor\u00eda para Administraci\u00f3n de proyectos\/Instalaci\u00f3n in situ\/Reparaci\u00f3n | General Kinematics\" \/>\n<meta property=\"og:description\" content=\"\u00bfHa pedido un sistema pero no sabe c\u00f3mo instalarlo? \u00bfNecesita un especialista capacitado para acondicionar o instalar una nueva m\u00e1quina? Deje en manos de GK la supervisi\u00f3n de la instalaci\u00f3n y puesta en servicio de su pr\u00f3ximo proyecto de bienes de capital. Los t\u00e9cnicos de servicio de campo de GK saben m\u00e1s que tecnolog\u00eda vibratoria, [&hellip;]\" \/>\n<meta property=\"og:url\" content=\"https:\/\/www.generalkinematics.com\/es\/producto\/instalacion-in-situ\/\" \/>\n<meta property=\"og:site_name\" content=\"General Kinematics\" \/>\n<meta property=\"article:publisher\" content=\"https:\/\/www.facebook.com\/generalkinematics\" \/>\n<meta property=\"article:modified_time\" content=\"2018-08-31T04:12:59+00:00\" \/>\n<meta property=\"og:image\" content=\"https:\/\/media.generalkinematics.com\/wp-content\/uploads\/2015\/07\/IMG_5038.jpg\" \/>\n\t<meta property=\"og:image:width\" content=\"3264\" \/>\n\t<meta property=\"og:image:height\" content=\"2448\" \/>\n\t<meta property=\"og:image:type\" content=\"image\/jpeg\" \/>\n<meta name=\"twitter:card\" content=\"summary_large_image\" \/>\n<meta name=\"twitter:site\" content=\"@gkvibrating\" \/>\n<meta name=\"twitter:label1\" content=\"Tiempo de lectura\" \/>\n\t<meta name=\"twitter:data1\" content=\"1 minuto\" \/>\n<!-- \/ Yoast SEO plugin. -->","yoast_head_json":{"title":"Servicios de asesor\u00eda para Administraci\u00f3n de proyectos\/Instalaci\u00f3n in situ\/Reparaci\u00f3n | General Kinematics","robots":{"index":"index","follow":"follow","max-snippet":"max-snippet:-1","max-image-preview":"max-image-preview:large","max-video-preview":"max-video-preview:-1"},"canonical":"https:\/\/www.generalkinematics.com\/es\/producto\/instalacion-in-situ\/","og_locale":"es_ES","og_type":"article","og_title":"Servicios de asesor\u00eda para Administraci\u00f3n de proyectos\/Instalaci\u00f3n in situ\/Reparaci\u00f3n | General Kinematics","og_description":"\u00bfHa pedido un sistema pero no sabe c\u00f3mo instalarlo? \u00bfNecesita un especialista capacitado para acondicionar o instalar una nueva m\u00e1quina? Deje en manos de GK la supervisi\u00f3n de la instalaci\u00f3n y puesta en servicio de su pr\u00f3ximo proyecto de bienes de capital. Los t\u00e9cnicos de servicio de campo de GK saben m\u00e1s que tecnolog\u00eda vibratoria, [&hellip;]","og_url":"https:\/\/www.generalkinematics.com\/es\/producto\/instalacion-in-situ\/","og_site_name":"General Kinematics","article_publisher":"https:\/\/www.facebook.com\/generalkinematics","article_modified_time":"2018-08-31T04:12:59+00:00","og_image":[{"width":3264,"height":2448,"url":"https:\/\/media.generalkinematics.com\/wp-content\/uploads\/2015\/07\/IMG_5038.jpg","type":"image\/jpeg"}],"twitter_card":"summary_large_image","twitter_site":"@gkvibrating","twitter_misc":{"Tiempo de lectura":"1 minuto"},"schema":{"@context":"https:\/\/schema.org","@graph":[{"@type":"WebPage","@id":"https:\/\/www.generalkinematics.com\/es\/producto\/instalacion-in-situ\/","url":"https:\/\/www.generalkinematics.com\/es\/producto\/instalacion-in-situ\/","name":"Servicios de asesor\u00eda para Administraci\u00f3n de proyectos\/Instalaci\u00f3n in situ\/Reparaci\u00f3n | General Kinematics","isPartOf":{"@id":"https:\/\/www.generalkinematics.com\/es\/#website"},"primaryImageOfPage":{"@id":"https:\/\/www.generalkinematics.com\/es\/producto\/instalacion-in-situ\/#primaryimage"},"image":{"@id":"https:\/\/www.generalkinematics.com\/es\/producto\/instalacion-in-situ\/#primaryimage"},"thumbnailUrl":"https:\/\/media.generalkinematics.com\/wp-content\/uploads\/2015\/07\/IMG_5038.jpg","datePublished":"2015-12-14T18:18:05+00:00","dateModified":"2018-08-31T04:12:59+00:00","breadcrumb":{"@id":"https:\/\/www.generalkinematics.com\/es\/producto\/instalacion-in-situ\/#breadcrumb"},"inLanguage":"es","potentialAction":[{"@type":"ReadAction","target":["https:\/\/www.generalkinematics.com\/es\/producto\/instalacion-in-situ\/"]}]},{"@type":"ImageObject","inLanguage":"es","@id":"https:\/\/www.generalkinematics.com\/es\/producto\/instalacion-in-situ\/#primaryimage","url":"https:\/\/media.generalkinematics.com\/wp-content\/uploads\/2015\/07\/IMG_5038.jpg","contentUrl":"https:\/\/media.generalkinematics.com\/wp-content\/uploads\/2015\/07\/IMG_5038.jpg","width":2500,"height":1875,"caption":"general-kinematics-rotary-drum-liners"},{"@type":"BreadcrumbList","@id":"https:\/\/www.generalkinematics.com\/es\/producto\/instalacion-in-situ\/#breadcrumb","itemListElement":[{"@type":"ListItem","position":1,"name":"GK Home","item":"https:\/\/www.generalkinematics.com\/es\/"},{"@type":"ListItem","position":2,"name":"Shop","item":"https:\/\/www.generalkinematics.com\/shop\/"},{"@type":"ListItem","position":3,"name":"Servicios de asesor\u00eda para Administraci\u00f3n de proyectos\/Instalaci\u00f3n in situ\/Reparaci\u00f3n"}]},{"@type":"WebSite","@id":"https:\/\/www.generalkinematics.com\/es\/#website","url":"https:\/\/www.generalkinematics.com\/es\/","name":"General Kinematics","description":"","publisher":{"@id":"https:\/\/www.generalkinematics.com\/es\/#organization"},"potentialAction":[{"@type":"SearchAction","target":{"@type":"EntryPoint","urlTemplate":"https:\/\/www.generalkinematics.com\/es\/?s={search_term_string}"},"query-input":{"@type":"PropertyValueSpecification","valueRequired":true,"valueName":"search_term_string"}}],"inLanguage":"es"},{"@type":"Organization","@id":"https:\/\/www.generalkinematics.com\/es\/#organization","name":"General Kinematics","url":"https:\/\/www.generalkinematics.com\/es\/","logo":{"@type":"ImageObject","inLanguage":"es","@id":"https:\/\/www.generalkinematics.com\/es\/#\/schema\/logo\/image\/","url":"https:\/\/media.generalkinematics.com\/wp-content\/uploads\/2018\/03\/logo.png","contentUrl":"https:\/\/media.generalkinematics.com\/wp-content\/uploads\/2018\/03\/logo.png","width":313,"height":100,"caption":"General Kinematics"},"image":{"@id":"https:\/\/www.generalkinematics.com\/es\/#\/schema\/logo\/image\/"},"sameAs":["https:\/\/www.facebook.com\/generalkinematics","https:\/\/x.com\/gkvibrating"]}]}},"_links":{"self":[{"href":"https:\/\/www.generalkinematics.com\/es\/wp-json\/wp\/v2\/product\/40116","targetHints":{"allow":["GET"]}}],"collection":[{"href":"https:\/\/www.generalkinematics.com\/es\/wp-json\/wp\/v2\/product"}],"about":[{"href":"https:\/\/www.generalkinematics.com\/es\/wp-json\/wp\/v2\/types\/product"}],"replies":[{"embeddable":true,"href":"https:\/\/www.generalkinematics.com\/es\/wp-json\/wp\/v2\/comments?post=40116"}],"wp:featuredmedia":[{"embeddable":true,"href":"https:\/\/www.generalkinematics.com\/es\/wp-json\/wp\/v2\/media\/28128"}],"wp:attachment":[{"href":"https:\/\/www.generalkinematics.com\/es\/wp-json\/wp\/v2\/media?parent=40116"}],"wp:term":[{"taxonomy":"product_brand","embeddable":true,"href":"https:\/\/www.generalkinematics.com\/es\/wp-json\/wp\/v2\/product_brand?post=40116"},{"taxonomy":"product_cat","embeddable":true,"href":"https:\/\/www.generalkinematics.com\/es\/wp-json\/wp\/v2\/product_cat?post=40116"},{"taxonomy":"product_tag","embeddable":true,"href":"https:\/\/www.generalkinematics.com\/es\/wp-json\/wp\/v2\/product_tag?post=40116"}],"curies":[{"name":"wp","href":"https:\/\/api.w.org\/{rel}","templated":true}]}}