{"id":40134,"date":"2015-12-15T14:26:46","date_gmt":"2015-12-15T20:26:46","guid":{"rendered":"https:\/\/www.generalkinematics.com\/product\/alimentador-vibratorio-de-recorrido-alto-para-mount-iv\/"},"modified":"2018-08-31T16:31:05","modified_gmt":"2018-08-31T21:31:05","slug":"tradeshow-demonstration-unitvibra-claimhigh-stroke-feeder","status":"publish","type":"product","link":"https:\/\/www.generalkinematics.com\/es\/producto\/tradeshow-demonstration-unitvibra-claimhigh-stroke-feeder\/","title":{"rendered":"Alimentador vibratorio de recorrido alto PARA-MOUNT IV\u00ae"},"content":{"rendered":"<p><img decoding=\"async\" class=\"alignnone size-full wp-image-40174\" src=\"https:\/\/www.generalkinematics.com\/wp-content\/uploads\/2015\/12\/Sold.png\" alt=\"Sold\" width=\"262\" height=\"148\" \/><\/p>\n<p><strong>Estado<\/strong>: Nuevo<\/p>\n<p><strong>Industria<\/strong>: Reciclaje<\/p>\n<p><strong>Aplicaci\u00f3n<\/strong>: Metales u otros materiales desechados<\/p>\n<p><strong>Modelo<\/strong>: Modelo HSF 90 x 7 con soportes de 3\u2019-0\u201d de altura<\/p>\n<p>Dise\u00f1o balanceado<\/p>\n<p>Placa esparcidora<\/p>\n<p>motor de 1 HP, 460 VCA, trif\u00e1sico, 60 hercios<\/p>\n<p>Peso de embarque 4,525 lbs<\/p>\n<p><strong>Precio<\/strong>: Llame a GK para obtener m\u00e1s informaci\u00f3n.<\/p>\n","protected":false},"excerpt":{"rendered":"<p>Estado: Nuevo Industria: Reciclaje Aplicaci\u00f3n: Metales u otros materiales desechados Modelo: Modelo HSF 90 x 7 con soportes de 3\u2019-0\u201d de altura Dise\u00f1o balanceado Placa esparcidora motor de 1 HP, 460 VCA, trif\u00e1sico, 60 hercios Peso de embarque 4,525 lbs Precio: Llame a GK para obtener m\u00e1s informaci\u00f3n.<\/p>\n","protected":false},"featured_media":10370,"comment_status":"closed","ping_status":"closed","template":"","meta":{"_acf_changed":false,"om_disable_all_campaigns":false,"ep_exclude_from_search":false},"product_brand":[],"product_cat":[1825],"product_tag":[],"class_list":{"0":"post-40134","1":"product","2":"type-product","3":"status-publish","4":"has-post-thumbnail","6":"product_cat-equipo-usado","8":"first","9":"instock","10":"taxable","11":"shipping-taxable","12":"product-type-simple"},"acf":[],"yoast_head":"<!-- This site is optimized with the Yoast SEO plugin v27.2 - https:\/\/yoast.com\/product\/yoast-seo-wordpress\/ -->\n<title>Alimentador vibratorio de recorrido alto PARA-MOUNT IV\u00ae | General Kinematics<\/title>\n<meta name=\"robots\" content=\"index, follow, max-snippet:-1, max-image-preview:large, max-video-preview:-1\" \/>\n<link rel=\"canonical\" href=\"https:\/\/www.generalkinematics.com\/es\/producto\/tradeshow-demonstration-unitvibra-claimhigh-stroke-feeder\/\" \/>\n<meta property=\"og:locale\" content=\"es_ES\" \/>\n<meta property=\"og:type\" content=\"article\" \/>\n<meta property=\"og:title\" content=\"Alimentador vibratorio de recorrido alto PARA-MOUNT IV\u00ae | General Kinematics\" \/>\n<meta property=\"og:description\" content=\"Estado: Nuevo Industria: Reciclaje Aplicaci\u00f3n: Metales u otros materiales desechados Modelo: Modelo HSF 90 x 7 con soportes de 3\u2019-0\u201d de altura Dise\u00f1o balanceado Placa esparcidora motor de 1 HP, 460 VCA, trif\u00e1sico, 60 hercios Peso de embarque 4,525 lbs Precio: Llame a GK para obtener m\u00e1s informaci\u00f3n.\" \/>\n<meta property=\"og:url\" content=\"https:\/\/www.generalkinematics.com\/es\/producto\/tradeshow-demonstration-unitvibra-claimhigh-stroke-feeder\/\" \/>\n<meta property=\"og:site_name\" content=\"General Kinematics\" \/>\n<meta property=\"article:publisher\" content=\"https:\/\/www.facebook.com\/generalkinematics\" \/>\n<meta property=\"article:modified_time\" content=\"2018-08-31T21:31:05+00:00\" \/>\n<meta property=\"og:image\" content=\"https:\/\/www.generalkinematics.com\/wp-content\/uploads\/2015\/12\/Sold.png\" \/>\n<meta name=\"twitter:card\" content=\"summary_large_image\" \/>\n<meta name=\"twitter:site\" content=\"@gkvibrating\" \/>\n<!-- \/ Yoast SEO plugin. -->","yoast_head_json":{"title":"Alimentador vibratorio de recorrido alto PARA-MOUNT IV\u00ae | General Kinematics","robots":{"index":"index","follow":"follow","max-snippet":"max-snippet:-1","max-image-preview":"max-image-preview:large","max-video-preview":"max-video-preview:-1"},"canonical":"https:\/\/www.generalkinematics.com\/es\/producto\/tradeshow-demonstration-unitvibra-claimhigh-stroke-feeder\/","og_locale":"es_ES","og_type":"article","og_title":"Alimentador vibratorio de recorrido alto PARA-MOUNT IV\u00ae | General Kinematics","og_description":"Estado: Nuevo Industria: Reciclaje Aplicaci\u00f3n: Metales u otros materiales desechados Modelo: Modelo HSF 90 x 7 con soportes de 3\u2019-0\u201d de altura Dise\u00f1o balanceado Placa esparcidora motor de 1 HP, 460 VCA, trif\u00e1sico, 60 hercios Peso de embarque 4,525 lbs Precio: Llame a GK para obtener m\u00e1s informaci\u00f3n.","og_url":"https:\/\/www.generalkinematics.com\/es\/producto\/tradeshow-demonstration-unitvibra-claimhigh-stroke-feeder\/","og_site_name":"General Kinematics","article_publisher":"https:\/\/www.facebook.com\/generalkinematics","article_modified_time":"2018-08-31T21:31:05+00:00","og_image":[{"url":"https:\/\/www.generalkinematics.com\/wp-content\/uploads\/2015\/12\/Sold.png","type":"","width":"","height":""}],"twitter_card":"summary_large_image","twitter_site":"@gkvibrating","schema":{"@context":"https:\/\/schema.org","@graph":[{"@type":"WebPage","@id":"https:\/\/www.generalkinematics.com\/es\/producto\/tradeshow-demonstration-unitvibra-claimhigh-stroke-feeder\/","url":"https:\/\/www.generalkinematics.com\/es\/producto\/tradeshow-demonstration-unitvibra-claimhigh-stroke-feeder\/","name":"Alimentador vibratorio de recorrido alto PARA-MOUNT IV\u00ae | General Kinematics","isPartOf":{"@id":"https:\/\/www.generalkinematics.com\/es\/#website"},"primaryImageOfPage":{"@id":"https:\/\/www.generalkinematics.com\/es\/producto\/tradeshow-demonstration-unitvibra-claimhigh-stroke-feeder\/#primaryimage"},"image":{"@id":"https:\/\/www.generalkinematics.com\/es\/producto\/tradeshow-demonstration-unitvibra-claimhigh-stroke-feeder\/#primaryimage"},"thumbnailUrl":"https:\/\/media.generalkinematics.com\/wp-content\/uploads\/2015\/01\/high-stroke-feeder.png","datePublished":"2015-12-15T20:26:46+00:00","dateModified":"2018-08-31T21:31:05+00:00","breadcrumb":{"@id":"https:\/\/www.generalkinematics.com\/es\/producto\/tradeshow-demonstration-unitvibra-claimhigh-stroke-feeder\/#breadcrumb"},"inLanguage":"es","potentialAction":[{"@type":"ReadAction","target":["https:\/\/www.generalkinematics.com\/es\/producto\/tradeshow-demonstration-unitvibra-claimhigh-stroke-feeder\/"]}]},{"@type":"ImageObject","inLanguage":"es","@id":"https:\/\/www.generalkinematics.com\/es\/producto\/tradeshow-demonstration-unitvibra-claimhigh-stroke-feeder\/#primaryimage","url":"https:\/\/media.generalkinematics.com\/wp-content\/uploads\/2015\/01\/high-stroke-feeder.png","contentUrl":"https:\/\/media.generalkinematics.com\/wp-content\/uploads\/2015\/01\/high-stroke-feeder.png","width":1000,"height":750,"caption":"High stroke feeder"},{"@type":"BreadcrumbList","@id":"https:\/\/www.generalkinematics.com\/es\/producto\/tradeshow-demonstration-unitvibra-claimhigh-stroke-feeder\/#breadcrumb","itemListElement":[{"@type":"ListItem","position":1,"name":"GK Home","item":"https:\/\/www.generalkinematics.com\/es\/"},{"@type":"ListItem","position":2,"name":"Shop","item":"https:\/\/www.generalkinematics.com\/shop\/"},{"@type":"ListItem","position":3,"name":"Alimentador vibratorio de recorrido alto PARA-MOUNT IV\u00ae"}]},{"@type":"WebSite","@id":"https:\/\/www.generalkinematics.com\/es\/#website","url":"https:\/\/www.generalkinematics.com\/es\/","name":"General Kinematics","description":"","publisher":{"@id":"https:\/\/www.generalkinematics.com\/es\/#organization"},"potentialAction":[{"@type":"SearchAction","target":{"@type":"EntryPoint","urlTemplate":"https:\/\/www.generalkinematics.com\/es\/?s={search_term_string}"},"query-input":{"@type":"PropertyValueSpecification","valueRequired":true,"valueName":"search_term_string"}}],"inLanguage":"es"},{"@type":"Organization","@id":"https:\/\/www.generalkinematics.com\/es\/#organization","name":"General Kinematics","url":"https:\/\/www.generalkinematics.com\/es\/","logo":{"@type":"ImageObject","inLanguage":"es","@id":"https:\/\/www.generalkinematics.com\/es\/#\/schema\/logo\/image\/","url":"https:\/\/media.generalkinematics.com\/wp-content\/uploads\/2018\/03\/logo.png","contentUrl":"https:\/\/media.generalkinematics.com\/wp-content\/uploads\/2018\/03\/logo.png","width":313,"height":100,"caption":"General Kinematics"},"image":{"@id":"https:\/\/www.generalkinematics.com\/es\/#\/schema\/logo\/image\/"},"sameAs":["https:\/\/www.facebook.com\/generalkinematics","https:\/\/x.com\/gkvibrating"]}]}},"_links":{"self":[{"href":"https:\/\/www.generalkinematics.com\/es\/wp-json\/wp\/v2\/product\/40134","targetHints":{"allow":["GET"]}}],"collection":[{"href":"https:\/\/www.generalkinematics.com\/es\/wp-json\/wp\/v2\/product"}],"about":[{"href":"https:\/\/www.generalkinematics.com\/es\/wp-json\/wp\/v2\/types\/product"}],"replies":[{"embeddable":true,"href":"https:\/\/www.generalkinematics.com\/es\/wp-json\/wp\/v2\/comments?post=40134"}],"wp:featuredmedia":[{"embeddable":true,"href":"https:\/\/www.generalkinematics.com\/es\/wp-json\/wp\/v2\/media\/10370"}],"wp:attachment":[{"href":"https:\/\/www.generalkinematics.com\/es\/wp-json\/wp\/v2\/media?parent=40134"}],"wp:term":[{"taxonomy":"product_brand","embeddable":true,"href":"https:\/\/www.generalkinematics.com\/es\/wp-json\/wp\/v2\/product_brand?post=40134"},{"taxonomy":"product_cat","embeddable":true,"href":"https:\/\/www.generalkinematics.com\/es\/wp-json\/wp\/v2\/product_cat?post=40134"},{"taxonomy":"product_tag","embeddable":true,"href":"https:\/\/www.generalkinematics.com\/es\/wp-json\/wp\/v2\/product_tag?post=40134"}],"curies":[{"name":"wp","href":"https:\/\/api.w.org\/{rel}","templated":true}]}}